{"id":987,"date":"2026-01-24T09:39:43","date_gmt":"2026-01-24T07:39:43","guid":{"rendered":"https:\/\/www.transtoyou.com\/lt\/product\/viagra-connect\/"},"modified":"2026-01-24T09:40:49","modified_gmt":"2026-01-24T07:40:49","slug":"viagra-rysys","status":"publish","type":"product","link":"https:\/\/www.transtoyou.com\/lt\/product\/viagra-rysys\/","title":{"rendered":"Viagra Connect"},"content":{"rendered":"<p>Viagra Connect yra vaistas, kur\u012f galima \u012fsigyti be recepto, skirtas erekcijos disfunkcijos (ED) gydymui suaugusiems vyrams. Jame yra 50 mg sildenafilio citrato, kuris priklauso fosfodiesteraz\u0117s tipo 5 (PDE5) inhibitori\u0173 klasei.<\/p>\n<p>Vaistas veikia padidindamas kraujo pritek\u0117jim\u0105 \u012f varp\u0105 seksualinio susijaudinimo metu. Tai daro slopindamas PDE5 ferment\u0105, kuris skaid\u017eo ciklin\u012f guanozino monofosfat\u0105 (cGMP). Tai yra chemin\u0117 med\u017eiaga, atsakinga u\u017e lygi\u0173j\u0173 raumen\u0173 atsipalaidavim\u0105 ir leid\u017eian\u010di\u0105 padidinti kraujo pritek\u0117jim\u0105 \u012f erekcijos audin\u012f. Su seksualine stimuliacija \u0161is procesas padeda pasiekti ir i\u0161laikyti erekcij\u0105.<\/p>\n<p>Viagra Connect skiriama erekcijos disfunkcijos gydymui, kai vyras turi sunkum\u0173 pasiekti ar i\u0161laikyti erekcij\u0105, tinkam\u0105 seksualinei veiklai. Jis n\u0117ra skirtas naudoti asmenims, neturintiems ED, arba kaip rekreacinis stipriklis.<\/p>\n<p>Poveikiai paprastai prasideda per 30\u201360 minu\u010di\u0173 po tablet\u0117s vartojimo, o nauda gali trukti iki 4 valand\u0173, priklausomai nuo individualios reakcijos ir i\u0161orini\u0173 veiksni\u0173, toki\u0173 kaip maisto vartojimas.<\/p>\n<p>Viagra Connect privalumai apima greit\u0105 poveik\u012f, lengv\u0105 prieinamum\u0105 be recepto ir gerai nustatyt\u0105 saugumo profil\u012f. Tai patikimas ir patogus sprendimas vyrams, turintiems lengv\u0105 ar vidutinio sunkumo ED, ypa\u010d kai jis vartojamas tinkamai medicininei prie\u017ei\u016brai.<\/p>\n<p>Atkreipkite d\u0117mes\u012f, kad nors vaistas pats nesukelia erekcijos, jis palaiko nat\u016bralius fiziologinius atsakus \u012f seksualin\u012f susijaudinim\u0105.<\/p>\n","protected":false},"excerpt":{"rendered":"<ul>\n<li>Greitai veikianti erekcijos disfunkcijos gydymo priemon\u0117<\/li>\n<li>Veiksminga iki 4 valand\u0173<\/li>\n<li>Prieinama be recepto<\/li>\n<\/ul>\n","protected":false},"featured_media":989,"comment_status":"open","ping_status":"closed","template":"","meta":[],"product_brand":[],"product_cat":[115],"product_tag":[],"expert":[19],"class_list":{"0":"post-987","1":"product","2":"type-product","3":"status-publish","4":"has-post-thumbnail","6":"product_cat-erekcijos-disfunkcijos-gydymas","7":"expert-dr-j-vazquez","9":"first","10":"instock","11":"shipping-taxable","12":"product-type-variable"},"yoast_head":"<!-- This site is optimized with the Yoast SEO plugin v27.0 - https:\/\/yoast.com\/product\/yoast-seo-wordpress\/ -->\n<title>Viagra Connect | Nat\u016braliai pagerinkite kraujo pritek\u0117jim\u0105 - Transtoyou<\/title>\n<meta name=\"description\" content=\"Viagra Connect, prieinama \u010dia, padeda gydyti erekcijos disfunkcij\u0105, gerindama kraujo pritek\u0117jim\u0105. Pirkite dabar efektyviam ED palengvinimui.\" \/>\n<meta name=\"robots\" content=\"noindex, follow, max-snippet:-1, max-image-preview:large, max-video-preview:-1\" \/>\n<meta property=\"og:locale\" content=\"lt_LT\" \/>\n<meta property=\"og:type\" content=\"article\" \/>\n<meta property=\"og:title\" content=\"Viagra Connect | Nat\u016braliai pagerinkite kraujo pritek\u0117jim\u0105 - Transtoyou\" \/>\n<meta property=\"og:description\" content=\"Viagra Connect, prieinama \u010dia, padeda gydyti erekcijos disfunkcij\u0105, gerindama kraujo pritek\u0117jim\u0105. Pirkite dabar efektyviam ED palengvinimui.\" \/>\n<meta property=\"og:url\" content=\"https:\/\/www.transtoyou.com\/lt\/product\/viagra-connect\/\" \/>\n<meta property=\"og:site_name\" content=\"Transtoyou - LT\" \/>\n<meta property=\"article:modified_time\" content=\"2026-01-24T07:40:49+00:00\" \/>\n<meta name=\"twitter:card\" content=\"summary_large_image\" \/>\n<meta name=\"twitter:label1\" content=\"Est. reading time\" \/>\n\t<meta name=\"twitter:data1\" content=\"1 minut\u0117\" \/>\n<script type=\"application\/ld+json\" class=\"yoast-schema-graph\">{\"@context\":\"https:\/\/schema.org\",\"@graph\":[{\"@type\":\"WebPage\",\"@id\":\"https:\/\/www.transtoyou.com\/lt\/product\/viagra-connect\/\",\"url\":\"https:\/\/www.transtoyou.com\/lt\/product\/viagra-connect\/\",\"name\":\"Viagra Connect | Nat\u016braliai pagerinkite kraujo pritek\u0117jim\u0105 - Transtoyou\",\"isPartOf\":{\"@id\":\"https:\/\/www.transtoyou.com\/lt\/#website\"},\"primaryImageOfPage\":{\"@id\":\"https:\/\/www.transtoyou.com\/lt\/product\/viagra-connect\/#primaryimage\"},\"image\":{\"@id\":\"https:\/\/www.transtoyou.com\/lt\/product\/viagra-connect\/#primaryimage\"},\"thumbnailUrl\":\"https:\/\/www.transtoyou.com\/lt\/wp-content\/uploads\/sites\/9\/2026\/01\/tty-no-product-image-93.webp\",\"datePublished\":\"2026-01-24T07:39:43+00:00\",\"dateModified\":\"2026-01-24T07:40:49+00:00\",\"description\":\"Viagra Connect, prieinama \u010dia, padeda gydyti erekcijos disfunkcij\u0105, gerindama kraujo pritek\u0117jim\u0105. Pirkite dabar efektyviam ED palengvinimui.\",\"breadcrumb\":{\"@id\":\"https:\/\/www.transtoyou.com\/lt\/product\/viagra-connect\/#breadcrumb\"},\"inLanguage\":\"lt-LT\",\"potentialAction\":[{\"@type\":\"ReadAction\",\"target\":[\"https:\/\/www.transtoyou.com\/lt\/product\/viagra-connect\/\"]}]},{\"@type\":\"ImageObject\",\"inLanguage\":\"lt-LT\",\"@id\":\"https:\/\/www.transtoyou.com\/lt\/product\/viagra-connect\/#primaryimage\",\"url\":\"https:\/\/www.transtoyou.com\/lt\/wp-content\/uploads\/sites\/9\/2026\/01\/tty-no-product-image-93.webp\",\"contentUrl\":\"https:\/\/www.transtoyou.com\/lt\/wp-content\/uploads\/sites\/9\/2026\/01\/tty-no-product-image-93.webp\",\"width\":1000,\"height\":1000,\"caption\":\"Numatytasis produkto vaizdas\"},{\"@type\":\"WebSite\",\"@id\":\"https:\/\/www.transtoyou.com\/lt\/#website\",\"url\":\"https:\/\/www.transtoyou.com\/lt\/\",\"name\":\"Transtoyou - LT\",\"description\":\"\",\"publisher\":{\"@id\":\"https:\/\/www.transtoyou.com\/lt\/#organization\"},\"potentialAction\":[{\"@type\":\"SearchAction\",\"target\":{\"@type\":\"EntryPoint\",\"urlTemplate\":\"https:\/\/www.transtoyou.com\/lt\/?s={search_term_string}\"},\"query-input\":{\"@type\":\"PropertyValueSpecification\",\"valueRequired\":true,\"valueName\":\"search_term_string\"}}],\"inLanguage\":\"lt-LT\"},{\"@type\":\"Organization\",\"@id\":\"https:\/\/www.transtoyou.com\/lt\/#organization\",\"name\":\"Transtoyou - LT\",\"url\":\"https:\/\/www.transtoyou.com\/lt\/\",\"logo\":{\"@type\":\"ImageObject\",\"inLanguage\":\"lt-LT\",\"@id\":\"https:\/\/www.transtoyou.com\/lt\/#\/schema\/logo\/image\/\",\"url\":\"https:\/\/www.transtoyou.com\/lt\/wp-content\/uploads\/sites\/9\/2026\/01\/logo-tty-menu-bar-300x87-1.webp\",\"contentUrl\":\"https:\/\/www.transtoyou.com\/lt\/wp-content\/uploads\/sites\/9\/2026\/01\/logo-tty-menu-bar-300x87-1.webp\",\"width\":300,\"height\":87,\"caption\":\"Transtoyou - LT\"},\"image\":{\"@id\":\"https:\/\/www.transtoyou.com\/lt\/#\/schema\/logo\/image\/\"}}]}<\/script>\n<!-- \/ Yoast SEO plugin. -->","yoast_head_json":{"title":"Viagra Connect | Nat\u016braliai pagerinkite kraujo pritek\u0117jim\u0105 - Transtoyou","description":"Viagra Connect, prieinama \u010dia, padeda gydyti erekcijos disfunkcij\u0105, gerindama kraujo pritek\u0117jim\u0105. Pirkite dabar efektyviam ED palengvinimui.","robots":{"index":"noindex","follow":"follow","max-snippet":"max-snippet:-1","max-image-preview":"max-image-preview:large","max-video-preview":"max-video-preview:-1"},"og_locale":"lt_LT","og_type":"article","og_title":"Viagra Connect | Nat\u016braliai pagerinkite kraujo pritek\u0117jim\u0105 - Transtoyou","og_description":"Viagra Connect, prieinama \u010dia, padeda gydyti erekcijos disfunkcij\u0105, gerindama kraujo pritek\u0117jim\u0105. Pirkite dabar efektyviam ED palengvinimui.","og_url":"https:\/\/www.transtoyou.com\/lt\/product\/viagra-connect\/","og_site_name":"Transtoyou - LT","article_modified_time":"2026-01-24T07:40:49+00:00","twitter_card":"summary_large_image","twitter_misc":{"Est. reading time":"1 minut\u0117"},"schema":{"@context":"https:\/\/schema.org","@graph":[{"@type":"WebPage","@id":"https:\/\/www.transtoyou.com\/lt\/product\/viagra-connect\/","url":"https:\/\/www.transtoyou.com\/lt\/product\/viagra-connect\/","name":"Viagra Connect | Nat\u016braliai pagerinkite kraujo pritek\u0117jim\u0105 - Transtoyou","isPartOf":{"@id":"https:\/\/www.transtoyou.com\/lt\/#website"},"primaryImageOfPage":{"@id":"https:\/\/www.transtoyou.com\/lt\/product\/viagra-connect\/#primaryimage"},"image":{"@id":"https:\/\/www.transtoyou.com\/lt\/product\/viagra-connect\/#primaryimage"},"thumbnailUrl":"https:\/\/www.transtoyou.com\/lt\/wp-content\/uploads\/sites\/9\/2026\/01\/tty-no-product-image-93.webp","datePublished":"2026-01-24T07:39:43+00:00","dateModified":"2026-01-24T07:40:49+00:00","description":"Viagra Connect, prieinama \u010dia, padeda gydyti erekcijos disfunkcij\u0105, gerindama kraujo pritek\u0117jim\u0105. Pirkite dabar efektyviam ED palengvinimui.","breadcrumb":{"@id":"https:\/\/www.transtoyou.com\/lt\/product\/viagra-connect\/#breadcrumb"},"inLanguage":"lt-LT","potentialAction":[{"@type":"ReadAction","target":["https:\/\/www.transtoyou.com\/lt\/product\/viagra-connect\/"]}]},{"@type":"ImageObject","inLanguage":"lt-LT","@id":"https:\/\/www.transtoyou.com\/lt\/product\/viagra-connect\/#primaryimage","url":"https:\/\/www.transtoyou.com\/lt\/wp-content\/uploads\/sites\/9\/2026\/01\/tty-no-product-image-93.webp","contentUrl":"https:\/\/www.transtoyou.com\/lt\/wp-content\/uploads\/sites\/9\/2026\/01\/tty-no-product-image-93.webp","width":1000,"height":1000,"caption":"Numatytasis produkto vaizdas"},{"@type":"WebSite","@id":"https:\/\/www.transtoyou.com\/lt\/#website","url":"https:\/\/www.transtoyou.com\/lt\/","name":"Transtoyou - LT","description":"","publisher":{"@id":"https:\/\/www.transtoyou.com\/lt\/#organization"},"potentialAction":[{"@type":"SearchAction","target":{"@type":"EntryPoint","urlTemplate":"https:\/\/www.transtoyou.com\/lt\/?s={search_term_string}"},"query-input":{"@type":"PropertyValueSpecification","valueRequired":true,"valueName":"search_term_string"}}],"inLanguage":"lt-LT"},{"@type":"Organization","@id":"https:\/\/www.transtoyou.com\/lt\/#organization","name":"Transtoyou - LT","url":"https:\/\/www.transtoyou.com\/lt\/","logo":{"@type":"ImageObject","inLanguage":"lt-LT","@id":"https:\/\/www.transtoyou.com\/lt\/#\/schema\/logo\/image\/","url":"https:\/\/www.transtoyou.com\/lt\/wp-content\/uploads\/sites\/9\/2026\/01\/logo-tty-menu-bar-300x87-1.webp","contentUrl":"https:\/\/www.transtoyou.com\/lt\/wp-content\/uploads\/sites\/9\/2026\/01\/logo-tty-menu-bar-300x87-1.webp","width":300,"height":87,"caption":"Transtoyou - LT"},"image":{"@id":"https:\/\/www.transtoyou.com\/lt\/#\/schema\/logo\/image\/"}}]}},"_links":{"self":[{"href":"https:\/\/www.transtoyou.com\/lt\/wp-json\/wp\/v2\/product\/987","targetHints":{"allow":["GET"]}}],"collection":[{"href":"https:\/\/www.transtoyou.com\/lt\/wp-json\/wp\/v2\/product"}],"about":[{"href":"https:\/\/www.transtoyou.com\/lt\/wp-json\/wp\/v2\/types\/product"}],"replies":[{"embeddable":true,"href":"https:\/\/www.transtoyou.com\/lt\/wp-json\/wp\/v2\/comments?post=987"}],"wp:featuredmedia":[{"embeddable":true,"href":"https:\/\/www.transtoyou.com\/lt\/wp-json\/wp\/v2\/media\/989"}],"wp:attachment":[{"href":"https:\/\/www.transtoyou.com\/lt\/wp-json\/wp\/v2\/media?parent=987"}],"wp:term":[{"taxonomy":"product_brand","embeddable":true,"href":"https:\/\/www.transtoyou.com\/lt\/wp-json\/wp\/v2\/product_brand?post=987"},{"taxonomy":"product_cat","embeddable":true,"href":"https:\/\/www.transtoyou.com\/lt\/wp-json\/wp\/v2\/product_cat?post=987"},{"taxonomy":"product_tag","embeddable":true,"href":"https:\/\/www.transtoyou.com\/lt\/wp-json\/wp\/v2\/product_tag?post=987"},{"taxonomy":"expert","embeddable":true,"href":"https:\/\/www.transtoyou.com\/lt\/wp-json\/wp\/v2\/expert?post=987"}],"curies":[{"name":"wp","href":"https:\/\/api.w.org\/{rel}","templated":true}]}}