{"id":1274,"date":"2026-01-26T08:12:07","date_gmt":"2026-01-26T06:12:07","guid":{"rendered":"https:\/\/www.transtoyou.com\/nb\/?page_id=1274"},"modified":"2026-01-26T08:12:07","modified_gmt":"2026-01-26T06:12:07","slug":"tty-dagbok","status":"publish","type":"page","link":"https:\/\/www.transtoyou.com\/nb\/tty-dagbok\/","title":{"rendered":"Bruk personlig dagbok"},"content":{"rendered":"","protected":false},"excerpt":{"rendered":"","protected":false},"author":13,"featured_media":0,"parent":0,"menu_order":0,"comment_status":"closed","ping_status":"closed","template":"","meta":{"footnotes":""},"class_list":["post-1274","page","type-page","status-publish","hentry"],"yoast_head":"<!-- This site is optimized with the Yoast SEO plugin v27.0 - https:\/\/yoast.com\/product\/yoast-seo-wordpress\/ -->\n<title>Bruk Personlig Dagbok for Helseoppf\u00f8lging - Transtoyou<\/title>\n<meta name=\"description\" content=\"L\u00e6r hvordan du bruker Personlig Dagbok for \u00e5 spore symptomer og helsenotater, st\u00f8tte nettconsultasjoner og organisere informasjon for Transtoyou-leger.\" \/>\n<meta name=\"robots\" content=\"noindex, follow, max-snippet:-1, max-image-preview:large, max-video-preview:-1\" \/>\n<meta property=\"og:locale\" content=\"nb_NO\" \/>\n<meta property=\"og:type\" content=\"article\" \/>\n<meta property=\"og:title\" content=\"Bruk Personlig Dagbok for Helseoppf\u00f8lging - Transtoyou\" \/>\n<meta property=\"og:description\" content=\"L\u00e6r hvordan du bruker Personlig Dagbok for \u00e5 spore symptomer og helsenotater, st\u00f8tte nettconsultasjoner og organisere informasjon for Transtoyou-leger.\" \/>\n<meta property=\"og:url\" content=\"https:\/\/www.transtoyou.com\/nb\/tty-dagbok\/\" \/>\n<meta property=\"og:site_name\" content=\"Transtoyou - NB\" \/>\n<meta name=\"twitter:card\" content=\"summary_large_image\" \/>\n<script type=\"application\/ld+json\" class=\"yoast-schema-graph\">{\"@context\":\"https:\/\/schema.org\",\"@graph\":[{\"@type\":\"WebPage\",\"@id\":\"https:\/\/www.transtoyou.com\/nb\/tty-dagbok\/\",\"url\":\"https:\/\/www.transtoyou.com\/nb\/tty-dagbok\/\",\"name\":\"Bruk Personlig Dagbok for Helseoppf\u00f8lging - Transtoyou\",\"isPartOf\":{\"@id\":\"https:\/\/www.transtoyou.com\/nb\/#website\"},\"datePublished\":\"2026-01-26T06:12:07+00:00\",\"description\":\"L\u00e6r hvordan du bruker Personlig Dagbok for \u00e5 spore symptomer og helsenotater, st\u00f8tte nettconsultasjoner og organisere informasjon for Transtoyou-leger.\",\"breadcrumb\":{\"@id\":\"https:\/\/www.transtoyou.com\/nb\/tty-dagbok\/#breadcrumb\"},\"inLanguage\":\"nb-NO\",\"potentialAction\":[{\"@type\":\"ReadAction\",\"target\":[\"https:\/\/www.transtoyou.com\/nb\/tty-dagbok\/\"]}]},{\"@type\":\"WebSite\",\"@id\":\"https:\/\/www.transtoyou.com\/nb\/#website\",\"url\":\"https:\/\/www.transtoyou.com\/nb\/\",\"name\":\"Transtoyou - NB\",\"description\":\"\",\"publisher\":{\"@id\":\"https:\/\/www.transtoyou.com\/nb\/#organization\"},\"potentialAction\":[{\"@type\":\"SearchAction\",\"target\":{\"@type\":\"EntryPoint\",\"urlTemplate\":\"https:\/\/www.transtoyou.com\/nb\/?s={search_term_string}\"},\"query-input\":{\"@type\":\"PropertyValueSpecification\",\"valueRequired\":true,\"valueName\":\"search_term_string\"}}],\"inLanguage\":\"nb-NO\"},{\"@type\":\"Organization\",\"@id\":\"https:\/\/www.transtoyou.com\/nb\/#organization\",\"name\":\"Transtoyou - NB\",\"url\":\"https:\/\/www.transtoyou.com\/nb\/\",\"logo\":{\"@type\":\"ImageObject\",\"inLanguage\":\"nb-NO\",\"@id\":\"https:\/\/www.transtoyou.com\/nb\/#\/schema\/logo\/image\/\",\"url\":\"https:\/\/www.transtoyou.com\/nb\/wp-content\/uploads\/sites\/10\/2026\/01\/logo-tty-menu-bar-300x87-1.webp\",\"contentUrl\":\"https:\/\/www.transtoyou.com\/nb\/wp-content\/uploads\/sites\/10\/2026\/01\/logo-tty-menu-bar-300x87-1.webp\",\"width\":300,\"height\":87,\"caption\":\"Transtoyou - NB\"},\"image\":{\"@id\":\"https:\/\/www.transtoyou.com\/nb\/#\/schema\/logo\/image\/\"}}]}<\/script>\n<!-- \/ Yoast SEO plugin. -->","yoast_head_json":{"title":"Bruk Personlig Dagbok for Helseoppf\u00f8lging - Transtoyou","description":"L\u00e6r hvordan du bruker Personlig Dagbok for \u00e5 spore symptomer og helsenotater, st\u00f8tte nettconsultasjoner og organisere informasjon for Transtoyou-leger.","robots":{"index":"noindex","follow":"follow","max-snippet":"max-snippet:-1","max-image-preview":"max-image-preview:large","max-video-preview":"max-video-preview:-1"},"og_locale":"nb_NO","og_type":"article","og_title":"Bruk Personlig Dagbok for Helseoppf\u00f8lging - Transtoyou","og_description":"L\u00e6r hvordan du bruker Personlig Dagbok for \u00e5 spore symptomer og helsenotater, st\u00f8tte nettconsultasjoner og organisere informasjon for Transtoyou-leger.","og_url":"https:\/\/www.transtoyou.com\/nb\/tty-dagbok\/","og_site_name":"Transtoyou - NB","twitter_card":"summary_large_image","schema":{"@context":"https:\/\/schema.org","@graph":[{"@type":"WebPage","@id":"https:\/\/www.transtoyou.com\/nb\/tty-dagbok\/","url":"https:\/\/www.transtoyou.com\/nb\/tty-dagbok\/","name":"Bruk Personlig Dagbok for Helseoppf\u00f8lging - Transtoyou","isPartOf":{"@id":"https:\/\/www.transtoyou.com\/nb\/#website"},"datePublished":"2026-01-26T06:12:07+00:00","description":"L\u00e6r hvordan du bruker Personlig Dagbok for \u00e5 spore symptomer og helsenotater, st\u00f8tte nettconsultasjoner og organisere informasjon for Transtoyou-leger.","breadcrumb":{"@id":"https:\/\/www.transtoyou.com\/nb\/tty-dagbok\/#breadcrumb"},"inLanguage":"nb-NO","potentialAction":[{"@type":"ReadAction","target":["https:\/\/www.transtoyou.com\/nb\/tty-dagbok\/"]}]},{"@type":"WebSite","@id":"https:\/\/www.transtoyou.com\/nb\/#website","url":"https:\/\/www.transtoyou.com\/nb\/","name":"Transtoyou - NB","description":"","publisher":{"@id":"https:\/\/www.transtoyou.com\/nb\/#organization"},"potentialAction":[{"@type":"SearchAction","target":{"@type":"EntryPoint","urlTemplate":"https:\/\/www.transtoyou.com\/nb\/?s={search_term_string}"},"query-input":{"@type":"PropertyValueSpecification","valueRequired":true,"valueName":"search_term_string"}}],"inLanguage":"nb-NO"},{"@type":"Organization","@id":"https:\/\/www.transtoyou.com\/nb\/#organization","name":"Transtoyou - NB","url":"https:\/\/www.transtoyou.com\/nb\/","logo":{"@type":"ImageObject","inLanguage":"nb-NO","@id":"https:\/\/www.transtoyou.com\/nb\/#\/schema\/logo\/image\/","url":"https:\/\/www.transtoyou.com\/nb\/wp-content\/uploads\/sites\/10\/2026\/01\/logo-tty-menu-bar-300x87-1.webp","contentUrl":"https:\/\/www.transtoyou.com\/nb\/wp-content\/uploads\/sites\/10\/2026\/01\/logo-tty-menu-bar-300x87-1.webp","width":300,"height":87,"caption":"Transtoyou - NB"},"image":{"@id":"https:\/\/www.transtoyou.com\/nb\/#\/schema\/logo\/image\/"}}]}},"_links":{"self":[{"href":"https:\/\/www.transtoyou.com\/nb\/wp-json\/wp\/v2\/pages\/1274","targetHints":{"allow":["GET"]}}],"collection":[{"href":"https:\/\/www.transtoyou.com\/nb\/wp-json\/wp\/v2\/pages"}],"about":[{"href":"https:\/\/www.transtoyou.com\/nb\/wp-json\/wp\/v2\/types\/page"}],"author":[{"embeddable":true,"href":"https:\/\/www.transtoyou.com\/nb\/wp-json\/wp\/v2\/users\/13"}],"replies":[{"embeddable":true,"href":"https:\/\/www.transtoyou.com\/nb\/wp-json\/wp\/v2\/comments?post=1274"}],"version-history":[{"count":1,"href":"https:\/\/www.transtoyou.com\/nb\/wp-json\/wp\/v2\/pages\/1274\/revisions"}],"predecessor-version":[{"id":1275,"href":"https:\/\/www.transtoyou.com\/nb\/wp-json\/wp\/v2\/pages\/1274\/revisions\/1275"}],"wp:attachment":[{"href":"https:\/\/www.transtoyou.com\/nb\/wp-json\/wp\/v2\/media?parent=1274"}],"curies":[{"name":"wp","href":"https:\/\/api.w.org\/{rel}","templated":true}]}}