{"id":1293,"date":"2026-01-27T07:51:06","date_gmt":"2026-01-27T05:51:06","guid":{"rendered":"https:\/\/www.transtoyou.com\/nb\/?page_id=1293"},"modified":"2026-01-27T07:51:06","modified_gmt":"2026-01-27T05:51:06","slug":"tty-ehelse-verktoy","status":"publish","type":"page","link":"https:\/\/www.transtoyou.com\/nb\/tty-ehelse-verktoy\/","title":{"rendered":"Dine gratis eHelseverkt\u00f8y"},"content":{"rendered":"","protected":false},"excerpt":{"rendered":"","protected":false},"author":13,"featured_media":0,"parent":0,"menu_order":0,"comment_status":"closed","ping_status":"closed","template":"","meta":{"footnotes":""},"class_list":["post-1293","page","type-page","status-publish","hentry"],"yoast_head":"<!-- This site is optimized with the Yoast SEO plugin v27.0 - https:\/\/yoast.com\/product\/yoast-seo-wordpress\/ -->\n<title>Gratis eHelseverkt\u00f8y for Din Helsereise | Transtoyou<\/title>\n<meta name=\"description\" content=\"Oppdag 7 gratis eHelseverkt\u00f8y med din Transtoyou-konto. Administrer helprofilen din, dagbok, dokumenter, p\u00e5minnelser og mer. Sikkert, privat og alltid gratis.\" \/>\n<meta name=\"robots\" content=\"noindex, follow, max-snippet:-1, max-image-preview:large, max-video-preview:-1\" \/>\n<meta property=\"og:locale\" content=\"nb_NO\" \/>\n<meta property=\"og:type\" content=\"article\" \/>\n<meta property=\"og:title\" content=\"Gratis eHelseverkt\u00f8y for Din Helsereise | Transtoyou\" \/>\n<meta property=\"og:description\" content=\"Oppdag 7 gratis eHelseverkt\u00f8y med din Transtoyou-konto. Administrer helprofilen din, dagbok, dokumenter, p\u00e5minnelser og mer. Sikkert, privat og alltid gratis.\" \/>\n<meta property=\"og:url\" content=\"https:\/\/www.transtoyou.com\/nb\/tty-ehelse-verktoy\/\" \/>\n<meta property=\"og:site_name\" content=\"Transtoyou - NB\" \/>\n<meta name=\"twitter:card\" content=\"summary_large_image\" \/>\n<script type=\"application\/ld+json\" class=\"yoast-schema-graph\">{\"@context\":\"https:\/\/schema.org\",\"@graph\":[{\"@type\":\"WebPage\",\"@id\":\"https:\/\/www.transtoyou.com\/nb\/tty-ehelse-verktoy\/\",\"url\":\"https:\/\/www.transtoyou.com\/nb\/tty-ehelse-verktoy\/\",\"name\":\"Gratis eHelseverkt\u00f8y for Din Helsereise | Transtoyou\",\"isPartOf\":{\"@id\":\"https:\/\/www.transtoyou.com\/nb\/#website\"},\"datePublished\":\"2026-01-27T05:51:06+00:00\",\"description\":\"Oppdag 7 gratis eHelseverkt\u00f8y med din Transtoyou-konto. Administrer helprofilen din, dagbok, dokumenter, p\u00e5minnelser og mer. Sikkert, privat og alltid gratis.\",\"breadcrumb\":{\"@id\":\"https:\/\/www.transtoyou.com\/nb\/tty-ehelse-verktoy\/#breadcrumb\"},\"inLanguage\":\"nb-NO\",\"potentialAction\":[{\"@type\":\"ReadAction\",\"target\":[\"https:\/\/www.transtoyou.com\/nb\/tty-ehelse-verktoy\/\"]}]},{\"@type\":\"WebSite\",\"@id\":\"https:\/\/www.transtoyou.com\/nb\/#website\",\"url\":\"https:\/\/www.transtoyou.com\/nb\/\",\"name\":\"Transtoyou - NB\",\"description\":\"\",\"publisher\":{\"@id\":\"https:\/\/www.transtoyou.com\/nb\/#organization\"},\"potentialAction\":[{\"@type\":\"SearchAction\",\"target\":{\"@type\":\"EntryPoint\",\"urlTemplate\":\"https:\/\/www.transtoyou.com\/nb\/?s={search_term_string}\"},\"query-input\":{\"@type\":\"PropertyValueSpecification\",\"valueRequired\":true,\"valueName\":\"search_term_string\"}}],\"inLanguage\":\"nb-NO\"},{\"@type\":\"Organization\",\"@id\":\"https:\/\/www.transtoyou.com\/nb\/#organization\",\"name\":\"Transtoyou - NB\",\"url\":\"https:\/\/www.transtoyou.com\/nb\/\",\"logo\":{\"@type\":\"ImageObject\",\"inLanguage\":\"nb-NO\",\"@id\":\"https:\/\/www.transtoyou.com\/nb\/#\/schema\/logo\/image\/\",\"url\":\"https:\/\/www.transtoyou.com\/nb\/wp-content\/uploads\/sites\/10\/2026\/01\/logo-tty-menu-bar-300x87-1.webp\",\"contentUrl\":\"https:\/\/www.transtoyou.com\/nb\/wp-content\/uploads\/sites\/10\/2026\/01\/logo-tty-menu-bar-300x87-1.webp\",\"width\":300,\"height\":87,\"caption\":\"Transtoyou - NB\"},\"image\":{\"@id\":\"https:\/\/www.transtoyou.com\/nb\/#\/schema\/logo\/image\/\"}}]}<\/script>\n<!-- \/ Yoast SEO plugin. -->","yoast_head_json":{"title":"Gratis eHelseverkt\u00f8y for Din Helsereise | Transtoyou","description":"Oppdag 7 gratis eHelseverkt\u00f8y med din Transtoyou-konto. Administrer helprofilen din, dagbok, dokumenter, p\u00e5minnelser og mer. Sikkert, privat og alltid gratis.","robots":{"index":"noindex","follow":"follow","max-snippet":"max-snippet:-1","max-image-preview":"max-image-preview:large","max-video-preview":"max-video-preview:-1"},"og_locale":"nb_NO","og_type":"article","og_title":"Gratis eHelseverkt\u00f8y for Din Helsereise | Transtoyou","og_description":"Oppdag 7 gratis eHelseverkt\u00f8y med din Transtoyou-konto. Administrer helprofilen din, dagbok, dokumenter, p\u00e5minnelser og mer. Sikkert, privat og alltid gratis.","og_url":"https:\/\/www.transtoyou.com\/nb\/tty-ehelse-verktoy\/","og_site_name":"Transtoyou - NB","twitter_card":"summary_large_image","schema":{"@context":"https:\/\/schema.org","@graph":[{"@type":"WebPage","@id":"https:\/\/www.transtoyou.com\/nb\/tty-ehelse-verktoy\/","url":"https:\/\/www.transtoyou.com\/nb\/tty-ehelse-verktoy\/","name":"Gratis eHelseverkt\u00f8y for Din Helsereise | Transtoyou","isPartOf":{"@id":"https:\/\/www.transtoyou.com\/nb\/#website"},"datePublished":"2026-01-27T05:51:06+00:00","description":"Oppdag 7 gratis eHelseverkt\u00f8y med din Transtoyou-konto. Administrer helprofilen din, dagbok, dokumenter, p\u00e5minnelser og mer. Sikkert, privat og alltid gratis.","breadcrumb":{"@id":"https:\/\/www.transtoyou.com\/nb\/tty-ehelse-verktoy\/#breadcrumb"},"inLanguage":"nb-NO","potentialAction":[{"@type":"ReadAction","target":["https:\/\/www.transtoyou.com\/nb\/tty-ehelse-verktoy\/"]}]},{"@type":"WebSite","@id":"https:\/\/www.transtoyou.com\/nb\/#website","url":"https:\/\/www.transtoyou.com\/nb\/","name":"Transtoyou - NB","description":"","publisher":{"@id":"https:\/\/www.transtoyou.com\/nb\/#organization"},"potentialAction":[{"@type":"SearchAction","target":{"@type":"EntryPoint","urlTemplate":"https:\/\/www.transtoyou.com\/nb\/?s={search_term_string}"},"query-input":{"@type":"PropertyValueSpecification","valueRequired":true,"valueName":"search_term_string"}}],"inLanguage":"nb-NO"},{"@type":"Organization","@id":"https:\/\/www.transtoyou.com\/nb\/#organization","name":"Transtoyou - NB","url":"https:\/\/www.transtoyou.com\/nb\/","logo":{"@type":"ImageObject","inLanguage":"nb-NO","@id":"https:\/\/www.transtoyou.com\/nb\/#\/schema\/logo\/image\/","url":"https:\/\/www.transtoyou.com\/nb\/wp-content\/uploads\/sites\/10\/2026\/01\/logo-tty-menu-bar-300x87-1.webp","contentUrl":"https:\/\/www.transtoyou.com\/nb\/wp-content\/uploads\/sites\/10\/2026\/01\/logo-tty-menu-bar-300x87-1.webp","width":300,"height":87,"caption":"Transtoyou - NB"},"image":{"@id":"https:\/\/www.transtoyou.com\/nb\/#\/schema\/logo\/image\/"}}]}},"_links":{"self":[{"href":"https:\/\/www.transtoyou.com\/nb\/wp-json\/wp\/v2\/pages\/1293","targetHints":{"allow":["GET"]}}],"collection":[{"href":"https:\/\/www.transtoyou.com\/nb\/wp-json\/wp\/v2\/pages"}],"about":[{"href":"https:\/\/www.transtoyou.com\/nb\/wp-json\/wp\/v2\/types\/page"}],"author":[{"embeddable":true,"href":"https:\/\/www.transtoyou.com\/nb\/wp-json\/wp\/v2\/users\/13"}],"replies":[{"embeddable":true,"href":"https:\/\/www.transtoyou.com\/nb\/wp-json\/wp\/v2\/comments?post=1293"}],"version-history":[{"count":1,"href":"https:\/\/www.transtoyou.com\/nb\/wp-json\/wp\/v2\/pages\/1293\/revisions"}],"predecessor-version":[{"id":1294,"href":"https:\/\/www.transtoyou.com\/nb\/wp-json\/wp\/v2\/pages\/1293\/revisions\/1294"}],"wp:attachment":[{"href":"https:\/\/www.transtoyou.com\/nb\/wp-json\/wp\/v2\/media?parent=1293"}],"curies":[{"name":"wp","href":"https:\/\/api.w.org\/{rel}","templated":true}]}}