{"id":1006,"date":"2026-01-24T10:54:04","date_gmt":"2026-01-24T08:54:04","guid":{"rendered":"https:\/\/www.transtoyou.com\/nb\/product\/mysimba\/"},"modified":"2026-02-26T13:12:57","modified_gmt":"2026-02-26T11:12:57","slug":"mysimba","status":"publish","type":"product","link":"https:\/\/www.transtoyou.com\/nb\/product\/mysimba\/","title":{"rendered":"Mysimba"},"content":{"rendered":"<p>Mysimba er en oral medikasjon som brukes for \u00e5 st\u00f8tte vektkontroll hos voksne med fedme eller overvekt under medisinsk tilsyn, spesielt n\u00e5r den foreskrives i sammenheng med fedmerelaterte helsefarer som h\u00f8yt blodtrykk, type 2 diabetes eller h\u00f8yt kolesterol. Den kombinerer to aktive ingredienser, naltrekson og bupropion, som virker p\u00e5 omr\u00e5der av hjernen involvert i appetittregulering og bel\u00f8nningsdrevet spiseatferd.<\/p>\n<p>I motsetning til tradisjonelle vekttapmedikamenter som prim\u00e6rt fokuserer p\u00e5 metabolisme eller fettabsorpsjon, virker Mysimba p\u00e5 sentralnervesystemet for \u00e5 redusere matlyst og kan hjelpe med \u00e5 redusere emosjonell spising som en del av en overv\u00e5ket plan.<\/p>\n<p>Mysimba tas som tabletter, med en lav dose som gradvis \u00f8kes over de f\u00f8rste fire ukene for \u00e5 minimere bivirkninger og la kroppen tilpasse seg. Den typiske vedlikeholdsdosen er to tabletter to ganger daglig. Den b\u00f8r kombineres med et kaloriredusert kosthold og \u00f8kt fysisk aktivitet for \u00e5 st\u00f8tte behandlingseffektiviteten.<\/p>\n<p>Mange brukere begynner \u00e5 merke en reduksjon i appetitt og forbedringer i spisekontroll innen de f\u00f8rste ukene. Vekttap blir vanligvis m\u00e5lbart etter noen m\u00e5neder med konsekvent bruk. Behandlingsresponsen vurderes etter 16 uker for \u00e5 avgj\u00f8re om videre behandling er passende.<\/p>\n<p>Vanlige bivirkninger kan inkludere kvalme, forstoppelse, hodepine, svimmelhet eller problemer med \u00e5 sove. Mysimba b\u00f8r ikke brukes av personer med ukontrollert h\u00f8yt blodtrykk, anfallslidelser eller en historie med alkohol- eller substansavhengighet. Den anbefales heller ikke under graviditet eller mens man ammer.<\/p>\n","protected":false},"excerpt":{"rendered":"<ul>\n<li>Hjelper med \u00e5 redusere matlyst<\/li>\n<li>Retter seg mot bel\u00f8nningsrelatert spising<\/li>\n<li>St\u00f8tter vekttapsreisen<\/li>\n<\/ul>\n","protected":false},"featured_media":1008,"comment_status":"open","ping_status":"closed","template":"","meta":[],"product_brand":[],"product_cat":[177],"product_tag":[],"expert":[19],"class_list":{"0":"post-1006","1":"product","2":"type-product","3":"status-publish","4":"has-post-thumbnail","6":"product_cat-vekttap","7":"expert-dr-j-vazquez","9":"first","10":"instock","11":"shipping-taxable","12":"product-type-variable"},"yoast_head":"<!-- This site is optimized with the Yoast SEO plugin v27.0 - https:\/\/yoast.com\/product\/yoast-seo-wordpress\/ -->\n<title>Mysimba | Kontroller trangene for vekttap - Transtoyou<\/title>\n<meta name=\"description\" content=\"Mysimba hjelper med vekth\u00e5ndtering ved \u00e5 redusere cravings og emosjonell spising. F\u00e5 det her for en sunnere livsstil. Start reisen din i dag!\" \/>\n<meta name=\"robots\" content=\"noindex, follow, max-snippet:-1, max-image-preview:large, max-video-preview:-1\" \/>\n<meta property=\"og:locale\" content=\"nb_NO\" \/>\n<meta property=\"og:type\" content=\"article\" \/>\n<meta property=\"og:title\" content=\"Mysimba | Kontroller trangene for vekttap - Transtoyou\" \/>\n<meta property=\"og:description\" content=\"Mysimba hjelper med vekth\u00e5ndtering ved \u00e5 redusere cravings og emosjonell spising. F\u00e5 det her for en sunnere livsstil. Start reisen din i dag!\" \/>\n<meta property=\"og:url\" content=\"https:\/\/www.transtoyou.com\/nb\/product\/mysimba\/\" \/>\n<meta property=\"og:site_name\" content=\"Transtoyou - NB\" \/>\n<meta property=\"article:modified_time\" content=\"2026-02-26T11:12:57+00:00\" \/>\n<meta name=\"twitter:card\" content=\"summary_large_image\" \/>\n<meta name=\"twitter:label1\" content=\"Ansl. lesetid\" \/>\n\t<meta name=\"twitter:data1\" content=\"1 minutt\" \/>\n<script type=\"application\/ld+json\" class=\"yoast-schema-graph\">{\"@context\":\"https:\/\/schema.org\",\"@graph\":[{\"@type\":\"WebPage\",\"@id\":\"https:\/\/www.transtoyou.com\/nb\/product\/mysimba\/\",\"url\":\"https:\/\/www.transtoyou.com\/nb\/product\/mysimba\/\",\"name\":\"Mysimba | Kontroller trangene for vekttap - Transtoyou\",\"isPartOf\":{\"@id\":\"https:\/\/www.transtoyou.com\/nb\/#website\"},\"primaryImageOfPage\":{\"@id\":\"https:\/\/www.transtoyou.com\/nb\/product\/mysimba\/#primaryimage\"},\"image\":{\"@id\":\"https:\/\/www.transtoyou.com\/nb\/product\/mysimba\/#primaryimage\"},\"thumbnailUrl\":\"https:\/\/www.transtoyou.com\/nb\/wp-content\/uploads\/sites\/10\/2026\/01\/tty-no-product-image-98.webp\",\"datePublished\":\"2026-01-24T08:54:04+00:00\",\"dateModified\":\"2026-02-26T11:12:57+00:00\",\"description\":\"Mysimba hjelper med vekth\u00e5ndtering ved \u00e5 redusere cravings og emosjonell spising. F\u00e5 det her for en sunnere livsstil. Start reisen din i dag!\",\"breadcrumb\":{\"@id\":\"https:\/\/www.transtoyou.com\/nb\/product\/mysimba\/#breadcrumb\"},\"inLanguage\":\"nb-NO\",\"potentialAction\":[{\"@type\":\"ReadAction\",\"target\":[\"https:\/\/www.transtoyou.com\/nb\/product\/mysimba\/\"]}]},{\"@type\":\"ImageObject\",\"inLanguage\":\"nb-NO\",\"@id\":\"https:\/\/www.transtoyou.com\/nb\/product\/mysimba\/#primaryimage\",\"url\":\"https:\/\/www.transtoyou.com\/nb\/wp-content\/uploads\/sites\/10\/2026\/01\/tty-no-product-image-98.webp\",\"contentUrl\":\"https:\/\/www.transtoyou.com\/nb\/wp-content\/uploads\/sites\/10\/2026\/01\/tty-no-product-image-98.webp\",\"width\":1000,\"height\":1000,\"caption\":\"Standard produktbilde\"},{\"@type\":\"WebSite\",\"@id\":\"https:\/\/www.transtoyou.com\/nb\/#website\",\"url\":\"https:\/\/www.transtoyou.com\/nb\/\",\"name\":\"Transtoyou - NB\",\"description\":\"\",\"publisher\":{\"@id\":\"https:\/\/www.transtoyou.com\/nb\/#organization\"},\"potentialAction\":[{\"@type\":\"SearchAction\",\"target\":{\"@type\":\"EntryPoint\",\"urlTemplate\":\"https:\/\/www.transtoyou.com\/nb\/?s={search_term_string}\"},\"query-input\":{\"@type\":\"PropertyValueSpecification\",\"valueRequired\":true,\"valueName\":\"search_term_string\"}}],\"inLanguage\":\"nb-NO\"},{\"@type\":\"Organization\",\"@id\":\"https:\/\/www.transtoyou.com\/nb\/#organization\",\"name\":\"Transtoyou - NB\",\"url\":\"https:\/\/www.transtoyou.com\/nb\/\",\"logo\":{\"@type\":\"ImageObject\",\"inLanguage\":\"nb-NO\",\"@id\":\"https:\/\/www.transtoyou.com\/nb\/#\/schema\/logo\/image\/\",\"url\":\"https:\/\/www.transtoyou.com\/nb\/wp-content\/uploads\/sites\/10\/2026\/01\/logo-tty-menu-bar-300x87-1.webp\",\"contentUrl\":\"https:\/\/www.transtoyou.com\/nb\/wp-content\/uploads\/sites\/10\/2026\/01\/logo-tty-menu-bar-300x87-1.webp\",\"width\":300,\"height\":87,\"caption\":\"Transtoyou - NB\"},\"image\":{\"@id\":\"https:\/\/www.transtoyou.com\/nb\/#\/schema\/logo\/image\/\"}}]}<\/script>\n<!-- \/ Yoast SEO plugin. -->","yoast_head_json":{"title":"Mysimba | Kontroller trangene for vekttap - Transtoyou","description":"Mysimba hjelper med vekth\u00e5ndtering ved \u00e5 redusere cravings og emosjonell spising. F\u00e5 det her for en sunnere livsstil. Start reisen din i dag!","robots":{"index":"noindex","follow":"follow","max-snippet":"max-snippet:-1","max-image-preview":"max-image-preview:large","max-video-preview":"max-video-preview:-1"},"og_locale":"nb_NO","og_type":"article","og_title":"Mysimba | Kontroller trangene for vekttap - Transtoyou","og_description":"Mysimba hjelper med vekth\u00e5ndtering ved \u00e5 redusere cravings og emosjonell spising. F\u00e5 det her for en sunnere livsstil. Start reisen din i dag!","og_url":"https:\/\/www.transtoyou.com\/nb\/product\/mysimba\/","og_site_name":"Transtoyou - NB","article_modified_time":"2026-02-26T11:12:57+00:00","twitter_card":"summary_large_image","twitter_misc":{"Ansl. lesetid":"1 minutt"},"schema":{"@context":"https:\/\/schema.org","@graph":[{"@type":"WebPage","@id":"https:\/\/www.transtoyou.com\/nb\/product\/mysimba\/","url":"https:\/\/www.transtoyou.com\/nb\/product\/mysimba\/","name":"Mysimba | Kontroller trangene for vekttap - Transtoyou","isPartOf":{"@id":"https:\/\/www.transtoyou.com\/nb\/#website"},"primaryImageOfPage":{"@id":"https:\/\/www.transtoyou.com\/nb\/product\/mysimba\/#primaryimage"},"image":{"@id":"https:\/\/www.transtoyou.com\/nb\/product\/mysimba\/#primaryimage"},"thumbnailUrl":"https:\/\/www.transtoyou.com\/nb\/wp-content\/uploads\/sites\/10\/2026\/01\/tty-no-product-image-98.webp","datePublished":"2026-01-24T08:54:04+00:00","dateModified":"2026-02-26T11:12:57+00:00","description":"Mysimba hjelper med vekth\u00e5ndtering ved \u00e5 redusere cravings og emosjonell spising. F\u00e5 det her for en sunnere livsstil. Start reisen din i dag!","breadcrumb":{"@id":"https:\/\/www.transtoyou.com\/nb\/product\/mysimba\/#breadcrumb"},"inLanguage":"nb-NO","potentialAction":[{"@type":"ReadAction","target":["https:\/\/www.transtoyou.com\/nb\/product\/mysimba\/"]}]},{"@type":"ImageObject","inLanguage":"nb-NO","@id":"https:\/\/www.transtoyou.com\/nb\/product\/mysimba\/#primaryimage","url":"https:\/\/www.transtoyou.com\/nb\/wp-content\/uploads\/sites\/10\/2026\/01\/tty-no-product-image-98.webp","contentUrl":"https:\/\/www.transtoyou.com\/nb\/wp-content\/uploads\/sites\/10\/2026\/01\/tty-no-product-image-98.webp","width":1000,"height":1000,"caption":"Standard produktbilde"},{"@type":"WebSite","@id":"https:\/\/www.transtoyou.com\/nb\/#website","url":"https:\/\/www.transtoyou.com\/nb\/","name":"Transtoyou - NB","description":"","publisher":{"@id":"https:\/\/www.transtoyou.com\/nb\/#organization"},"potentialAction":[{"@type":"SearchAction","target":{"@type":"EntryPoint","urlTemplate":"https:\/\/www.transtoyou.com\/nb\/?s={search_term_string}"},"query-input":{"@type":"PropertyValueSpecification","valueRequired":true,"valueName":"search_term_string"}}],"inLanguage":"nb-NO"},{"@type":"Organization","@id":"https:\/\/www.transtoyou.com\/nb\/#organization","name":"Transtoyou - NB","url":"https:\/\/www.transtoyou.com\/nb\/","logo":{"@type":"ImageObject","inLanguage":"nb-NO","@id":"https:\/\/www.transtoyou.com\/nb\/#\/schema\/logo\/image\/","url":"https:\/\/www.transtoyou.com\/nb\/wp-content\/uploads\/sites\/10\/2026\/01\/logo-tty-menu-bar-300x87-1.webp","contentUrl":"https:\/\/www.transtoyou.com\/nb\/wp-content\/uploads\/sites\/10\/2026\/01\/logo-tty-menu-bar-300x87-1.webp","width":300,"height":87,"caption":"Transtoyou - NB"},"image":{"@id":"https:\/\/www.transtoyou.com\/nb\/#\/schema\/logo\/image\/"}}]}},"_links":{"self":[{"href":"https:\/\/www.transtoyou.com\/nb\/wp-json\/wp\/v2\/product\/1006","targetHints":{"allow":["GET"]}}],"collection":[{"href":"https:\/\/www.transtoyou.com\/nb\/wp-json\/wp\/v2\/product"}],"about":[{"href":"https:\/\/www.transtoyou.com\/nb\/wp-json\/wp\/v2\/types\/product"}],"replies":[{"embeddable":true,"href":"https:\/\/www.transtoyou.com\/nb\/wp-json\/wp\/v2\/comments?post=1006"}],"wp:featuredmedia":[{"embeddable":true,"href":"https:\/\/www.transtoyou.com\/nb\/wp-json\/wp\/v2\/media\/1008"}],"wp:attachment":[{"href":"https:\/\/www.transtoyou.com\/nb\/wp-json\/wp\/v2\/media?parent=1006"}],"wp:term":[{"taxonomy":"product_brand","embeddable":true,"href":"https:\/\/www.transtoyou.com\/nb\/wp-json\/wp\/v2\/product_brand?post=1006"},{"taxonomy":"product_cat","embeddable":true,"href":"https:\/\/www.transtoyou.com\/nb\/wp-json\/wp\/v2\/product_cat?post=1006"},{"taxonomy":"product_tag","embeddable":true,"href":"https:\/\/www.transtoyou.com\/nb\/wp-json\/wp\/v2\/product_tag?post=1006"},{"taxonomy":"expert","embeddable":true,"href":"https:\/\/www.transtoyou.com\/nb\/wp-json\/wp\/v2\/expert?post=1006"}],"curies":[{"name":"wp","href":"https:\/\/api.w.org\/{rel}","templated":true}]}}