{"id":1012,"date":"2026-01-24T11:25:45","date_gmt":"2026-01-24T09:25:45","guid":{"rendered":"https:\/\/www.transtoyou.com\/nb\/product\/caverject-alprostadil\/"},"modified":"2026-01-24T11:26:42","modified_gmt":"2026-01-24T09:26:42","slug":"caverject-alprostadil","status":"publish","type":"product","link":"https:\/\/www.transtoyou.com\/nb\/product\/caverject-alprostadil\/","title":{"rendered":"Caverject (Alprostadil)"},"content":{"rendered":"<p>Caverject er en reseptbelagt medisin som brukes til \u00e5 behandle erektil dysfunksjon (ED) hos voksne menn. Den inneholder alprostadil, et naturlig forekommende stoff som hjelper med \u00e5 \u00f8ke blodstr\u00f8mmen til penis.<\/p>\n<p>N\u00e5r det injiseres direkte i det erektile vevet, virker det ved \u00e5 slappe av blod\u00e5rene og musklene i penis, noe som gj\u00f8r at blod kan str\u00f8mme inn og produsere en ereksjon som er hard nok for seksuell aktivitet.<\/p>\n<p>I motsetning til orale ED-medisiner, virker Caverject lokalt og er ikke avhengig av seksuell stimulering for \u00e5 begynne \u00e5 virke. Effektene merkes vanligvis innen 5 til 20 minutter etter injeksjon og kan vare i omtrent 30 til 60 minutter, selv om den n\u00f8yaktige varigheten varierer avhengig av individet. Dette gj\u00f8r det til et p\u00e5litelig alternativ for menn som ikke har reagert godt p\u00e5 orale behandlinger eller som ikke kan ta dem p\u00e5 grunn av andre helseforhold eller medisiner.<\/p>\n<p>Caverject leveres som et pulver og fortynningsmiddel som blandes f\u00f8r bruk, og det kommer med en veldig fin n\u00e5l for selv-injeksjon i siden av penis. Det er viktig \u00e5 f\u00f8lge instruksjonene n\u00f8ye for \u00e5 unng\u00e5 komplikasjoner og \u00e5 rotere injeksjonssteder for \u00e5 forhindre vevskader.<\/p>\n<p>Vanlige bivirkninger kan inkludere mild smerte p\u00e5 injeksjonsstedet, en f\u00f8lelse av fylde i penis, eller lett bl\u00e5merker. Sjeldne, men alvorlige bivirkninger inkluderer vedvarende ereksjon (priapisme) eller penil fibrose (arrdannelse). Caverject b\u00f8r ikke brukes mer enn \u00e9n gang i l\u00f8pet av en 24-timers periode, og ikke mer enn tre ganger per uke.<\/p>\n","protected":false},"excerpt":{"rendered":"<ul>\n<li>Rask og p\u00e5litelig st\u00f8tte for ereksjon<\/li>\n<li>Fungerer n\u00e5r orale tabletter svikter<\/li>\n<li>Lokal virkning, minimale bivirkninger<\/li>\n<\/ul>\n","protected":false},"featured_media":1014,"comment_status":"open","ping_status":"closed","template":"","meta":[],"product_brand":[],"product_cat":[115],"product_tag":[],"expert":[18],"class_list":{"0":"post-1012","1":"product","2":"type-product","3":"status-publish","4":"has-post-thumbnail","6":"product_cat-behandlinger-for-erektil-dysfunksjon","7":"expert-dr-g-varbanov","9":"first","10":"instock","11":"shipping-taxable","12":"product-type-variable"},"yoast_head":"<!-- This site is optimized with the Yoast SEO plugin v27.0 - https:\/\/yoast.com\/product\/yoast-seo-wordpress\/ -->\n<title>Caverject (Alprostadil) | Raskvirkende ED-l\u00f8sning - Transtoyou<\/title>\n<meta name=\"description\" content=\"Caverject (Alprostadil) behandler ED effektivt ved \u00e5 \u00f8ke blodstr\u00f8mmen lokalt. Tilgjengelig hos Transtoyou, perfekt for de som ikke responderer p\u00e5 orale medisiner.\" \/>\n<meta name=\"robots\" content=\"noindex, follow, max-snippet:-1, max-image-preview:large, max-video-preview:-1\" \/>\n<meta property=\"og:locale\" content=\"nb_NO\" \/>\n<meta property=\"og:type\" content=\"article\" \/>\n<meta property=\"og:title\" content=\"Caverject (Alprostadil) | Raskvirkende ED-l\u00f8sning - Transtoyou\" \/>\n<meta property=\"og:description\" content=\"Caverject (Alprostadil) behandler ED effektivt ved \u00e5 \u00f8ke blodstr\u00f8mmen lokalt. Tilgjengelig hos Transtoyou, perfekt for de som ikke responderer p\u00e5 orale medisiner.\" \/>\n<meta property=\"og:url\" content=\"https:\/\/www.transtoyou.com\/nb\/product\/caverject-alprostadil\/\" \/>\n<meta property=\"og:site_name\" content=\"Transtoyou - NB\" \/>\n<meta property=\"article:modified_time\" content=\"2026-01-24T09:26:42+00:00\" \/>\n<meta name=\"twitter:card\" content=\"summary_large_image\" \/>\n<meta name=\"twitter:label1\" content=\"Ansl. lesetid\" \/>\n\t<meta name=\"twitter:data1\" content=\"1 minutt\" \/>\n<script type=\"application\/ld+json\" class=\"yoast-schema-graph\">{\"@context\":\"https:\/\/schema.org\",\"@graph\":[{\"@type\":\"WebPage\",\"@id\":\"https:\/\/www.transtoyou.com\/nb\/product\/caverject-alprostadil\/\",\"url\":\"https:\/\/www.transtoyou.com\/nb\/product\/caverject-alprostadil\/\",\"name\":\"Caverject (Alprostadil) | Raskvirkende ED-l\u00f8sning - Transtoyou\",\"isPartOf\":{\"@id\":\"https:\/\/www.transtoyou.com\/nb\/#website\"},\"primaryImageOfPage\":{\"@id\":\"https:\/\/www.transtoyou.com\/nb\/product\/caverject-alprostadil\/#primaryimage\"},\"image\":{\"@id\":\"https:\/\/www.transtoyou.com\/nb\/product\/caverject-alprostadil\/#primaryimage\"},\"thumbnailUrl\":\"https:\/\/www.transtoyou.com\/nb\/wp-content\/uploads\/sites\/10\/2026\/01\/tty-no-product-image-100.webp\",\"datePublished\":\"2026-01-24T09:25:45+00:00\",\"dateModified\":\"2026-01-24T09:26:42+00:00\",\"description\":\"Caverject (Alprostadil) behandler ED effektivt ved \u00e5 \u00f8ke blodstr\u00f8mmen lokalt. Tilgjengelig hos Transtoyou, perfekt for de som ikke responderer p\u00e5 orale medisiner.\",\"breadcrumb\":{\"@id\":\"https:\/\/www.transtoyou.com\/nb\/product\/caverject-alprostadil\/#breadcrumb\"},\"inLanguage\":\"nb-NO\",\"potentialAction\":[{\"@type\":\"ReadAction\",\"target\":[\"https:\/\/www.transtoyou.com\/nb\/product\/caverject-alprostadil\/\"]}]},{\"@type\":\"ImageObject\",\"inLanguage\":\"nb-NO\",\"@id\":\"https:\/\/www.transtoyou.com\/nb\/product\/caverject-alprostadil\/#primaryimage\",\"url\":\"https:\/\/www.transtoyou.com\/nb\/wp-content\/uploads\/sites\/10\/2026\/01\/tty-no-product-image-100.webp\",\"contentUrl\":\"https:\/\/www.transtoyou.com\/nb\/wp-content\/uploads\/sites\/10\/2026\/01\/tty-no-product-image-100.webp\",\"width\":1000,\"height\":1000,\"caption\":\"Standard produktbilde\"},{\"@type\":\"WebSite\",\"@id\":\"https:\/\/www.transtoyou.com\/nb\/#website\",\"url\":\"https:\/\/www.transtoyou.com\/nb\/\",\"name\":\"Transtoyou - NB\",\"description\":\"\",\"publisher\":{\"@id\":\"https:\/\/www.transtoyou.com\/nb\/#organization\"},\"potentialAction\":[{\"@type\":\"SearchAction\",\"target\":{\"@type\":\"EntryPoint\",\"urlTemplate\":\"https:\/\/www.transtoyou.com\/nb\/?s={search_term_string}\"},\"query-input\":{\"@type\":\"PropertyValueSpecification\",\"valueRequired\":true,\"valueName\":\"search_term_string\"}}],\"inLanguage\":\"nb-NO\"},{\"@type\":\"Organization\",\"@id\":\"https:\/\/www.transtoyou.com\/nb\/#organization\",\"name\":\"Transtoyou - NB\",\"url\":\"https:\/\/www.transtoyou.com\/nb\/\",\"logo\":{\"@type\":\"ImageObject\",\"inLanguage\":\"nb-NO\",\"@id\":\"https:\/\/www.transtoyou.com\/nb\/#\/schema\/logo\/image\/\",\"url\":\"https:\/\/www.transtoyou.com\/nb\/wp-content\/uploads\/sites\/10\/2026\/01\/logo-tty-menu-bar-300x87-1.webp\",\"contentUrl\":\"https:\/\/www.transtoyou.com\/nb\/wp-content\/uploads\/sites\/10\/2026\/01\/logo-tty-menu-bar-300x87-1.webp\",\"width\":300,\"height\":87,\"caption\":\"Transtoyou - NB\"},\"image\":{\"@id\":\"https:\/\/www.transtoyou.com\/nb\/#\/schema\/logo\/image\/\"}}]}<\/script>\n<!-- \/ Yoast SEO plugin. -->","yoast_head_json":{"title":"Caverject (Alprostadil) | Raskvirkende ED-l\u00f8sning - Transtoyou","description":"Caverject (Alprostadil) behandler ED effektivt ved \u00e5 \u00f8ke blodstr\u00f8mmen lokalt. Tilgjengelig hos Transtoyou, perfekt for de som ikke responderer p\u00e5 orale medisiner.","robots":{"index":"noindex","follow":"follow","max-snippet":"max-snippet:-1","max-image-preview":"max-image-preview:large","max-video-preview":"max-video-preview:-1"},"og_locale":"nb_NO","og_type":"article","og_title":"Caverject (Alprostadil) | Raskvirkende ED-l\u00f8sning - Transtoyou","og_description":"Caverject (Alprostadil) behandler ED effektivt ved \u00e5 \u00f8ke blodstr\u00f8mmen lokalt. Tilgjengelig hos Transtoyou, perfekt for de som ikke responderer p\u00e5 orale medisiner.","og_url":"https:\/\/www.transtoyou.com\/nb\/product\/caverject-alprostadil\/","og_site_name":"Transtoyou - NB","article_modified_time":"2026-01-24T09:26:42+00:00","twitter_card":"summary_large_image","twitter_misc":{"Ansl. lesetid":"1 minutt"},"schema":{"@context":"https:\/\/schema.org","@graph":[{"@type":"WebPage","@id":"https:\/\/www.transtoyou.com\/nb\/product\/caverject-alprostadil\/","url":"https:\/\/www.transtoyou.com\/nb\/product\/caverject-alprostadil\/","name":"Caverject (Alprostadil) | Raskvirkende ED-l\u00f8sning - Transtoyou","isPartOf":{"@id":"https:\/\/www.transtoyou.com\/nb\/#website"},"primaryImageOfPage":{"@id":"https:\/\/www.transtoyou.com\/nb\/product\/caverject-alprostadil\/#primaryimage"},"image":{"@id":"https:\/\/www.transtoyou.com\/nb\/product\/caverject-alprostadil\/#primaryimage"},"thumbnailUrl":"https:\/\/www.transtoyou.com\/nb\/wp-content\/uploads\/sites\/10\/2026\/01\/tty-no-product-image-100.webp","datePublished":"2026-01-24T09:25:45+00:00","dateModified":"2026-01-24T09:26:42+00:00","description":"Caverject (Alprostadil) behandler ED effektivt ved \u00e5 \u00f8ke blodstr\u00f8mmen lokalt. Tilgjengelig hos Transtoyou, perfekt for de som ikke responderer p\u00e5 orale medisiner.","breadcrumb":{"@id":"https:\/\/www.transtoyou.com\/nb\/product\/caverject-alprostadil\/#breadcrumb"},"inLanguage":"nb-NO","potentialAction":[{"@type":"ReadAction","target":["https:\/\/www.transtoyou.com\/nb\/product\/caverject-alprostadil\/"]}]},{"@type":"ImageObject","inLanguage":"nb-NO","@id":"https:\/\/www.transtoyou.com\/nb\/product\/caverject-alprostadil\/#primaryimage","url":"https:\/\/www.transtoyou.com\/nb\/wp-content\/uploads\/sites\/10\/2026\/01\/tty-no-product-image-100.webp","contentUrl":"https:\/\/www.transtoyou.com\/nb\/wp-content\/uploads\/sites\/10\/2026\/01\/tty-no-product-image-100.webp","width":1000,"height":1000,"caption":"Standard produktbilde"},{"@type":"WebSite","@id":"https:\/\/www.transtoyou.com\/nb\/#website","url":"https:\/\/www.transtoyou.com\/nb\/","name":"Transtoyou - NB","description":"","publisher":{"@id":"https:\/\/www.transtoyou.com\/nb\/#organization"},"potentialAction":[{"@type":"SearchAction","target":{"@type":"EntryPoint","urlTemplate":"https:\/\/www.transtoyou.com\/nb\/?s={search_term_string}"},"query-input":{"@type":"PropertyValueSpecification","valueRequired":true,"valueName":"search_term_string"}}],"inLanguage":"nb-NO"},{"@type":"Organization","@id":"https:\/\/www.transtoyou.com\/nb\/#organization","name":"Transtoyou - NB","url":"https:\/\/www.transtoyou.com\/nb\/","logo":{"@type":"ImageObject","inLanguage":"nb-NO","@id":"https:\/\/www.transtoyou.com\/nb\/#\/schema\/logo\/image\/","url":"https:\/\/www.transtoyou.com\/nb\/wp-content\/uploads\/sites\/10\/2026\/01\/logo-tty-menu-bar-300x87-1.webp","contentUrl":"https:\/\/www.transtoyou.com\/nb\/wp-content\/uploads\/sites\/10\/2026\/01\/logo-tty-menu-bar-300x87-1.webp","width":300,"height":87,"caption":"Transtoyou - NB"},"image":{"@id":"https:\/\/www.transtoyou.com\/nb\/#\/schema\/logo\/image\/"}}]}},"_links":{"self":[{"href":"https:\/\/www.transtoyou.com\/nb\/wp-json\/wp\/v2\/product\/1012","targetHints":{"allow":["GET"]}}],"collection":[{"href":"https:\/\/www.transtoyou.com\/nb\/wp-json\/wp\/v2\/product"}],"about":[{"href":"https:\/\/www.transtoyou.com\/nb\/wp-json\/wp\/v2\/types\/product"}],"replies":[{"embeddable":true,"href":"https:\/\/www.transtoyou.com\/nb\/wp-json\/wp\/v2\/comments?post=1012"}],"wp:featuredmedia":[{"embeddable":true,"href":"https:\/\/www.transtoyou.com\/nb\/wp-json\/wp\/v2\/media\/1014"}],"wp:attachment":[{"href":"https:\/\/www.transtoyou.com\/nb\/wp-json\/wp\/v2\/media?parent=1012"}],"wp:term":[{"taxonomy":"product_brand","embeddable":true,"href":"https:\/\/www.transtoyou.com\/nb\/wp-json\/wp\/v2\/product_brand?post=1012"},{"taxonomy":"product_cat","embeddable":true,"href":"https:\/\/www.transtoyou.com\/nb\/wp-json\/wp\/v2\/product_cat?post=1012"},{"taxonomy":"product_tag","embeddable":true,"href":"https:\/\/www.transtoyou.com\/nb\/wp-json\/wp\/v2\/product_tag?post=1012"},{"taxonomy":"expert","embeddable":true,"href":"https:\/\/www.transtoyou.com\/nb\/wp-json\/wp\/v2\/expert?post=1012"}],"curies":[{"name":"wp","href":"https:\/\/api.w.org\/{rel}","templated":true}]}}