{"id":1017,"date":"2026-01-24T11:59:23","date_gmt":"2026-01-24T09:59:23","guid":{"rendered":"https:\/\/www.transtoyou.com\/nb\/product\/metoclopramide\/"},"modified":"2026-02-25T10:05:05","modified_gmt":"2026-02-25T08:05:05","slug":"metoklopramid","status":"publish","type":"product","link":"https:\/\/www.transtoyou.com\/nb\/product\/metoklopramid\/","title":{"rendered":"Metoklopramid"},"content":{"rendered":"<p>Metoklopramid er en medisin som vanligvis brukes for \u00e5 h\u00e5ndtere ford\u00f8yelsessymptomer som kvalme, oppbl\u00e5sthet og ubehag knyttet til langsom magesekkt\u00f8mming. Selv om det ikke er en direkte behandling for diar\u00e9 i seg selv, kan det v\u00e6re nyttig i situasjoner der diar\u00e9 er ledsaget av kvalme eller treg magefunksjon. Dets prim\u00e6re funksjon er \u00e5 forbedre bevegelsen i magen og tarmene, noe som fremmer mer effektiv ford\u00f8yelse og hjelper kroppen med \u00e5 bearbeide mat og v\u00e6sker mer effektivt.<\/p>\n<p>I tilfeller av gastrointestinal ubehag hjelper Metoklopramid ved \u00e5 stimulere musklene i den \u00f8vre ford\u00f8yelseskanalen. Dette oppmuntrer til raskere bevegelse av mageinnholdet inn i tarmene, og lindrer symptomer som kvalme, oppkast og en f\u00f8lelse av metthet etter \u00e5 ha spist bare sm\u00e5 mengder. Ved \u00e5 forbedre magesekkmotiliteten kan Metoklopramid indirekte st\u00f8tte bedring hos personer hvis diar\u00e9 er ledsaget av kvalme eller redusert appetitt.<\/p>\n<p>Denne medisinen tas f\u00f8r m\u00e5ltider eller ved sengetid. Den begynner \u00e5 virke innen 30 til 60 minutter, og effektene kan vare i flere timer. Den er egnet for kortvarig bruk og anbefales ikke for bruk utover 12 uker p\u00e5 grunn av potensialet for nevrologiske bivirkninger ved langvarig bruk.<\/p>\n<p>Metoklopramid tolereres generelt godt, selv om noen brukere kan oppleve tretthet, rastl\u00f8shet eller milde hodepiner. Imidlertid kan mer alvorlige bivirkninger som ekstrapyramidale symptomer (f.eks. ufrivillige muskelbevegelser, skjelvinger eller dystoni) forekomme, spesielt hos yngre voksne eller n\u00e5r den brukes i h\u00f8ye doser eller over lengre perioder. Forsiktighet anbefales hos pasienter med nevrologiske lidelser eller en historie med bevegelsesforstyrrelser.<\/p>\n","protected":false},"excerpt":{"rendered":"<ul>\n<li>Forbedrer gastrointestinal motilitet for raskere magesekkt\u00f8mming<\/li>\n<li>Effektiv lindring fra kvalme og oppkast<\/li>\n<li>St\u00f8tter behandling av gastroparese og relaterte lidelser<\/li>\n<\/ul>\n","protected":false},"featured_media":1019,"comment_status":"open","ping_status":"closed","template":"","meta":[],"product_brand":[],"product_cat":[107],"product_tag":[],"expert":[21],"class_list":{"0":"post-1017","1":"product","2":"type-product","3":"status-publish","4":"has-post-thumbnail","6":"product_cat-diare","7":"expert-dr-m-sharoyko","9":"first","10":"instock","11":"shipping-taxable","12":"product-type-variable"},"yoast_head":"<!-- This site is optimized with the Yoast SEO plugin v27.0 - https:\/\/yoast.com\/product\/yoast-seo-wordpress\/ -->\n<title>Metoklopramid | Forbedre Ford\u00f8yelse - Transtoyou<\/title>\n<meta name=\"description\" content=\"Metoclopramid forbedrer ford\u00f8yelsen ved \u00e5 fremme magesammentrekninger og lindre kvalme. Finnes hos Transtoyou, handle n\u00e5 for lindring.\" \/>\n<meta name=\"robots\" content=\"noindex, follow, max-snippet:-1, max-image-preview:large, max-video-preview:-1\" \/>\n<meta property=\"og:locale\" content=\"nb_NO\" \/>\n<meta property=\"og:type\" content=\"article\" \/>\n<meta property=\"og:title\" content=\"Metoklopramid | Forbedre Ford\u00f8yelse - Transtoyou\" \/>\n<meta property=\"og:description\" content=\"Metoclopramid forbedrer ford\u00f8yelsen ved \u00e5 fremme magesammentrekninger og lindre kvalme. Finnes hos Transtoyou, handle n\u00e5 for lindring.\" \/>\n<meta property=\"og:url\" content=\"https:\/\/www.transtoyou.com\/nb\/product\/metoclopramide\/\" \/>\n<meta property=\"og:site_name\" content=\"Transtoyou - NB\" \/>\n<meta property=\"article:modified_time\" content=\"2026-02-25T08:05:05+00:00\" \/>\n<meta name=\"twitter:card\" content=\"summary_large_image\" \/>\n<meta name=\"twitter:label1\" content=\"Ansl. lesetid\" \/>\n\t<meta name=\"twitter:data1\" content=\"1 minutt\" \/>\n<script type=\"application\/ld+json\" class=\"yoast-schema-graph\">{\"@context\":\"https:\/\/schema.org\",\"@graph\":[{\"@type\":\"WebPage\",\"@id\":\"https:\/\/www.transtoyou.com\/nb\/product\/metoclopramide\/\",\"url\":\"https:\/\/www.transtoyou.com\/nb\/product\/metoclopramide\/\",\"name\":\"Metoklopramid | Forbedre Ford\u00f8yelse - Transtoyou\",\"isPartOf\":{\"@id\":\"https:\/\/www.transtoyou.com\/nb\/#website\"},\"primaryImageOfPage\":{\"@id\":\"https:\/\/www.transtoyou.com\/nb\/product\/metoclopramide\/#primaryimage\"},\"image\":{\"@id\":\"https:\/\/www.transtoyou.com\/nb\/product\/metoclopramide\/#primaryimage\"},\"thumbnailUrl\":\"https:\/\/www.transtoyou.com\/nb\/wp-content\/uploads\/sites\/10\/2026\/01\/tty-no-product-image-102.webp\",\"datePublished\":\"2026-01-24T09:59:23+00:00\",\"dateModified\":\"2026-02-25T08:05:05+00:00\",\"description\":\"Metoclopramid forbedrer ford\u00f8yelsen ved \u00e5 fremme magesammentrekninger og lindre kvalme. Finnes hos Transtoyou, handle n\u00e5 for lindring.\",\"breadcrumb\":{\"@id\":\"https:\/\/www.transtoyou.com\/nb\/product\/metoclopramide\/#breadcrumb\"},\"inLanguage\":\"nb-NO\",\"potentialAction\":[{\"@type\":\"ReadAction\",\"target\":[\"https:\/\/www.transtoyou.com\/nb\/product\/metoclopramide\/\"]}]},{\"@type\":\"ImageObject\",\"inLanguage\":\"nb-NO\",\"@id\":\"https:\/\/www.transtoyou.com\/nb\/product\/metoclopramide\/#primaryimage\",\"url\":\"https:\/\/www.transtoyou.com\/nb\/wp-content\/uploads\/sites\/10\/2026\/01\/tty-no-product-image-102.webp\",\"contentUrl\":\"https:\/\/www.transtoyou.com\/nb\/wp-content\/uploads\/sites\/10\/2026\/01\/tty-no-product-image-102.webp\",\"width\":1000,\"height\":1000,\"caption\":\"Standard produktbilde\"},{\"@type\":\"WebSite\",\"@id\":\"https:\/\/www.transtoyou.com\/nb\/#website\",\"url\":\"https:\/\/www.transtoyou.com\/nb\/\",\"name\":\"Transtoyou - NB\",\"description\":\"\",\"publisher\":{\"@id\":\"https:\/\/www.transtoyou.com\/nb\/#organization\"},\"potentialAction\":[{\"@type\":\"SearchAction\",\"target\":{\"@type\":\"EntryPoint\",\"urlTemplate\":\"https:\/\/www.transtoyou.com\/nb\/?s={search_term_string}\"},\"query-input\":{\"@type\":\"PropertyValueSpecification\",\"valueRequired\":true,\"valueName\":\"search_term_string\"}}],\"inLanguage\":\"nb-NO\"},{\"@type\":\"Organization\",\"@id\":\"https:\/\/www.transtoyou.com\/nb\/#organization\",\"name\":\"Transtoyou - NB\",\"url\":\"https:\/\/www.transtoyou.com\/nb\/\",\"logo\":{\"@type\":\"ImageObject\",\"inLanguage\":\"nb-NO\",\"@id\":\"https:\/\/www.transtoyou.com\/nb\/#\/schema\/logo\/image\/\",\"url\":\"https:\/\/www.transtoyou.com\/nb\/wp-content\/uploads\/sites\/10\/2026\/01\/logo-tty-menu-bar-300x87-1.webp\",\"contentUrl\":\"https:\/\/www.transtoyou.com\/nb\/wp-content\/uploads\/sites\/10\/2026\/01\/logo-tty-menu-bar-300x87-1.webp\",\"width\":300,\"height\":87,\"caption\":\"Transtoyou - NB\"},\"image\":{\"@id\":\"https:\/\/www.transtoyou.com\/nb\/#\/schema\/logo\/image\/\"}}]}<\/script>\n<!-- \/ Yoast SEO plugin. -->","yoast_head_json":{"title":"Metoklopramid | Forbedre Ford\u00f8yelse - Transtoyou","description":"Metoclopramid forbedrer ford\u00f8yelsen ved \u00e5 fremme magesammentrekninger og lindre kvalme. Finnes hos Transtoyou, handle n\u00e5 for lindring.","robots":{"index":"noindex","follow":"follow","max-snippet":"max-snippet:-1","max-image-preview":"max-image-preview:large","max-video-preview":"max-video-preview:-1"},"og_locale":"nb_NO","og_type":"article","og_title":"Metoklopramid | Forbedre Ford\u00f8yelse - Transtoyou","og_description":"Metoclopramid forbedrer ford\u00f8yelsen ved \u00e5 fremme magesammentrekninger og lindre kvalme. Finnes hos Transtoyou, handle n\u00e5 for lindring.","og_url":"https:\/\/www.transtoyou.com\/nb\/product\/metoclopramide\/","og_site_name":"Transtoyou - NB","article_modified_time":"2026-02-25T08:05:05+00:00","twitter_card":"summary_large_image","twitter_misc":{"Ansl. lesetid":"1 minutt"},"schema":{"@context":"https:\/\/schema.org","@graph":[{"@type":"WebPage","@id":"https:\/\/www.transtoyou.com\/nb\/product\/metoclopramide\/","url":"https:\/\/www.transtoyou.com\/nb\/product\/metoclopramide\/","name":"Metoklopramid | Forbedre Ford\u00f8yelse - Transtoyou","isPartOf":{"@id":"https:\/\/www.transtoyou.com\/nb\/#website"},"primaryImageOfPage":{"@id":"https:\/\/www.transtoyou.com\/nb\/product\/metoclopramide\/#primaryimage"},"image":{"@id":"https:\/\/www.transtoyou.com\/nb\/product\/metoclopramide\/#primaryimage"},"thumbnailUrl":"https:\/\/www.transtoyou.com\/nb\/wp-content\/uploads\/sites\/10\/2026\/01\/tty-no-product-image-102.webp","datePublished":"2026-01-24T09:59:23+00:00","dateModified":"2026-02-25T08:05:05+00:00","description":"Metoclopramid forbedrer ford\u00f8yelsen ved \u00e5 fremme magesammentrekninger og lindre kvalme. Finnes hos Transtoyou, handle n\u00e5 for lindring.","breadcrumb":{"@id":"https:\/\/www.transtoyou.com\/nb\/product\/metoclopramide\/#breadcrumb"},"inLanguage":"nb-NO","potentialAction":[{"@type":"ReadAction","target":["https:\/\/www.transtoyou.com\/nb\/product\/metoclopramide\/"]}]},{"@type":"ImageObject","inLanguage":"nb-NO","@id":"https:\/\/www.transtoyou.com\/nb\/product\/metoclopramide\/#primaryimage","url":"https:\/\/www.transtoyou.com\/nb\/wp-content\/uploads\/sites\/10\/2026\/01\/tty-no-product-image-102.webp","contentUrl":"https:\/\/www.transtoyou.com\/nb\/wp-content\/uploads\/sites\/10\/2026\/01\/tty-no-product-image-102.webp","width":1000,"height":1000,"caption":"Standard produktbilde"},{"@type":"WebSite","@id":"https:\/\/www.transtoyou.com\/nb\/#website","url":"https:\/\/www.transtoyou.com\/nb\/","name":"Transtoyou - NB","description":"","publisher":{"@id":"https:\/\/www.transtoyou.com\/nb\/#organization"},"potentialAction":[{"@type":"SearchAction","target":{"@type":"EntryPoint","urlTemplate":"https:\/\/www.transtoyou.com\/nb\/?s={search_term_string}"},"query-input":{"@type":"PropertyValueSpecification","valueRequired":true,"valueName":"search_term_string"}}],"inLanguage":"nb-NO"},{"@type":"Organization","@id":"https:\/\/www.transtoyou.com\/nb\/#organization","name":"Transtoyou - NB","url":"https:\/\/www.transtoyou.com\/nb\/","logo":{"@type":"ImageObject","inLanguage":"nb-NO","@id":"https:\/\/www.transtoyou.com\/nb\/#\/schema\/logo\/image\/","url":"https:\/\/www.transtoyou.com\/nb\/wp-content\/uploads\/sites\/10\/2026\/01\/logo-tty-menu-bar-300x87-1.webp","contentUrl":"https:\/\/www.transtoyou.com\/nb\/wp-content\/uploads\/sites\/10\/2026\/01\/logo-tty-menu-bar-300x87-1.webp","width":300,"height":87,"caption":"Transtoyou - NB"},"image":{"@id":"https:\/\/www.transtoyou.com\/nb\/#\/schema\/logo\/image\/"}}]}},"_links":{"self":[{"href":"https:\/\/www.transtoyou.com\/nb\/wp-json\/wp\/v2\/product\/1017","targetHints":{"allow":["GET"]}}],"collection":[{"href":"https:\/\/www.transtoyou.com\/nb\/wp-json\/wp\/v2\/product"}],"about":[{"href":"https:\/\/www.transtoyou.com\/nb\/wp-json\/wp\/v2\/types\/product"}],"replies":[{"embeddable":true,"href":"https:\/\/www.transtoyou.com\/nb\/wp-json\/wp\/v2\/comments?post=1017"}],"wp:featuredmedia":[{"embeddable":true,"href":"https:\/\/www.transtoyou.com\/nb\/wp-json\/wp\/v2\/media\/1019"}],"wp:attachment":[{"href":"https:\/\/www.transtoyou.com\/nb\/wp-json\/wp\/v2\/media?parent=1017"}],"wp:term":[{"taxonomy":"product_brand","embeddable":true,"href":"https:\/\/www.transtoyou.com\/nb\/wp-json\/wp\/v2\/product_brand?post=1017"},{"taxonomy":"product_cat","embeddable":true,"href":"https:\/\/www.transtoyou.com\/nb\/wp-json\/wp\/v2\/product_cat?post=1017"},{"taxonomy":"product_tag","embeddable":true,"href":"https:\/\/www.transtoyou.com\/nb\/wp-json\/wp\/v2\/product_tag?post=1017"},{"taxonomy":"expert","embeddable":true,"href":"https:\/\/www.transtoyou.com\/nb\/wp-json\/wp\/v2\/expert?post=1017"}],"curies":[{"name":"wp","href":"https:\/\/api.w.org\/{rel}","templated":true}]}}