{"id":1020,"date":"2026-01-24T12:15:57","date_gmt":"2026-01-24T10:15:57","guid":{"rendered":"https:\/\/www.transtoyou.com\/nb\/product\/primolut-n\/"},"modified":"2026-03-01T14:11:58","modified_gmt":"2026-03-01T12:11:58","slug":"primolut-n","status":"publish","type":"product","link":"https:\/\/www.transtoyou.com\/nb\/product\/primolut-n\/","title":{"rendered":"Primolut N"},"content":{"rendered":"<p>Primolut N er en tablett som inneholder norethisteron, et syntetisk progestogen som brukes til \u00e5 h\u00e5ndtere og manipulere menstruasjonssyklusen. Den blir ofte foreskrevet for \u00e5 forsinke menstruasjonen av kortsiktige grunner som reise, sport eller spesielle anledninger, og brukes ogs\u00e5 til syklusundertrykkelse i tilfeller av uregelmessige, kraftige eller smertefulle menstruasjoner.<\/p>\n<p>Primolut N fungerer ved \u00e5 opprettholde h\u00f8ye niv\u00e5er av progestogen i kroppen, noe som forhindrer det hormonelle fallet som normalt utl\u00f8ser menstruasjonen. N\u00e5r tablettene stoppes, faller hormonniv\u00e5ene og en tilbaketrekningsbl\u00f8dning oppst\u00e5r, lik en naturlig menstruasjon. Denne mekanismen gj\u00f8r det mulig for brukerne \u00e5 kontrollere n\u00e5r menstruasjonen starter.<\/p>\n<p>Primolut N er egnet for personer som foretrekker en kortsiktig og \u00f8strogenfri m\u00e5te \u00e5 h\u00e5ndtere syklusene sine p\u00e5. Den startes vanligvis noen dager f\u00f8r forventet menstruasjon og tas s\u00e5 lenge forsinkelsen \u00f8nskes. For medisinske form\u00e5l kan den ogs\u00e5 brukes i lengre behandlingsregimer under medisinsk tilsyn.<\/p>\n<p>Tabletten er enkel \u00e5 bruke og tolereres godt av de fleste. Den gir ikke prevensjon, s\u00e5 ekstra beskyttelse er n\u00f8dvendig hvis unng\u00e5else av graviditet ogs\u00e5 er en bekymring. N\u00e5r den er avsluttet, gjenopptas den naturlige syklusen vanligvis raskt.<\/p>\n","protected":false},"excerpt":{"rendered":"<ul>\n<li>Forsinker menstruasjonen<\/li>\n<li>Progestogen-tablett<\/li>\n<li>Egnet for korttidsbruk<\/li>\n<\/ul>\n","protected":false},"featured_media":1022,"comment_status":"open","ping_status":"closed","template":"","meta":[],"product_brand":[],"product_cat":[149,148],"product_tag":[],"expert":[21],"class_list":{"0":"post-1020","1":"product","2":"type-product","3":"status-publish","4":"has-post-thumbnail","6":"product_cat-menstruasjonsforsinkelse","7":"product_cat-menstruasjonsundertrykkelse","8":"expert-dr-m-sharoyko","10":"first","11":"instock","12":"shipping-taxable","13":"product-type-variable"},"yoast_head":"<!-- This site is optimized with the Yoast SEO plugin v27.0 - https:\/\/yoast.com\/product\/yoast-seo-wordpress\/ -->\n<title>Primolut N | St\u00f8tte for hormonbalanse - Transtoyou<\/title>\n<meta name=\"description\" content=\"Oppdag Primolut N p\u00e5 Transtoyou, tilgjengelig n\u00e5. H\u00e5ndter menstruasjonssyklusen din effektivt med denne p\u00e5litelige l\u00f8sningen. Handle trygt!\" \/>\n<meta name=\"robots\" content=\"noindex, follow, max-snippet:-1, max-image-preview:large, max-video-preview:-1\" \/>\n<meta property=\"og:locale\" content=\"nb_NO\" \/>\n<meta property=\"og:type\" content=\"article\" \/>\n<meta property=\"og:title\" content=\"Primolut N | St\u00f8tte for hormonbalanse - Transtoyou\" \/>\n<meta property=\"og:description\" content=\"Oppdag Primolut N p\u00e5 Transtoyou, tilgjengelig n\u00e5. H\u00e5ndter menstruasjonssyklusen din effektivt med denne p\u00e5litelige l\u00f8sningen. Handle trygt!\" \/>\n<meta property=\"og:url\" content=\"https:\/\/www.transtoyou.com\/nb\/product\/primolut-n\/\" \/>\n<meta property=\"og:site_name\" content=\"Transtoyou - NB\" \/>\n<meta property=\"article:modified_time\" content=\"2026-03-01T12:11:58+00:00\" \/>\n<meta name=\"twitter:card\" content=\"summary_large_image\" \/>\n<meta name=\"twitter:label1\" content=\"Ansl. lesetid\" \/>\n\t<meta name=\"twitter:data1\" content=\"1 minutt\" \/>\n<script type=\"application\/ld+json\" class=\"yoast-schema-graph\">{\"@context\":\"https:\/\/schema.org\",\"@graph\":[{\"@type\":\"WebPage\",\"@id\":\"https:\/\/www.transtoyou.com\/nb\/product\/primolut-n\/\",\"url\":\"https:\/\/www.transtoyou.com\/nb\/product\/primolut-n\/\",\"name\":\"Primolut N | St\u00f8tte for hormonbalanse - Transtoyou\",\"isPartOf\":{\"@id\":\"https:\/\/www.transtoyou.com\/nb\/#website\"},\"primaryImageOfPage\":{\"@id\":\"https:\/\/www.transtoyou.com\/nb\/product\/primolut-n\/#primaryimage\"},\"image\":{\"@id\":\"https:\/\/www.transtoyou.com\/nb\/product\/primolut-n\/#primaryimage\"},\"thumbnailUrl\":\"https:\/\/www.transtoyou.com\/nb\/wp-content\/uploads\/sites\/10\/2026\/01\/tty-no-product-image-103.webp\",\"datePublished\":\"2026-01-24T10:15:57+00:00\",\"dateModified\":\"2026-03-01T12:11:58+00:00\",\"description\":\"Oppdag Primolut N p\u00e5 Transtoyou, tilgjengelig n\u00e5. H\u00e5ndter menstruasjonssyklusen din effektivt med denne p\u00e5litelige l\u00f8sningen. Handle trygt!\",\"breadcrumb\":{\"@id\":\"https:\/\/www.transtoyou.com\/nb\/product\/primolut-n\/#breadcrumb\"},\"inLanguage\":\"nb-NO\",\"potentialAction\":[{\"@type\":\"ReadAction\",\"target\":[\"https:\/\/www.transtoyou.com\/nb\/product\/primolut-n\/\"]}]},{\"@type\":\"ImageObject\",\"inLanguage\":\"nb-NO\",\"@id\":\"https:\/\/www.transtoyou.com\/nb\/product\/primolut-n\/#primaryimage\",\"url\":\"https:\/\/www.transtoyou.com\/nb\/wp-content\/uploads\/sites\/10\/2026\/01\/tty-no-product-image-103.webp\",\"contentUrl\":\"https:\/\/www.transtoyou.com\/nb\/wp-content\/uploads\/sites\/10\/2026\/01\/tty-no-product-image-103.webp\",\"width\":1000,\"height\":1000,\"caption\":\"Standard produktbilde\"},{\"@type\":\"WebSite\",\"@id\":\"https:\/\/www.transtoyou.com\/nb\/#website\",\"url\":\"https:\/\/www.transtoyou.com\/nb\/\",\"name\":\"Transtoyou - NB\",\"description\":\"\",\"publisher\":{\"@id\":\"https:\/\/www.transtoyou.com\/nb\/#organization\"},\"potentialAction\":[{\"@type\":\"SearchAction\",\"target\":{\"@type\":\"EntryPoint\",\"urlTemplate\":\"https:\/\/www.transtoyou.com\/nb\/?s={search_term_string}\"},\"query-input\":{\"@type\":\"PropertyValueSpecification\",\"valueRequired\":true,\"valueName\":\"search_term_string\"}}],\"inLanguage\":\"nb-NO\"},{\"@type\":\"Organization\",\"@id\":\"https:\/\/www.transtoyou.com\/nb\/#organization\",\"name\":\"Transtoyou - NB\",\"url\":\"https:\/\/www.transtoyou.com\/nb\/\",\"logo\":{\"@type\":\"ImageObject\",\"inLanguage\":\"nb-NO\",\"@id\":\"https:\/\/www.transtoyou.com\/nb\/#\/schema\/logo\/image\/\",\"url\":\"https:\/\/www.transtoyou.com\/nb\/wp-content\/uploads\/sites\/10\/2026\/01\/logo-tty-menu-bar-300x87-1.webp\",\"contentUrl\":\"https:\/\/www.transtoyou.com\/nb\/wp-content\/uploads\/sites\/10\/2026\/01\/logo-tty-menu-bar-300x87-1.webp\",\"width\":300,\"height\":87,\"caption\":\"Transtoyou - NB\"},\"image\":{\"@id\":\"https:\/\/www.transtoyou.com\/nb\/#\/schema\/logo\/image\/\"}}]}<\/script>\n<!-- \/ Yoast SEO plugin. -->","yoast_head_json":{"title":"Primolut N | St\u00f8tte for hormonbalanse - Transtoyou","description":"Oppdag Primolut N p\u00e5 Transtoyou, tilgjengelig n\u00e5. H\u00e5ndter menstruasjonssyklusen din effektivt med denne p\u00e5litelige l\u00f8sningen. Handle trygt!","robots":{"index":"noindex","follow":"follow","max-snippet":"max-snippet:-1","max-image-preview":"max-image-preview:large","max-video-preview":"max-video-preview:-1"},"og_locale":"nb_NO","og_type":"article","og_title":"Primolut N | St\u00f8tte for hormonbalanse - Transtoyou","og_description":"Oppdag Primolut N p\u00e5 Transtoyou, tilgjengelig n\u00e5. H\u00e5ndter menstruasjonssyklusen din effektivt med denne p\u00e5litelige l\u00f8sningen. Handle trygt!","og_url":"https:\/\/www.transtoyou.com\/nb\/product\/primolut-n\/","og_site_name":"Transtoyou - NB","article_modified_time":"2026-03-01T12:11:58+00:00","twitter_card":"summary_large_image","twitter_misc":{"Ansl. lesetid":"1 minutt"},"schema":{"@context":"https:\/\/schema.org","@graph":[{"@type":"WebPage","@id":"https:\/\/www.transtoyou.com\/nb\/product\/primolut-n\/","url":"https:\/\/www.transtoyou.com\/nb\/product\/primolut-n\/","name":"Primolut N | St\u00f8tte for hormonbalanse - Transtoyou","isPartOf":{"@id":"https:\/\/www.transtoyou.com\/nb\/#website"},"primaryImageOfPage":{"@id":"https:\/\/www.transtoyou.com\/nb\/product\/primolut-n\/#primaryimage"},"image":{"@id":"https:\/\/www.transtoyou.com\/nb\/product\/primolut-n\/#primaryimage"},"thumbnailUrl":"https:\/\/www.transtoyou.com\/nb\/wp-content\/uploads\/sites\/10\/2026\/01\/tty-no-product-image-103.webp","datePublished":"2026-01-24T10:15:57+00:00","dateModified":"2026-03-01T12:11:58+00:00","description":"Oppdag Primolut N p\u00e5 Transtoyou, tilgjengelig n\u00e5. H\u00e5ndter menstruasjonssyklusen din effektivt med denne p\u00e5litelige l\u00f8sningen. Handle trygt!","breadcrumb":{"@id":"https:\/\/www.transtoyou.com\/nb\/product\/primolut-n\/#breadcrumb"},"inLanguage":"nb-NO","potentialAction":[{"@type":"ReadAction","target":["https:\/\/www.transtoyou.com\/nb\/product\/primolut-n\/"]}]},{"@type":"ImageObject","inLanguage":"nb-NO","@id":"https:\/\/www.transtoyou.com\/nb\/product\/primolut-n\/#primaryimage","url":"https:\/\/www.transtoyou.com\/nb\/wp-content\/uploads\/sites\/10\/2026\/01\/tty-no-product-image-103.webp","contentUrl":"https:\/\/www.transtoyou.com\/nb\/wp-content\/uploads\/sites\/10\/2026\/01\/tty-no-product-image-103.webp","width":1000,"height":1000,"caption":"Standard produktbilde"},{"@type":"WebSite","@id":"https:\/\/www.transtoyou.com\/nb\/#website","url":"https:\/\/www.transtoyou.com\/nb\/","name":"Transtoyou - NB","description":"","publisher":{"@id":"https:\/\/www.transtoyou.com\/nb\/#organization"},"potentialAction":[{"@type":"SearchAction","target":{"@type":"EntryPoint","urlTemplate":"https:\/\/www.transtoyou.com\/nb\/?s={search_term_string}"},"query-input":{"@type":"PropertyValueSpecification","valueRequired":true,"valueName":"search_term_string"}}],"inLanguage":"nb-NO"},{"@type":"Organization","@id":"https:\/\/www.transtoyou.com\/nb\/#organization","name":"Transtoyou - NB","url":"https:\/\/www.transtoyou.com\/nb\/","logo":{"@type":"ImageObject","inLanguage":"nb-NO","@id":"https:\/\/www.transtoyou.com\/nb\/#\/schema\/logo\/image\/","url":"https:\/\/www.transtoyou.com\/nb\/wp-content\/uploads\/sites\/10\/2026\/01\/logo-tty-menu-bar-300x87-1.webp","contentUrl":"https:\/\/www.transtoyou.com\/nb\/wp-content\/uploads\/sites\/10\/2026\/01\/logo-tty-menu-bar-300x87-1.webp","width":300,"height":87,"caption":"Transtoyou - NB"},"image":{"@id":"https:\/\/www.transtoyou.com\/nb\/#\/schema\/logo\/image\/"}}]}},"_links":{"self":[{"href":"https:\/\/www.transtoyou.com\/nb\/wp-json\/wp\/v2\/product\/1020","targetHints":{"allow":["GET"]}}],"collection":[{"href":"https:\/\/www.transtoyou.com\/nb\/wp-json\/wp\/v2\/product"}],"about":[{"href":"https:\/\/www.transtoyou.com\/nb\/wp-json\/wp\/v2\/types\/product"}],"replies":[{"embeddable":true,"href":"https:\/\/www.transtoyou.com\/nb\/wp-json\/wp\/v2\/comments?post=1020"}],"wp:featuredmedia":[{"embeddable":true,"href":"https:\/\/www.transtoyou.com\/nb\/wp-json\/wp\/v2\/media\/1022"}],"wp:attachment":[{"href":"https:\/\/www.transtoyou.com\/nb\/wp-json\/wp\/v2\/media?parent=1020"}],"wp:term":[{"taxonomy":"product_brand","embeddable":true,"href":"https:\/\/www.transtoyou.com\/nb\/wp-json\/wp\/v2\/product_brand?post=1020"},{"taxonomy":"product_cat","embeddable":true,"href":"https:\/\/www.transtoyou.com\/nb\/wp-json\/wp\/v2\/product_cat?post=1020"},{"taxonomy":"product_tag","embeddable":true,"href":"https:\/\/www.transtoyou.com\/nb\/wp-json\/wp\/v2\/product_tag?post=1020"},{"taxonomy":"expert","embeddable":true,"href":"https:\/\/www.transtoyou.com\/nb\/wp-json\/wp\/v2\/expert?post=1020"}],"curies":[{"name":"wp","href":"https:\/\/api.w.org\/{rel}","templated":true}]}}