{"id":1023,"date":"2026-01-24T12:29:25","date_gmt":"2026-01-24T10:29:25","guid":{"rendered":"https:\/\/www.transtoyou.com\/nb\/product\/cerazette\/"},"modified":"2026-01-24T12:30:23","modified_gmt":"2026-01-24T10:30:23","slug":"cerazette","status":"publish","type":"product","link":"https:\/\/www.transtoyou.com\/nb\/product\/cerazette\/","title":{"rendered":"Cerazette"},"content":{"rendered":"<p>Cerazette er et progestogen-only oralt prevensjonsmiddel, ogs\u00e5 kjent som en mini-pille. Den inneholder desogestrel, som forhindrer graviditet ved \u00e5 hemme eggl\u00f8sning, tykne livmorhalsslimet og endre livmorens slimhinne for \u00e5 redusere sannsynligheten for implantasjon. I motsetning til kombinerte piller, inneholder Cerazette ingen \u00f8strogen, noe som gj\u00f8r den egnet for personer som er sensitive for eller har kontraindikasjoner mot \u00f8strogenholdig prevensjon.<\/p>\n<p>I tillegg til sine prevensjonseffekter, brukes Cerazette ofte for menstruasjonsundertrykkelse. Mange brukere opplever lettere menstruasjoner, uregelmessig bl\u00f8dning eller amenor\u00e9 (frav\u00e6r av menstruasjon) mens de tar Cerazette. Dette kan v\u00e6re gunstig for personer med kraftige eller smertefulle sykluser eller de som \u00f8nsker langvarig sykluskontroll.<\/p>\n<p>Cerazette tas en gang daglig til samme tid hver dag uten pauser mellom pakkene. Det er viktig \u00e5 opprettholde konsekvent timing, da det \u00e5 g\u00e5 glipp av en dose med mer enn 12 timer kan redusere prevensjonseffektiviteten. Prevensionsbeskyttelse begynner 48 timer etter at den f\u00f8rste tabletten er tatt (hvis den ikke tas p\u00e5 den f\u00f8rste dagen av menstruasjonssyklusen), og Cerazette anses som trygg \u00e5 bruke under amming.<\/p>\n<p>Cerazette tilbyr et enkelt, \u00f8strogenfritt alternativ for p\u00e5litelig prevensjon og menstruasjonsundertrykkelse med bekvemmeligheten av en daglig tablett.<\/p>\n","protected":false},"excerpt":{"rendered":"<ul>\n<li>Progestogen-only daglig prevensjonsmiddel<\/li>\n<li>Passer for \u00f8strogenf\u00f8lsomme brukere<\/li>\n<li>Hjelper med \u00e5 undertrykke menstruasjon<\/li>\n<\/ul>\n","protected":false},"featured_media":1025,"comment_status":"open","ping_status":"closed","template":"","meta":[],"product_brand":[],"product_cat":[148,152],"product_tag":[],"expert":[21],"class_list":{"0":"post-1023","1":"product","2":"type-product","3":"status-publish","4":"has-post-thumbnail","6":"product_cat-menstruasjonsundertrykkelse","7":"product_cat-mini-pille","8":"expert-dr-m-sharoyko","10":"first","11":"instock","12":"shipping-taxable","13":"product-type-variable"},"yoast_head":"<!-- This site is optimized with the Yoast SEO plugin v27.0 - https:\/\/yoast.com\/product\/yoast-seo-wordpress\/ -->\n<title>Cerazette | Effektiv prevensjonsl\u00f8sning - Transtoyou<\/title>\n<meta name=\"description\" content=\"Oppdag Cerazette, tilgjengelig hos Transtoyou. F\u00e5 p\u00e5litelig prevensjonsbeskyttelse. Handle n\u00e5 for enkel tilgang til p\u00e5litelige helsel\u00f8sninger.\" \/>\n<meta name=\"robots\" content=\"noindex, follow, max-snippet:-1, max-image-preview:large, max-video-preview:-1\" \/>\n<meta property=\"og:locale\" content=\"nb_NO\" \/>\n<meta property=\"og:type\" content=\"article\" \/>\n<meta property=\"og:title\" content=\"Cerazette | Effektiv prevensjonsl\u00f8sning - Transtoyou\" \/>\n<meta property=\"og:description\" content=\"Oppdag Cerazette, tilgjengelig hos Transtoyou. F\u00e5 p\u00e5litelig prevensjonsbeskyttelse. Handle n\u00e5 for enkel tilgang til p\u00e5litelige helsel\u00f8sninger.\" \/>\n<meta property=\"og:url\" content=\"https:\/\/www.transtoyou.com\/nb\/product\/cerazette\/\" \/>\n<meta property=\"og:site_name\" content=\"Transtoyou - NB\" \/>\n<meta property=\"article:modified_time\" content=\"2026-01-24T10:30:23+00:00\" \/>\n<meta name=\"twitter:card\" content=\"summary_large_image\" \/>\n<meta name=\"twitter:label1\" content=\"Ansl. lesetid\" \/>\n\t<meta name=\"twitter:data1\" content=\"1 minutt\" \/>\n<script type=\"application\/ld+json\" class=\"yoast-schema-graph\">{\"@context\":\"https:\/\/schema.org\",\"@graph\":[{\"@type\":\"WebPage\",\"@id\":\"https:\/\/www.transtoyou.com\/nb\/product\/cerazette\/\",\"url\":\"https:\/\/www.transtoyou.com\/nb\/product\/cerazette\/\",\"name\":\"Cerazette | Effektiv prevensjonsl\u00f8sning - Transtoyou\",\"isPartOf\":{\"@id\":\"https:\/\/www.transtoyou.com\/nb\/#website\"},\"primaryImageOfPage\":{\"@id\":\"https:\/\/www.transtoyou.com\/nb\/product\/cerazette\/#primaryimage\"},\"image\":{\"@id\":\"https:\/\/www.transtoyou.com\/nb\/product\/cerazette\/#primaryimage\"},\"thumbnailUrl\":\"https:\/\/www.transtoyou.com\/nb\/wp-content\/uploads\/sites\/10\/2026\/01\/tty-no-product-image-104.webp\",\"datePublished\":\"2026-01-24T10:29:25+00:00\",\"dateModified\":\"2026-01-24T10:30:23+00:00\",\"description\":\"Oppdag Cerazette, tilgjengelig hos Transtoyou. F\u00e5 p\u00e5litelig prevensjonsbeskyttelse. Handle n\u00e5 for enkel tilgang til p\u00e5litelige helsel\u00f8sninger.\",\"breadcrumb\":{\"@id\":\"https:\/\/www.transtoyou.com\/nb\/product\/cerazette\/#breadcrumb\"},\"inLanguage\":\"nb-NO\",\"potentialAction\":[{\"@type\":\"ReadAction\",\"target\":[\"https:\/\/www.transtoyou.com\/nb\/product\/cerazette\/\"]}]},{\"@type\":\"ImageObject\",\"inLanguage\":\"nb-NO\",\"@id\":\"https:\/\/www.transtoyou.com\/nb\/product\/cerazette\/#primaryimage\",\"url\":\"https:\/\/www.transtoyou.com\/nb\/wp-content\/uploads\/sites\/10\/2026\/01\/tty-no-product-image-104.webp\",\"contentUrl\":\"https:\/\/www.transtoyou.com\/nb\/wp-content\/uploads\/sites\/10\/2026\/01\/tty-no-product-image-104.webp\",\"width\":1000,\"height\":1000,\"caption\":\"Standard produktbilde\"},{\"@type\":\"WebSite\",\"@id\":\"https:\/\/www.transtoyou.com\/nb\/#website\",\"url\":\"https:\/\/www.transtoyou.com\/nb\/\",\"name\":\"Transtoyou - NB\",\"description\":\"\",\"publisher\":{\"@id\":\"https:\/\/www.transtoyou.com\/nb\/#organization\"},\"potentialAction\":[{\"@type\":\"SearchAction\",\"target\":{\"@type\":\"EntryPoint\",\"urlTemplate\":\"https:\/\/www.transtoyou.com\/nb\/?s={search_term_string}\"},\"query-input\":{\"@type\":\"PropertyValueSpecification\",\"valueRequired\":true,\"valueName\":\"search_term_string\"}}],\"inLanguage\":\"nb-NO\"},{\"@type\":\"Organization\",\"@id\":\"https:\/\/www.transtoyou.com\/nb\/#organization\",\"name\":\"Transtoyou - NB\",\"url\":\"https:\/\/www.transtoyou.com\/nb\/\",\"logo\":{\"@type\":\"ImageObject\",\"inLanguage\":\"nb-NO\",\"@id\":\"https:\/\/www.transtoyou.com\/nb\/#\/schema\/logo\/image\/\",\"url\":\"https:\/\/www.transtoyou.com\/nb\/wp-content\/uploads\/sites\/10\/2026\/01\/logo-tty-menu-bar-300x87-1.webp\",\"contentUrl\":\"https:\/\/www.transtoyou.com\/nb\/wp-content\/uploads\/sites\/10\/2026\/01\/logo-tty-menu-bar-300x87-1.webp\",\"width\":300,\"height\":87,\"caption\":\"Transtoyou - NB\"},\"image\":{\"@id\":\"https:\/\/www.transtoyou.com\/nb\/#\/schema\/logo\/image\/\"}}]}<\/script>\n<!-- \/ Yoast SEO plugin. -->","yoast_head_json":{"title":"Cerazette | Effektiv prevensjonsl\u00f8sning - Transtoyou","description":"Oppdag Cerazette, tilgjengelig hos Transtoyou. F\u00e5 p\u00e5litelig prevensjonsbeskyttelse. Handle n\u00e5 for enkel tilgang til p\u00e5litelige helsel\u00f8sninger.","robots":{"index":"noindex","follow":"follow","max-snippet":"max-snippet:-1","max-image-preview":"max-image-preview:large","max-video-preview":"max-video-preview:-1"},"og_locale":"nb_NO","og_type":"article","og_title":"Cerazette | Effektiv prevensjonsl\u00f8sning - Transtoyou","og_description":"Oppdag Cerazette, tilgjengelig hos Transtoyou. F\u00e5 p\u00e5litelig prevensjonsbeskyttelse. Handle n\u00e5 for enkel tilgang til p\u00e5litelige helsel\u00f8sninger.","og_url":"https:\/\/www.transtoyou.com\/nb\/product\/cerazette\/","og_site_name":"Transtoyou - NB","article_modified_time":"2026-01-24T10:30:23+00:00","twitter_card":"summary_large_image","twitter_misc":{"Ansl. lesetid":"1 minutt"},"schema":{"@context":"https:\/\/schema.org","@graph":[{"@type":"WebPage","@id":"https:\/\/www.transtoyou.com\/nb\/product\/cerazette\/","url":"https:\/\/www.transtoyou.com\/nb\/product\/cerazette\/","name":"Cerazette | Effektiv prevensjonsl\u00f8sning - Transtoyou","isPartOf":{"@id":"https:\/\/www.transtoyou.com\/nb\/#website"},"primaryImageOfPage":{"@id":"https:\/\/www.transtoyou.com\/nb\/product\/cerazette\/#primaryimage"},"image":{"@id":"https:\/\/www.transtoyou.com\/nb\/product\/cerazette\/#primaryimage"},"thumbnailUrl":"https:\/\/www.transtoyou.com\/nb\/wp-content\/uploads\/sites\/10\/2026\/01\/tty-no-product-image-104.webp","datePublished":"2026-01-24T10:29:25+00:00","dateModified":"2026-01-24T10:30:23+00:00","description":"Oppdag Cerazette, tilgjengelig hos Transtoyou. F\u00e5 p\u00e5litelig prevensjonsbeskyttelse. Handle n\u00e5 for enkel tilgang til p\u00e5litelige helsel\u00f8sninger.","breadcrumb":{"@id":"https:\/\/www.transtoyou.com\/nb\/product\/cerazette\/#breadcrumb"},"inLanguage":"nb-NO","potentialAction":[{"@type":"ReadAction","target":["https:\/\/www.transtoyou.com\/nb\/product\/cerazette\/"]}]},{"@type":"ImageObject","inLanguage":"nb-NO","@id":"https:\/\/www.transtoyou.com\/nb\/product\/cerazette\/#primaryimage","url":"https:\/\/www.transtoyou.com\/nb\/wp-content\/uploads\/sites\/10\/2026\/01\/tty-no-product-image-104.webp","contentUrl":"https:\/\/www.transtoyou.com\/nb\/wp-content\/uploads\/sites\/10\/2026\/01\/tty-no-product-image-104.webp","width":1000,"height":1000,"caption":"Standard produktbilde"},{"@type":"WebSite","@id":"https:\/\/www.transtoyou.com\/nb\/#website","url":"https:\/\/www.transtoyou.com\/nb\/","name":"Transtoyou - NB","description":"","publisher":{"@id":"https:\/\/www.transtoyou.com\/nb\/#organization"},"potentialAction":[{"@type":"SearchAction","target":{"@type":"EntryPoint","urlTemplate":"https:\/\/www.transtoyou.com\/nb\/?s={search_term_string}"},"query-input":{"@type":"PropertyValueSpecification","valueRequired":true,"valueName":"search_term_string"}}],"inLanguage":"nb-NO"},{"@type":"Organization","@id":"https:\/\/www.transtoyou.com\/nb\/#organization","name":"Transtoyou - NB","url":"https:\/\/www.transtoyou.com\/nb\/","logo":{"@type":"ImageObject","inLanguage":"nb-NO","@id":"https:\/\/www.transtoyou.com\/nb\/#\/schema\/logo\/image\/","url":"https:\/\/www.transtoyou.com\/nb\/wp-content\/uploads\/sites\/10\/2026\/01\/logo-tty-menu-bar-300x87-1.webp","contentUrl":"https:\/\/www.transtoyou.com\/nb\/wp-content\/uploads\/sites\/10\/2026\/01\/logo-tty-menu-bar-300x87-1.webp","width":300,"height":87,"caption":"Transtoyou - NB"},"image":{"@id":"https:\/\/www.transtoyou.com\/nb\/#\/schema\/logo\/image\/"}}]}},"_links":{"self":[{"href":"https:\/\/www.transtoyou.com\/nb\/wp-json\/wp\/v2\/product\/1023","targetHints":{"allow":["GET"]}}],"collection":[{"href":"https:\/\/www.transtoyou.com\/nb\/wp-json\/wp\/v2\/product"}],"about":[{"href":"https:\/\/www.transtoyou.com\/nb\/wp-json\/wp\/v2\/types\/product"}],"replies":[{"embeddable":true,"href":"https:\/\/www.transtoyou.com\/nb\/wp-json\/wp\/v2\/comments?post=1023"}],"wp:featuredmedia":[{"embeddable":true,"href":"https:\/\/www.transtoyou.com\/nb\/wp-json\/wp\/v2\/media\/1025"}],"wp:attachment":[{"href":"https:\/\/www.transtoyou.com\/nb\/wp-json\/wp\/v2\/media?parent=1023"}],"wp:term":[{"taxonomy":"product_brand","embeddable":true,"href":"https:\/\/www.transtoyou.com\/nb\/wp-json\/wp\/v2\/product_brand?post=1023"},{"taxonomy":"product_cat","embeddable":true,"href":"https:\/\/www.transtoyou.com\/nb\/wp-json\/wp\/v2\/product_cat?post=1023"},{"taxonomy":"product_tag","embeddable":true,"href":"https:\/\/www.transtoyou.com\/nb\/wp-json\/wp\/v2\/product_tag?post=1023"},{"taxonomy":"expert","embeddable":true,"href":"https:\/\/www.transtoyou.com\/nb\/wp-json\/wp\/v2\/expert?post=1023"}],"curies":[{"name":"wp","href":"https:\/\/api.w.org\/{rel}","templated":true}]}}