{"id":1026,"date":"2026-01-24T12:43:29","date_gmt":"2026-01-24T10:43:29","guid":{"rendered":"https:\/\/www.transtoyou.com\/nb\/product\/desogestrel\/"},"modified":"2026-01-24T12:44:28","modified_gmt":"2026-01-24T10:44:28","slug":"desogestrel","status":"publish","type":"product","link":"https:\/\/www.transtoyou.com\/nb\/product\/desogestrel\/","title":{"rendered":"Desogestrel"},"content":{"rendered":"<p>Desogestrel er en progestogen-beriket prevensjonstablett, vanligvis kjent som en mini-pille. Den inneholder en lav dose av det syntetiske hormonet desogestrel, som brukes for \u00e5 forhindre graviditet. I motsetning til kombinerte p-piller inneholder Desogestrel ikke \u00f8strogen. Dette gj\u00f8r den til et foretrukket alternativ for personer som ikke kan t\u00e5le \u00f8strogen eller som ammer.<\/p>\n<p>Den prim\u00e6re virkningen av Desogestrel er \u00e5 hemme eggl\u00f8sning, noe som betyr at den forhindrer frigj\u00f8ring av et egg fra eggstokken. Den tykner ogs\u00e5 livmorhalsslimet, noe som gj\u00f8r det vanskeligere for sperm \u00e5 n\u00e5 et egg, og endrer livmorens slimhinne for \u00e5 redusere sjansen for implantasjon. Disse kombinerte effektene gj\u00f8r den til en p\u00e5litelig og diskret form for hormonell prevensjon.<\/p>\n<p>Desogestrel m\u00e5 tas til samme tid hver dag, uten pillefrie intervaller. Det er ingen pillefrie dager, og hver pakke tas kontinuerlig. Hvis en tablett tas mer enn tolv timer for sent, kan effektiviteten reduseres, og ytterligere prevensjonsmetoder kan v\u00e6re n\u00f8dvendig i en kort periode.<\/p>\n<p>Mange brukere opplever endringer i menstruasjonssyklusen mens de bruker Desogestrel. Dette kan inkludere uregelmessig bl\u00f8dning, spotting eller frav\u00e6r av menstruasjon (amenor\u00e9). Disse endringene er vanlige og er vanligvis ikke en \u00e5rsak til bekymring. Desogestrel er et enkelt og effektivt alternativ for de som foretrekker en progestogen-beriket metode som passer inn i en daglig rutine.<\/p>\n","protected":false},"excerpt":{"rendered":"<ul>\n<li>Estrogenfri daglig prevensjon<\/li>\n<li>Forebygger eggl\u00f8sning og tykner livmorhalsslim<\/li>\n<li>Egnet under amming<\/li>\n<\/ul>\n","protected":false},"featured_media":1028,"comment_status":"open","ping_status":"closed","template":"","meta":[],"product_brand":[],"product_cat":[152],"product_tag":[],"expert":[21],"class_list":{"0":"post-1026","1":"product","2":"type-product","3":"status-publish","4":"has-post-thumbnail","6":"product_cat-mini-pille","7":"expert-dr-m-sharoyko","9":"first","10":"instock","11":"shipping-taxable","12":"product-type-variable"},"yoast_head":"<!-- This site is optimized with the Yoast SEO plugin v27.0 - https:\/\/yoast.com\/product\/yoast-seo-wordpress\/ -->\n<title>Desogestrel | Estrogenfri Mini Pille - Transtoyou<\/title>\n<meta name=\"description\" content=\"Desogestrel mini-pille, kj\u00f8p n\u00e5 for p\u00e5litelig, \u00f8strogenfri prevensjon. Ideell for ammende eller \u00f8strogenintolerante brukere. Skaff deg din i dag!\" \/>\n<meta name=\"robots\" content=\"noindex, follow, max-snippet:-1, max-image-preview:large, max-video-preview:-1\" \/>\n<meta property=\"og:locale\" content=\"nb_NO\" \/>\n<meta property=\"og:type\" content=\"article\" \/>\n<meta property=\"og:title\" content=\"Desogestrel | Estrogenfri Mini Pille - Transtoyou\" \/>\n<meta property=\"og:description\" content=\"Desogestrel mini-pille, kj\u00f8p n\u00e5 for p\u00e5litelig, \u00f8strogenfri prevensjon. Ideell for ammende eller \u00f8strogenintolerante brukere. Skaff deg din i dag!\" \/>\n<meta property=\"og:url\" content=\"https:\/\/www.transtoyou.com\/nb\/product\/desogestrel\/\" \/>\n<meta property=\"og:site_name\" content=\"Transtoyou - NB\" \/>\n<meta property=\"article:modified_time\" content=\"2026-01-24T10:44:28+00:00\" \/>\n<meta name=\"twitter:card\" content=\"summary_large_image\" \/>\n<meta name=\"twitter:label1\" content=\"Ansl. lesetid\" \/>\n\t<meta name=\"twitter:data1\" content=\"1 minutt\" \/>\n<script type=\"application\/ld+json\" class=\"yoast-schema-graph\">{\"@context\":\"https:\/\/schema.org\",\"@graph\":[{\"@type\":\"WebPage\",\"@id\":\"https:\/\/www.transtoyou.com\/nb\/product\/desogestrel\/\",\"url\":\"https:\/\/www.transtoyou.com\/nb\/product\/desogestrel\/\",\"name\":\"Desogestrel | Estrogenfri Mini Pille - Transtoyou\",\"isPartOf\":{\"@id\":\"https:\/\/www.transtoyou.com\/nb\/#website\"},\"primaryImageOfPage\":{\"@id\":\"https:\/\/www.transtoyou.com\/nb\/product\/desogestrel\/#primaryimage\"},\"image\":{\"@id\":\"https:\/\/www.transtoyou.com\/nb\/product\/desogestrel\/#primaryimage\"},\"thumbnailUrl\":\"https:\/\/www.transtoyou.com\/nb\/wp-content\/uploads\/sites\/10\/2026\/01\/tty-no-product-image-105.webp\",\"datePublished\":\"2026-01-24T10:43:29+00:00\",\"dateModified\":\"2026-01-24T10:44:28+00:00\",\"description\":\"Desogestrel mini-pille, kj\u00f8p n\u00e5 for p\u00e5litelig, \u00f8strogenfri prevensjon. Ideell for ammende eller \u00f8strogenintolerante brukere. Skaff deg din i dag!\",\"breadcrumb\":{\"@id\":\"https:\/\/www.transtoyou.com\/nb\/product\/desogestrel\/#breadcrumb\"},\"inLanguage\":\"nb-NO\",\"potentialAction\":[{\"@type\":\"ReadAction\",\"target\":[\"https:\/\/www.transtoyou.com\/nb\/product\/desogestrel\/\"]}]},{\"@type\":\"ImageObject\",\"inLanguage\":\"nb-NO\",\"@id\":\"https:\/\/www.transtoyou.com\/nb\/product\/desogestrel\/#primaryimage\",\"url\":\"https:\/\/www.transtoyou.com\/nb\/wp-content\/uploads\/sites\/10\/2026\/01\/tty-no-product-image-105.webp\",\"contentUrl\":\"https:\/\/www.transtoyou.com\/nb\/wp-content\/uploads\/sites\/10\/2026\/01\/tty-no-product-image-105.webp\",\"width\":1000,\"height\":1000,\"caption\":\"Standard produktbilde\"},{\"@type\":\"WebSite\",\"@id\":\"https:\/\/www.transtoyou.com\/nb\/#website\",\"url\":\"https:\/\/www.transtoyou.com\/nb\/\",\"name\":\"Transtoyou - NB\",\"description\":\"\",\"publisher\":{\"@id\":\"https:\/\/www.transtoyou.com\/nb\/#organization\"},\"potentialAction\":[{\"@type\":\"SearchAction\",\"target\":{\"@type\":\"EntryPoint\",\"urlTemplate\":\"https:\/\/www.transtoyou.com\/nb\/?s={search_term_string}\"},\"query-input\":{\"@type\":\"PropertyValueSpecification\",\"valueRequired\":true,\"valueName\":\"search_term_string\"}}],\"inLanguage\":\"nb-NO\"},{\"@type\":\"Organization\",\"@id\":\"https:\/\/www.transtoyou.com\/nb\/#organization\",\"name\":\"Transtoyou - NB\",\"url\":\"https:\/\/www.transtoyou.com\/nb\/\",\"logo\":{\"@type\":\"ImageObject\",\"inLanguage\":\"nb-NO\",\"@id\":\"https:\/\/www.transtoyou.com\/nb\/#\/schema\/logo\/image\/\",\"url\":\"https:\/\/www.transtoyou.com\/nb\/wp-content\/uploads\/sites\/10\/2026\/01\/logo-tty-menu-bar-300x87-1.webp\",\"contentUrl\":\"https:\/\/www.transtoyou.com\/nb\/wp-content\/uploads\/sites\/10\/2026\/01\/logo-tty-menu-bar-300x87-1.webp\",\"width\":300,\"height\":87,\"caption\":\"Transtoyou - NB\"},\"image\":{\"@id\":\"https:\/\/www.transtoyou.com\/nb\/#\/schema\/logo\/image\/\"}}]}<\/script>\n<!-- \/ Yoast SEO plugin. -->","yoast_head_json":{"title":"Desogestrel | Estrogenfri Mini Pille - Transtoyou","description":"Desogestrel mini-pille, kj\u00f8p n\u00e5 for p\u00e5litelig, \u00f8strogenfri prevensjon. Ideell for ammende eller \u00f8strogenintolerante brukere. Skaff deg din i dag!","robots":{"index":"noindex","follow":"follow","max-snippet":"max-snippet:-1","max-image-preview":"max-image-preview:large","max-video-preview":"max-video-preview:-1"},"og_locale":"nb_NO","og_type":"article","og_title":"Desogestrel | Estrogenfri Mini Pille - Transtoyou","og_description":"Desogestrel mini-pille, kj\u00f8p n\u00e5 for p\u00e5litelig, \u00f8strogenfri prevensjon. Ideell for ammende eller \u00f8strogenintolerante brukere. Skaff deg din i dag!","og_url":"https:\/\/www.transtoyou.com\/nb\/product\/desogestrel\/","og_site_name":"Transtoyou - NB","article_modified_time":"2026-01-24T10:44:28+00:00","twitter_card":"summary_large_image","twitter_misc":{"Ansl. lesetid":"1 minutt"},"schema":{"@context":"https:\/\/schema.org","@graph":[{"@type":"WebPage","@id":"https:\/\/www.transtoyou.com\/nb\/product\/desogestrel\/","url":"https:\/\/www.transtoyou.com\/nb\/product\/desogestrel\/","name":"Desogestrel | Estrogenfri Mini Pille - Transtoyou","isPartOf":{"@id":"https:\/\/www.transtoyou.com\/nb\/#website"},"primaryImageOfPage":{"@id":"https:\/\/www.transtoyou.com\/nb\/product\/desogestrel\/#primaryimage"},"image":{"@id":"https:\/\/www.transtoyou.com\/nb\/product\/desogestrel\/#primaryimage"},"thumbnailUrl":"https:\/\/www.transtoyou.com\/nb\/wp-content\/uploads\/sites\/10\/2026\/01\/tty-no-product-image-105.webp","datePublished":"2026-01-24T10:43:29+00:00","dateModified":"2026-01-24T10:44:28+00:00","description":"Desogestrel mini-pille, kj\u00f8p n\u00e5 for p\u00e5litelig, \u00f8strogenfri prevensjon. Ideell for ammende eller \u00f8strogenintolerante brukere. Skaff deg din i dag!","breadcrumb":{"@id":"https:\/\/www.transtoyou.com\/nb\/product\/desogestrel\/#breadcrumb"},"inLanguage":"nb-NO","potentialAction":[{"@type":"ReadAction","target":["https:\/\/www.transtoyou.com\/nb\/product\/desogestrel\/"]}]},{"@type":"ImageObject","inLanguage":"nb-NO","@id":"https:\/\/www.transtoyou.com\/nb\/product\/desogestrel\/#primaryimage","url":"https:\/\/www.transtoyou.com\/nb\/wp-content\/uploads\/sites\/10\/2026\/01\/tty-no-product-image-105.webp","contentUrl":"https:\/\/www.transtoyou.com\/nb\/wp-content\/uploads\/sites\/10\/2026\/01\/tty-no-product-image-105.webp","width":1000,"height":1000,"caption":"Standard produktbilde"},{"@type":"WebSite","@id":"https:\/\/www.transtoyou.com\/nb\/#website","url":"https:\/\/www.transtoyou.com\/nb\/","name":"Transtoyou - NB","description":"","publisher":{"@id":"https:\/\/www.transtoyou.com\/nb\/#organization"},"potentialAction":[{"@type":"SearchAction","target":{"@type":"EntryPoint","urlTemplate":"https:\/\/www.transtoyou.com\/nb\/?s={search_term_string}"},"query-input":{"@type":"PropertyValueSpecification","valueRequired":true,"valueName":"search_term_string"}}],"inLanguage":"nb-NO"},{"@type":"Organization","@id":"https:\/\/www.transtoyou.com\/nb\/#organization","name":"Transtoyou - NB","url":"https:\/\/www.transtoyou.com\/nb\/","logo":{"@type":"ImageObject","inLanguage":"nb-NO","@id":"https:\/\/www.transtoyou.com\/nb\/#\/schema\/logo\/image\/","url":"https:\/\/www.transtoyou.com\/nb\/wp-content\/uploads\/sites\/10\/2026\/01\/logo-tty-menu-bar-300x87-1.webp","contentUrl":"https:\/\/www.transtoyou.com\/nb\/wp-content\/uploads\/sites\/10\/2026\/01\/logo-tty-menu-bar-300x87-1.webp","width":300,"height":87,"caption":"Transtoyou - NB"},"image":{"@id":"https:\/\/www.transtoyou.com\/nb\/#\/schema\/logo\/image\/"}}]}},"_links":{"self":[{"href":"https:\/\/www.transtoyou.com\/nb\/wp-json\/wp\/v2\/product\/1026","targetHints":{"allow":["GET"]}}],"collection":[{"href":"https:\/\/www.transtoyou.com\/nb\/wp-json\/wp\/v2\/product"}],"about":[{"href":"https:\/\/www.transtoyou.com\/nb\/wp-json\/wp\/v2\/types\/product"}],"replies":[{"embeddable":true,"href":"https:\/\/www.transtoyou.com\/nb\/wp-json\/wp\/v2\/comments?post=1026"}],"wp:featuredmedia":[{"embeddable":true,"href":"https:\/\/www.transtoyou.com\/nb\/wp-json\/wp\/v2\/media\/1028"}],"wp:attachment":[{"href":"https:\/\/www.transtoyou.com\/nb\/wp-json\/wp\/v2\/media?parent=1026"}],"wp:term":[{"taxonomy":"product_brand","embeddable":true,"href":"https:\/\/www.transtoyou.com\/nb\/wp-json\/wp\/v2\/product_brand?post=1026"},{"taxonomy":"product_cat","embeddable":true,"href":"https:\/\/www.transtoyou.com\/nb\/wp-json\/wp\/v2\/product_cat?post=1026"},{"taxonomy":"product_tag","embeddable":true,"href":"https:\/\/www.transtoyou.com\/nb\/wp-json\/wp\/v2\/product_tag?post=1026"},{"taxonomy":"expert","embeddable":true,"href":"https:\/\/www.transtoyou.com\/nb\/wp-json\/wp\/v2\/expert?post=1026"}],"curies":[{"name":"wp","href":"https:\/\/api.w.org\/{rel}","templated":true}]}}