{"id":1029,"date":"2026-01-24T19:33:43","date_gmt":"2026-01-24T17:33:43","guid":{"rendered":"https:\/\/www.transtoyou.com\/nb\/product\/evista\/"},"modified":"2026-01-24T19:34:44","modified_gmt":"2026-01-24T17:34:44","slug":"evista","status":"publish","type":"product","link":"https:\/\/www.transtoyou.com\/nb\/product\/evista\/","title":{"rendered":"Evista"},"content":{"rendered":"<p>Evista er en medisin som brukes til \u00e5 forebygge og behandle osteoporose hos postmenopausale kvinner. Den inneholder raloksifen, som tilh\u00f8rer en klasse medisiner kjent som selektive \u00f8strogenreseptormodulatorer (SERM). I motsetning til \u00f8strogen, etterligner Evista de beskyttende effektene p\u00e5 bein uten \u00e5 stimulere bryst- eller livmorsvev. Dette gj\u00f8r det til et verdifullt behandlingsalternativ for kvinner som trenger beinst\u00f8tte, men ikke trenger full hormonbehandling.<\/p>\n<p>Osteoporose f\u00e5r bein til \u00e5 bli tynnere, svakere og mer utsatt for brudd. Evista bidrar til \u00e5 redusere risikoen for ryggbrudd ved \u00e5 bremse nedbrytningen av bein og hjelpe kroppen med \u00e5 opprettholde eller gjenoppbygge beintetthet. Selv om det ikke brukes til \u00e5 behandle menopausale symptomer som hetetokter, gir det langsiktig st\u00f8tte for skjeletthelsen hos kvinner som ikke lenger produserer naturlig \u00f8strogen.<\/p>\n<p>Som en daglig tablett er Evista ofte en del av en bredere plan for beinhelse som inkluderer tilstrekkelig inntak av kalsium og vitamin D. Dens \u00e9n gang daglig dosering og ikke-hormonelle virkning gj\u00f8r det til et praktisk og godt tolerert alternativ for langvarig bruk. Selv om noen kvinner opplever milde bivirkninger som kramper i bena eller hetetokter, finner de fleste behandlingen h\u00e5ndterbar og effektiv for \u00e5 redusere brudd risiko.<\/p>\n<p>Evista er ikke ment for bruk hos menn eller premenopausale kvinner. Det er heller ikke egnet for personer med en historie med blodpropp eller visse kardiovaskul\u00e6re tilstander. Med konsekvent bruk bidrar Evista til \u00e5 opprettholde sterkere bein og st\u00f8tter en aktiv livsstil inn i senere \u00e5r.<\/p>\n","protected":false},"excerpt":{"rendered":"<ul>\n<li>Ikke-hormonell forebygging av osteoporose<\/li>\n<li>Beskytter ryggraden mot brudd<\/li>\n<li>Tas en gang daglig<\/li>\n<\/ul>\n","protected":false},"featured_media":1031,"comment_status":"open","ping_status":"closed","template":"","meta":[],"product_brand":[],"product_cat":[154],"product_tag":[],"expert":[18],"class_list":{"0":"post-1029","1":"product","2":"type-product","3":"status-publish","4":"has-post-thumbnail","6":"product_cat-osteoporose","7":"expert-dr-g-varbanov","9":"first","10":"instock","11":"shipping-taxable","12":"product-type-variable"},"yoast_head":"<!-- This site is optimized with the Yoast SEO plugin v27.0 - https:\/\/yoast.com\/product\/yoast-seo-wordpress\/ -->\n<title>Evista | St\u00f8tte for Beins helse - Transtoyou<\/title>\n<meta name=\"description\" content=\"Oppdag Evista p\u00e5 Transtoyou, din p\u00e5litelige kilde for kvalitetshelseprodukter. Kj\u00f8p n\u00e5 for effektiv h\u00e5ndtering og st\u00f8tte av osteoporose.\" \/>\n<meta name=\"robots\" content=\"noindex, follow, max-snippet:-1, max-image-preview:large, max-video-preview:-1\" \/>\n<meta property=\"og:locale\" content=\"nb_NO\" \/>\n<meta property=\"og:type\" content=\"article\" \/>\n<meta property=\"og:title\" content=\"Evista | St\u00f8tte for Beins helse - Transtoyou\" \/>\n<meta property=\"og:description\" content=\"Oppdag Evista p\u00e5 Transtoyou, din p\u00e5litelige kilde for kvalitetshelseprodukter. Kj\u00f8p n\u00e5 for effektiv h\u00e5ndtering og st\u00f8tte av osteoporose.\" \/>\n<meta property=\"og:url\" content=\"https:\/\/www.transtoyou.com\/nb\/product\/evista\/\" \/>\n<meta property=\"og:site_name\" content=\"Transtoyou - NB\" \/>\n<meta property=\"article:modified_time\" content=\"2026-01-24T17:34:44+00:00\" \/>\n<meta name=\"twitter:card\" content=\"summary_large_image\" \/>\n<meta name=\"twitter:label1\" content=\"Ansl. lesetid\" \/>\n\t<meta name=\"twitter:data1\" content=\"1 minutt\" \/>\n<script type=\"application\/ld+json\" class=\"yoast-schema-graph\">{\"@context\":\"https:\/\/schema.org\",\"@graph\":[{\"@type\":\"WebPage\",\"@id\":\"https:\/\/www.transtoyou.com\/nb\/product\/evista\/\",\"url\":\"https:\/\/www.transtoyou.com\/nb\/product\/evista\/\",\"name\":\"Evista | St\u00f8tte for Beins helse - Transtoyou\",\"isPartOf\":{\"@id\":\"https:\/\/www.transtoyou.com\/nb\/#website\"},\"primaryImageOfPage\":{\"@id\":\"https:\/\/www.transtoyou.com\/nb\/product\/evista\/#primaryimage\"},\"image\":{\"@id\":\"https:\/\/www.transtoyou.com\/nb\/product\/evista\/#primaryimage\"},\"thumbnailUrl\":\"https:\/\/www.transtoyou.com\/nb\/wp-content\/uploads\/sites\/10\/2026\/01\/tty-no-product-image-106.webp\",\"datePublished\":\"2026-01-24T17:33:43+00:00\",\"dateModified\":\"2026-01-24T17:34:44+00:00\",\"description\":\"Oppdag Evista p\u00e5 Transtoyou, din p\u00e5litelige kilde for kvalitetshelseprodukter. Kj\u00f8p n\u00e5 for effektiv h\u00e5ndtering og st\u00f8tte av osteoporose.\",\"breadcrumb\":{\"@id\":\"https:\/\/www.transtoyou.com\/nb\/product\/evista\/#breadcrumb\"},\"inLanguage\":\"nb-NO\",\"potentialAction\":[{\"@type\":\"ReadAction\",\"target\":[\"https:\/\/www.transtoyou.com\/nb\/product\/evista\/\"]}]},{\"@type\":\"ImageObject\",\"inLanguage\":\"nb-NO\",\"@id\":\"https:\/\/www.transtoyou.com\/nb\/product\/evista\/#primaryimage\",\"url\":\"https:\/\/www.transtoyou.com\/nb\/wp-content\/uploads\/sites\/10\/2026\/01\/tty-no-product-image-106.webp\",\"contentUrl\":\"https:\/\/www.transtoyou.com\/nb\/wp-content\/uploads\/sites\/10\/2026\/01\/tty-no-product-image-106.webp\",\"width\":1000,\"height\":1000,\"caption\":\"Standard produktbilde\"},{\"@type\":\"WebSite\",\"@id\":\"https:\/\/www.transtoyou.com\/nb\/#website\",\"url\":\"https:\/\/www.transtoyou.com\/nb\/\",\"name\":\"Transtoyou - NB\",\"description\":\"\",\"publisher\":{\"@id\":\"https:\/\/www.transtoyou.com\/nb\/#organization\"},\"potentialAction\":[{\"@type\":\"SearchAction\",\"target\":{\"@type\":\"EntryPoint\",\"urlTemplate\":\"https:\/\/www.transtoyou.com\/nb\/?s={search_term_string}\"},\"query-input\":{\"@type\":\"PropertyValueSpecification\",\"valueRequired\":true,\"valueName\":\"search_term_string\"}}],\"inLanguage\":\"nb-NO\"},{\"@type\":\"Organization\",\"@id\":\"https:\/\/www.transtoyou.com\/nb\/#organization\",\"name\":\"Transtoyou - NB\",\"url\":\"https:\/\/www.transtoyou.com\/nb\/\",\"logo\":{\"@type\":\"ImageObject\",\"inLanguage\":\"nb-NO\",\"@id\":\"https:\/\/www.transtoyou.com\/nb\/#\/schema\/logo\/image\/\",\"url\":\"https:\/\/www.transtoyou.com\/nb\/wp-content\/uploads\/sites\/10\/2026\/01\/logo-tty-menu-bar-300x87-1.webp\",\"contentUrl\":\"https:\/\/www.transtoyou.com\/nb\/wp-content\/uploads\/sites\/10\/2026\/01\/logo-tty-menu-bar-300x87-1.webp\",\"width\":300,\"height\":87,\"caption\":\"Transtoyou - NB\"},\"image\":{\"@id\":\"https:\/\/www.transtoyou.com\/nb\/#\/schema\/logo\/image\/\"}}]}<\/script>\n<!-- \/ Yoast SEO plugin. -->","yoast_head_json":{"title":"Evista | St\u00f8tte for Beins helse - Transtoyou","description":"Oppdag Evista p\u00e5 Transtoyou, din p\u00e5litelige kilde for kvalitetshelseprodukter. Kj\u00f8p n\u00e5 for effektiv h\u00e5ndtering og st\u00f8tte av osteoporose.","robots":{"index":"noindex","follow":"follow","max-snippet":"max-snippet:-1","max-image-preview":"max-image-preview:large","max-video-preview":"max-video-preview:-1"},"og_locale":"nb_NO","og_type":"article","og_title":"Evista | St\u00f8tte for Beins helse - Transtoyou","og_description":"Oppdag Evista p\u00e5 Transtoyou, din p\u00e5litelige kilde for kvalitetshelseprodukter. Kj\u00f8p n\u00e5 for effektiv h\u00e5ndtering og st\u00f8tte av osteoporose.","og_url":"https:\/\/www.transtoyou.com\/nb\/product\/evista\/","og_site_name":"Transtoyou - NB","article_modified_time":"2026-01-24T17:34:44+00:00","twitter_card":"summary_large_image","twitter_misc":{"Ansl. lesetid":"1 minutt"},"schema":{"@context":"https:\/\/schema.org","@graph":[{"@type":"WebPage","@id":"https:\/\/www.transtoyou.com\/nb\/product\/evista\/","url":"https:\/\/www.transtoyou.com\/nb\/product\/evista\/","name":"Evista | St\u00f8tte for Beins helse - Transtoyou","isPartOf":{"@id":"https:\/\/www.transtoyou.com\/nb\/#website"},"primaryImageOfPage":{"@id":"https:\/\/www.transtoyou.com\/nb\/product\/evista\/#primaryimage"},"image":{"@id":"https:\/\/www.transtoyou.com\/nb\/product\/evista\/#primaryimage"},"thumbnailUrl":"https:\/\/www.transtoyou.com\/nb\/wp-content\/uploads\/sites\/10\/2026\/01\/tty-no-product-image-106.webp","datePublished":"2026-01-24T17:33:43+00:00","dateModified":"2026-01-24T17:34:44+00:00","description":"Oppdag Evista p\u00e5 Transtoyou, din p\u00e5litelige kilde for kvalitetshelseprodukter. Kj\u00f8p n\u00e5 for effektiv h\u00e5ndtering og st\u00f8tte av osteoporose.","breadcrumb":{"@id":"https:\/\/www.transtoyou.com\/nb\/product\/evista\/#breadcrumb"},"inLanguage":"nb-NO","potentialAction":[{"@type":"ReadAction","target":["https:\/\/www.transtoyou.com\/nb\/product\/evista\/"]}]},{"@type":"ImageObject","inLanguage":"nb-NO","@id":"https:\/\/www.transtoyou.com\/nb\/product\/evista\/#primaryimage","url":"https:\/\/www.transtoyou.com\/nb\/wp-content\/uploads\/sites\/10\/2026\/01\/tty-no-product-image-106.webp","contentUrl":"https:\/\/www.transtoyou.com\/nb\/wp-content\/uploads\/sites\/10\/2026\/01\/tty-no-product-image-106.webp","width":1000,"height":1000,"caption":"Standard produktbilde"},{"@type":"WebSite","@id":"https:\/\/www.transtoyou.com\/nb\/#website","url":"https:\/\/www.transtoyou.com\/nb\/","name":"Transtoyou - NB","description":"","publisher":{"@id":"https:\/\/www.transtoyou.com\/nb\/#organization"},"potentialAction":[{"@type":"SearchAction","target":{"@type":"EntryPoint","urlTemplate":"https:\/\/www.transtoyou.com\/nb\/?s={search_term_string}"},"query-input":{"@type":"PropertyValueSpecification","valueRequired":true,"valueName":"search_term_string"}}],"inLanguage":"nb-NO"},{"@type":"Organization","@id":"https:\/\/www.transtoyou.com\/nb\/#organization","name":"Transtoyou - NB","url":"https:\/\/www.transtoyou.com\/nb\/","logo":{"@type":"ImageObject","inLanguage":"nb-NO","@id":"https:\/\/www.transtoyou.com\/nb\/#\/schema\/logo\/image\/","url":"https:\/\/www.transtoyou.com\/nb\/wp-content\/uploads\/sites\/10\/2026\/01\/logo-tty-menu-bar-300x87-1.webp","contentUrl":"https:\/\/www.transtoyou.com\/nb\/wp-content\/uploads\/sites\/10\/2026\/01\/logo-tty-menu-bar-300x87-1.webp","width":300,"height":87,"caption":"Transtoyou - NB"},"image":{"@id":"https:\/\/www.transtoyou.com\/nb\/#\/schema\/logo\/image\/"}}]}},"_links":{"self":[{"href":"https:\/\/www.transtoyou.com\/nb\/wp-json\/wp\/v2\/product\/1029","targetHints":{"allow":["GET"]}}],"collection":[{"href":"https:\/\/www.transtoyou.com\/nb\/wp-json\/wp\/v2\/product"}],"about":[{"href":"https:\/\/www.transtoyou.com\/nb\/wp-json\/wp\/v2\/types\/product"}],"replies":[{"embeddable":true,"href":"https:\/\/www.transtoyou.com\/nb\/wp-json\/wp\/v2\/comments?post=1029"}],"wp:featuredmedia":[{"embeddable":true,"href":"https:\/\/www.transtoyou.com\/nb\/wp-json\/wp\/v2\/media\/1031"}],"wp:attachment":[{"href":"https:\/\/www.transtoyou.com\/nb\/wp-json\/wp\/v2\/media?parent=1029"}],"wp:term":[{"taxonomy":"product_brand","embeddable":true,"href":"https:\/\/www.transtoyou.com\/nb\/wp-json\/wp\/v2\/product_brand?post=1029"},{"taxonomy":"product_cat","embeddable":true,"href":"https:\/\/www.transtoyou.com\/nb\/wp-json\/wp\/v2\/product_cat?post=1029"},{"taxonomy":"product_tag","embeddable":true,"href":"https:\/\/www.transtoyou.com\/nb\/wp-json\/wp\/v2\/product_tag?post=1029"},{"taxonomy":"expert","embeddable":true,"href":"https:\/\/www.transtoyou.com\/nb\/wp-json\/wp\/v2\/expert?post=1029"}],"curies":[{"name":"wp","href":"https:\/\/api.w.org\/{rel}","templated":true}]}}