{"id":1032,"date":"2026-01-24T19:50:46","date_gmt":"2026-01-24T17:50:46","guid":{"rendered":"https:\/\/www.transtoyou.com\/nb\/product\/proscar\/"},"modified":"2026-03-02T13:27:47","modified_gmt":"2026-03-02T11:27:47","slug":"proscar","status":"publish","type":"product","link":"https:\/\/www.transtoyou.com\/nb\/product\/proscar\/","title":{"rendered":"Proscar"},"content":{"rendered":"<p>Proscar er en reseptbelagt medisin som brukes til \u00e5 behandle benign prostatahyperplasi, ofte referert til som forst\u00f8rret prostata. Den inneholder finasterid, en 5-alfa-reduktasehemmer som virker ved \u00e5 senke niv\u00e5ene av dihydrotestosteron, et hormon som f\u00e5r prostata til \u00e5 vokse. Ved \u00e5 redusere hormonniv\u00e5ene, hjelper Proscar med \u00e5 krympe prostata, forbedre urinstr\u00f8mmen og lindre tilknyttede symptomer.<\/p>\n<p>En forst\u00f8rret prostata kan f\u00f8re til hyppig vannlating, svak str\u00e5le, vanskeligheter med \u00e5 starte eller stoppe vannlating, og avbrutt s\u00f8vn p\u00e5 grunn av nattlig vannlating. Proscar tar tak i disse problemene ved gradvis \u00e5 redusere prostata st\u00f8rrelse og lette trykket p\u00e5 urinr\u00f8ret. Denne prosessen tar ofte flere m\u00e5neder, men kan betydelig forbedre komfort og livskvalitet over tid.<\/p>\n<p>Proscar tas som en tablett \u00e9n gang daglig og er vanligvis foreskrevet for langtidsbruk. Den kan brukes alene eller i kombinasjon med andre medisiner, som alfa-blokkere for menn med mer alvorlige symptomer. Selv om noen brukere opplever milde bivirkninger som redusert libido eller endringer i ejakulasjon, er disse effektene ofte midlertidige og avtar med fortsatt bruk.<\/p>\n<p>Det er viktig \u00e5 merke seg at Proscar senker niv\u00e5ene av prostata-spesifikt antigen (PSA), som m\u00e5les under screening for prostatakreft. Helsepersonell vil ta dette i betraktning n\u00e5r de tolker resultater.<\/p>\n","protected":false},"excerpt":{"rendered":"<ul>\n<li>Behandler forst\u00f8rret prostata<\/li>\n<li>Forbedrer urinstr\u00f8mmen<\/li>\n<li>Daglig oral tablett<\/li>\n<\/ul>\n","protected":false},"featured_media":1034,"comment_status":"open","ping_status":"closed","template":"","meta":[],"product_brand":[],"product_cat":[158],"product_tag":[],"expert":[18],"class_list":{"0":"post-1032","1":"product","2":"type-product","3":"status-publish","4":"has-post-thumbnail","6":"product_cat-prostat-helse","7":"expert-dr-g-varbanov","9":"first","10":"instock","11":"shipping-taxable","12":"product-type-variable"},"yoast_head":"<!-- This site is optimized with the Yoast SEO plugin v27.0 - https:\/\/yoast.com\/product\/yoast-seo-wordpress\/ -->\n<title>Proscar | Effektiv lindring for prostata - Transtoyou<\/title>\n<meta name=\"description\" content=\"Proscar behandler forst\u00f8rret prostata ved \u00e5 krympe den og lindre symptomer. Forbedre livskvaliteten din, tilgjengelig n\u00e5 p\u00e5 Transtoyou.\" \/>\n<meta name=\"robots\" content=\"noindex, follow, max-snippet:-1, max-image-preview:large, max-video-preview:-1\" \/>\n<meta property=\"og:locale\" content=\"nb_NO\" \/>\n<meta property=\"og:type\" content=\"article\" \/>\n<meta property=\"og:title\" content=\"Proscar | Effektiv lindring for prostata - Transtoyou\" \/>\n<meta property=\"og:description\" content=\"Proscar behandler forst\u00f8rret prostata ved \u00e5 krympe den og lindre symptomer. Forbedre livskvaliteten din, tilgjengelig n\u00e5 p\u00e5 Transtoyou.\" \/>\n<meta property=\"og:url\" content=\"https:\/\/www.transtoyou.com\/nb\/product\/proscar\/\" \/>\n<meta property=\"og:site_name\" content=\"Transtoyou - NB\" \/>\n<meta property=\"article:modified_time\" content=\"2026-03-02T11:27:47+00:00\" \/>\n<meta name=\"twitter:card\" content=\"summary_large_image\" \/>\n<meta name=\"twitter:label1\" content=\"Ansl. lesetid\" \/>\n\t<meta name=\"twitter:data1\" content=\"1 minutt\" \/>\n<script type=\"application\/ld+json\" class=\"yoast-schema-graph\">{\"@context\":\"https:\/\/schema.org\",\"@graph\":[{\"@type\":\"WebPage\",\"@id\":\"https:\/\/www.transtoyou.com\/nb\/product\/proscar\/\",\"url\":\"https:\/\/www.transtoyou.com\/nb\/product\/proscar\/\",\"name\":\"Proscar | Effektiv lindring for prostata - Transtoyou\",\"isPartOf\":{\"@id\":\"https:\/\/www.transtoyou.com\/nb\/#website\"},\"primaryImageOfPage\":{\"@id\":\"https:\/\/www.transtoyou.com\/nb\/product\/proscar\/#primaryimage\"},\"image\":{\"@id\":\"https:\/\/www.transtoyou.com\/nb\/product\/proscar\/#primaryimage\"},\"thumbnailUrl\":\"https:\/\/www.transtoyou.com\/nb\/wp-content\/uploads\/sites\/10\/2026\/01\/tty-no-product-image-107.webp\",\"datePublished\":\"2026-01-24T17:50:46+00:00\",\"dateModified\":\"2026-03-02T11:27:47+00:00\",\"description\":\"Proscar behandler forst\u00f8rret prostata ved \u00e5 krympe den og lindre symptomer. Forbedre livskvaliteten din, tilgjengelig n\u00e5 p\u00e5 Transtoyou.\",\"breadcrumb\":{\"@id\":\"https:\/\/www.transtoyou.com\/nb\/product\/proscar\/#breadcrumb\"},\"inLanguage\":\"nb-NO\",\"potentialAction\":[{\"@type\":\"ReadAction\",\"target\":[\"https:\/\/www.transtoyou.com\/nb\/product\/proscar\/\"]}]},{\"@type\":\"ImageObject\",\"inLanguage\":\"nb-NO\",\"@id\":\"https:\/\/www.transtoyou.com\/nb\/product\/proscar\/#primaryimage\",\"url\":\"https:\/\/www.transtoyou.com\/nb\/wp-content\/uploads\/sites\/10\/2026\/01\/tty-no-product-image-107.webp\",\"contentUrl\":\"https:\/\/www.transtoyou.com\/nb\/wp-content\/uploads\/sites\/10\/2026\/01\/tty-no-product-image-107.webp\",\"width\":1000,\"height\":1000,\"caption\":\"Standard produktbilde\"},{\"@type\":\"WebSite\",\"@id\":\"https:\/\/www.transtoyou.com\/nb\/#website\",\"url\":\"https:\/\/www.transtoyou.com\/nb\/\",\"name\":\"Transtoyou - NB\",\"description\":\"\",\"publisher\":{\"@id\":\"https:\/\/www.transtoyou.com\/nb\/#organization\"},\"potentialAction\":[{\"@type\":\"SearchAction\",\"target\":{\"@type\":\"EntryPoint\",\"urlTemplate\":\"https:\/\/www.transtoyou.com\/nb\/?s={search_term_string}\"},\"query-input\":{\"@type\":\"PropertyValueSpecification\",\"valueRequired\":true,\"valueName\":\"search_term_string\"}}],\"inLanguage\":\"nb-NO\"},{\"@type\":\"Organization\",\"@id\":\"https:\/\/www.transtoyou.com\/nb\/#organization\",\"name\":\"Transtoyou - NB\",\"url\":\"https:\/\/www.transtoyou.com\/nb\/\",\"logo\":{\"@type\":\"ImageObject\",\"inLanguage\":\"nb-NO\",\"@id\":\"https:\/\/www.transtoyou.com\/nb\/#\/schema\/logo\/image\/\",\"url\":\"https:\/\/www.transtoyou.com\/nb\/wp-content\/uploads\/sites\/10\/2026\/01\/logo-tty-menu-bar-300x87-1.webp\",\"contentUrl\":\"https:\/\/www.transtoyou.com\/nb\/wp-content\/uploads\/sites\/10\/2026\/01\/logo-tty-menu-bar-300x87-1.webp\",\"width\":300,\"height\":87,\"caption\":\"Transtoyou - NB\"},\"image\":{\"@id\":\"https:\/\/www.transtoyou.com\/nb\/#\/schema\/logo\/image\/\"}}]}<\/script>\n<!-- \/ Yoast SEO plugin. -->","yoast_head_json":{"title":"Proscar | Effektiv lindring for prostata - Transtoyou","description":"Proscar behandler forst\u00f8rret prostata ved \u00e5 krympe den og lindre symptomer. Forbedre livskvaliteten din, tilgjengelig n\u00e5 p\u00e5 Transtoyou.","robots":{"index":"noindex","follow":"follow","max-snippet":"max-snippet:-1","max-image-preview":"max-image-preview:large","max-video-preview":"max-video-preview:-1"},"og_locale":"nb_NO","og_type":"article","og_title":"Proscar | Effektiv lindring for prostata - Transtoyou","og_description":"Proscar behandler forst\u00f8rret prostata ved \u00e5 krympe den og lindre symptomer. Forbedre livskvaliteten din, tilgjengelig n\u00e5 p\u00e5 Transtoyou.","og_url":"https:\/\/www.transtoyou.com\/nb\/product\/proscar\/","og_site_name":"Transtoyou - NB","article_modified_time":"2026-03-02T11:27:47+00:00","twitter_card":"summary_large_image","twitter_misc":{"Ansl. lesetid":"1 minutt"},"schema":{"@context":"https:\/\/schema.org","@graph":[{"@type":"WebPage","@id":"https:\/\/www.transtoyou.com\/nb\/product\/proscar\/","url":"https:\/\/www.transtoyou.com\/nb\/product\/proscar\/","name":"Proscar | Effektiv lindring for prostata - Transtoyou","isPartOf":{"@id":"https:\/\/www.transtoyou.com\/nb\/#website"},"primaryImageOfPage":{"@id":"https:\/\/www.transtoyou.com\/nb\/product\/proscar\/#primaryimage"},"image":{"@id":"https:\/\/www.transtoyou.com\/nb\/product\/proscar\/#primaryimage"},"thumbnailUrl":"https:\/\/www.transtoyou.com\/nb\/wp-content\/uploads\/sites\/10\/2026\/01\/tty-no-product-image-107.webp","datePublished":"2026-01-24T17:50:46+00:00","dateModified":"2026-03-02T11:27:47+00:00","description":"Proscar behandler forst\u00f8rret prostata ved \u00e5 krympe den og lindre symptomer. Forbedre livskvaliteten din, tilgjengelig n\u00e5 p\u00e5 Transtoyou.","breadcrumb":{"@id":"https:\/\/www.transtoyou.com\/nb\/product\/proscar\/#breadcrumb"},"inLanguage":"nb-NO","potentialAction":[{"@type":"ReadAction","target":["https:\/\/www.transtoyou.com\/nb\/product\/proscar\/"]}]},{"@type":"ImageObject","inLanguage":"nb-NO","@id":"https:\/\/www.transtoyou.com\/nb\/product\/proscar\/#primaryimage","url":"https:\/\/www.transtoyou.com\/nb\/wp-content\/uploads\/sites\/10\/2026\/01\/tty-no-product-image-107.webp","contentUrl":"https:\/\/www.transtoyou.com\/nb\/wp-content\/uploads\/sites\/10\/2026\/01\/tty-no-product-image-107.webp","width":1000,"height":1000,"caption":"Standard produktbilde"},{"@type":"WebSite","@id":"https:\/\/www.transtoyou.com\/nb\/#website","url":"https:\/\/www.transtoyou.com\/nb\/","name":"Transtoyou - NB","description":"","publisher":{"@id":"https:\/\/www.transtoyou.com\/nb\/#organization"},"potentialAction":[{"@type":"SearchAction","target":{"@type":"EntryPoint","urlTemplate":"https:\/\/www.transtoyou.com\/nb\/?s={search_term_string}"},"query-input":{"@type":"PropertyValueSpecification","valueRequired":true,"valueName":"search_term_string"}}],"inLanguage":"nb-NO"},{"@type":"Organization","@id":"https:\/\/www.transtoyou.com\/nb\/#organization","name":"Transtoyou - NB","url":"https:\/\/www.transtoyou.com\/nb\/","logo":{"@type":"ImageObject","inLanguage":"nb-NO","@id":"https:\/\/www.transtoyou.com\/nb\/#\/schema\/logo\/image\/","url":"https:\/\/www.transtoyou.com\/nb\/wp-content\/uploads\/sites\/10\/2026\/01\/logo-tty-menu-bar-300x87-1.webp","contentUrl":"https:\/\/www.transtoyou.com\/nb\/wp-content\/uploads\/sites\/10\/2026\/01\/logo-tty-menu-bar-300x87-1.webp","width":300,"height":87,"caption":"Transtoyou - NB"},"image":{"@id":"https:\/\/www.transtoyou.com\/nb\/#\/schema\/logo\/image\/"}}]}},"_links":{"self":[{"href":"https:\/\/www.transtoyou.com\/nb\/wp-json\/wp\/v2\/product\/1032","targetHints":{"allow":["GET"]}}],"collection":[{"href":"https:\/\/www.transtoyou.com\/nb\/wp-json\/wp\/v2\/product"}],"about":[{"href":"https:\/\/www.transtoyou.com\/nb\/wp-json\/wp\/v2\/types\/product"}],"replies":[{"embeddable":true,"href":"https:\/\/www.transtoyou.com\/nb\/wp-json\/wp\/v2\/comments?post=1032"}],"wp:featuredmedia":[{"embeddable":true,"href":"https:\/\/www.transtoyou.com\/nb\/wp-json\/wp\/v2\/media\/1034"}],"wp:attachment":[{"href":"https:\/\/www.transtoyou.com\/nb\/wp-json\/wp\/v2\/media?parent=1032"}],"wp:term":[{"taxonomy":"product_brand","embeddable":true,"href":"https:\/\/www.transtoyou.com\/nb\/wp-json\/wp\/v2\/product_brand?post=1032"},{"taxonomy":"product_cat","embeddable":true,"href":"https:\/\/www.transtoyou.com\/nb\/wp-json\/wp\/v2\/product_cat?post=1032"},{"taxonomy":"product_tag","embeddable":true,"href":"https:\/\/www.transtoyou.com\/nb\/wp-json\/wp\/v2\/product_tag?post=1032"},{"taxonomy":"expert","embeddable":true,"href":"https:\/\/www.transtoyou.com\/nb\/wp-json\/wp\/v2\/expert?post=1032"}],"curies":[{"name":"wp","href":"https:\/\/api.w.org\/{rel}","templated":true}]}}