{"id":1035,"date":"2026-01-24T20:07:54","date_gmt":"2026-01-24T18:07:54","guid":{"rendered":"https:\/\/www.transtoyou.com\/nb\/product\/efracea-oracea\/"},"modified":"2026-01-24T20:09:00","modified_gmt":"2026-01-24T18:09:00","slug":"efracea-oracea","status":"publish","type":"product","link":"https:\/\/www.transtoyou.com\/nb\/product\/efracea-oracea\/","title":{"rendered":"Efracea (Oracea)"},"content":{"rendered":"<p>Efracea, ogs\u00e5 kjent under sitt internasjonale navn Oracea, er en daglig oral behandling som brukes til \u00e5 h\u00e5ndtere de inflammatoriske lesjonene og utbruddene assosiert med rosacea. Den inneholder doxycyklin i en lav, kontrollert frigj\u00f8ringsdose. I motsetning til antibiotika som brukes for \u00e5 bekjempe infeksjoner, klassifiseres Efracea som en ikke-antimikrobiell antiinflammatorisk behandling, noe som betyr at den retter seg mot hudinflammasjon uten \u00e5 fremme bakteriell resistens.<\/p>\n<p>Rosacea er en kronisk hudtilstand som for\u00e5rsaker r\u00f8dhet, synlige blod\u00e5rer, og noen ganger aknelignende kuler, spesielt i den sentrale delen av ansiktet. Efracea bidrar til \u00e5 redusere disse kulene og pustlene ved \u00e5 undertrykke den inflammatoriske responsen i huden. Over tid kan jevnlig bruk f\u00f8re til klarere hud, f\u00e6rre utbrudd, og en reduksjon i ubehag.<\/p>\n<p>Denne lavdoseformuleringen er spesifikt designet for langtidsbruk og fungerer ikke som et typisk antibiotikum. Den virker gradvis, med synlig forbedring som ofte vises innen fire til seks uker. Fordi den ikke er avhengig av sin antibakterielle effekt, er Efracea mindre sannsynlig \u00e5 forstyrre kroppens naturlige flora og er ikke ment for \u00e5 behandle bakterielle infeksjoner.<\/p>\n<p>Efracea tolereres generelt godt, men noen brukere kan oppleve gastrointestinalt ubehag, solf\u00f8lsomhet eller t\u00f8rr munn. Den b\u00f8r ikke tas sammen med melk eller antacida, da disse kan forstyrre absorpsjonen. Denne medisinen er ikke egnet under graviditet eller mens man ammer.<\/p>\n","protected":false},"excerpt":{"rendered":"<ul>\n<li>Daglig oral behandling<\/li>\n<li>Reduserer rosacea-inflammasjon<\/li>\n<li>Ikkje-antibiotisk effekt ved lav dose<\/li>\n<\/ul>\n","protected":false},"featured_media":1037,"comment_status":"open","ping_status":"closed","template":"","meta":[],"product_brand":[],"product_cat":[160],"product_tag":[],"expert":[18],"class_list":{"0":"post-1035","1":"product","2":"type-product","3":"status-publish","4":"has-post-thumbnail","6":"product_cat-rosacea","7":"expert-dr-g-varbanov","9":"first","10":"instock","11":"shipping-taxable","12":"product-type-variable"},"yoast_head":"<!-- This site is optimized with the Yoast SEO plugin v27.0 - https:\/\/yoast.com\/product\/yoast-seo-wordpress\/ -->\n<title>Efracea (Oracea) | Klarere hud, betennelsesdempende - Transtoyou<\/title>\n<meta name=\"description\" content=\"Oppdag Efracea, en oral behandling for rosacea-utbrudd. F\u00e5 klarere hud med dens betennelsesdempende fordeler. Tilgjengelig n\u00e5 p\u00e5 Transtoyou.\" \/>\n<meta name=\"robots\" content=\"noindex, follow, max-snippet:-1, max-image-preview:large, max-video-preview:-1\" \/>\n<meta property=\"og:locale\" content=\"nb_NO\" \/>\n<meta property=\"og:type\" content=\"article\" \/>\n<meta property=\"og:title\" content=\"Efracea (Oracea) | Klarere hud, betennelsesdempende - Transtoyou\" \/>\n<meta property=\"og:description\" content=\"Oppdag Efracea, en oral behandling for rosacea-utbrudd. F\u00e5 klarere hud med dens betennelsesdempende fordeler. Tilgjengelig n\u00e5 p\u00e5 Transtoyou.\" \/>\n<meta property=\"og:url\" content=\"https:\/\/www.transtoyou.com\/nb\/product\/efracea-oracea\/\" \/>\n<meta property=\"og:site_name\" content=\"Transtoyou - NB\" \/>\n<meta property=\"article:modified_time\" content=\"2026-01-24T18:09:00+00:00\" \/>\n<meta name=\"twitter:card\" content=\"summary_large_image\" \/>\n<meta name=\"twitter:label1\" content=\"Ansl. lesetid\" \/>\n\t<meta name=\"twitter:data1\" content=\"1 minutt\" \/>\n<script type=\"application\/ld+json\" class=\"yoast-schema-graph\">{\"@context\":\"https:\/\/schema.org\",\"@graph\":[{\"@type\":\"WebPage\",\"@id\":\"https:\/\/www.transtoyou.com\/nb\/product\/efracea-oracea\/\",\"url\":\"https:\/\/www.transtoyou.com\/nb\/product\/efracea-oracea\/\",\"name\":\"Efracea (Oracea) | Klarere hud, betennelsesdempende - Transtoyou\",\"isPartOf\":{\"@id\":\"https:\/\/www.transtoyou.com\/nb\/#website\"},\"primaryImageOfPage\":{\"@id\":\"https:\/\/www.transtoyou.com\/nb\/product\/efracea-oracea\/#primaryimage\"},\"image\":{\"@id\":\"https:\/\/www.transtoyou.com\/nb\/product\/efracea-oracea\/#primaryimage\"},\"thumbnailUrl\":\"https:\/\/www.transtoyou.com\/nb\/wp-content\/uploads\/sites\/10\/2026\/01\/tty-no-product-image-108.webp\",\"datePublished\":\"2026-01-24T18:07:54+00:00\",\"dateModified\":\"2026-01-24T18:09:00+00:00\",\"description\":\"Oppdag Efracea, en oral behandling for rosacea-utbrudd. F\u00e5 klarere hud med dens betennelsesdempende fordeler. Tilgjengelig n\u00e5 p\u00e5 Transtoyou.\",\"breadcrumb\":{\"@id\":\"https:\/\/www.transtoyou.com\/nb\/product\/efracea-oracea\/#breadcrumb\"},\"inLanguage\":\"nb-NO\",\"potentialAction\":[{\"@type\":\"ReadAction\",\"target\":[\"https:\/\/www.transtoyou.com\/nb\/product\/efracea-oracea\/\"]}]},{\"@type\":\"ImageObject\",\"inLanguage\":\"nb-NO\",\"@id\":\"https:\/\/www.transtoyou.com\/nb\/product\/efracea-oracea\/#primaryimage\",\"url\":\"https:\/\/www.transtoyou.com\/nb\/wp-content\/uploads\/sites\/10\/2026\/01\/tty-no-product-image-108.webp\",\"contentUrl\":\"https:\/\/www.transtoyou.com\/nb\/wp-content\/uploads\/sites\/10\/2026\/01\/tty-no-product-image-108.webp\",\"width\":1000,\"height\":1000,\"caption\":\"Standard produktbilde\"},{\"@type\":\"WebSite\",\"@id\":\"https:\/\/www.transtoyou.com\/nb\/#website\",\"url\":\"https:\/\/www.transtoyou.com\/nb\/\",\"name\":\"Transtoyou - NB\",\"description\":\"\",\"publisher\":{\"@id\":\"https:\/\/www.transtoyou.com\/nb\/#organization\"},\"potentialAction\":[{\"@type\":\"SearchAction\",\"target\":{\"@type\":\"EntryPoint\",\"urlTemplate\":\"https:\/\/www.transtoyou.com\/nb\/?s={search_term_string}\"},\"query-input\":{\"@type\":\"PropertyValueSpecification\",\"valueRequired\":true,\"valueName\":\"search_term_string\"}}],\"inLanguage\":\"nb-NO\"},{\"@type\":\"Organization\",\"@id\":\"https:\/\/www.transtoyou.com\/nb\/#organization\",\"name\":\"Transtoyou - NB\",\"url\":\"https:\/\/www.transtoyou.com\/nb\/\",\"logo\":{\"@type\":\"ImageObject\",\"inLanguage\":\"nb-NO\",\"@id\":\"https:\/\/www.transtoyou.com\/nb\/#\/schema\/logo\/image\/\",\"url\":\"https:\/\/www.transtoyou.com\/nb\/wp-content\/uploads\/sites\/10\/2026\/01\/logo-tty-menu-bar-300x87-1.webp\",\"contentUrl\":\"https:\/\/www.transtoyou.com\/nb\/wp-content\/uploads\/sites\/10\/2026\/01\/logo-tty-menu-bar-300x87-1.webp\",\"width\":300,\"height\":87,\"caption\":\"Transtoyou - NB\"},\"image\":{\"@id\":\"https:\/\/www.transtoyou.com\/nb\/#\/schema\/logo\/image\/\"}}]}<\/script>\n<!-- \/ Yoast SEO plugin. -->","yoast_head_json":{"title":"Efracea (Oracea) | Klarere hud, betennelsesdempende - Transtoyou","description":"Oppdag Efracea, en oral behandling for rosacea-utbrudd. F\u00e5 klarere hud med dens betennelsesdempende fordeler. Tilgjengelig n\u00e5 p\u00e5 Transtoyou.","robots":{"index":"noindex","follow":"follow","max-snippet":"max-snippet:-1","max-image-preview":"max-image-preview:large","max-video-preview":"max-video-preview:-1"},"og_locale":"nb_NO","og_type":"article","og_title":"Efracea (Oracea) | Klarere hud, betennelsesdempende - Transtoyou","og_description":"Oppdag Efracea, en oral behandling for rosacea-utbrudd. F\u00e5 klarere hud med dens betennelsesdempende fordeler. Tilgjengelig n\u00e5 p\u00e5 Transtoyou.","og_url":"https:\/\/www.transtoyou.com\/nb\/product\/efracea-oracea\/","og_site_name":"Transtoyou - NB","article_modified_time":"2026-01-24T18:09:00+00:00","twitter_card":"summary_large_image","twitter_misc":{"Ansl. lesetid":"1 minutt"},"schema":{"@context":"https:\/\/schema.org","@graph":[{"@type":"WebPage","@id":"https:\/\/www.transtoyou.com\/nb\/product\/efracea-oracea\/","url":"https:\/\/www.transtoyou.com\/nb\/product\/efracea-oracea\/","name":"Efracea (Oracea) | Klarere hud, betennelsesdempende - Transtoyou","isPartOf":{"@id":"https:\/\/www.transtoyou.com\/nb\/#website"},"primaryImageOfPage":{"@id":"https:\/\/www.transtoyou.com\/nb\/product\/efracea-oracea\/#primaryimage"},"image":{"@id":"https:\/\/www.transtoyou.com\/nb\/product\/efracea-oracea\/#primaryimage"},"thumbnailUrl":"https:\/\/www.transtoyou.com\/nb\/wp-content\/uploads\/sites\/10\/2026\/01\/tty-no-product-image-108.webp","datePublished":"2026-01-24T18:07:54+00:00","dateModified":"2026-01-24T18:09:00+00:00","description":"Oppdag Efracea, en oral behandling for rosacea-utbrudd. F\u00e5 klarere hud med dens betennelsesdempende fordeler. Tilgjengelig n\u00e5 p\u00e5 Transtoyou.","breadcrumb":{"@id":"https:\/\/www.transtoyou.com\/nb\/product\/efracea-oracea\/#breadcrumb"},"inLanguage":"nb-NO","potentialAction":[{"@type":"ReadAction","target":["https:\/\/www.transtoyou.com\/nb\/product\/efracea-oracea\/"]}]},{"@type":"ImageObject","inLanguage":"nb-NO","@id":"https:\/\/www.transtoyou.com\/nb\/product\/efracea-oracea\/#primaryimage","url":"https:\/\/www.transtoyou.com\/nb\/wp-content\/uploads\/sites\/10\/2026\/01\/tty-no-product-image-108.webp","contentUrl":"https:\/\/www.transtoyou.com\/nb\/wp-content\/uploads\/sites\/10\/2026\/01\/tty-no-product-image-108.webp","width":1000,"height":1000,"caption":"Standard produktbilde"},{"@type":"WebSite","@id":"https:\/\/www.transtoyou.com\/nb\/#website","url":"https:\/\/www.transtoyou.com\/nb\/","name":"Transtoyou - NB","description":"","publisher":{"@id":"https:\/\/www.transtoyou.com\/nb\/#organization"},"potentialAction":[{"@type":"SearchAction","target":{"@type":"EntryPoint","urlTemplate":"https:\/\/www.transtoyou.com\/nb\/?s={search_term_string}"},"query-input":{"@type":"PropertyValueSpecification","valueRequired":true,"valueName":"search_term_string"}}],"inLanguage":"nb-NO"},{"@type":"Organization","@id":"https:\/\/www.transtoyou.com\/nb\/#organization","name":"Transtoyou - NB","url":"https:\/\/www.transtoyou.com\/nb\/","logo":{"@type":"ImageObject","inLanguage":"nb-NO","@id":"https:\/\/www.transtoyou.com\/nb\/#\/schema\/logo\/image\/","url":"https:\/\/www.transtoyou.com\/nb\/wp-content\/uploads\/sites\/10\/2026\/01\/logo-tty-menu-bar-300x87-1.webp","contentUrl":"https:\/\/www.transtoyou.com\/nb\/wp-content\/uploads\/sites\/10\/2026\/01\/logo-tty-menu-bar-300x87-1.webp","width":300,"height":87,"caption":"Transtoyou - NB"},"image":{"@id":"https:\/\/www.transtoyou.com\/nb\/#\/schema\/logo\/image\/"}}]}},"_links":{"self":[{"href":"https:\/\/www.transtoyou.com\/nb\/wp-json\/wp\/v2\/product\/1035","targetHints":{"allow":["GET"]}}],"collection":[{"href":"https:\/\/www.transtoyou.com\/nb\/wp-json\/wp\/v2\/product"}],"about":[{"href":"https:\/\/www.transtoyou.com\/nb\/wp-json\/wp\/v2\/types\/product"}],"replies":[{"embeddable":true,"href":"https:\/\/www.transtoyou.com\/nb\/wp-json\/wp\/v2\/comments?post=1035"}],"wp:featuredmedia":[{"embeddable":true,"href":"https:\/\/www.transtoyou.com\/nb\/wp-json\/wp\/v2\/media\/1037"}],"wp:attachment":[{"href":"https:\/\/www.transtoyou.com\/nb\/wp-json\/wp\/v2\/media?parent=1035"}],"wp:term":[{"taxonomy":"product_brand","embeddable":true,"href":"https:\/\/www.transtoyou.com\/nb\/wp-json\/wp\/v2\/product_brand?post=1035"},{"taxonomy":"product_cat","embeddable":true,"href":"https:\/\/www.transtoyou.com\/nb\/wp-json\/wp\/v2\/product_cat?post=1035"},{"taxonomy":"product_tag","embeddable":true,"href":"https:\/\/www.transtoyou.com\/nb\/wp-json\/wp\/v2\/product_tag?post=1035"},{"taxonomy":"expert","embeddable":true,"href":"https:\/\/www.transtoyou.com\/nb\/wp-json\/wp\/v2\/expert?post=1035"}],"curies":[{"name":"wp","href":"https:\/\/api.w.org\/{rel}","templated":true}]}}