{"id":1038,"date":"2026-01-24T20:26:04","date_gmt":"2026-01-24T18:26:04","guid":{"rendered":"https:\/\/www.transtoyou.com\/nb\/product\/minocycline-minocin\/"},"modified":"2026-02-25T14:53:27","modified_gmt":"2026-02-25T12:53:27","slug":"minocyclin-minocin","status":"publish","type":"product","link":"https:\/\/www.transtoyou.com\/nb\/product\/minocyclin-minocin\/","title":{"rendered":"Minocyclin (Minocin)"},"content":{"rendered":"<p>Minocyclin, vanligvis kjent under merkenavnet Minocin, er et oralt antibiotikum som brukes til \u00e5 behandle de inflammatoriske symptomene p\u00e5 rosacea, spesielt papler og pustler. Som medlem av tetracyklin-antibiotikaklassen, reduserer minocyclin bakterier og demper betennelse i huden. Det foreskrives oftest n\u00e5r topiske behandlinger ikke er effektive nok alene.<\/p>\n<p>Rosacea er en kronisk hudtilstand som ofte viser seg med vedvarende r\u00f8dhet, klumper og synlige blod\u00e5rer, vanligvis i den sentrale delen av ansiktet. N\u00e5r betennelse for\u00e5rsaker akne-lignende utbrudd, kan minocyclin brukes til \u00e5 h\u00e5ndtere tilstanden fra innsiden og ut. Ved \u00e5 m\u00e5lrette b\u00e5de bakterier og den inflammatoriske prosessen, hjelper minocyclin med \u00e5 redusere utbrudd og forbedre hudens utseende over tid.<\/p>\n<p>Minocyclin tas vanligvis en eller to ganger om dagen, avhengig av alvorlighetsgraden av symptomene og behandlingsm\u00e5lene. Det foreskrives ofte for en begrenset periode for \u00e5 f\u00e5 aktiv betennelse under kontroll, hvoretter dosen kan reduseres eller byttes til vedlikeholdsbehandling. Under behandlingen ser pasienter vanligvis resultater innen noen uker.<\/p>\n<p>Selv om det er effektivt, kan minocyclin ha bivirkninger. Disse kan inkludere svimmelhet, kvalme, f\u00f8lsomhet for sollys, eller, i sjeldne tilfeller, pigmentforandringer. Medisinen b\u00f8r alltid tas med rikelig med vann for \u00e5 unng\u00e5 irritasjon av spiser\u00f8ret, og pasienter anbefales \u00e5 unng\u00e5 \u00e5 legge seg ned umiddelbart etter inntak. Melk, antacida og jerntilskudd kan forstyrre opptaket, s\u00e5 det er viktig \u00e5 holde disse produktene adskilt fra medisinen.<\/p>\n","protected":false},"excerpt":{"rendered":"<ul>\n<li>Antibiotika for inflammatorisk rosacea<\/li>\n<li>Reduserer hudklumper og r\u00f8dhet<\/li>\n<li>Tas oralt en eller to ganger daglig<\/li>\n<\/ul>\n","protected":false},"featured_media":1040,"comment_status":"open","ping_status":"closed","template":"","meta":[],"product_brand":[],"product_cat":[73,160],"product_tag":[],"expert":[18],"class_list":{"0":"post-1038","1":"product","2":"type-product","3":"status-publish","4":"has-post-thumbnail","6":"product_cat-akne","7":"product_cat-rosacea","8":"expert-dr-g-varbanov","10":"first","11":"instock","12":"shipping-taxable","13":"product-type-variable"},"yoast_head":"<!-- This site is optimized with the Yoast SEO plugin v27.0 - https:\/\/yoast.com\/product\/yoast-seo-wordpress\/ -->\n<title>Minocyclin (Minocin) | Effektiv Hudpleie - Transtoyou<\/title>\n<meta name=\"description\" content=\"Oppdag Minocycline (Minocin) hos Transtoyou, din p\u00e5litelige kilde for effektiv behandling av huden. Handle n\u00e5 for kvalitet og bekvemmelighet.\" \/>\n<meta name=\"robots\" content=\"noindex, follow, max-snippet:-1, max-image-preview:large, max-video-preview:-1\" \/>\n<meta property=\"og:locale\" content=\"nb_NO\" \/>\n<meta property=\"og:type\" content=\"article\" \/>\n<meta property=\"og:title\" content=\"Minocyclin (Minocin) | Effektiv Hudpleie - Transtoyou\" \/>\n<meta property=\"og:description\" content=\"Oppdag Minocycline (Minocin) hos Transtoyou, din p\u00e5litelige kilde for effektiv behandling av huden. Handle n\u00e5 for kvalitet og bekvemmelighet.\" \/>\n<meta property=\"og:url\" content=\"https:\/\/www.transtoyou.com\/nb\/product\/minocycline-minocin\/\" \/>\n<meta property=\"og:site_name\" content=\"Transtoyou - NB\" \/>\n<meta property=\"article:modified_time\" content=\"2026-02-25T12:53:27+00:00\" \/>\n<meta name=\"twitter:card\" content=\"summary_large_image\" \/>\n<meta name=\"twitter:label1\" content=\"Ansl. lesetid\" \/>\n\t<meta name=\"twitter:data1\" content=\"1 minutt\" \/>\n<script type=\"application\/ld+json\" class=\"yoast-schema-graph\">{\"@context\":\"https:\/\/schema.org\",\"@graph\":[{\"@type\":\"WebPage\",\"@id\":\"https:\/\/www.transtoyou.com\/nb\/product\/minocycline-minocin\/\",\"url\":\"https:\/\/www.transtoyou.com\/nb\/product\/minocycline-minocin\/\",\"name\":\"Minocyclin (Minocin) | Effektiv Hudpleie - Transtoyou\",\"isPartOf\":{\"@id\":\"https:\/\/www.transtoyou.com\/nb\/#website\"},\"primaryImageOfPage\":{\"@id\":\"https:\/\/www.transtoyou.com\/nb\/product\/minocycline-minocin\/#primaryimage\"},\"image\":{\"@id\":\"https:\/\/www.transtoyou.com\/nb\/product\/minocycline-minocin\/#primaryimage\"},\"thumbnailUrl\":\"https:\/\/www.transtoyou.com\/nb\/wp-content\/uploads\/sites\/10\/2026\/01\/tty-no-product-image-109.webp\",\"datePublished\":\"2026-01-24T18:26:04+00:00\",\"dateModified\":\"2026-02-25T12:53:27+00:00\",\"description\":\"Oppdag Minocycline (Minocin) hos Transtoyou, din p\u00e5litelige kilde for effektiv behandling av huden. Handle n\u00e5 for kvalitet og bekvemmelighet.\",\"breadcrumb\":{\"@id\":\"https:\/\/www.transtoyou.com\/nb\/product\/minocycline-minocin\/#breadcrumb\"},\"inLanguage\":\"nb-NO\",\"potentialAction\":[{\"@type\":\"ReadAction\",\"target\":[\"https:\/\/www.transtoyou.com\/nb\/product\/minocycline-minocin\/\"]}]},{\"@type\":\"ImageObject\",\"inLanguage\":\"nb-NO\",\"@id\":\"https:\/\/www.transtoyou.com\/nb\/product\/minocycline-minocin\/#primaryimage\",\"url\":\"https:\/\/www.transtoyou.com\/nb\/wp-content\/uploads\/sites\/10\/2026\/01\/tty-no-product-image-109.webp\",\"contentUrl\":\"https:\/\/www.transtoyou.com\/nb\/wp-content\/uploads\/sites\/10\/2026\/01\/tty-no-product-image-109.webp\",\"width\":1000,\"height\":1000,\"caption\":\"Standard produktbilde\"},{\"@type\":\"WebSite\",\"@id\":\"https:\/\/www.transtoyou.com\/nb\/#website\",\"url\":\"https:\/\/www.transtoyou.com\/nb\/\",\"name\":\"Transtoyou - NB\",\"description\":\"\",\"publisher\":{\"@id\":\"https:\/\/www.transtoyou.com\/nb\/#organization\"},\"potentialAction\":[{\"@type\":\"SearchAction\",\"target\":{\"@type\":\"EntryPoint\",\"urlTemplate\":\"https:\/\/www.transtoyou.com\/nb\/?s={search_term_string}\"},\"query-input\":{\"@type\":\"PropertyValueSpecification\",\"valueRequired\":true,\"valueName\":\"search_term_string\"}}],\"inLanguage\":\"nb-NO\"},{\"@type\":\"Organization\",\"@id\":\"https:\/\/www.transtoyou.com\/nb\/#organization\",\"name\":\"Transtoyou - NB\",\"url\":\"https:\/\/www.transtoyou.com\/nb\/\",\"logo\":{\"@type\":\"ImageObject\",\"inLanguage\":\"nb-NO\",\"@id\":\"https:\/\/www.transtoyou.com\/nb\/#\/schema\/logo\/image\/\",\"url\":\"https:\/\/www.transtoyou.com\/nb\/wp-content\/uploads\/sites\/10\/2026\/01\/logo-tty-menu-bar-300x87-1.webp\",\"contentUrl\":\"https:\/\/www.transtoyou.com\/nb\/wp-content\/uploads\/sites\/10\/2026\/01\/logo-tty-menu-bar-300x87-1.webp\",\"width\":300,\"height\":87,\"caption\":\"Transtoyou - NB\"},\"image\":{\"@id\":\"https:\/\/www.transtoyou.com\/nb\/#\/schema\/logo\/image\/\"}}]}<\/script>\n<!-- \/ Yoast SEO plugin. -->","yoast_head_json":{"title":"Minocyclin (Minocin) | Effektiv Hudpleie - Transtoyou","description":"Oppdag Minocycline (Minocin) hos Transtoyou, din p\u00e5litelige kilde for effektiv behandling av huden. Handle n\u00e5 for kvalitet og bekvemmelighet.","robots":{"index":"noindex","follow":"follow","max-snippet":"max-snippet:-1","max-image-preview":"max-image-preview:large","max-video-preview":"max-video-preview:-1"},"og_locale":"nb_NO","og_type":"article","og_title":"Minocyclin (Minocin) | Effektiv Hudpleie - Transtoyou","og_description":"Oppdag Minocycline (Minocin) hos Transtoyou, din p\u00e5litelige kilde for effektiv behandling av huden. Handle n\u00e5 for kvalitet og bekvemmelighet.","og_url":"https:\/\/www.transtoyou.com\/nb\/product\/minocycline-minocin\/","og_site_name":"Transtoyou - NB","article_modified_time":"2026-02-25T12:53:27+00:00","twitter_card":"summary_large_image","twitter_misc":{"Ansl. lesetid":"1 minutt"},"schema":{"@context":"https:\/\/schema.org","@graph":[{"@type":"WebPage","@id":"https:\/\/www.transtoyou.com\/nb\/product\/minocycline-minocin\/","url":"https:\/\/www.transtoyou.com\/nb\/product\/minocycline-minocin\/","name":"Minocyclin (Minocin) | Effektiv Hudpleie - Transtoyou","isPartOf":{"@id":"https:\/\/www.transtoyou.com\/nb\/#website"},"primaryImageOfPage":{"@id":"https:\/\/www.transtoyou.com\/nb\/product\/minocycline-minocin\/#primaryimage"},"image":{"@id":"https:\/\/www.transtoyou.com\/nb\/product\/minocycline-minocin\/#primaryimage"},"thumbnailUrl":"https:\/\/www.transtoyou.com\/nb\/wp-content\/uploads\/sites\/10\/2026\/01\/tty-no-product-image-109.webp","datePublished":"2026-01-24T18:26:04+00:00","dateModified":"2026-02-25T12:53:27+00:00","description":"Oppdag Minocycline (Minocin) hos Transtoyou, din p\u00e5litelige kilde for effektiv behandling av huden. Handle n\u00e5 for kvalitet og bekvemmelighet.","breadcrumb":{"@id":"https:\/\/www.transtoyou.com\/nb\/product\/minocycline-minocin\/#breadcrumb"},"inLanguage":"nb-NO","potentialAction":[{"@type":"ReadAction","target":["https:\/\/www.transtoyou.com\/nb\/product\/minocycline-minocin\/"]}]},{"@type":"ImageObject","inLanguage":"nb-NO","@id":"https:\/\/www.transtoyou.com\/nb\/product\/minocycline-minocin\/#primaryimage","url":"https:\/\/www.transtoyou.com\/nb\/wp-content\/uploads\/sites\/10\/2026\/01\/tty-no-product-image-109.webp","contentUrl":"https:\/\/www.transtoyou.com\/nb\/wp-content\/uploads\/sites\/10\/2026\/01\/tty-no-product-image-109.webp","width":1000,"height":1000,"caption":"Standard produktbilde"},{"@type":"WebSite","@id":"https:\/\/www.transtoyou.com\/nb\/#website","url":"https:\/\/www.transtoyou.com\/nb\/","name":"Transtoyou - NB","description":"","publisher":{"@id":"https:\/\/www.transtoyou.com\/nb\/#organization"},"potentialAction":[{"@type":"SearchAction","target":{"@type":"EntryPoint","urlTemplate":"https:\/\/www.transtoyou.com\/nb\/?s={search_term_string}"},"query-input":{"@type":"PropertyValueSpecification","valueRequired":true,"valueName":"search_term_string"}}],"inLanguage":"nb-NO"},{"@type":"Organization","@id":"https:\/\/www.transtoyou.com\/nb\/#organization","name":"Transtoyou - NB","url":"https:\/\/www.transtoyou.com\/nb\/","logo":{"@type":"ImageObject","inLanguage":"nb-NO","@id":"https:\/\/www.transtoyou.com\/nb\/#\/schema\/logo\/image\/","url":"https:\/\/www.transtoyou.com\/nb\/wp-content\/uploads\/sites\/10\/2026\/01\/logo-tty-menu-bar-300x87-1.webp","contentUrl":"https:\/\/www.transtoyou.com\/nb\/wp-content\/uploads\/sites\/10\/2026\/01\/logo-tty-menu-bar-300x87-1.webp","width":300,"height":87,"caption":"Transtoyou - NB"},"image":{"@id":"https:\/\/www.transtoyou.com\/nb\/#\/schema\/logo\/image\/"}}]}},"_links":{"self":[{"href":"https:\/\/www.transtoyou.com\/nb\/wp-json\/wp\/v2\/product\/1038","targetHints":{"allow":["GET"]}}],"collection":[{"href":"https:\/\/www.transtoyou.com\/nb\/wp-json\/wp\/v2\/product"}],"about":[{"href":"https:\/\/www.transtoyou.com\/nb\/wp-json\/wp\/v2\/types\/product"}],"replies":[{"embeddable":true,"href":"https:\/\/www.transtoyou.com\/nb\/wp-json\/wp\/v2\/comments?post=1038"}],"wp:featuredmedia":[{"embeddable":true,"href":"https:\/\/www.transtoyou.com\/nb\/wp-json\/wp\/v2\/media\/1040"}],"wp:attachment":[{"href":"https:\/\/www.transtoyou.com\/nb\/wp-json\/wp\/v2\/media?parent=1038"}],"wp:term":[{"taxonomy":"product_brand","embeddable":true,"href":"https:\/\/www.transtoyou.com\/nb\/wp-json\/wp\/v2\/product_brand?post=1038"},{"taxonomy":"product_cat","embeddable":true,"href":"https:\/\/www.transtoyou.com\/nb\/wp-json\/wp\/v2\/product_cat?post=1038"},{"taxonomy":"product_tag","embeddable":true,"href":"https:\/\/www.transtoyou.com\/nb\/wp-json\/wp\/v2\/product_tag?post=1038"},{"taxonomy":"expert","embeddable":true,"href":"https:\/\/www.transtoyou.com\/nb\/wp-json\/wp\/v2\/expert?post=1038"}],"curies":[{"name":"wp","href":"https:\/\/api.w.org\/{rel}","templated":true}]}}