{"id":1041,"date":"2026-01-24T20:42:41","date_gmt":"2026-01-24T18:42:41","guid":{"rendered":"https:\/\/www.transtoyou.com\/nb\/product\/soolantra\/"},"modified":"2026-01-24T20:43:38","modified_gmt":"2026-01-24T18:43:38","slug":"soolantra","status":"publish","type":"product","link":"https:\/\/www.transtoyou.com\/nb\/product\/soolantra\/","title":{"rendered":"Soolantra"},"content":{"rendered":"<p>Soolantra er en reseptbelagt krem som brukes til \u00e5 behandle de inflammatoriske lesjonene ved rosacea. Dets aktive ingrediens, ivermektin, er kjent for sine antiinflammatoriske og antiparasittiske egenskaper. Rosacea er en kronisk hudtilstand som ofte viser seg med r\u00f8dhet, klumper og synlige blod\u00e5rer i ansiktet. Soolantra bidrar til \u00e5 redusere antallet klumper og kviser assosiert med denne tilstanden.<\/p>\n<p>Selv om den eksakte \u00e5rsaken til rosacea ikke er fullt ut forst\u00e5tt, er en medvirkende faktor tilstedev\u00e6relsen av mikroskopiske midd kalt Demodex p\u00e5 huden. Soolantra retter seg mot disse middene, reduserer antallet deres og beroliger hudens inflammatoriske respons. De fleste pasienter begynner \u00e5 se synlige forbedringer innen noen uker med regelmessig daglig bruk.<\/p>\n<p>Soolantra p\u00e5f\u00f8res en gang daglig p\u00e5 ren, t\u00f8rr hud. Den er ikke fet, absorberes raskt og er designet for bruk i ansiktet. I motsetning til noen rosacea-behandlinger som kan irritere huden, tolereres Soolantra generelt godt og bidrar til \u00e5 forbedre utseendet og komforten til huden over tid.<\/p>\n<p>Vanlige bivirkninger inkluderer en mild brennende eller stikkende f\u00f8lelse p\u00e5 p\u00e5f\u00f8ringsstedet, men disse pleier vanligvis \u00e5 forsvinne etter hvert som behandlingen fortsetter. Den er ikke ment for bruk hos barn eller under graviditet uten medisinsk r\u00e5d. Soolantra tilbyr en praktisk, daglig l\u00f8sning for \u00e5 h\u00e5ndtere rosacea med en m\u00e5lrettet mekanisme som st\u00f8tter klarere og roligere hud.<\/p>\n","protected":false},"excerpt":{"rendered":"<ul>\n<li>Retter seg mot rosacea-inflammasjon<\/li>\n<li>Ansiktskrem som p\u00e5f\u00f8res \u00e9n gang daglig<\/li>\n<li>Inneholder ivermektin 1%<\/li>\n<\/ul>\n","protected":false},"featured_media":1043,"comment_status":"open","ping_status":"closed","template":"","meta":[],"product_brand":[],"product_cat":[160],"product_tag":[],"expert":[16],"class_list":{"0":"post-1041","1":"product","2":"type-product","3":"status-publish","4":"has-post-thumbnail","6":"product_cat-rosacea","7":"expert-dr-c-alexandru","9":"first","10":"instock","11":"shipping-taxable","12":"product-type-variable"},"yoast_head":"<!-- This site is optimized with the Yoast SEO plugin v27.0 - https:\/\/yoast.com\/product\/yoast-seo-wordpress\/ -->\n<title>Soolantra | M\u00e5l Rosacea med Ivermektin - Transtoyou<\/title>\n<meta name=\"description\" content=\"Soolantra krem for rosacea reduserer r\u00f8dhet og klumper med ivermektin. F\u00e5 effektiv hudberoligelse her. Handle n\u00e5 p\u00e5 Transtoyou.\" \/>\n<meta name=\"robots\" content=\"noindex, follow, max-snippet:-1, max-image-preview:large, max-video-preview:-1\" \/>\n<meta property=\"og:locale\" content=\"nb_NO\" \/>\n<meta property=\"og:type\" content=\"article\" \/>\n<meta property=\"og:title\" content=\"Soolantra | M\u00e5l Rosacea med Ivermektin - Transtoyou\" \/>\n<meta property=\"og:description\" content=\"Soolantra krem for rosacea reduserer r\u00f8dhet og klumper med ivermektin. F\u00e5 effektiv hudberoligelse her. Handle n\u00e5 p\u00e5 Transtoyou.\" \/>\n<meta property=\"og:url\" content=\"https:\/\/www.transtoyou.com\/nb\/product\/soolantra\/\" \/>\n<meta property=\"og:site_name\" content=\"Transtoyou - NB\" \/>\n<meta property=\"article:modified_time\" content=\"2026-01-24T18:43:38+00:00\" \/>\n<meta name=\"twitter:card\" content=\"summary_large_image\" \/>\n<meta name=\"twitter:label1\" content=\"Ansl. lesetid\" \/>\n\t<meta name=\"twitter:data1\" content=\"1 minutt\" \/>\n<script type=\"application\/ld+json\" class=\"yoast-schema-graph\">{\"@context\":\"https:\/\/schema.org\",\"@graph\":[{\"@type\":\"WebPage\",\"@id\":\"https:\/\/www.transtoyou.com\/nb\/product\/soolantra\/\",\"url\":\"https:\/\/www.transtoyou.com\/nb\/product\/soolantra\/\",\"name\":\"Soolantra | M\u00e5l Rosacea med Ivermektin - Transtoyou\",\"isPartOf\":{\"@id\":\"https:\/\/www.transtoyou.com\/nb\/#website\"},\"primaryImageOfPage\":{\"@id\":\"https:\/\/www.transtoyou.com\/nb\/product\/soolantra\/#primaryimage\"},\"image\":{\"@id\":\"https:\/\/www.transtoyou.com\/nb\/product\/soolantra\/#primaryimage\"},\"thumbnailUrl\":\"https:\/\/www.transtoyou.com\/nb\/wp-content\/uploads\/sites\/10\/2026\/01\/tty-no-product-image-110.webp\",\"datePublished\":\"2026-01-24T18:42:41+00:00\",\"dateModified\":\"2026-01-24T18:43:38+00:00\",\"description\":\"Soolantra krem for rosacea reduserer r\u00f8dhet og klumper med ivermektin. F\u00e5 effektiv hudberoligelse her. Handle n\u00e5 p\u00e5 Transtoyou.\",\"breadcrumb\":{\"@id\":\"https:\/\/www.transtoyou.com\/nb\/product\/soolantra\/#breadcrumb\"},\"inLanguage\":\"nb-NO\",\"potentialAction\":[{\"@type\":\"ReadAction\",\"target\":[\"https:\/\/www.transtoyou.com\/nb\/product\/soolantra\/\"]}]},{\"@type\":\"ImageObject\",\"inLanguage\":\"nb-NO\",\"@id\":\"https:\/\/www.transtoyou.com\/nb\/product\/soolantra\/#primaryimage\",\"url\":\"https:\/\/www.transtoyou.com\/nb\/wp-content\/uploads\/sites\/10\/2026\/01\/tty-no-product-image-110.webp\",\"contentUrl\":\"https:\/\/www.transtoyou.com\/nb\/wp-content\/uploads\/sites\/10\/2026\/01\/tty-no-product-image-110.webp\",\"width\":1000,\"height\":1000,\"caption\":\"Standard produktbilde\"},{\"@type\":\"WebSite\",\"@id\":\"https:\/\/www.transtoyou.com\/nb\/#website\",\"url\":\"https:\/\/www.transtoyou.com\/nb\/\",\"name\":\"Transtoyou - NB\",\"description\":\"\",\"publisher\":{\"@id\":\"https:\/\/www.transtoyou.com\/nb\/#organization\"},\"potentialAction\":[{\"@type\":\"SearchAction\",\"target\":{\"@type\":\"EntryPoint\",\"urlTemplate\":\"https:\/\/www.transtoyou.com\/nb\/?s={search_term_string}\"},\"query-input\":{\"@type\":\"PropertyValueSpecification\",\"valueRequired\":true,\"valueName\":\"search_term_string\"}}],\"inLanguage\":\"nb-NO\"},{\"@type\":\"Organization\",\"@id\":\"https:\/\/www.transtoyou.com\/nb\/#organization\",\"name\":\"Transtoyou - NB\",\"url\":\"https:\/\/www.transtoyou.com\/nb\/\",\"logo\":{\"@type\":\"ImageObject\",\"inLanguage\":\"nb-NO\",\"@id\":\"https:\/\/www.transtoyou.com\/nb\/#\/schema\/logo\/image\/\",\"url\":\"https:\/\/www.transtoyou.com\/nb\/wp-content\/uploads\/sites\/10\/2026\/01\/logo-tty-menu-bar-300x87-1.webp\",\"contentUrl\":\"https:\/\/www.transtoyou.com\/nb\/wp-content\/uploads\/sites\/10\/2026\/01\/logo-tty-menu-bar-300x87-1.webp\",\"width\":300,\"height\":87,\"caption\":\"Transtoyou - NB\"},\"image\":{\"@id\":\"https:\/\/www.transtoyou.com\/nb\/#\/schema\/logo\/image\/\"}}]}<\/script>\n<!-- \/ Yoast SEO plugin. -->","yoast_head_json":{"title":"Soolantra | M\u00e5l Rosacea med Ivermektin - Transtoyou","description":"Soolantra krem for rosacea reduserer r\u00f8dhet og klumper med ivermektin. F\u00e5 effektiv hudberoligelse her. Handle n\u00e5 p\u00e5 Transtoyou.","robots":{"index":"noindex","follow":"follow","max-snippet":"max-snippet:-1","max-image-preview":"max-image-preview:large","max-video-preview":"max-video-preview:-1"},"og_locale":"nb_NO","og_type":"article","og_title":"Soolantra | M\u00e5l Rosacea med Ivermektin - Transtoyou","og_description":"Soolantra krem for rosacea reduserer r\u00f8dhet og klumper med ivermektin. F\u00e5 effektiv hudberoligelse her. Handle n\u00e5 p\u00e5 Transtoyou.","og_url":"https:\/\/www.transtoyou.com\/nb\/product\/soolantra\/","og_site_name":"Transtoyou - NB","article_modified_time":"2026-01-24T18:43:38+00:00","twitter_card":"summary_large_image","twitter_misc":{"Ansl. lesetid":"1 minutt"},"schema":{"@context":"https:\/\/schema.org","@graph":[{"@type":"WebPage","@id":"https:\/\/www.transtoyou.com\/nb\/product\/soolantra\/","url":"https:\/\/www.transtoyou.com\/nb\/product\/soolantra\/","name":"Soolantra | M\u00e5l Rosacea med Ivermektin - Transtoyou","isPartOf":{"@id":"https:\/\/www.transtoyou.com\/nb\/#website"},"primaryImageOfPage":{"@id":"https:\/\/www.transtoyou.com\/nb\/product\/soolantra\/#primaryimage"},"image":{"@id":"https:\/\/www.transtoyou.com\/nb\/product\/soolantra\/#primaryimage"},"thumbnailUrl":"https:\/\/www.transtoyou.com\/nb\/wp-content\/uploads\/sites\/10\/2026\/01\/tty-no-product-image-110.webp","datePublished":"2026-01-24T18:42:41+00:00","dateModified":"2026-01-24T18:43:38+00:00","description":"Soolantra krem for rosacea reduserer r\u00f8dhet og klumper med ivermektin. F\u00e5 effektiv hudberoligelse her. Handle n\u00e5 p\u00e5 Transtoyou.","breadcrumb":{"@id":"https:\/\/www.transtoyou.com\/nb\/product\/soolantra\/#breadcrumb"},"inLanguage":"nb-NO","potentialAction":[{"@type":"ReadAction","target":["https:\/\/www.transtoyou.com\/nb\/product\/soolantra\/"]}]},{"@type":"ImageObject","inLanguage":"nb-NO","@id":"https:\/\/www.transtoyou.com\/nb\/product\/soolantra\/#primaryimage","url":"https:\/\/www.transtoyou.com\/nb\/wp-content\/uploads\/sites\/10\/2026\/01\/tty-no-product-image-110.webp","contentUrl":"https:\/\/www.transtoyou.com\/nb\/wp-content\/uploads\/sites\/10\/2026\/01\/tty-no-product-image-110.webp","width":1000,"height":1000,"caption":"Standard produktbilde"},{"@type":"WebSite","@id":"https:\/\/www.transtoyou.com\/nb\/#website","url":"https:\/\/www.transtoyou.com\/nb\/","name":"Transtoyou - NB","description":"","publisher":{"@id":"https:\/\/www.transtoyou.com\/nb\/#organization"},"potentialAction":[{"@type":"SearchAction","target":{"@type":"EntryPoint","urlTemplate":"https:\/\/www.transtoyou.com\/nb\/?s={search_term_string}"},"query-input":{"@type":"PropertyValueSpecification","valueRequired":true,"valueName":"search_term_string"}}],"inLanguage":"nb-NO"},{"@type":"Organization","@id":"https:\/\/www.transtoyou.com\/nb\/#organization","name":"Transtoyou - NB","url":"https:\/\/www.transtoyou.com\/nb\/","logo":{"@type":"ImageObject","inLanguage":"nb-NO","@id":"https:\/\/www.transtoyou.com\/nb\/#\/schema\/logo\/image\/","url":"https:\/\/www.transtoyou.com\/nb\/wp-content\/uploads\/sites\/10\/2026\/01\/logo-tty-menu-bar-300x87-1.webp","contentUrl":"https:\/\/www.transtoyou.com\/nb\/wp-content\/uploads\/sites\/10\/2026\/01\/logo-tty-menu-bar-300x87-1.webp","width":300,"height":87,"caption":"Transtoyou - NB"},"image":{"@id":"https:\/\/www.transtoyou.com\/nb\/#\/schema\/logo\/image\/"}}]}},"_links":{"self":[{"href":"https:\/\/www.transtoyou.com\/nb\/wp-json\/wp\/v2\/product\/1041","targetHints":{"allow":["GET"]}}],"collection":[{"href":"https:\/\/www.transtoyou.com\/nb\/wp-json\/wp\/v2\/product"}],"about":[{"href":"https:\/\/www.transtoyou.com\/nb\/wp-json\/wp\/v2\/types\/product"}],"replies":[{"embeddable":true,"href":"https:\/\/www.transtoyou.com\/nb\/wp-json\/wp\/v2\/comments?post=1041"}],"wp:featuredmedia":[{"embeddable":true,"href":"https:\/\/www.transtoyou.com\/nb\/wp-json\/wp\/v2\/media\/1043"}],"wp:attachment":[{"href":"https:\/\/www.transtoyou.com\/nb\/wp-json\/wp\/v2\/media?parent=1041"}],"wp:term":[{"taxonomy":"product_brand","embeddable":true,"href":"https:\/\/www.transtoyou.com\/nb\/wp-json\/wp\/v2\/product_brand?post=1041"},{"taxonomy":"product_cat","embeddable":true,"href":"https:\/\/www.transtoyou.com\/nb\/wp-json\/wp\/v2\/product_cat?post=1041"},{"taxonomy":"product_tag","embeddable":true,"href":"https:\/\/www.transtoyou.com\/nb\/wp-json\/wp\/v2\/product_tag?post=1041"},{"taxonomy":"expert","embeddable":true,"href":"https:\/\/www.transtoyou.com\/nb\/wp-json\/wp\/v2\/expert?post=1041"}],"curies":[{"name":"wp","href":"https:\/\/api.w.org\/{rel}","templated":true}]}}