{"id":1044,"date":"2026-01-24T20:58:52","date_gmt":"2026-01-24T18:58:52","guid":{"rendered":"https:\/\/www.transtoyou.com\/nb\/product\/circadin\/"},"modified":"2026-01-24T20:59:51","modified_gmt":"2026-01-24T18:59:51","slug":"circadin","status":"publish","type":"product","link":"https:\/\/www.transtoyou.com\/nb\/product\/circadin\/","title":{"rendered":"Circadin"},"content":{"rendered":"<p>Circadin er en reseptbelagt medisin som inneholder 2 mg av langtidsvirkende melatonin, spesifikt utviklet for \u00e5 st\u00f8tte den naturlige s\u00f8vn-v\u00e5kensyklusen. Den er prim\u00e6rt foreskrevet for voksne over 55 \u00e5r som opplever d\u00e5rlig s\u00f8vnkvalitet p\u00e5 grunn av s\u00f8vnl\u00f8shet eller aldersrelaterte endringer i melatoninproduksjonen. I motsetning til standard melatonintilskudd er Circadin designet for \u00e5 etterligne kroppens naturlige nattsutslipp av melatonin, noe som bidrar til \u00e5 fremme lengre og mer hvilefull s\u00f8vn.<\/p>\n<p>Melatonin er et hormon som kroppen naturlig produserer som respons p\u00e5 m\u00f8rke. Circadin supplerer dette hormonet i en kontrollert frigj\u00f8ringsform, og hjelper folk med \u00e5 sovne raskere, sove dypere og redusere nattlige oppv\u00e5kninger. Det tilbyr et mildt alternativ til tradisjonelle sovepiller uten \u00e5 for\u00e5rsake avhengighet eller betydelig d\u00f8sighet p\u00e5 dagtid.<\/p>\n<p>Circadin tas oralt, en til to timer f\u00f8r sengetid, og er mest effektivt n\u00e5r det kombineres med gode s\u00f8vnhygienepraksiser, som \u00e5 unng\u00e5 skjermer f\u00f8r sengetid og opprettholde en regelmessig s\u00f8vnrytme. Det begynner \u00e5 virke innen de f\u00f8rste dagene, med full effekt ofte sett etter en til to uker med konsekvent bruk.<\/p>\n<p>Det tolereres generelt godt, selv om noen individer kan oppleve milde bivirkninger som hodepine, kvalme eller d\u00f8sighet. Det b\u00f8r ikke brukes sammen med alkohol eller sterke beroligende midler, da disse kan svekke effektiviteten.<\/p>\n","protected":false},"excerpt":{"rendered":"<ul>\n<li>Receptbelagt s\u00f8vnst\u00f8tte<\/li>\n<li>Langsomt frigj\u00f8rende melatonin<\/li>\n<li>Forbedrer s\u00f8vnkvaliteten<\/li>\n<\/ul>\n","protected":false},"featured_media":1046,"comment_status":"open","ping_status":"closed","template":"","meta":[],"product_brand":[],"product_cat":[164],"product_tag":[],"expert":[16],"class_list":{"0":"post-1044","1":"product","2":"type-product","3":"status-publish","4":"has-post-thumbnail","6":"product_cat-sovnforstyrrelser","7":"expert-dr-c-alexandru","9":"first","10":"instock","11":"shipping-taxable","12":"product-type-variable"},"yoast_head":"<!-- This site is optimized with the Yoast SEO plugin v27.0 - https:\/\/yoast.com\/product\/yoast-seo-wordpress\/ -->\n<title>Circadin | S\u00f8vnst\u00f8tte Velv\u00e6re - Transtoyou<\/title>\n<meta name=\"description\" content=\"Circadin tilgjengelig her, st\u00f8tter naturlig hvilefull s\u00f8vn. Kj\u00f8p n\u00e5 for en klinisk vurdert l\u00f8sning for \u00e5 forbedre s\u00f8vnkvaliteten enkelt.\" \/>\n<meta name=\"robots\" content=\"noindex, follow, max-snippet:-1, max-image-preview:large, max-video-preview:-1\" \/>\n<meta property=\"og:locale\" content=\"nb_NO\" \/>\n<meta property=\"og:type\" content=\"article\" \/>\n<meta property=\"og:title\" content=\"Circadin | S\u00f8vnst\u00f8tte Velv\u00e6re - Transtoyou\" \/>\n<meta property=\"og:description\" content=\"Circadin tilgjengelig her, st\u00f8tter naturlig hvilefull s\u00f8vn. Kj\u00f8p n\u00e5 for en klinisk vurdert l\u00f8sning for \u00e5 forbedre s\u00f8vnkvaliteten enkelt.\" \/>\n<meta property=\"og:url\" content=\"https:\/\/www.transtoyou.com\/nb\/product\/circadin\/\" \/>\n<meta property=\"og:site_name\" content=\"Transtoyou - NB\" \/>\n<meta property=\"article:modified_time\" content=\"2026-01-24T18:59:51+00:00\" \/>\n<meta name=\"twitter:card\" content=\"summary_large_image\" \/>\n<meta name=\"twitter:label1\" content=\"Ansl. lesetid\" \/>\n\t<meta name=\"twitter:data1\" content=\"1 minutt\" \/>\n<script type=\"application\/ld+json\" class=\"yoast-schema-graph\">{\"@context\":\"https:\/\/schema.org\",\"@graph\":[{\"@type\":\"WebPage\",\"@id\":\"https:\/\/www.transtoyou.com\/nb\/product\/circadin\/\",\"url\":\"https:\/\/www.transtoyou.com\/nb\/product\/circadin\/\",\"name\":\"Circadin | S\u00f8vnst\u00f8tte Velv\u00e6re - Transtoyou\",\"isPartOf\":{\"@id\":\"https:\/\/www.transtoyou.com\/nb\/#website\"},\"primaryImageOfPage\":{\"@id\":\"https:\/\/www.transtoyou.com\/nb\/product\/circadin\/#primaryimage\"},\"image\":{\"@id\":\"https:\/\/www.transtoyou.com\/nb\/product\/circadin\/#primaryimage\"},\"thumbnailUrl\":\"https:\/\/www.transtoyou.com\/nb\/wp-content\/uploads\/sites\/10\/2026\/01\/tty-no-product-image-111.webp\",\"datePublished\":\"2026-01-24T18:58:52+00:00\",\"dateModified\":\"2026-01-24T18:59:51+00:00\",\"description\":\"Circadin tilgjengelig her, st\u00f8tter naturlig hvilefull s\u00f8vn. Kj\u00f8p n\u00e5 for en klinisk vurdert l\u00f8sning for \u00e5 forbedre s\u00f8vnkvaliteten enkelt.\",\"breadcrumb\":{\"@id\":\"https:\/\/www.transtoyou.com\/nb\/product\/circadin\/#breadcrumb\"},\"inLanguage\":\"nb-NO\",\"potentialAction\":[{\"@type\":\"ReadAction\",\"target\":[\"https:\/\/www.transtoyou.com\/nb\/product\/circadin\/\"]}]},{\"@type\":\"ImageObject\",\"inLanguage\":\"nb-NO\",\"@id\":\"https:\/\/www.transtoyou.com\/nb\/product\/circadin\/#primaryimage\",\"url\":\"https:\/\/www.transtoyou.com\/nb\/wp-content\/uploads\/sites\/10\/2026\/01\/tty-no-product-image-111.webp\",\"contentUrl\":\"https:\/\/www.transtoyou.com\/nb\/wp-content\/uploads\/sites\/10\/2026\/01\/tty-no-product-image-111.webp\",\"width\":1000,\"height\":1000,\"caption\":\"Standard produktbilde\"},{\"@type\":\"WebSite\",\"@id\":\"https:\/\/www.transtoyou.com\/nb\/#website\",\"url\":\"https:\/\/www.transtoyou.com\/nb\/\",\"name\":\"Transtoyou - NB\",\"description\":\"\",\"publisher\":{\"@id\":\"https:\/\/www.transtoyou.com\/nb\/#organization\"},\"potentialAction\":[{\"@type\":\"SearchAction\",\"target\":{\"@type\":\"EntryPoint\",\"urlTemplate\":\"https:\/\/www.transtoyou.com\/nb\/?s={search_term_string}\"},\"query-input\":{\"@type\":\"PropertyValueSpecification\",\"valueRequired\":true,\"valueName\":\"search_term_string\"}}],\"inLanguage\":\"nb-NO\"},{\"@type\":\"Organization\",\"@id\":\"https:\/\/www.transtoyou.com\/nb\/#organization\",\"name\":\"Transtoyou - NB\",\"url\":\"https:\/\/www.transtoyou.com\/nb\/\",\"logo\":{\"@type\":\"ImageObject\",\"inLanguage\":\"nb-NO\",\"@id\":\"https:\/\/www.transtoyou.com\/nb\/#\/schema\/logo\/image\/\",\"url\":\"https:\/\/www.transtoyou.com\/nb\/wp-content\/uploads\/sites\/10\/2026\/01\/logo-tty-menu-bar-300x87-1.webp\",\"contentUrl\":\"https:\/\/www.transtoyou.com\/nb\/wp-content\/uploads\/sites\/10\/2026\/01\/logo-tty-menu-bar-300x87-1.webp\",\"width\":300,\"height\":87,\"caption\":\"Transtoyou - NB\"},\"image\":{\"@id\":\"https:\/\/www.transtoyou.com\/nb\/#\/schema\/logo\/image\/\"}}]}<\/script>\n<!-- \/ Yoast SEO plugin. -->","yoast_head_json":{"title":"Circadin | S\u00f8vnst\u00f8tte Velv\u00e6re - Transtoyou","description":"Circadin tilgjengelig her, st\u00f8tter naturlig hvilefull s\u00f8vn. Kj\u00f8p n\u00e5 for en klinisk vurdert l\u00f8sning for \u00e5 forbedre s\u00f8vnkvaliteten enkelt.","robots":{"index":"noindex","follow":"follow","max-snippet":"max-snippet:-1","max-image-preview":"max-image-preview:large","max-video-preview":"max-video-preview:-1"},"og_locale":"nb_NO","og_type":"article","og_title":"Circadin | S\u00f8vnst\u00f8tte Velv\u00e6re - Transtoyou","og_description":"Circadin tilgjengelig her, st\u00f8tter naturlig hvilefull s\u00f8vn. Kj\u00f8p n\u00e5 for en klinisk vurdert l\u00f8sning for \u00e5 forbedre s\u00f8vnkvaliteten enkelt.","og_url":"https:\/\/www.transtoyou.com\/nb\/product\/circadin\/","og_site_name":"Transtoyou - NB","article_modified_time":"2026-01-24T18:59:51+00:00","twitter_card":"summary_large_image","twitter_misc":{"Ansl. lesetid":"1 minutt"},"schema":{"@context":"https:\/\/schema.org","@graph":[{"@type":"WebPage","@id":"https:\/\/www.transtoyou.com\/nb\/product\/circadin\/","url":"https:\/\/www.transtoyou.com\/nb\/product\/circadin\/","name":"Circadin | S\u00f8vnst\u00f8tte Velv\u00e6re - Transtoyou","isPartOf":{"@id":"https:\/\/www.transtoyou.com\/nb\/#website"},"primaryImageOfPage":{"@id":"https:\/\/www.transtoyou.com\/nb\/product\/circadin\/#primaryimage"},"image":{"@id":"https:\/\/www.transtoyou.com\/nb\/product\/circadin\/#primaryimage"},"thumbnailUrl":"https:\/\/www.transtoyou.com\/nb\/wp-content\/uploads\/sites\/10\/2026\/01\/tty-no-product-image-111.webp","datePublished":"2026-01-24T18:58:52+00:00","dateModified":"2026-01-24T18:59:51+00:00","description":"Circadin tilgjengelig her, st\u00f8tter naturlig hvilefull s\u00f8vn. Kj\u00f8p n\u00e5 for en klinisk vurdert l\u00f8sning for \u00e5 forbedre s\u00f8vnkvaliteten enkelt.","breadcrumb":{"@id":"https:\/\/www.transtoyou.com\/nb\/product\/circadin\/#breadcrumb"},"inLanguage":"nb-NO","potentialAction":[{"@type":"ReadAction","target":["https:\/\/www.transtoyou.com\/nb\/product\/circadin\/"]}]},{"@type":"ImageObject","inLanguage":"nb-NO","@id":"https:\/\/www.transtoyou.com\/nb\/product\/circadin\/#primaryimage","url":"https:\/\/www.transtoyou.com\/nb\/wp-content\/uploads\/sites\/10\/2026\/01\/tty-no-product-image-111.webp","contentUrl":"https:\/\/www.transtoyou.com\/nb\/wp-content\/uploads\/sites\/10\/2026\/01\/tty-no-product-image-111.webp","width":1000,"height":1000,"caption":"Standard produktbilde"},{"@type":"WebSite","@id":"https:\/\/www.transtoyou.com\/nb\/#website","url":"https:\/\/www.transtoyou.com\/nb\/","name":"Transtoyou - NB","description":"","publisher":{"@id":"https:\/\/www.transtoyou.com\/nb\/#organization"},"potentialAction":[{"@type":"SearchAction","target":{"@type":"EntryPoint","urlTemplate":"https:\/\/www.transtoyou.com\/nb\/?s={search_term_string}"},"query-input":{"@type":"PropertyValueSpecification","valueRequired":true,"valueName":"search_term_string"}}],"inLanguage":"nb-NO"},{"@type":"Organization","@id":"https:\/\/www.transtoyou.com\/nb\/#organization","name":"Transtoyou - NB","url":"https:\/\/www.transtoyou.com\/nb\/","logo":{"@type":"ImageObject","inLanguage":"nb-NO","@id":"https:\/\/www.transtoyou.com\/nb\/#\/schema\/logo\/image\/","url":"https:\/\/www.transtoyou.com\/nb\/wp-content\/uploads\/sites\/10\/2026\/01\/logo-tty-menu-bar-300x87-1.webp","contentUrl":"https:\/\/www.transtoyou.com\/nb\/wp-content\/uploads\/sites\/10\/2026\/01\/logo-tty-menu-bar-300x87-1.webp","width":300,"height":87,"caption":"Transtoyou - NB"},"image":{"@id":"https:\/\/www.transtoyou.com\/nb\/#\/schema\/logo\/image\/"}}]}},"_links":{"self":[{"href":"https:\/\/www.transtoyou.com\/nb\/wp-json\/wp\/v2\/product\/1044","targetHints":{"allow":["GET"]}}],"collection":[{"href":"https:\/\/www.transtoyou.com\/nb\/wp-json\/wp\/v2\/product"}],"about":[{"href":"https:\/\/www.transtoyou.com\/nb\/wp-json\/wp\/v2\/types\/product"}],"replies":[{"embeddable":true,"href":"https:\/\/www.transtoyou.com\/nb\/wp-json\/wp\/v2\/comments?post=1044"}],"wp:featuredmedia":[{"embeddable":true,"href":"https:\/\/www.transtoyou.com\/nb\/wp-json\/wp\/v2\/media\/1046"}],"wp:attachment":[{"href":"https:\/\/www.transtoyou.com\/nb\/wp-json\/wp\/v2\/media?parent=1044"}],"wp:term":[{"taxonomy":"product_brand","embeddable":true,"href":"https:\/\/www.transtoyou.com\/nb\/wp-json\/wp\/v2\/product_brand?post=1044"},{"taxonomy":"product_cat","embeddable":true,"href":"https:\/\/www.transtoyou.com\/nb\/wp-json\/wp\/v2\/product_cat?post=1044"},{"taxonomy":"product_tag","embeddable":true,"href":"https:\/\/www.transtoyou.com\/nb\/wp-json\/wp\/v2\/product_tag?post=1044"},{"taxonomy":"expert","embeddable":true,"href":"https:\/\/www.transtoyou.com\/nb\/wp-json\/wp\/v2\/expert?post=1044"}],"curies":[{"name":"wp","href":"https:\/\/api.w.org\/{rel}","templated":true}]}}