{"id":1047,"date":"2026-01-24T21:15:41","date_gmt":"2026-01-24T19:15:41","guid":{"rendered":"https:\/\/www.transtoyou.com\/nb\/product\/melatonin\/"},"modified":"2026-02-25T09:40:34","modified_gmt":"2026-02-25T07:40:34","slug":"melatonin","status":"publish","type":"product","link":"https:\/\/www.transtoyou.com\/nb\/product\/melatonin\/","title":{"rendered":"Melatonin"},"content":{"rendered":"<p>Melatonin er et naturlig forekommende hormon som spiller en n\u00f8kkelrolle i reguleringen av s\u00f8vn-v\u00e5kensyklusen. Tilgjengelig som et reseptfritt kosttilskudd i mange land, er det mye brukt for \u00e5 forbedre s\u00f8vnkvaliteten, lindre jetlag og hjelpe folk med \u00e5 sovne lettere. Melatonin-kosttilskudd er spesielt popul\u00e6re blant personer med uregelmessige s\u00f8vnvaner, som skiftarbeidere eller hyppige reisende, samt de som opplever sporadisk s\u00f8vnl\u00f8shet.<\/p>\n<p>Melatonin fungerer ved \u00e5 signalisere til kroppen at det er p\u00e5 tide \u00e5 sove, og etterligner stigningen i naturlige melatoninniv\u00e5er som skjer om kvelden. Tilskudd med melatonin kan hjelpe med \u00e5 synkronisere kroppens indre klokke, spesielt n\u00e5r d\u00f8gnrytmen er forstyrret. I motsetning til tradisjonelle sovepiller, fungerer ikke melatonin som et beroligende middel, men st\u00f8tter den naturlige innsettelsen av s\u00f8vn.<\/p>\n<p>Melatonin tas vanligvis 30 minutter til en time f\u00f8r leggetid. Det tolereres godt og f\u00f8rer ikke til avhengighet eller morgenkvalme n\u00e5r det brukes riktig. Doseringen varierer avhengig av det spesifikke behovet, med lavere doser som ofte er like effektive som h\u00f8yere. Selv om det vanligvis brukes for kortsiktig s\u00f8vnst\u00f8tte, bruker noen personer det regelmessig som en del av sin s\u00f8vnhygiene-rutine.<\/p>\n<p>Bivirkninger er sjeldne, men kan inkludere d\u00f8sighet, svimmelhet eller mild ford\u00f8yelsesbesv\u00e6r. Siden melatonin kan p\u00e5virke hormonniv\u00e5ene, er det kanskje ikke egnet for alle, spesielt under graviditet eller amming.<\/p>\n","protected":false},"excerpt":{"rendered":"<ul>\n<li>St\u00f8tter naturlig s\u00f8vnrutine<\/li>\n<li>Ikke vanedannende kosttilskudd<\/li>\n<li>Ideell for reise og jetlag<\/li>\n<\/ul>\n","protected":false},"featured_media":1049,"comment_status":"open","ping_status":"closed","template":"","meta":[],"product_brand":[],"product_cat":[164],"product_tag":[],"expert":[16],"class_list":{"0":"post-1047","1":"product","2":"type-product","3":"status-publish","4":"has-post-thumbnail","6":"product_cat-sovnforstyrrelser","7":"expert-dr-c-alexandru","9":"first","10":"instock","11":"shipping-taxable","12":"product-type-variable"},"yoast_head":"<!-- This site is optimized with the Yoast SEO plugin v27.0 - https:\/\/yoast.com\/product\/yoast-seo-wordpress\/ -->\n<title>Melatonin | Forbedre S\u00f8vnkvaliteten Naturlig - Transtoyou<\/title>\n<meta name=\"description\" content=\"Melatonin kosttilskudd for bedre s\u00f8vn, jetlaglindring og forbedret d\u00f8gnrytme, tilgjengelig p\u00e5 Transtoyou. Handle n\u00e5 for en avslappende natt.\" \/>\n<meta name=\"robots\" content=\"noindex, follow, max-snippet:-1, max-image-preview:large, max-video-preview:-1\" \/>\n<meta property=\"og:locale\" content=\"nb_NO\" \/>\n<meta property=\"og:type\" content=\"article\" \/>\n<meta property=\"og:title\" content=\"Melatonin | Forbedre S\u00f8vnkvaliteten Naturlig - Transtoyou\" \/>\n<meta property=\"og:description\" content=\"Melatonin kosttilskudd for bedre s\u00f8vn, jetlaglindring og forbedret d\u00f8gnrytme, tilgjengelig p\u00e5 Transtoyou. Handle n\u00e5 for en avslappende natt.\" \/>\n<meta property=\"og:url\" content=\"https:\/\/www.transtoyou.com\/nb\/product\/melatonin\/\" \/>\n<meta property=\"og:site_name\" content=\"Transtoyou - NB\" \/>\n<meta property=\"article:modified_time\" content=\"2026-02-25T07:40:34+00:00\" \/>\n<meta name=\"twitter:card\" content=\"summary_large_image\" \/>\n<meta name=\"twitter:label1\" content=\"Ansl. lesetid\" \/>\n\t<meta name=\"twitter:data1\" content=\"1 minutt\" \/>\n<script type=\"application\/ld+json\" class=\"yoast-schema-graph\">{\"@context\":\"https:\/\/schema.org\",\"@graph\":[{\"@type\":\"WebPage\",\"@id\":\"https:\/\/www.transtoyou.com\/nb\/product\/melatonin\/\",\"url\":\"https:\/\/www.transtoyou.com\/nb\/product\/melatonin\/\",\"name\":\"Melatonin | Forbedre S\u00f8vnkvaliteten Naturlig - Transtoyou\",\"isPartOf\":{\"@id\":\"https:\/\/www.transtoyou.com\/nb\/#website\"},\"primaryImageOfPage\":{\"@id\":\"https:\/\/www.transtoyou.com\/nb\/product\/melatonin\/#primaryimage\"},\"image\":{\"@id\":\"https:\/\/www.transtoyou.com\/nb\/product\/melatonin\/#primaryimage\"},\"thumbnailUrl\":\"https:\/\/www.transtoyou.com\/nb\/wp-content\/uploads\/sites\/10\/2026\/01\/tty-no-product-image-112.webp\",\"datePublished\":\"2026-01-24T19:15:41+00:00\",\"dateModified\":\"2026-02-25T07:40:34+00:00\",\"description\":\"Melatonin kosttilskudd for bedre s\u00f8vn, jetlaglindring og forbedret d\u00f8gnrytme, tilgjengelig p\u00e5 Transtoyou. Handle n\u00e5 for en avslappende natt.\",\"breadcrumb\":{\"@id\":\"https:\/\/www.transtoyou.com\/nb\/product\/melatonin\/#breadcrumb\"},\"inLanguage\":\"nb-NO\",\"potentialAction\":[{\"@type\":\"ReadAction\",\"target\":[\"https:\/\/www.transtoyou.com\/nb\/product\/melatonin\/\"]}]},{\"@type\":\"ImageObject\",\"inLanguage\":\"nb-NO\",\"@id\":\"https:\/\/www.transtoyou.com\/nb\/product\/melatonin\/#primaryimage\",\"url\":\"https:\/\/www.transtoyou.com\/nb\/wp-content\/uploads\/sites\/10\/2026\/01\/tty-no-product-image-112.webp\",\"contentUrl\":\"https:\/\/www.transtoyou.com\/nb\/wp-content\/uploads\/sites\/10\/2026\/01\/tty-no-product-image-112.webp\",\"width\":1000,\"height\":1000,\"caption\":\"Standard produktbilde\"},{\"@type\":\"WebSite\",\"@id\":\"https:\/\/www.transtoyou.com\/nb\/#website\",\"url\":\"https:\/\/www.transtoyou.com\/nb\/\",\"name\":\"Transtoyou - NB\",\"description\":\"\",\"publisher\":{\"@id\":\"https:\/\/www.transtoyou.com\/nb\/#organization\"},\"potentialAction\":[{\"@type\":\"SearchAction\",\"target\":{\"@type\":\"EntryPoint\",\"urlTemplate\":\"https:\/\/www.transtoyou.com\/nb\/?s={search_term_string}\"},\"query-input\":{\"@type\":\"PropertyValueSpecification\",\"valueRequired\":true,\"valueName\":\"search_term_string\"}}],\"inLanguage\":\"nb-NO\"},{\"@type\":\"Organization\",\"@id\":\"https:\/\/www.transtoyou.com\/nb\/#organization\",\"name\":\"Transtoyou - NB\",\"url\":\"https:\/\/www.transtoyou.com\/nb\/\",\"logo\":{\"@type\":\"ImageObject\",\"inLanguage\":\"nb-NO\",\"@id\":\"https:\/\/www.transtoyou.com\/nb\/#\/schema\/logo\/image\/\",\"url\":\"https:\/\/www.transtoyou.com\/nb\/wp-content\/uploads\/sites\/10\/2026\/01\/logo-tty-menu-bar-300x87-1.webp\",\"contentUrl\":\"https:\/\/www.transtoyou.com\/nb\/wp-content\/uploads\/sites\/10\/2026\/01\/logo-tty-menu-bar-300x87-1.webp\",\"width\":300,\"height\":87,\"caption\":\"Transtoyou - NB\"},\"image\":{\"@id\":\"https:\/\/www.transtoyou.com\/nb\/#\/schema\/logo\/image\/\"}}]}<\/script>\n<!-- \/ Yoast SEO plugin. -->","yoast_head_json":{"title":"Melatonin | Forbedre S\u00f8vnkvaliteten Naturlig - Transtoyou","description":"Melatonin kosttilskudd for bedre s\u00f8vn, jetlaglindring og forbedret d\u00f8gnrytme, tilgjengelig p\u00e5 Transtoyou. Handle n\u00e5 for en avslappende natt.","robots":{"index":"noindex","follow":"follow","max-snippet":"max-snippet:-1","max-image-preview":"max-image-preview:large","max-video-preview":"max-video-preview:-1"},"og_locale":"nb_NO","og_type":"article","og_title":"Melatonin | Forbedre S\u00f8vnkvaliteten Naturlig - Transtoyou","og_description":"Melatonin kosttilskudd for bedre s\u00f8vn, jetlaglindring og forbedret d\u00f8gnrytme, tilgjengelig p\u00e5 Transtoyou. Handle n\u00e5 for en avslappende natt.","og_url":"https:\/\/www.transtoyou.com\/nb\/product\/melatonin\/","og_site_name":"Transtoyou - NB","article_modified_time":"2026-02-25T07:40:34+00:00","twitter_card":"summary_large_image","twitter_misc":{"Ansl. lesetid":"1 minutt"},"schema":{"@context":"https:\/\/schema.org","@graph":[{"@type":"WebPage","@id":"https:\/\/www.transtoyou.com\/nb\/product\/melatonin\/","url":"https:\/\/www.transtoyou.com\/nb\/product\/melatonin\/","name":"Melatonin | Forbedre S\u00f8vnkvaliteten Naturlig - Transtoyou","isPartOf":{"@id":"https:\/\/www.transtoyou.com\/nb\/#website"},"primaryImageOfPage":{"@id":"https:\/\/www.transtoyou.com\/nb\/product\/melatonin\/#primaryimage"},"image":{"@id":"https:\/\/www.transtoyou.com\/nb\/product\/melatonin\/#primaryimage"},"thumbnailUrl":"https:\/\/www.transtoyou.com\/nb\/wp-content\/uploads\/sites\/10\/2026\/01\/tty-no-product-image-112.webp","datePublished":"2026-01-24T19:15:41+00:00","dateModified":"2026-02-25T07:40:34+00:00","description":"Melatonin kosttilskudd for bedre s\u00f8vn, jetlaglindring og forbedret d\u00f8gnrytme, tilgjengelig p\u00e5 Transtoyou. Handle n\u00e5 for en avslappende natt.","breadcrumb":{"@id":"https:\/\/www.transtoyou.com\/nb\/product\/melatonin\/#breadcrumb"},"inLanguage":"nb-NO","potentialAction":[{"@type":"ReadAction","target":["https:\/\/www.transtoyou.com\/nb\/product\/melatonin\/"]}]},{"@type":"ImageObject","inLanguage":"nb-NO","@id":"https:\/\/www.transtoyou.com\/nb\/product\/melatonin\/#primaryimage","url":"https:\/\/www.transtoyou.com\/nb\/wp-content\/uploads\/sites\/10\/2026\/01\/tty-no-product-image-112.webp","contentUrl":"https:\/\/www.transtoyou.com\/nb\/wp-content\/uploads\/sites\/10\/2026\/01\/tty-no-product-image-112.webp","width":1000,"height":1000,"caption":"Standard produktbilde"},{"@type":"WebSite","@id":"https:\/\/www.transtoyou.com\/nb\/#website","url":"https:\/\/www.transtoyou.com\/nb\/","name":"Transtoyou - NB","description":"","publisher":{"@id":"https:\/\/www.transtoyou.com\/nb\/#organization"},"potentialAction":[{"@type":"SearchAction","target":{"@type":"EntryPoint","urlTemplate":"https:\/\/www.transtoyou.com\/nb\/?s={search_term_string}"},"query-input":{"@type":"PropertyValueSpecification","valueRequired":true,"valueName":"search_term_string"}}],"inLanguage":"nb-NO"},{"@type":"Organization","@id":"https:\/\/www.transtoyou.com\/nb\/#organization","name":"Transtoyou - NB","url":"https:\/\/www.transtoyou.com\/nb\/","logo":{"@type":"ImageObject","inLanguage":"nb-NO","@id":"https:\/\/www.transtoyou.com\/nb\/#\/schema\/logo\/image\/","url":"https:\/\/www.transtoyou.com\/nb\/wp-content\/uploads\/sites\/10\/2026\/01\/logo-tty-menu-bar-300x87-1.webp","contentUrl":"https:\/\/www.transtoyou.com\/nb\/wp-content\/uploads\/sites\/10\/2026\/01\/logo-tty-menu-bar-300x87-1.webp","width":300,"height":87,"caption":"Transtoyou - NB"},"image":{"@id":"https:\/\/www.transtoyou.com\/nb\/#\/schema\/logo\/image\/"}}]}},"_links":{"self":[{"href":"https:\/\/www.transtoyou.com\/nb\/wp-json\/wp\/v2\/product\/1047","targetHints":{"allow":["GET"]}}],"collection":[{"href":"https:\/\/www.transtoyou.com\/nb\/wp-json\/wp\/v2\/product"}],"about":[{"href":"https:\/\/www.transtoyou.com\/nb\/wp-json\/wp\/v2\/types\/product"}],"replies":[{"embeddable":true,"href":"https:\/\/www.transtoyou.com\/nb\/wp-json\/wp\/v2\/comments?post=1047"}],"wp:featuredmedia":[{"embeddable":true,"href":"https:\/\/www.transtoyou.com\/nb\/wp-json\/wp\/v2\/media\/1049"}],"wp:attachment":[{"href":"https:\/\/www.transtoyou.com\/nb\/wp-json\/wp\/v2\/media?parent=1047"}],"wp:term":[{"taxonomy":"product_brand","embeddable":true,"href":"https:\/\/www.transtoyou.com\/nb\/wp-json\/wp\/v2\/product_brand?post=1047"},{"taxonomy":"product_cat","embeddable":true,"href":"https:\/\/www.transtoyou.com\/nb\/wp-json\/wp\/v2\/product_cat?post=1047"},{"taxonomy":"product_tag","embeddable":true,"href":"https:\/\/www.transtoyou.com\/nb\/wp-json\/wp\/v2\/product_tag?post=1047"},{"taxonomy":"expert","embeddable":true,"href":"https:\/\/www.transtoyou.com\/nb\/wp-json\/wp\/v2\/expert?post=1047"}],"curies":[{"name":"wp","href":"https:\/\/api.w.org\/{rel}","templated":true}]}}