{"id":1050,"date":"2026-01-24T21:32:38","date_gmt":"2026-01-24T19:32:38","guid":{"rendered":"https:\/\/www.transtoyou.com\/nb\/product\/zopiclone\/"},"modified":"2026-03-08T13:43:58","modified_gmt":"2026-03-08T11:43:58","slug":"zopiclon","status":"publish","type":"product","link":"https:\/\/www.transtoyou.com\/nb\/product\/zopiclon\/","title":{"rendered":"Zopiclon"},"content":{"rendered":"<p>Zopiclon er en reseptbelagt medisin som brukes til kortvarig behandling av s\u00f8vnl\u00f8shet. Den tilh\u00f8rer en klasse medikamenter kjent som ikke-benzodiazepin hypnotika, som hjelper med \u00e5 starte og opprettholde s\u00f8vn. Zopiclon blir ofte foreskrevet til personer som har problemer med \u00e5 sovne, v\u00e5kner ofte om natten, eller v\u00e5kner for tidlig om morgenen.<\/p>\n<p>Medisinen virker ved \u00e5 \u00f8ke aktiviteten til gamma-aminosm\u00f8rsyre (GABA), en beroligende nevrotransmitter i hjernen. Dette f\u00f8rer til en beroligende effekt som fremmer avslapning og s\u00f8vn. Zopiclon er kjent for sin raske virkning, som vanligvis inntreffer innen 30 minutter. Den foreskrives vanligvis for kortvarig bruk p\u00e5 grunn av risikoen for toleranse og avhengighet ved langvarig bruk.<\/p>\n<p>Zopiclon tas rett f\u00f8r sengetid, noe som sikrer at brukeren kan sove i minst syv til \u00e5tte timer. Det er viktig \u00e5 unng\u00e5 aktiviteter som krever full oppmerksomhet, som \u00e5 kj\u00f8re, etter \u00e5 ha tatt medisinen. Bivirkninger kan inkludere metallsmak, t\u00f8rr munn, svimmelhet, eller d\u00f8sighet dagen etter, spesielt hvis den tas for sent eller uten tilstrekkelig s\u00f8vntid.<\/p>\n<p>Denne medisinen er ikke egnet for alle og b\u00f8r ikke brukes under graviditet, amming, eller hos personer med en historie med rusmisbruk. Alkohol b\u00f8r unng\u00e5s, da det kan \u00f8ke den beroligende effekten og risikoen for uvanlige atferd under s\u00f8vn.<\/p>\n","protected":false},"excerpt":{"rendered":"<ul>\n<li>Kortsiktig s\u00f8vnbehandling<\/li>\n<li>Raskt virkende beroligende tablett<\/li>\n<li>Forbedrer innsovning og s\u00f8vntid<\/li>\n<\/ul>\n","protected":false},"featured_media":1052,"comment_status":"open","ping_status":"closed","template":"","meta":[],"product_brand":[],"product_cat":[164],"product_tag":[],"expert":[16],"class_list":{"0":"post-1050","1":"product","2":"type-product","3":"status-publish","4":"has-post-thumbnail","6":"product_cat-sovnforstyrrelser","7":"expert-dr-c-alexandru","9":"first","10":"instock","11":"shipping-taxable","12":"product-type-variable"},"yoast_head":"<!-- This site is optimized with the Yoast SEO plugin v27.0 - https:\/\/yoast.com\/product\/yoast-seo-wordpress\/ -->\n<title>Zopiclone | S\u00f8vnmiddel for Behandling av S\u00f8vnl\u00f8shet - Transtoyou<\/title>\n<meta name=\"description\" content=\"Zopiclone, tilgjengelig her for \u00e5 lindre s\u00f8vnl\u00f8shet. Hjelper deg med \u00e5 sovne og sove bedre. Recept kreves. Trygg tilgang via Transtoyou.\" \/>\n<meta name=\"robots\" content=\"noindex, follow, max-snippet:-1, max-image-preview:large, max-video-preview:-1\" \/>\n<meta property=\"og:locale\" content=\"nb_NO\" \/>\n<meta property=\"og:type\" content=\"article\" \/>\n<meta property=\"og:title\" content=\"Zopiclone | S\u00f8vnmiddel for Behandling av S\u00f8vnl\u00f8shet - Transtoyou\" \/>\n<meta property=\"og:description\" content=\"Zopiclone, tilgjengelig her for \u00e5 lindre s\u00f8vnl\u00f8shet. Hjelper deg med \u00e5 sovne og sove bedre. Recept kreves. Trygg tilgang via Transtoyou.\" \/>\n<meta property=\"og:url\" content=\"https:\/\/www.transtoyou.com\/nb\/product\/zopiclone\/\" \/>\n<meta property=\"og:site_name\" content=\"Transtoyou - NB\" \/>\n<meta property=\"article:modified_time\" content=\"2026-03-08T11:43:58+00:00\" \/>\n<meta name=\"twitter:card\" content=\"summary_large_image\" \/>\n<meta name=\"twitter:label1\" content=\"Ansl. lesetid\" \/>\n\t<meta name=\"twitter:data1\" content=\"1 minutt\" \/>\n<script type=\"application\/ld+json\" class=\"yoast-schema-graph\">{\"@context\":\"https:\/\/schema.org\",\"@graph\":[{\"@type\":\"WebPage\",\"@id\":\"https:\/\/www.transtoyou.com\/nb\/product\/zopiclone\/\",\"url\":\"https:\/\/www.transtoyou.com\/nb\/product\/zopiclone\/\",\"name\":\"Zopiclone | S\u00f8vnmiddel for Behandling av S\u00f8vnl\u00f8shet - Transtoyou\",\"isPartOf\":{\"@id\":\"https:\/\/www.transtoyou.com\/nb\/#website\"},\"primaryImageOfPage\":{\"@id\":\"https:\/\/www.transtoyou.com\/nb\/product\/zopiclone\/#primaryimage\"},\"image\":{\"@id\":\"https:\/\/www.transtoyou.com\/nb\/product\/zopiclone\/#primaryimage\"},\"thumbnailUrl\":\"https:\/\/www.transtoyou.com\/nb\/wp-content\/uploads\/sites\/10\/2026\/01\/tty-no-product-image-113.webp\",\"datePublished\":\"2026-01-24T19:32:38+00:00\",\"dateModified\":\"2026-03-08T11:43:58+00:00\",\"description\":\"Zopiclone, tilgjengelig her for \u00e5 lindre s\u00f8vnl\u00f8shet. Hjelper deg med \u00e5 sovne og sove bedre. Recept kreves. Trygg tilgang via Transtoyou.\",\"breadcrumb\":{\"@id\":\"https:\/\/www.transtoyou.com\/nb\/product\/zopiclone\/#breadcrumb\"},\"inLanguage\":\"nb-NO\",\"potentialAction\":[{\"@type\":\"ReadAction\",\"target\":[\"https:\/\/www.transtoyou.com\/nb\/product\/zopiclone\/\"]}]},{\"@type\":\"ImageObject\",\"inLanguage\":\"nb-NO\",\"@id\":\"https:\/\/www.transtoyou.com\/nb\/product\/zopiclone\/#primaryimage\",\"url\":\"https:\/\/www.transtoyou.com\/nb\/wp-content\/uploads\/sites\/10\/2026\/01\/tty-no-product-image-113.webp\",\"contentUrl\":\"https:\/\/www.transtoyou.com\/nb\/wp-content\/uploads\/sites\/10\/2026\/01\/tty-no-product-image-113.webp\",\"width\":1000,\"height\":1000,\"caption\":\"Standard produktbilde\"},{\"@type\":\"WebSite\",\"@id\":\"https:\/\/www.transtoyou.com\/nb\/#website\",\"url\":\"https:\/\/www.transtoyou.com\/nb\/\",\"name\":\"Transtoyou - NB\",\"description\":\"\",\"publisher\":{\"@id\":\"https:\/\/www.transtoyou.com\/nb\/#organization\"},\"potentialAction\":[{\"@type\":\"SearchAction\",\"target\":{\"@type\":\"EntryPoint\",\"urlTemplate\":\"https:\/\/www.transtoyou.com\/nb\/?s={search_term_string}\"},\"query-input\":{\"@type\":\"PropertyValueSpecification\",\"valueRequired\":true,\"valueName\":\"search_term_string\"}}],\"inLanguage\":\"nb-NO\"},{\"@type\":\"Organization\",\"@id\":\"https:\/\/www.transtoyou.com\/nb\/#organization\",\"name\":\"Transtoyou - NB\",\"url\":\"https:\/\/www.transtoyou.com\/nb\/\",\"logo\":{\"@type\":\"ImageObject\",\"inLanguage\":\"nb-NO\",\"@id\":\"https:\/\/www.transtoyou.com\/nb\/#\/schema\/logo\/image\/\",\"url\":\"https:\/\/www.transtoyou.com\/nb\/wp-content\/uploads\/sites\/10\/2026\/01\/logo-tty-menu-bar-300x87-1.webp\",\"contentUrl\":\"https:\/\/www.transtoyou.com\/nb\/wp-content\/uploads\/sites\/10\/2026\/01\/logo-tty-menu-bar-300x87-1.webp\",\"width\":300,\"height\":87,\"caption\":\"Transtoyou - NB\"},\"image\":{\"@id\":\"https:\/\/www.transtoyou.com\/nb\/#\/schema\/logo\/image\/\"}}]}<\/script>\n<!-- \/ Yoast SEO plugin. -->","yoast_head_json":{"title":"Zopiclone | S\u00f8vnmiddel for Behandling av S\u00f8vnl\u00f8shet - Transtoyou","description":"Zopiclone, tilgjengelig her for \u00e5 lindre s\u00f8vnl\u00f8shet. Hjelper deg med \u00e5 sovne og sove bedre. Recept kreves. Trygg tilgang via Transtoyou.","robots":{"index":"noindex","follow":"follow","max-snippet":"max-snippet:-1","max-image-preview":"max-image-preview:large","max-video-preview":"max-video-preview:-1"},"og_locale":"nb_NO","og_type":"article","og_title":"Zopiclone | S\u00f8vnmiddel for Behandling av S\u00f8vnl\u00f8shet - Transtoyou","og_description":"Zopiclone, tilgjengelig her for \u00e5 lindre s\u00f8vnl\u00f8shet. Hjelper deg med \u00e5 sovne og sove bedre. Recept kreves. Trygg tilgang via Transtoyou.","og_url":"https:\/\/www.transtoyou.com\/nb\/product\/zopiclone\/","og_site_name":"Transtoyou - NB","article_modified_time":"2026-03-08T11:43:58+00:00","twitter_card":"summary_large_image","twitter_misc":{"Ansl. lesetid":"1 minutt"},"schema":{"@context":"https:\/\/schema.org","@graph":[{"@type":"WebPage","@id":"https:\/\/www.transtoyou.com\/nb\/product\/zopiclone\/","url":"https:\/\/www.transtoyou.com\/nb\/product\/zopiclone\/","name":"Zopiclone | S\u00f8vnmiddel for Behandling av S\u00f8vnl\u00f8shet - Transtoyou","isPartOf":{"@id":"https:\/\/www.transtoyou.com\/nb\/#website"},"primaryImageOfPage":{"@id":"https:\/\/www.transtoyou.com\/nb\/product\/zopiclone\/#primaryimage"},"image":{"@id":"https:\/\/www.transtoyou.com\/nb\/product\/zopiclone\/#primaryimage"},"thumbnailUrl":"https:\/\/www.transtoyou.com\/nb\/wp-content\/uploads\/sites\/10\/2026\/01\/tty-no-product-image-113.webp","datePublished":"2026-01-24T19:32:38+00:00","dateModified":"2026-03-08T11:43:58+00:00","description":"Zopiclone, tilgjengelig her for \u00e5 lindre s\u00f8vnl\u00f8shet. Hjelper deg med \u00e5 sovne og sove bedre. Recept kreves. Trygg tilgang via Transtoyou.","breadcrumb":{"@id":"https:\/\/www.transtoyou.com\/nb\/product\/zopiclone\/#breadcrumb"},"inLanguage":"nb-NO","potentialAction":[{"@type":"ReadAction","target":["https:\/\/www.transtoyou.com\/nb\/product\/zopiclone\/"]}]},{"@type":"ImageObject","inLanguage":"nb-NO","@id":"https:\/\/www.transtoyou.com\/nb\/product\/zopiclone\/#primaryimage","url":"https:\/\/www.transtoyou.com\/nb\/wp-content\/uploads\/sites\/10\/2026\/01\/tty-no-product-image-113.webp","contentUrl":"https:\/\/www.transtoyou.com\/nb\/wp-content\/uploads\/sites\/10\/2026\/01\/tty-no-product-image-113.webp","width":1000,"height":1000,"caption":"Standard produktbilde"},{"@type":"WebSite","@id":"https:\/\/www.transtoyou.com\/nb\/#website","url":"https:\/\/www.transtoyou.com\/nb\/","name":"Transtoyou - NB","description":"","publisher":{"@id":"https:\/\/www.transtoyou.com\/nb\/#organization"},"potentialAction":[{"@type":"SearchAction","target":{"@type":"EntryPoint","urlTemplate":"https:\/\/www.transtoyou.com\/nb\/?s={search_term_string}"},"query-input":{"@type":"PropertyValueSpecification","valueRequired":true,"valueName":"search_term_string"}}],"inLanguage":"nb-NO"},{"@type":"Organization","@id":"https:\/\/www.transtoyou.com\/nb\/#organization","name":"Transtoyou - NB","url":"https:\/\/www.transtoyou.com\/nb\/","logo":{"@type":"ImageObject","inLanguage":"nb-NO","@id":"https:\/\/www.transtoyou.com\/nb\/#\/schema\/logo\/image\/","url":"https:\/\/www.transtoyou.com\/nb\/wp-content\/uploads\/sites\/10\/2026\/01\/logo-tty-menu-bar-300x87-1.webp","contentUrl":"https:\/\/www.transtoyou.com\/nb\/wp-content\/uploads\/sites\/10\/2026\/01\/logo-tty-menu-bar-300x87-1.webp","width":300,"height":87,"caption":"Transtoyou - NB"},"image":{"@id":"https:\/\/www.transtoyou.com\/nb\/#\/schema\/logo\/image\/"}}]}},"_links":{"self":[{"href":"https:\/\/www.transtoyou.com\/nb\/wp-json\/wp\/v2\/product\/1050","targetHints":{"allow":["GET"]}}],"collection":[{"href":"https:\/\/www.transtoyou.com\/nb\/wp-json\/wp\/v2\/product"}],"about":[{"href":"https:\/\/www.transtoyou.com\/nb\/wp-json\/wp\/v2\/types\/product"}],"replies":[{"embeddable":true,"href":"https:\/\/www.transtoyou.com\/nb\/wp-json\/wp\/v2\/comments?post=1050"}],"wp:featuredmedia":[{"embeddable":true,"href":"https:\/\/www.transtoyou.com\/nb\/wp-json\/wp\/v2\/media\/1052"}],"wp:attachment":[{"href":"https:\/\/www.transtoyou.com\/nb\/wp-json\/wp\/v2\/media?parent=1050"}],"wp:term":[{"taxonomy":"product_brand","embeddable":true,"href":"https:\/\/www.transtoyou.com\/nb\/wp-json\/wp\/v2\/product_brand?post=1050"},{"taxonomy":"product_cat","embeddable":true,"href":"https:\/\/www.transtoyou.com\/nb\/wp-json\/wp\/v2\/product_cat?post=1050"},{"taxonomy":"product_tag","embeddable":true,"href":"https:\/\/www.transtoyou.com\/nb\/wp-json\/wp\/v2\/product_tag?post=1050"},{"taxonomy":"expert","embeddable":true,"href":"https:\/\/www.transtoyou.com\/nb\/wp-json\/wp\/v2\/expert?post=1050"}],"curies":[{"name":"wp","href":"https:\/\/api.w.org\/{rel}","templated":true}]}}