{"id":1053,"date":"2026-01-24T21:49:59","date_gmt":"2026-01-24T19:49:59","guid":{"rendered":"https:\/\/www.transtoyou.com\/nb\/product\/zolpidem\/"},"modified":"2026-03-08T13:26:56","modified_gmt":"2026-03-08T11:26:56","slug":"zolpidem","status":"publish","type":"product","link":"https:\/\/www.transtoyou.com\/nb\/product\/zolpidem\/","title":{"rendered":"Zolpidem"},"content":{"rendered":"<p>Zolpidem er en reseptbelagt medisin som brukes til \u00e5 behandle kortvarig s\u00f8vnl\u00f8shet. Den tilh\u00f8rer en klasse medisiner kjent som ikke-benzodiazepin hypnotika og er designet for \u00e5 hjelpe folk med \u00e5 sovne raskt. Zolpidem blir vanligvis foreskrevet n\u00e5r vanskeligheter med \u00e5 sovne blir forstyrrende for daglig funksjon, selv om den ikke er ment for langvarig bruk.<\/p>\n<p>Medisinen virker ved \u00e5 p\u00e5virke reseptorer i hjernen som regulerer s\u00f8vn, og hjelper til med \u00e5 initiere den naturlige s\u00f8vnsyklusen mer effektivt. I motsetning til eldre sovepiller har Zolpidem en tendens til \u00e5 ha f\u00e6rre bivirkninger relatert til dagtidssedasjon eller sl\u00f8vhet n\u00e5r den brukes som anvist. Den er tilgjengelig i b\u00e5de hurtigvirkende og langtidsvirkende former, avhengig av om m\u00e5let er \u00e5 sovne raskere eller sove lenger.<\/p>\n<p>Zolpidem tas vanligvis rett f\u00f8r leggetid, og den begynner \u00e5 virke innen 15 til 30 minutter. Fordi den virker raskt, b\u00f8r brukere s\u00f8rge for at de er klare til \u00e5 sove i minst syv til \u00e5tte timer etter \u00e5 ha tatt den for \u00e5 unng\u00e5 d\u00f8sighet dagen etter. Det er viktig \u00e5 unng\u00e5 aktiviteter som krever \u00e5rv\u00e5kenhet, som \u00e5 kj\u00f8re, etter \u00e5 ha tatt zolpidem.<\/p>\n<p>Denne medisinen b\u00f8r ikke brukes sammen med alkohol eller andre sedativer, da disse kombinasjonene \u00f8ker risikoen for farlige bivirkninger. Noen mennesker kan oppleve uvanlige s\u00f8vnvaner som s\u00f8vngjengeri, spising eller kj\u00f8ring uten full bevissthet. Disse atferdene er sjeldne, men b\u00f8r rapporteres umiddelbart hvis de oppst\u00e5r.<\/p>\n<p>Zolpidem foreskrives vanligvis for korte perioder for \u00e5 unng\u00e5 avhengighet eller toleranse.<\/p>\n","protected":false},"excerpt":{"rendered":"<ul>\n<li>Kortvarig behandling av s\u00f8vnl\u00f8shet<\/li>\n<li>Rask st\u00f8tte for innsovning<\/li>\n<li>Receptbelagt medikament for s\u00f8vn<\/li>\n<\/ul>\n","protected":false},"featured_media":1055,"comment_status":"open","ping_status":"closed","template":"","meta":[],"product_brand":[],"product_cat":[164],"product_tag":[],"expert":[16],"class_list":{"0":"post-1053","1":"product","2":"type-product","3":"status-publish","4":"has-post-thumbnail","6":"product_cat-sovnforstyrrelser","7":"expert-dr-c-alexandru","9":"first","10":"instock","11":"shipping-taxable","12":"product-type-variable"},"yoast_head":"<!-- This site is optimized with the Yoast SEO plugin v27.0 - https:\/\/yoast.com\/product\/yoast-seo-wordpress\/ -->\n<title>Zolpidem | Rask l\u00f8sning for s\u00f8vnproblemer - Transtoyou<\/title>\n<meta name=\"description\" content=\"Oppdag Zolpidem for kortvarig lindring av s\u00f8vnl\u00f8shet, tilgjengelig med resept fra lege. F\u00e5 rask hjelp for bedre s\u00f8vn.\" \/>\n<meta name=\"robots\" content=\"noindex, follow, max-snippet:-1, max-image-preview:large, max-video-preview:-1\" \/>\n<meta property=\"og:locale\" content=\"nb_NO\" \/>\n<meta property=\"og:type\" content=\"article\" \/>\n<meta property=\"og:title\" content=\"Zolpidem | Rask l\u00f8sning for s\u00f8vnproblemer - Transtoyou\" \/>\n<meta property=\"og:description\" content=\"Oppdag Zolpidem for kortvarig lindring av s\u00f8vnl\u00f8shet, tilgjengelig med resept fra lege. F\u00e5 rask hjelp for bedre s\u00f8vn.\" \/>\n<meta property=\"og:url\" content=\"https:\/\/www.transtoyou.com\/nb\/product\/zolpidem\/\" \/>\n<meta property=\"og:site_name\" content=\"Transtoyou - NB\" \/>\n<meta property=\"article:modified_time\" content=\"2026-03-08T11:26:56+00:00\" \/>\n<meta name=\"twitter:card\" content=\"summary_large_image\" \/>\n<meta name=\"twitter:label1\" content=\"Ansl. lesetid\" \/>\n\t<meta name=\"twitter:data1\" content=\"1 minutt\" \/>\n<script type=\"application\/ld+json\" class=\"yoast-schema-graph\">{\"@context\":\"https:\/\/schema.org\",\"@graph\":[{\"@type\":\"WebPage\",\"@id\":\"https:\/\/www.transtoyou.com\/nb\/product\/zolpidem\/\",\"url\":\"https:\/\/www.transtoyou.com\/nb\/product\/zolpidem\/\",\"name\":\"Zolpidem | Rask l\u00f8sning for s\u00f8vnproblemer - Transtoyou\",\"isPartOf\":{\"@id\":\"https:\/\/www.transtoyou.com\/nb\/#website\"},\"primaryImageOfPage\":{\"@id\":\"https:\/\/www.transtoyou.com\/nb\/product\/zolpidem\/#primaryimage\"},\"image\":{\"@id\":\"https:\/\/www.transtoyou.com\/nb\/product\/zolpidem\/#primaryimage\"},\"thumbnailUrl\":\"https:\/\/www.transtoyou.com\/nb\/wp-content\/uploads\/sites\/10\/2026\/01\/tty-no-product-image-114.webp\",\"datePublished\":\"2026-01-24T19:49:59+00:00\",\"dateModified\":\"2026-03-08T11:26:56+00:00\",\"description\":\"Oppdag Zolpidem for kortvarig lindring av s\u00f8vnl\u00f8shet, tilgjengelig med resept fra lege. F\u00e5 rask hjelp for bedre s\u00f8vn.\",\"breadcrumb\":{\"@id\":\"https:\/\/www.transtoyou.com\/nb\/product\/zolpidem\/#breadcrumb\"},\"inLanguage\":\"nb-NO\",\"potentialAction\":[{\"@type\":\"ReadAction\",\"target\":[\"https:\/\/www.transtoyou.com\/nb\/product\/zolpidem\/\"]}]},{\"@type\":\"ImageObject\",\"inLanguage\":\"nb-NO\",\"@id\":\"https:\/\/www.transtoyou.com\/nb\/product\/zolpidem\/#primaryimage\",\"url\":\"https:\/\/www.transtoyou.com\/nb\/wp-content\/uploads\/sites\/10\/2026\/01\/tty-no-product-image-114.webp\",\"contentUrl\":\"https:\/\/www.transtoyou.com\/nb\/wp-content\/uploads\/sites\/10\/2026\/01\/tty-no-product-image-114.webp\",\"width\":1000,\"height\":1000,\"caption\":\"Standard produktbilde\"},{\"@type\":\"WebSite\",\"@id\":\"https:\/\/www.transtoyou.com\/nb\/#website\",\"url\":\"https:\/\/www.transtoyou.com\/nb\/\",\"name\":\"Transtoyou - NB\",\"description\":\"\",\"publisher\":{\"@id\":\"https:\/\/www.transtoyou.com\/nb\/#organization\"},\"potentialAction\":[{\"@type\":\"SearchAction\",\"target\":{\"@type\":\"EntryPoint\",\"urlTemplate\":\"https:\/\/www.transtoyou.com\/nb\/?s={search_term_string}\"},\"query-input\":{\"@type\":\"PropertyValueSpecification\",\"valueRequired\":true,\"valueName\":\"search_term_string\"}}],\"inLanguage\":\"nb-NO\"},{\"@type\":\"Organization\",\"@id\":\"https:\/\/www.transtoyou.com\/nb\/#organization\",\"name\":\"Transtoyou - NB\",\"url\":\"https:\/\/www.transtoyou.com\/nb\/\",\"logo\":{\"@type\":\"ImageObject\",\"inLanguage\":\"nb-NO\",\"@id\":\"https:\/\/www.transtoyou.com\/nb\/#\/schema\/logo\/image\/\",\"url\":\"https:\/\/www.transtoyou.com\/nb\/wp-content\/uploads\/sites\/10\/2026\/01\/logo-tty-menu-bar-300x87-1.webp\",\"contentUrl\":\"https:\/\/www.transtoyou.com\/nb\/wp-content\/uploads\/sites\/10\/2026\/01\/logo-tty-menu-bar-300x87-1.webp\",\"width\":300,\"height\":87,\"caption\":\"Transtoyou - NB\"},\"image\":{\"@id\":\"https:\/\/www.transtoyou.com\/nb\/#\/schema\/logo\/image\/\"}}]}<\/script>\n<!-- \/ Yoast SEO plugin. -->","yoast_head_json":{"title":"Zolpidem | Rask l\u00f8sning for s\u00f8vnproblemer - Transtoyou","description":"Oppdag Zolpidem for kortvarig lindring av s\u00f8vnl\u00f8shet, tilgjengelig med resept fra lege. F\u00e5 rask hjelp for bedre s\u00f8vn.","robots":{"index":"noindex","follow":"follow","max-snippet":"max-snippet:-1","max-image-preview":"max-image-preview:large","max-video-preview":"max-video-preview:-1"},"og_locale":"nb_NO","og_type":"article","og_title":"Zolpidem | Rask l\u00f8sning for s\u00f8vnproblemer - Transtoyou","og_description":"Oppdag Zolpidem for kortvarig lindring av s\u00f8vnl\u00f8shet, tilgjengelig med resept fra lege. F\u00e5 rask hjelp for bedre s\u00f8vn.","og_url":"https:\/\/www.transtoyou.com\/nb\/product\/zolpidem\/","og_site_name":"Transtoyou - NB","article_modified_time":"2026-03-08T11:26:56+00:00","twitter_card":"summary_large_image","twitter_misc":{"Ansl. lesetid":"1 minutt"},"schema":{"@context":"https:\/\/schema.org","@graph":[{"@type":"WebPage","@id":"https:\/\/www.transtoyou.com\/nb\/product\/zolpidem\/","url":"https:\/\/www.transtoyou.com\/nb\/product\/zolpidem\/","name":"Zolpidem | Rask l\u00f8sning for s\u00f8vnproblemer - Transtoyou","isPartOf":{"@id":"https:\/\/www.transtoyou.com\/nb\/#website"},"primaryImageOfPage":{"@id":"https:\/\/www.transtoyou.com\/nb\/product\/zolpidem\/#primaryimage"},"image":{"@id":"https:\/\/www.transtoyou.com\/nb\/product\/zolpidem\/#primaryimage"},"thumbnailUrl":"https:\/\/www.transtoyou.com\/nb\/wp-content\/uploads\/sites\/10\/2026\/01\/tty-no-product-image-114.webp","datePublished":"2026-01-24T19:49:59+00:00","dateModified":"2026-03-08T11:26:56+00:00","description":"Oppdag Zolpidem for kortvarig lindring av s\u00f8vnl\u00f8shet, tilgjengelig med resept fra lege. F\u00e5 rask hjelp for bedre s\u00f8vn.","breadcrumb":{"@id":"https:\/\/www.transtoyou.com\/nb\/product\/zolpidem\/#breadcrumb"},"inLanguage":"nb-NO","potentialAction":[{"@type":"ReadAction","target":["https:\/\/www.transtoyou.com\/nb\/product\/zolpidem\/"]}]},{"@type":"ImageObject","inLanguage":"nb-NO","@id":"https:\/\/www.transtoyou.com\/nb\/product\/zolpidem\/#primaryimage","url":"https:\/\/www.transtoyou.com\/nb\/wp-content\/uploads\/sites\/10\/2026\/01\/tty-no-product-image-114.webp","contentUrl":"https:\/\/www.transtoyou.com\/nb\/wp-content\/uploads\/sites\/10\/2026\/01\/tty-no-product-image-114.webp","width":1000,"height":1000,"caption":"Standard produktbilde"},{"@type":"WebSite","@id":"https:\/\/www.transtoyou.com\/nb\/#website","url":"https:\/\/www.transtoyou.com\/nb\/","name":"Transtoyou - NB","description":"","publisher":{"@id":"https:\/\/www.transtoyou.com\/nb\/#organization"},"potentialAction":[{"@type":"SearchAction","target":{"@type":"EntryPoint","urlTemplate":"https:\/\/www.transtoyou.com\/nb\/?s={search_term_string}"},"query-input":{"@type":"PropertyValueSpecification","valueRequired":true,"valueName":"search_term_string"}}],"inLanguage":"nb-NO"},{"@type":"Organization","@id":"https:\/\/www.transtoyou.com\/nb\/#organization","name":"Transtoyou - NB","url":"https:\/\/www.transtoyou.com\/nb\/","logo":{"@type":"ImageObject","inLanguage":"nb-NO","@id":"https:\/\/www.transtoyou.com\/nb\/#\/schema\/logo\/image\/","url":"https:\/\/www.transtoyou.com\/nb\/wp-content\/uploads\/sites\/10\/2026\/01\/logo-tty-menu-bar-300x87-1.webp","contentUrl":"https:\/\/www.transtoyou.com\/nb\/wp-content\/uploads\/sites\/10\/2026\/01\/logo-tty-menu-bar-300x87-1.webp","width":300,"height":87,"caption":"Transtoyou - NB"},"image":{"@id":"https:\/\/www.transtoyou.com\/nb\/#\/schema\/logo\/image\/"}}]}},"_links":{"self":[{"href":"https:\/\/www.transtoyou.com\/nb\/wp-json\/wp\/v2\/product\/1053","targetHints":{"allow":["GET"]}}],"collection":[{"href":"https:\/\/www.transtoyou.com\/nb\/wp-json\/wp\/v2\/product"}],"about":[{"href":"https:\/\/www.transtoyou.com\/nb\/wp-json\/wp\/v2\/types\/product"}],"replies":[{"embeddable":true,"href":"https:\/\/www.transtoyou.com\/nb\/wp-json\/wp\/v2\/comments?post=1053"}],"wp:featuredmedia":[{"embeddable":true,"href":"https:\/\/www.transtoyou.com\/nb\/wp-json\/wp\/v2\/media\/1055"}],"wp:attachment":[{"href":"https:\/\/www.transtoyou.com\/nb\/wp-json\/wp\/v2\/media?parent=1053"}],"wp:term":[{"taxonomy":"product_brand","embeddable":true,"href":"https:\/\/www.transtoyou.com\/nb\/wp-json\/wp\/v2\/product_brand?post=1053"},{"taxonomy":"product_cat","embeddable":true,"href":"https:\/\/www.transtoyou.com\/nb\/wp-json\/wp\/v2\/product_cat?post=1053"},{"taxonomy":"product_tag","embeddable":true,"href":"https:\/\/www.transtoyou.com\/nb\/wp-json\/wp\/v2\/product_tag?post=1053"},{"taxonomy":"expert","embeddable":true,"href":"https:\/\/www.transtoyou.com\/nb\/wp-json\/wp\/v2\/expert?post=1053"}],"curies":[{"name":"wp","href":"https:\/\/api.w.org\/{rel}","templated":true}]}}