{"id":1059,"date":"2026-01-24T22:22:57","date_gmt":"2026-01-24T20:22:57","guid":{"rendered":"https:\/\/www.transtoyou.com\/nb\/product\/invicorp\/"},"modified":"2026-01-24T22:23:53","modified_gmt":"2026-01-24T20:23:53","slug":"invicorp","status":"publish","type":"product","link":"https:\/\/www.transtoyou.com\/nb\/product\/invicorp\/","title":{"rendered":"Invicorp"},"content":{"rendered":"<p>Invicorp er en medisin som brukes til \u00e5 behandle erektil dysfunksjon (ED). Den inneholder to aktive stoffer: aviptadil og phentolamin, som jobber sammen for \u00e5 forbedre blodstr\u00f8mmen til penis og redusere blodstr\u00f8mmen ut. Denne doble effekten gj\u00f8r det mulig \u00e5 oppn\u00e5 en fast ereksjon som er egnet for seksuell aktivitet.<\/p>\n<p>Aviptadil er en syntetisk versjon av vasoaktivt intestinalt peptid (VIP), som hjelper til med \u00e5 slappe av glatt muskulatur og redusere blodstr\u00f8mmen ut fra penis. Phentolamin er en alfa-blokker som \u00f8ker blodstr\u00f8mmen til det penilvevet ved \u00e5 utvide blod\u00e5rene. Sammen hjelper de til med \u00e5 oppn\u00e5 og opprettholde en ereksjon ved \u00e5 gjenopprette den naturlige balansen av blodstr\u00f8m inn og ut av penis.<\/p>\n<p>Invicorp brukes hos menn med erektil dysfunksjon, spesielt hos de der andre behandlinger, som orale medisiner, ikke er effektive eller ikke anbefales. Den injiseres direkte inn i corpora cavernosa (det myke vevet p\u00e5 hver side av penis skaftet). Effektene begynner vanligvis kort tid etter injeksjonen og varer vanligvis ikke mer enn en time.<\/p>\n","protected":false},"excerpt":{"rendered":"<ul>\n<li>Rask og p\u00e5litelig st\u00f8tte for ereksjon<\/li>\n<li>Fungerer n\u00e5r orale ED-legemidler svikter<\/li>\n<li>Injiseres direkte inn i penis<\/li>\n<\/ul>\n","protected":false},"featured_media":1061,"comment_status":"open","ping_status":"closed","template":"","meta":[],"product_brand":[],"product_cat":[115],"product_tag":[],"expert":[17],"class_list":{"0":"post-1059","1":"product","2":"type-product","3":"status-publish","4":"has-post-thumbnail","6":"product_cat-behandlinger-for-erektil-dysfunksjon","7":"expert-dr-c-munoz-parada","9":"first","10":"instock","11":"shipping-taxable","12":"product-type-variable"},"yoast_head":"<!-- This site is optimized with the Yoast SEO plugin v27.0 - https:\/\/yoast.com\/product\/yoast-seo-wordpress\/ -->\n<title>Invicorp | Forbedre Blodstr\u00f8mmen for ED Lindring - Transtoyou<\/title>\n<meta name=\"description\" content=\"Oppdag Invicorp p\u00e5 Transtoyou, som forbedrer ytelse og selvtillit. Kj\u00f8p n\u00e5 for en effektiv l\u00f8sning som st\u00f8tter helseambisjonene dine.\" \/>\n<meta name=\"robots\" content=\"noindex, follow, max-snippet:-1, max-image-preview:large, max-video-preview:-1\" \/>\n<meta property=\"og:locale\" content=\"nb_NO\" \/>\n<meta property=\"og:type\" content=\"article\" \/>\n<meta property=\"og:title\" content=\"Invicorp | Forbedre Blodstr\u00f8mmen for ED Lindring - Transtoyou\" \/>\n<meta property=\"og:description\" content=\"Oppdag Invicorp p\u00e5 Transtoyou, som forbedrer ytelse og selvtillit. Kj\u00f8p n\u00e5 for en effektiv l\u00f8sning som st\u00f8tter helseambisjonene dine.\" \/>\n<meta property=\"og:url\" content=\"https:\/\/www.transtoyou.com\/nb\/product\/invicorp\/\" \/>\n<meta property=\"og:site_name\" content=\"Transtoyou - NB\" \/>\n<meta property=\"article:modified_time\" content=\"2026-01-24T20:23:53+00:00\" \/>\n<meta name=\"twitter:card\" content=\"summary_large_image\" \/>\n<meta name=\"twitter:label1\" content=\"Ansl. lesetid\" \/>\n\t<meta name=\"twitter:data1\" content=\"1 minutt\" \/>\n<script type=\"application\/ld+json\" class=\"yoast-schema-graph\">{\"@context\":\"https:\/\/schema.org\",\"@graph\":[{\"@type\":\"WebPage\",\"@id\":\"https:\/\/www.transtoyou.com\/nb\/product\/invicorp\/\",\"url\":\"https:\/\/www.transtoyou.com\/nb\/product\/invicorp\/\",\"name\":\"Invicorp | Forbedre Blodstr\u00f8mmen for ED Lindring - Transtoyou\",\"isPartOf\":{\"@id\":\"https:\/\/www.transtoyou.com\/nb\/#website\"},\"primaryImageOfPage\":{\"@id\":\"https:\/\/www.transtoyou.com\/nb\/product\/invicorp\/#primaryimage\"},\"image\":{\"@id\":\"https:\/\/www.transtoyou.com\/nb\/product\/invicorp\/#primaryimage\"},\"thumbnailUrl\":\"https:\/\/www.transtoyou.com\/nb\/wp-content\/uploads\/sites\/10\/2026\/01\/tty-no-product-image-116.webp\",\"datePublished\":\"2026-01-24T20:22:57+00:00\",\"dateModified\":\"2026-01-24T20:23:53+00:00\",\"description\":\"Oppdag Invicorp p\u00e5 Transtoyou, som forbedrer ytelse og selvtillit. Kj\u00f8p n\u00e5 for en effektiv l\u00f8sning som st\u00f8tter helseambisjonene dine.\",\"breadcrumb\":{\"@id\":\"https:\/\/www.transtoyou.com\/nb\/product\/invicorp\/#breadcrumb\"},\"inLanguage\":\"nb-NO\",\"potentialAction\":[{\"@type\":\"ReadAction\",\"target\":[\"https:\/\/www.transtoyou.com\/nb\/product\/invicorp\/\"]}]},{\"@type\":\"ImageObject\",\"inLanguage\":\"nb-NO\",\"@id\":\"https:\/\/www.transtoyou.com\/nb\/product\/invicorp\/#primaryimage\",\"url\":\"https:\/\/www.transtoyou.com\/nb\/wp-content\/uploads\/sites\/10\/2026\/01\/tty-no-product-image-116.webp\",\"contentUrl\":\"https:\/\/www.transtoyou.com\/nb\/wp-content\/uploads\/sites\/10\/2026\/01\/tty-no-product-image-116.webp\",\"width\":1000,\"height\":1000,\"caption\":\"Standard produktbilde\"},{\"@type\":\"WebSite\",\"@id\":\"https:\/\/www.transtoyou.com\/nb\/#website\",\"url\":\"https:\/\/www.transtoyou.com\/nb\/\",\"name\":\"Transtoyou - NB\",\"description\":\"\",\"publisher\":{\"@id\":\"https:\/\/www.transtoyou.com\/nb\/#organization\"},\"potentialAction\":[{\"@type\":\"SearchAction\",\"target\":{\"@type\":\"EntryPoint\",\"urlTemplate\":\"https:\/\/www.transtoyou.com\/nb\/?s={search_term_string}\"},\"query-input\":{\"@type\":\"PropertyValueSpecification\",\"valueRequired\":true,\"valueName\":\"search_term_string\"}}],\"inLanguage\":\"nb-NO\"},{\"@type\":\"Organization\",\"@id\":\"https:\/\/www.transtoyou.com\/nb\/#organization\",\"name\":\"Transtoyou - NB\",\"url\":\"https:\/\/www.transtoyou.com\/nb\/\",\"logo\":{\"@type\":\"ImageObject\",\"inLanguage\":\"nb-NO\",\"@id\":\"https:\/\/www.transtoyou.com\/nb\/#\/schema\/logo\/image\/\",\"url\":\"https:\/\/www.transtoyou.com\/nb\/wp-content\/uploads\/sites\/10\/2026\/01\/logo-tty-menu-bar-300x87-1.webp\",\"contentUrl\":\"https:\/\/www.transtoyou.com\/nb\/wp-content\/uploads\/sites\/10\/2026\/01\/logo-tty-menu-bar-300x87-1.webp\",\"width\":300,\"height\":87,\"caption\":\"Transtoyou - NB\"},\"image\":{\"@id\":\"https:\/\/www.transtoyou.com\/nb\/#\/schema\/logo\/image\/\"}}]}<\/script>\n<!-- \/ Yoast SEO plugin. -->","yoast_head_json":{"title":"Invicorp | Forbedre Blodstr\u00f8mmen for ED Lindring - Transtoyou","description":"Oppdag Invicorp p\u00e5 Transtoyou, som forbedrer ytelse og selvtillit. Kj\u00f8p n\u00e5 for en effektiv l\u00f8sning som st\u00f8tter helseambisjonene dine.","robots":{"index":"noindex","follow":"follow","max-snippet":"max-snippet:-1","max-image-preview":"max-image-preview:large","max-video-preview":"max-video-preview:-1"},"og_locale":"nb_NO","og_type":"article","og_title":"Invicorp | Forbedre Blodstr\u00f8mmen for ED Lindring - Transtoyou","og_description":"Oppdag Invicorp p\u00e5 Transtoyou, som forbedrer ytelse og selvtillit. Kj\u00f8p n\u00e5 for en effektiv l\u00f8sning som st\u00f8tter helseambisjonene dine.","og_url":"https:\/\/www.transtoyou.com\/nb\/product\/invicorp\/","og_site_name":"Transtoyou - NB","article_modified_time":"2026-01-24T20:23:53+00:00","twitter_card":"summary_large_image","twitter_misc":{"Ansl. lesetid":"1 minutt"},"schema":{"@context":"https:\/\/schema.org","@graph":[{"@type":"WebPage","@id":"https:\/\/www.transtoyou.com\/nb\/product\/invicorp\/","url":"https:\/\/www.transtoyou.com\/nb\/product\/invicorp\/","name":"Invicorp | Forbedre Blodstr\u00f8mmen for ED Lindring - Transtoyou","isPartOf":{"@id":"https:\/\/www.transtoyou.com\/nb\/#website"},"primaryImageOfPage":{"@id":"https:\/\/www.transtoyou.com\/nb\/product\/invicorp\/#primaryimage"},"image":{"@id":"https:\/\/www.transtoyou.com\/nb\/product\/invicorp\/#primaryimage"},"thumbnailUrl":"https:\/\/www.transtoyou.com\/nb\/wp-content\/uploads\/sites\/10\/2026\/01\/tty-no-product-image-116.webp","datePublished":"2026-01-24T20:22:57+00:00","dateModified":"2026-01-24T20:23:53+00:00","description":"Oppdag Invicorp p\u00e5 Transtoyou, som forbedrer ytelse og selvtillit. Kj\u00f8p n\u00e5 for en effektiv l\u00f8sning som st\u00f8tter helseambisjonene dine.","breadcrumb":{"@id":"https:\/\/www.transtoyou.com\/nb\/product\/invicorp\/#breadcrumb"},"inLanguage":"nb-NO","potentialAction":[{"@type":"ReadAction","target":["https:\/\/www.transtoyou.com\/nb\/product\/invicorp\/"]}]},{"@type":"ImageObject","inLanguage":"nb-NO","@id":"https:\/\/www.transtoyou.com\/nb\/product\/invicorp\/#primaryimage","url":"https:\/\/www.transtoyou.com\/nb\/wp-content\/uploads\/sites\/10\/2026\/01\/tty-no-product-image-116.webp","contentUrl":"https:\/\/www.transtoyou.com\/nb\/wp-content\/uploads\/sites\/10\/2026\/01\/tty-no-product-image-116.webp","width":1000,"height":1000,"caption":"Standard produktbilde"},{"@type":"WebSite","@id":"https:\/\/www.transtoyou.com\/nb\/#website","url":"https:\/\/www.transtoyou.com\/nb\/","name":"Transtoyou - NB","description":"","publisher":{"@id":"https:\/\/www.transtoyou.com\/nb\/#organization"},"potentialAction":[{"@type":"SearchAction","target":{"@type":"EntryPoint","urlTemplate":"https:\/\/www.transtoyou.com\/nb\/?s={search_term_string}"},"query-input":{"@type":"PropertyValueSpecification","valueRequired":true,"valueName":"search_term_string"}}],"inLanguage":"nb-NO"},{"@type":"Organization","@id":"https:\/\/www.transtoyou.com\/nb\/#organization","name":"Transtoyou - NB","url":"https:\/\/www.transtoyou.com\/nb\/","logo":{"@type":"ImageObject","inLanguage":"nb-NO","@id":"https:\/\/www.transtoyou.com\/nb\/#\/schema\/logo\/image\/","url":"https:\/\/www.transtoyou.com\/nb\/wp-content\/uploads\/sites\/10\/2026\/01\/logo-tty-menu-bar-300x87-1.webp","contentUrl":"https:\/\/www.transtoyou.com\/nb\/wp-content\/uploads\/sites\/10\/2026\/01\/logo-tty-menu-bar-300x87-1.webp","width":300,"height":87,"caption":"Transtoyou - NB"},"image":{"@id":"https:\/\/www.transtoyou.com\/nb\/#\/schema\/logo\/image\/"}}]}},"_links":{"self":[{"href":"https:\/\/www.transtoyou.com\/nb\/wp-json\/wp\/v2\/product\/1059","targetHints":{"allow":["GET"]}}],"collection":[{"href":"https:\/\/www.transtoyou.com\/nb\/wp-json\/wp\/v2\/product"}],"about":[{"href":"https:\/\/www.transtoyou.com\/nb\/wp-json\/wp\/v2\/types\/product"}],"replies":[{"embeddable":true,"href":"https:\/\/www.transtoyou.com\/nb\/wp-json\/wp\/v2\/comments?post=1059"}],"wp:featuredmedia":[{"embeddable":true,"href":"https:\/\/www.transtoyou.com\/nb\/wp-json\/wp\/v2\/media\/1061"}],"wp:attachment":[{"href":"https:\/\/www.transtoyou.com\/nb\/wp-json\/wp\/v2\/media?parent=1059"}],"wp:term":[{"taxonomy":"product_brand","embeddable":true,"href":"https:\/\/www.transtoyou.com\/nb\/wp-json\/wp\/v2\/product_brand?post=1059"},{"taxonomy":"product_cat","embeddable":true,"href":"https:\/\/www.transtoyou.com\/nb\/wp-json\/wp\/v2\/product_cat?post=1059"},{"taxonomy":"product_tag","embeddable":true,"href":"https:\/\/www.transtoyou.com\/nb\/wp-json\/wp\/v2\/product_tag?post=1059"},{"taxonomy":"expert","embeddable":true,"href":"https:\/\/www.transtoyou.com\/nb\/wp-json\/wp\/v2\/expert?post=1059"}],"curies":[{"name":"wp","href":"https:\/\/api.w.org\/{rel}","templated":true}]}}