{"id":1062,"date":"2026-01-24T22:38:54","date_gmt":"2026-01-24T20:38:54","guid":{"rendered":"https:\/\/www.transtoyou.com\/nb\/product\/fortacin\/"},"modified":"2026-01-24T22:39:46","modified_gmt":"2026-01-24T20:39:46","slug":"fortacin","status":"publish","type":"product","link":"https:\/\/www.transtoyou.com\/nb\/product\/fortacin\/","title":{"rendered":"Fortacin"},"content":{"rendered":"<p>Fortacin er en reseptbelagt spray utviklet for \u00e5 behandle for tidlig utl\u00f8sning hos voksne menn. Den inneholder to lokale bed\u00f8velsesmidler, lidokain og prilokain, som samarbeider for midlertidig \u00e5 redusere f\u00f8lsomheten i penis. Ved \u00e5 bed\u00f8ve overflaten, hjelper produktet med \u00e5 forsinke utl\u00f8sning og forbedre kontrollen under seksuell aktivitet.<\/p>\n<p>Denne sprayen p\u00e5f\u00f8res direkte p\u00e5 tuppen av penis f\u00f8r samleie. Den absorberes raskt og begynner \u00e5 virke innen minutter, og tilbyr en enkel og ikke-invasiv l\u00f8sning for en tilstand som kan for\u00e5rsake f\u00f8lelsesmessig stress og relasjonsvansker. Fortacin er designet for \u00e5 bevare f\u00f8lelsen av nytelse samtidig som tiden f\u00f8r utl\u00f8sning forlenges.<\/p>\n<p>I motsetning til orale medisiner, virker Fortacin lokalt og krever ikke systemisk absorpsjon. Dette gj\u00f8r det til et nyttig alternativ for menn som foretrekker \u00e5 unng\u00e5 piller eller som kanskje ikke er egnet for orale behandlinger. P\u00e5 grunn av sin m\u00e5lrettede virkning og raske effekt, kan den brukes etter behov, noe som gir fleksibilitet i h\u00e5ndteringen av symptomer.<\/p>\n<p>De fleste menn t\u00e5ler sprayen godt, selv om noen kan oppleve mild hudirritasjon, midlertidig nummenhet eller redusert f\u00f8lsomhet. Disse effektene er vanligvis kortvarige og avtar med fortsatt bruk. Fortacin er ikke et prevensjonsmiddel og beskytter ikke mot seksuelt overf\u00f8rbare infeksjoner, s\u00e5 passende beskyttelse b\u00f8r brukes om n\u00f8dvendig.<\/p>\n","protected":false},"excerpt":{"rendered":"<ul>\n<li>Spraybehandling for for tidlig utl\u00f8sning<\/li>\n<li>Inneholder lidokain og prilokain<\/li>\n<li>Rasktvirkende med lokal effekt<\/li>\n<\/ul>\n","protected":false},"featured_media":1064,"comment_status":"open","ping_status":"closed","template":"","meta":[],"product_brand":[],"product_cat":[157],"product_tag":[],"expert":[16],"class_list":{"0":"post-1062","1":"product","2":"type-product","3":"status-publish","4":"has-post-thumbnail","6":"product_cat-losninger-for-for-tidlig-ejakulasjon","7":"expert-dr-c-alexandru","9":"first","10":"instock","11":"shipping-taxable","12":"product-type-variable"},"yoast_head":"<!-- This site is optimized with the Yoast SEO plugin v27.0 - https:\/\/yoast.com\/product\/yoast-seo-wordpress\/ -->\n<title>Fortacin | Rask lindring for for tidlig s\u00e6davgang - Transtoyou<\/title>\n<meta name=\"description\" content=\"Fortacin er n\u00e5 tilgjengelig p\u00e5 Transtoyou, og gir rask lindring for for tidlig utl\u00f8sning. Utforsk effektive l\u00f8sninger og handle med trygghet i dag.\" \/>\n<meta name=\"robots\" content=\"noindex, follow, max-snippet:-1, max-image-preview:large, max-video-preview:-1\" \/>\n<meta property=\"og:locale\" content=\"nb_NO\" \/>\n<meta property=\"og:type\" content=\"article\" \/>\n<meta property=\"og:title\" content=\"Fortacin | Rask lindring for for tidlig s\u00e6davgang - Transtoyou\" \/>\n<meta property=\"og:description\" content=\"Fortacin er n\u00e5 tilgjengelig p\u00e5 Transtoyou, og gir rask lindring for for tidlig utl\u00f8sning. Utforsk effektive l\u00f8sninger og handle med trygghet i dag.\" \/>\n<meta property=\"og:url\" content=\"https:\/\/www.transtoyou.com\/nb\/product\/fortacin\/\" \/>\n<meta property=\"og:site_name\" content=\"Transtoyou - NB\" \/>\n<meta property=\"article:modified_time\" content=\"2026-01-24T20:39:46+00:00\" \/>\n<meta name=\"twitter:card\" content=\"summary_large_image\" \/>\n<meta name=\"twitter:label1\" content=\"Ansl. lesetid\" \/>\n\t<meta name=\"twitter:data1\" content=\"1 minutt\" \/>\n<script type=\"application\/ld+json\" class=\"yoast-schema-graph\">{\"@context\":\"https:\/\/schema.org\",\"@graph\":[{\"@type\":\"WebPage\",\"@id\":\"https:\/\/www.transtoyou.com\/nb\/product\/fortacin\/\",\"url\":\"https:\/\/www.transtoyou.com\/nb\/product\/fortacin\/\",\"name\":\"Fortacin | Rask lindring for for tidlig s\u00e6davgang - Transtoyou\",\"isPartOf\":{\"@id\":\"https:\/\/www.transtoyou.com\/nb\/#website\"},\"primaryImageOfPage\":{\"@id\":\"https:\/\/www.transtoyou.com\/nb\/product\/fortacin\/#primaryimage\"},\"image\":{\"@id\":\"https:\/\/www.transtoyou.com\/nb\/product\/fortacin\/#primaryimage\"},\"thumbnailUrl\":\"https:\/\/www.transtoyou.com\/nb\/wp-content\/uploads\/sites\/10\/2026\/01\/tty-no-product-image-117.webp\",\"datePublished\":\"2026-01-24T20:38:54+00:00\",\"dateModified\":\"2026-01-24T20:39:46+00:00\",\"description\":\"Fortacin er n\u00e5 tilgjengelig p\u00e5 Transtoyou, og gir rask lindring for for tidlig utl\u00f8sning. Utforsk effektive l\u00f8sninger og handle med trygghet i dag.\",\"breadcrumb\":{\"@id\":\"https:\/\/www.transtoyou.com\/nb\/product\/fortacin\/#breadcrumb\"},\"inLanguage\":\"nb-NO\",\"potentialAction\":[{\"@type\":\"ReadAction\",\"target\":[\"https:\/\/www.transtoyou.com\/nb\/product\/fortacin\/\"]}]},{\"@type\":\"ImageObject\",\"inLanguage\":\"nb-NO\",\"@id\":\"https:\/\/www.transtoyou.com\/nb\/product\/fortacin\/#primaryimage\",\"url\":\"https:\/\/www.transtoyou.com\/nb\/wp-content\/uploads\/sites\/10\/2026\/01\/tty-no-product-image-117.webp\",\"contentUrl\":\"https:\/\/www.transtoyou.com\/nb\/wp-content\/uploads\/sites\/10\/2026\/01\/tty-no-product-image-117.webp\",\"width\":1000,\"height\":1000,\"caption\":\"Standard produktbilde\"},{\"@type\":\"WebSite\",\"@id\":\"https:\/\/www.transtoyou.com\/nb\/#website\",\"url\":\"https:\/\/www.transtoyou.com\/nb\/\",\"name\":\"Transtoyou - NB\",\"description\":\"\",\"publisher\":{\"@id\":\"https:\/\/www.transtoyou.com\/nb\/#organization\"},\"potentialAction\":[{\"@type\":\"SearchAction\",\"target\":{\"@type\":\"EntryPoint\",\"urlTemplate\":\"https:\/\/www.transtoyou.com\/nb\/?s={search_term_string}\"},\"query-input\":{\"@type\":\"PropertyValueSpecification\",\"valueRequired\":true,\"valueName\":\"search_term_string\"}}],\"inLanguage\":\"nb-NO\"},{\"@type\":\"Organization\",\"@id\":\"https:\/\/www.transtoyou.com\/nb\/#organization\",\"name\":\"Transtoyou - NB\",\"url\":\"https:\/\/www.transtoyou.com\/nb\/\",\"logo\":{\"@type\":\"ImageObject\",\"inLanguage\":\"nb-NO\",\"@id\":\"https:\/\/www.transtoyou.com\/nb\/#\/schema\/logo\/image\/\",\"url\":\"https:\/\/www.transtoyou.com\/nb\/wp-content\/uploads\/sites\/10\/2026\/01\/logo-tty-menu-bar-300x87-1.webp\",\"contentUrl\":\"https:\/\/www.transtoyou.com\/nb\/wp-content\/uploads\/sites\/10\/2026\/01\/logo-tty-menu-bar-300x87-1.webp\",\"width\":300,\"height\":87,\"caption\":\"Transtoyou - NB\"},\"image\":{\"@id\":\"https:\/\/www.transtoyou.com\/nb\/#\/schema\/logo\/image\/\"}}]}<\/script>\n<!-- \/ Yoast SEO plugin. -->","yoast_head_json":{"title":"Fortacin | Rask lindring for for tidlig s\u00e6davgang - Transtoyou","description":"Fortacin er n\u00e5 tilgjengelig p\u00e5 Transtoyou, og gir rask lindring for for tidlig utl\u00f8sning. Utforsk effektive l\u00f8sninger og handle med trygghet i dag.","robots":{"index":"noindex","follow":"follow","max-snippet":"max-snippet:-1","max-image-preview":"max-image-preview:large","max-video-preview":"max-video-preview:-1"},"og_locale":"nb_NO","og_type":"article","og_title":"Fortacin | Rask lindring for for tidlig s\u00e6davgang - Transtoyou","og_description":"Fortacin er n\u00e5 tilgjengelig p\u00e5 Transtoyou, og gir rask lindring for for tidlig utl\u00f8sning. Utforsk effektive l\u00f8sninger og handle med trygghet i dag.","og_url":"https:\/\/www.transtoyou.com\/nb\/product\/fortacin\/","og_site_name":"Transtoyou - NB","article_modified_time":"2026-01-24T20:39:46+00:00","twitter_card":"summary_large_image","twitter_misc":{"Ansl. lesetid":"1 minutt"},"schema":{"@context":"https:\/\/schema.org","@graph":[{"@type":"WebPage","@id":"https:\/\/www.transtoyou.com\/nb\/product\/fortacin\/","url":"https:\/\/www.transtoyou.com\/nb\/product\/fortacin\/","name":"Fortacin | Rask lindring for for tidlig s\u00e6davgang - Transtoyou","isPartOf":{"@id":"https:\/\/www.transtoyou.com\/nb\/#website"},"primaryImageOfPage":{"@id":"https:\/\/www.transtoyou.com\/nb\/product\/fortacin\/#primaryimage"},"image":{"@id":"https:\/\/www.transtoyou.com\/nb\/product\/fortacin\/#primaryimage"},"thumbnailUrl":"https:\/\/www.transtoyou.com\/nb\/wp-content\/uploads\/sites\/10\/2026\/01\/tty-no-product-image-117.webp","datePublished":"2026-01-24T20:38:54+00:00","dateModified":"2026-01-24T20:39:46+00:00","description":"Fortacin er n\u00e5 tilgjengelig p\u00e5 Transtoyou, og gir rask lindring for for tidlig utl\u00f8sning. Utforsk effektive l\u00f8sninger og handle med trygghet i dag.","breadcrumb":{"@id":"https:\/\/www.transtoyou.com\/nb\/product\/fortacin\/#breadcrumb"},"inLanguage":"nb-NO","potentialAction":[{"@type":"ReadAction","target":["https:\/\/www.transtoyou.com\/nb\/product\/fortacin\/"]}]},{"@type":"ImageObject","inLanguage":"nb-NO","@id":"https:\/\/www.transtoyou.com\/nb\/product\/fortacin\/#primaryimage","url":"https:\/\/www.transtoyou.com\/nb\/wp-content\/uploads\/sites\/10\/2026\/01\/tty-no-product-image-117.webp","contentUrl":"https:\/\/www.transtoyou.com\/nb\/wp-content\/uploads\/sites\/10\/2026\/01\/tty-no-product-image-117.webp","width":1000,"height":1000,"caption":"Standard produktbilde"},{"@type":"WebSite","@id":"https:\/\/www.transtoyou.com\/nb\/#website","url":"https:\/\/www.transtoyou.com\/nb\/","name":"Transtoyou - NB","description":"","publisher":{"@id":"https:\/\/www.transtoyou.com\/nb\/#organization"},"potentialAction":[{"@type":"SearchAction","target":{"@type":"EntryPoint","urlTemplate":"https:\/\/www.transtoyou.com\/nb\/?s={search_term_string}"},"query-input":{"@type":"PropertyValueSpecification","valueRequired":true,"valueName":"search_term_string"}}],"inLanguage":"nb-NO"},{"@type":"Organization","@id":"https:\/\/www.transtoyou.com\/nb\/#organization","name":"Transtoyou - NB","url":"https:\/\/www.transtoyou.com\/nb\/","logo":{"@type":"ImageObject","inLanguage":"nb-NO","@id":"https:\/\/www.transtoyou.com\/nb\/#\/schema\/logo\/image\/","url":"https:\/\/www.transtoyou.com\/nb\/wp-content\/uploads\/sites\/10\/2026\/01\/logo-tty-menu-bar-300x87-1.webp","contentUrl":"https:\/\/www.transtoyou.com\/nb\/wp-content\/uploads\/sites\/10\/2026\/01\/logo-tty-menu-bar-300x87-1.webp","width":300,"height":87,"caption":"Transtoyou - NB"},"image":{"@id":"https:\/\/www.transtoyou.com\/nb\/#\/schema\/logo\/image\/"}}]}},"_links":{"self":[{"href":"https:\/\/www.transtoyou.com\/nb\/wp-json\/wp\/v2\/product\/1062","targetHints":{"allow":["GET"]}}],"collection":[{"href":"https:\/\/www.transtoyou.com\/nb\/wp-json\/wp\/v2\/product"}],"about":[{"href":"https:\/\/www.transtoyou.com\/nb\/wp-json\/wp\/v2\/types\/product"}],"replies":[{"embeddable":true,"href":"https:\/\/www.transtoyou.com\/nb\/wp-json\/wp\/v2\/comments?post=1062"}],"wp:featuredmedia":[{"embeddable":true,"href":"https:\/\/www.transtoyou.com\/nb\/wp-json\/wp\/v2\/media\/1064"}],"wp:attachment":[{"href":"https:\/\/www.transtoyou.com\/nb\/wp-json\/wp\/v2\/media?parent=1062"}],"wp:term":[{"taxonomy":"product_brand","embeddable":true,"href":"https:\/\/www.transtoyou.com\/nb\/wp-json\/wp\/v2\/product_brand?post=1062"},{"taxonomy":"product_cat","embeddable":true,"href":"https:\/\/www.transtoyou.com\/nb\/wp-json\/wp\/v2\/product_cat?post=1062"},{"taxonomy":"product_tag","embeddable":true,"href":"https:\/\/www.transtoyou.com\/nb\/wp-json\/wp\/v2\/product_tag?post=1062"},{"taxonomy":"expert","embeddable":true,"href":"https:\/\/www.transtoyou.com\/nb\/wp-json\/wp\/v2\/expert?post=1062"}],"curies":[{"name":"wp","href":"https:\/\/api.w.org\/{rel}","templated":true}]}}