{"id":1065,"date":"2026-01-24T22:54:43","date_gmt":"2026-01-24T20:54:43","guid":{"rendered":"https:\/\/www.transtoyou.com\/nb\/product\/priligy\/"},"modified":"2026-03-01T14:04:23","modified_gmt":"2026-03-01T12:04:23","slug":"priligy","status":"publish","type":"product","link":"https:\/\/www.transtoyou.com\/nb\/product\/priligy\/","title":{"rendered":"Priligy"},"content":{"rendered":"<p>Priligy inneholder dapoksetin, en rasktvirkende medisin som brukes til \u00e5 behandle for tidlig ejakulasjon hos voksne menn. Den tilh\u00f8rer en gruppe medisiner kalt selektive serotoninreopptakshemmere (SSRI), men den er spesifikt designet for bruk ved behov, ikke daglig bruk. Ved \u00e5 \u00f8ke aktiviteten av serotonin i nervesystemet, hjelper Priligy med \u00e5 forsinke ejakulasjon, forbedre kontroll og redusere ubehag knyttet til tilstanden.<\/p>\n<p>For tidlig ejakulasjon er en av de vanligste mannlige seksuelle bekymringene. Det kan p\u00e5virke selvtillit og intimitet, selv i sunne forhold. Priligy tilbyr en l\u00f8sning som passer inn i en fleksibel rutine, da den tas kun n\u00e5r det er n\u00f8dvendig, omtrent en til tre timer f\u00f8r seksuell aktivitet. Medikamentet absorberes raskt og begynner \u00e5 virke innen 30 til 60 minutter hos de fleste brukere.<\/p>\n<p>I motsetning til mange behandlinger som krever kontinuerlig bruk, gj\u00f8r Priligys korte virkning og raske eliminasjon fra kroppen det til et praktisk valg for de som foretrekker \u00e5 ikke bruke daglig medisin. De fleste brukere rapporterer \u00f8kt tilfredshet med seksuell ytelse og bedre kontroll over ejakulasjon etter \u00e5 ha startet med Priligy.<\/p>\n<p>Priligy tolereres generelt godt. Noen menn opplever kvalme, svimmelhet eller hodepine, spesielt n\u00e5r de f\u00f8rst begynner med medisinen. \u00c5 drikke alkohol kan \u00f8ke disse effektene, s\u00e5 det anbefales \u00e5 unng\u00e5 alkohol n\u00e6r tidspunktet for bruk. Denne medisinen er ikke ment for menn med hjerteproblemer eller de som tar medisiner som p\u00e5virker blodtrykk eller serotoninniv\u00e5er.<\/p>\n","protected":false},"excerpt":{"rendered":"<ul>\n<li>Behandling p\u00e5 foresp\u00f8rsel for for tidlig utl\u00f8sning<\/li>\n<li>Inneholder dapoksetin, en korttidsvirkende SSRI<\/li>\n<li>Forbedrer kontroll og reduserer seksuell angst<\/li>\n<\/ul>\n","protected":false},"featured_media":1067,"comment_status":"open","ping_status":"closed","template":"","meta":[],"product_brand":[],"product_cat":[157],"product_tag":[],"expert":[16],"class_list":{"0":"post-1065","1":"product","2":"type-product","3":"status-publish","4":"has-post-thumbnail","6":"product_cat-losninger-for-for-tidlig-ejakulasjon","7":"expert-dr-c-alexandru","9":"first","10":"instock","11":"shipping-taxable","12":"product-type-variable"},"yoast_head":"<!-- This site is optimized with the Yoast SEO plugin v27.0 - https:\/\/yoast.com\/product\/yoast-seo-wordpress\/ -->\n<title>Priligy | Forbedre Vitalitet og Utholdenhet - Transtoyou<\/title>\n<meta name=\"description\" content=\"Priligy er tilgjengelig p\u00e5 Transtoyou, med unike fordeler for \u00e5 h\u00e5ndtere for tidlig utl\u00f8sning. Kj\u00f8p n\u00e5 for enkel tilgang til denne effektive l\u00f8sningen.\" \/>\n<meta name=\"robots\" content=\"noindex, follow, max-snippet:-1, max-image-preview:large, max-video-preview:-1\" \/>\n<meta property=\"og:locale\" content=\"nb_NO\" \/>\n<meta property=\"og:type\" content=\"article\" \/>\n<meta property=\"og:title\" content=\"Priligy | Forbedre Vitalitet og Utholdenhet - Transtoyou\" \/>\n<meta property=\"og:description\" content=\"Priligy er tilgjengelig p\u00e5 Transtoyou, med unike fordeler for \u00e5 h\u00e5ndtere for tidlig utl\u00f8sning. Kj\u00f8p n\u00e5 for enkel tilgang til denne effektive l\u00f8sningen.\" \/>\n<meta property=\"og:url\" content=\"https:\/\/www.transtoyou.com\/nb\/product\/priligy\/\" \/>\n<meta property=\"og:site_name\" content=\"Transtoyou - NB\" \/>\n<meta property=\"article:modified_time\" content=\"2026-03-01T12:04:23+00:00\" \/>\n<meta name=\"twitter:card\" content=\"summary_large_image\" \/>\n<meta name=\"twitter:label1\" content=\"Ansl. lesetid\" \/>\n\t<meta name=\"twitter:data1\" content=\"1 minutt\" \/>\n<script type=\"application\/ld+json\" class=\"yoast-schema-graph\">{\"@context\":\"https:\/\/schema.org\",\"@graph\":[{\"@type\":\"WebPage\",\"@id\":\"https:\/\/www.transtoyou.com\/nb\/product\/priligy\/\",\"url\":\"https:\/\/www.transtoyou.com\/nb\/product\/priligy\/\",\"name\":\"Priligy | Forbedre Vitalitet og Utholdenhet - Transtoyou\",\"isPartOf\":{\"@id\":\"https:\/\/www.transtoyou.com\/nb\/#website\"},\"primaryImageOfPage\":{\"@id\":\"https:\/\/www.transtoyou.com\/nb\/product\/priligy\/#primaryimage\"},\"image\":{\"@id\":\"https:\/\/www.transtoyou.com\/nb\/product\/priligy\/#primaryimage\"},\"thumbnailUrl\":\"https:\/\/www.transtoyou.com\/nb\/wp-content\/uploads\/sites\/10\/2026\/01\/tty-no-product-image-118.webp\",\"datePublished\":\"2026-01-24T20:54:43+00:00\",\"dateModified\":\"2026-03-01T12:04:23+00:00\",\"description\":\"Priligy er tilgjengelig p\u00e5 Transtoyou, med unike fordeler for \u00e5 h\u00e5ndtere for tidlig utl\u00f8sning. Kj\u00f8p n\u00e5 for enkel tilgang til denne effektive l\u00f8sningen.\",\"breadcrumb\":{\"@id\":\"https:\/\/www.transtoyou.com\/nb\/product\/priligy\/#breadcrumb\"},\"inLanguage\":\"nb-NO\",\"potentialAction\":[{\"@type\":\"ReadAction\",\"target\":[\"https:\/\/www.transtoyou.com\/nb\/product\/priligy\/\"]}]},{\"@type\":\"ImageObject\",\"inLanguage\":\"nb-NO\",\"@id\":\"https:\/\/www.transtoyou.com\/nb\/product\/priligy\/#primaryimage\",\"url\":\"https:\/\/www.transtoyou.com\/nb\/wp-content\/uploads\/sites\/10\/2026\/01\/tty-no-product-image-118.webp\",\"contentUrl\":\"https:\/\/www.transtoyou.com\/nb\/wp-content\/uploads\/sites\/10\/2026\/01\/tty-no-product-image-118.webp\",\"width\":1000,\"height\":1000,\"caption\":\"Standard produktbilde\"},{\"@type\":\"WebSite\",\"@id\":\"https:\/\/www.transtoyou.com\/nb\/#website\",\"url\":\"https:\/\/www.transtoyou.com\/nb\/\",\"name\":\"Transtoyou - NB\",\"description\":\"\",\"publisher\":{\"@id\":\"https:\/\/www.transtoyou.com\/nb\/#organization\"},\"potentialAction\":[{\"@type\":\"SearchAction\",\"target\":{\"@type\":\"EntryPoint\",\"urlTemplate\":\"https:\/\/www.transtoyou.com\/nb\/?s={search_term_string}\"},\"query-input\":{\"@type\":\"PropertyValueSpecification\",\"valueRequired\":true,\"valueName\":\"search_term_string\"}}],\"inLanguage\":\"nb-NO\"},{\"@type\":\"Organization\",\"@id\":\"https:\/\/www.transtoyou.com\/nb\/#organization\",\"name\":\"Transtoyou - NB\",\"url\":\"https:\/\/www.transtoyou.com\/nb\/\",\"logo\":{\"@type\":\"ImageObject\",\"inLanguage\":\"nb-NO\",\"@id\":\"https:\/\/www.transtoyou.com\/nb\/#\/schema\/logo\/image\/\",\"url\":\"https:\/\/www.transtoyou.com\/nb\/wp-content\/uploads\/sites\/10\/2026\/01\/logo-tty-menu-bar-300x87-1.webp\",\"contentUrl\":\"https:\/\/www.transtoyou.com\/nb\/wp-content\/uploads\/sites\/10\/2026\/01\/logo-tty-menu-bar-300x87-1.webp\",\"width\":300,\"height\":87,\"caption\":\"Transtoyou - NB\"},\"image\":{\"@id\":\"https:\/\/www.transtoyou.com\/nb\/#\/schema\/logo\/image\/\"}}]}<\/script>\n<!-- \/ Yoast SEO plugin. -->","yoast_head_json":{"title":"Priligy | Forbedre Vitalitet og Utholdenhet - Transtoyou","description":"Priligy er tilgjengelig p\u00e5 Transtoyou, med unike fordeler for \u00e5 h\u00e5ndtere for tidlig utl\u00f8sning. Kj\u00f8p n\u00e5 for enkel tilgang til denne effektive l\u00f8sningen.","robots":{"index":"noindex","follow":"follow","max-snippet":"max-snippet:-1","max-image-preview":"max-image-preview:large","max-video-preview":"max-video-preview:-1"},"og_locale":"nb_NO","og_type":"article","og_title":"Priligy | Forbedre Vitalitet og Utholdenhet - Transtoyou","og_description":"Priligy er tilgjengelig p\u00e5 Transtoyou, med unike fordeler for \u00e5 h\u00e5ndtere for tidlig utl\u00f8sning. Kj\u00f8p n\u00e5 for enkel tilgang til denne effektive l\u00f8sningen.","og_url":"https:\/\/www.transtoyou.com\/nb\/product\/priligy\/","og_site_name":"Transtoyou - NB","article_modified_time":"2026-03-01T12:04:23+00:00","twitter_card":"summary_large_image","twitter_misc":{"Ansl. lesetid":"1 minutt"},"schema":{"@context":"https:\/\/schema.org","@graph":[{"@type":"WebPage","@id":"https:\/\/www.transtoyou.com\/nb\/product\/priligy\/","url":"https:\/\/www.transtoyou.com\/nb\/product\/priligy\/","name":"Priligy | Forbedre Vitalitet og Utholdenhet - Transtoyou","isPartOf":{"@id":"https:\/\/www.transtoyou.com\/nb\/#website"},"primaryImageOfPage":{"@id":"https:\/\/www.transtoyou.com\/nb\/product\/priligy\/#primaryimage"},"image":{"@id":"https:\/\/www.transtoyou.com\/nb\/product\/priligy\/#primaryimage"},"thumbnailUrl":"https:\/\/www.transtoyou.com\/nb\/wp-content\/uploads\/sites\/10\/2026\/01\/tty-no-product-image-118.webp","datePublished":"2026-01-24T20:54:43+00:00","dateModified":"2026-03-01T12:04:23+00:00","description":"Priligy er tilgjengelig p\u00e5 Transtoyou, med unike fordeler for \u00e5 h\u00e5ndtere for tidlig utl\u00f8sning. Kj\u00f8p n\u00e5 for enkel tilgang til denne effektive l\u00f8sningen.","breadcrumb":{"@id":"https:\/\/www.transtoyou.com\/nb\/product\/priligy\/#breadcrumb"},"inLanguage":"nb-NO","potentialAction":[{"@type":"ReadAction","target":["https:\/\/www.transtoyou.com\/nb\/product\/priligy\/"]}]},{"@type":"ImageObject","inLanguage":"nb-NO","@id":"https:\/\/www.transtoyou.com\/nb\/product\/priligy\/#primaryimage","url":"https:\/\/www.transtoyou.com\/nb\/wp-content\/uploads\/sites\/10\/2026\/01\/tty-no-product-image-118.webp","contentUrl":"https:\/\/www.transtoyou.com\/nb\/wp-content\/uploads\/sites\/10\/2026\/01\/tty-no-product-image-118.webp","width":1000,"height":1000,"caption":"Standard produktbilde"},{"@type":"WebSite","@id":"https:\/\/www.transtoyou.com\/nb\/#website","url":"https:\/\/www.transtoyou.com\/nb\/","name":"Transtoyou - NB","description":"","publisher":{"@id":"https:\/\/www.transtoyou.com\/nb\/#organization"},"potentialAction":[{"@type":"SearchAction","target":{"@type":"EntryPoint","urlTemplate":"https:\/\/www.transtoyou.com\/nb\/?s={search_term_string}"},"query-input":{"@type":"PropertyValueSpecification","valueRequired":true,"valueName":"search_term_string"}}],"inLanguage":"nb-NO"},{"@type":"Organization","@id":"https:\/\/www.transtoyou.com\/nb\/#organization","name":"Transtoyou - NB","url":"https:\/\/www.transtoyou.com\/nb\/","logo":{"@type":"ImageObject","inLanguage":"nb-NO","@id":"https:\/\/www.transtoyou.com\/nb\/#\/schema\/logo\/image\/","url":"https:\/\/www.transtoyou.com\/nb\/wp-content\/uploads\/sites\/10\/2026\/01\/logo-tty-menu-bar-300x87-1.webp","contentUrl":"https:\/\/www.transtoyou.com\/nb\/wp-content\/uploads\/sites\/10\/2026\/01\/logo-tty-menu-bar-300x87-1.webp","width":300,"height":87,"caption":"Transtoyou - NB"},"image":{"@id":"https:\/\/www.transtoyou.com\/nb\/#\/schema\/logo\/image\/"}}]}},"_links":{"self":[{"href":"https:\/\/www.transtoyou.com\/nb\/wp-json\/wp\/v2\/product\/1065","targetHints":{"allow":["GET"]}}],"collection":[{"href":"https:\/\/www.transtoyou.com\/nb\/wp-json\/wp\/v2\/product"}],"about":[{"href":"https:\/\/www.transtoyou.com\/nb\/wp-json\/wp\/v2\/types\/product"}],"replies":[{"embeddable":true,"href":"https:\/\/www.transtoyou.com\/nb\/wp-json\/wp\/v2\/comments?post=1065"}],"wp:featuredmedia":[{"embeddable":true,"href":"https:\/\/www.transtoyou.com\/nb\/wp-json\/wp\/v2\/media\/1067"}],"wp:attachment":[{"href":"https:\/\/www.transtoyou.com\/nb\/wp-json\/wp\/v2\/media?parent=1065"}],"wp:term":[{"taxonomy":"product_brand","embeddable":true,"href":"https:\/\/www.transtoyou.com\/nb\/wp-json\/wp\/v2\/product_brand?post=1065"},{"taxonomy":"product_cat","embeddable":true,"href":"https:\/\/www.transtoyou.com\/nb\/wp-json\/wp\/v2\/product_cat?post=1065"},{"taxonomy":"product_tag","embeddable":true,"href":"https:\/\/www.transtoyou.com\/nb\/wp-json\/wp\/v2\/product_tag?post=1065"},{"taxonomy":"expert","embeddable":true,"href":"https:\/\/www.transtoyou.com\/nb\/wp-json\/wp\/v2\/expert?post=1065"}],"curies":[{"name":"wp","href":"https:\/\/api.w.org\/{rel}","templated":true}]}}