{"id":1071,"date":"2026-01-24T23:28:37","date_gmt":"2026-01-24T21:28:37","guid":{"rendered":"https:\/\/www.transtoyou.com\/nb\/product\/diamicron\/"},"modified":"2026-01-24T23:29:45","modified_gmt":"2026-01-24T21:29:45","slug":"diamicron","status":"publish","type":"product","link":"https:\/\/www.transtoyou.com\/nb\/product\/diamicron\/","title":{"rendered":"Diamicron"},"content":{"rendered":"<p>Diamicron er en oral medisin som tilh\u00f8rer sulfonylurea-klassen av medisiner. Den hjelper med \u00e5 h\u00e5ndtere blodsukkerniv\u00e5ene hos personer med type 2-diabetes. Diamicron virker ved \u00e5 stimulere bukspyttkjertelen til \u00e5 frigj\u00f8re mer insulin, et hormon som bidrar til \u00e5 senke glukoseniv\u00e5ene i blodet. Dette gj\u00f8r den spesielt nyttig for personer hvis kropper fortsatt produserer insulin, men ikke reagerer effektivt p\u00e5 det.<\/p>\n<p>Ved type 2-diabetes blir kroppen resistent mot insulin eller produserer ikke nok av det for \u00e5 holde blodsukkeret i sjakk. Diamicron tar tak i dette ved \u00e5 oppmuntre til en mer naturlig frigj\u00f8ring av insulin som respons p\u00e5 m\u00e5ltider, noe som hjelper med \u00e5 redusere blodsukkerstigninger etter \u00e5 ha spist. Som et resultat spiller den en rolle i \u00e5 opprettholde stabile blodsukker niv\u00e5er gjennom dagen.<\/p>\n<p>Diamicron tas vanligvis en gang daglig, ofte med frokost. Selv om den er effektiv, kan Diamicron noen ganger for\u00e5rsake lavt blodsukker (hypoglykemi), spesielt hvis m\u00e5ltider utelates eller fysisk aktivitet \u00f8ker uventet. Av denne grunn er det viktig \u00e5 overv\u00e5ke glukoseniv\u00e5ene regelmessig og v\u00e6re oppmerksom p\u00e5 symptomer som skjelving, svette, svimmelhet eller forvirring. Andre mulige bivirkninger inkluderer mild gastrointestinal ubehag eller vekt\u00f8kning.<\/p>\n","protected":false},"excerpt":{"rendered":"<ul>\n<li>Engang-daglig modifisert frigj\u00f8ring av gliclazid for jevn blodsukkerkontroll<\/li>\n<li>Reduserer HbA1c og beskytter nerver, \u00f8yne og nyrer<\/li>\n<li>Dokumentert sikkerhetsprofil med over 30 \u00e5rs bruk<\/li>\n<\/ul>\n","protected":false},"featured_media":1073,"comment_status":"open","ping_status":"closed","template":"","meta":[],"product_brand":[],"product_cat":[103],"product_tag":[],"expert":[21],"class_list":{"0":"post-1071","1":"product","2":"type-product","3":"status-publish","4":"has-post-thumbnail","6":"product_cat-diabetes","7":"expert-dr-m-sharoyko","9":"first","10":"instock","11":"shipping-taxable","12":"product-type-variable"},"yoast_head":"<!-- This site is optimized with the Yoast SEO plugin v27.0 - https:\/\/yoast.com\/product\/yoast-seo-wordpress\/ -->\n<title>Diamicron | H\u00e5ndter Blodsukker Effektivt - Transtoyou<\/title>\n<meta name=\"description\" content=\"H\u00e5ndter type 2 diabetes med Diamicron, tilgjengelig p\u00e5 Transtoyou. St\u00f8tter insulinfrigj\u00f8ring for stabilt blodsukker. Kj\u00f8p n\u00e5 for effektiv kontroll.\" \/>\n<meta name=\"robots\" content=\"noindex, follow, max-snippet:-1, max-image-preview:large, max-video-preview:-1\" \/>\n<meta property=\"og:locale\" content=\"nb_NO\" \/>\n<meta property=\"og:type\" content=\"article\" \/>\n<meta property=\"og:title\" content=\"Diamicron | H\u00e5ndter Blodsukker Effektivt - Transtoyou\" \/>\n<meta property=\"og:description\" content=\"H\u00e5ndter type 2 diabetes med Diamicron, tilgjengelig p\u00e5 Transtoyou. St\u00f8tter insulinfrigj\u00f8ring for stabilt blodsukker. Kj\u00f8p n\u00e5 for effektiv kontroll.\" \/>\n<meta property=\"og:url\" content=\"https:\/\/www.transtoyou.com\/nb\/product\/diamicron\/\" \/>\n<meta property=\"og:site_name\" content=\"Transtoyou - NB\" \/>\n<meta property=\"article:modified_time\" content=\"2026-01-24T21:29:45+00:00\" \/>\n<meta name=\"twitter:card\" content=\"summary_large_image\" \/>\n<meta name=\"twitter:label1\" content=\"Ansl. lesetid\" \/>\n\t<meta name=\"twitter:data1\" content=\"1 minutt\" \/>\n<script type=\"application\/ld+json\" class=\"yoast-schema-graph\">{\"@context\":\"https:\/\/schema.org\",\"@graph\":[{\"@type\":\"WebPage\",\"@id\":\"https:\/\/www.transtoyou.com\/nb\/product\/diamicron\/\",\"url\":\"https:\/\/www.transtoyou.com\/nb\/product\/diamicron\/\",\"name\":\"Diamicron | H\u00e5ndter Blodsukker Effektivt - Transtoyou\",\"isPartOf\":{\"@id\":\"https:\/\/www.transtoyou.com\/nb\/#website\"},\"primaryImageOfPage\":{\"@id\":\"https:\/\/www.transtoyou.com\/nb\/product\/diamicron\/#primaryimage\"},\"image\":{\"@id\":\"https:\/\/www.transtoyou.com\/nb\/product\/diamicron\/#primaryimage\"},\"thumbnailUrl\":\"https:\/\/www.transtoyou.com\/nb\/wp-content\/uploads\/sites\/10\/2026\/01\/tty-no-product-image-120.webp\",\"datePublished\":\"2026-01-24T21:28:37+00:00\",\"dateModified\":\"2026-01-24T21:29:45+00:00\",\"description\":\"H\u00e5ndter type 2 diabetes med Diamicron, tilgjengelig p\u00e5 Transtoyou. St\u00f8tter insulinfrigj\u00f8ring for stabilt blodsukker. Kj\u00f8p n\u00e5 for effektiv kontroll.\",\"breadcrumb\":{\"@id\":\"https:\/\/www.transtoyou.com\/nb\/product\/diamicron\/#breadcrumb\"},\"inLanguage\":\"nb-NO\",\"potentialAction\":[{\"@type\":\"ReadAction\",\"target\":[\"https:\/\/www.transtoyou.com\/nb\/product\/diamicron\/\"]}]},{\"@type\":\"ImageObject\",\"inLanguage\":\"nb-NO\",\"@id\":\"https:\/\/www.transtoyou.com\/nb\/product\/diamicron\/#primaryimage\",\"url\":\"https:\/\/www.transtoyou.com\/nb\/wp-content\/uploads\/sites\/10\/2026\/01\/tty-no-product-image-120.webp\",\"contentUrl\":\"https:\/\/www.transtoyou.com\/nb\/wp-content\/uploads\/sites\/10\/2026\/01\/tty-no-product-image-120.webp\",\"width\":1000,\"height\":1000,\"caption\":\"Standard produktbilde\"},{\"@type\":\"WebSite\",\"@id\":\"https:\/\/www.transtoyou.com\/nb\/#website\",\"url\":\"https:\/\/www.transtoyou.com\/nb\/\",\"name\":\"Transtoyou - NB\",\"description\":\"\",\"publisher\":{\"@id\":\"https:\/\/www.transtoyou.com\/nb\/#organization\"},\"potentialAction\":[{\"@type\":\"SearchAction\",\"target\":{\"@type\":\"EntryPoint\",\"urlTemplate\":\"https:\/\/www.transtoyou.com\/nb\/?s={search_term_string}\"},\"query-input\":{\"@type\":\"PropertyValueSpecification\",\"valueRequired\":true,\"valueName\":\"search_term_string\"}}],\"inLanguage\":\"nb-NO\"},{\"@type\":\"Organization\",\"@id\":\"https:\/\/www.transtoyou.com\/nb\/#organization\",\"name\":\"Transtoyou - NB\",\"url\":\"https:\/\/www.transtoyou.com\/nb\/\",\"logo\":{\"@type\":\"ImageObject\",\"inLanguage\":\"nb-NO\",\"@id\":\"https:\/\/www.transtoyou.com\/nb\/#\/schema\/logo\/image\/\",\"url\":\"https:\/\/www.transtoyou.com\/nb\/wp-content\/uploads\/sites\/10\/2026\/01\/logo-tty-menu-bar-300x87-1.webp\",\"contentUrl\":\"https:\/\/www.transtoyou.com\/nb\/wp-content\/uploads\/sites\/10\/2026\/01\/logo-tty-menu-bar-300x87-1.webp\",\"width\":300,\"height\":87,\"caption\":\"Transtoyou - NB\"},\"image\":{\"@id\":\"https:\/\/www.transtoyou.com\/nb\/#\/schema\/logo\/image\/\"}}]}<\/script>\n<!-- \/ Yoast SEO plugin. -->","yoast_head_json":{"title":"Diamicron | H\u00e5ndter Blodsukker Effektivt - Transtoyou","description":"H\u00e5ndter type 2 diabetes med Diamicron, tilgjengelig p\u00e5 Transtoyou. St\u00f8tter insulinfrigj\u00f8ring for stabilt blodsukker. Kj\u00f8p n\u00e5 for effektiv kontroll.","robots":{"index":"noindex","follow":"follow","max-snippet":"max-snippet:-1","max-image-preview":"max-image-preview:large","max-video-preview":"max-video-preview:-1"},"og_locale":"nb_NO","og_type":"article","og_title":"Diamicron | H\u00e5ndter Blodsukker Effektivt - Transtoyou","og_description":"H\u00e5ndter type 2 diabetes med Diamicron, tilgjengelig p\u00e5 Transtoyou. St\u00f8tter insulinfrigj\u00f8ring for stabilt blodsukker. Kj\u00f8p n\u00e5 for effektiv kontroll.","og_url":"https:\/\/www.transtoyou.com\/nb\/product\/diamicron\/","og_site_name":"Transtoyou - NB","article_modified_time":"2026-01-24T21:29:45+00:00","twitter_card":"summary_large_image","twitter_misc":{"Ansl. lesetid":"1 minutt"},"schema":{"@context":"https:\/\/schema.org","@graph":[{"@type":"WebPage","@id":"https:\/\/www.transtoyou.com\/nb\/product\/diamicron\/","url":"https:\/\/www.transtoyou.com\/nb\/product\/diamicron\/","name":"Diamicron | H\u00e5ndter Blodsukker Effektivt - Transtoyou","isPartOf":{"@id":"https:\/\/www.transtoyou.com\/nb\/#website"},"primaryImageOfPage":{"@id":"https:\/\/www.transtoyou.com\/nb\/product\/diamicron\/#primaryimage"},"image":{"@id":"https:\/\/www.transtoyou.com\/nb\/product\/diamicron\/#primaryimage"},"thumbnailUrl":"https:\/\/www.transtoyou.com\/nb\/wp-content\/uploads\/sites\/10\/2026\/01\/tty-no-product-image-120.webp","datePublished":"2026-01-24T21:28:37+00:00","dateModified":"2026-01-24T21:29:45+00:00","description":"H\u00e5ndter type 2 diabetes med Diamicron, tilgjengelig p\u00e5 Transtoyou. St\u00f8tter insulinfrigj\u00f8ring for stabilt blodsukker. Kj\u00f8p n\u00e5 for effektiv kontroll.","breadcrumb":{"@id":"https:\/\/www.transtoyou.com\/nb\/product\/diamicron\/#breadcrumb"},"inLanguage":"nb-NO","potentialAction":[{"@type":"ReadAction","target":["https:\/\/www.transtoyou.com\/nb\/product\/diamicron\/"]}]},{"@type":"ImageObject","inLanguage":"nb-NO","@id":"https:\/\/www.transtoyou.com\/nb\/product\/diamicron\/#primaryimage","url":"https:\/\/www.transtoyou.com\/nb\/wp-content\/uploads\/sites\/10\/2026\/01\/tty-no-product-image-120.webp","contentUrl":"https:\/\/www.transtoyou.com\/nb\/wp-content\/uploads\/sites\/10\/2026\/01\/tty-no-product-image-120.webp","width":1000,"height":1000,"caption":"Standard produktbilde"},{"@type":"WebSite","@id":"https:\/\/www.transtoyou.com\/nb\/#website","url":"https:\/\/www.transtoyou.com\/nb\/","name":"Transtoyou - NB","description":"","publisher":{"@id":"https:\/\/www.transtoyou.com\/nb\/#organization"},"potentialAction":[{"@type":"SearchAction","target":{"@type":"EntryPoint","urlTemplate":"https:\/\/www.transtoyou.com\/nb\/?s={search_term_string}"},"query-input":{"@type":"PropertyValueSpecification","valueRequired":true,"valueName":"search_term_string"}}],"inLanguage":"nb-NO"},{"@type":"Organization","@id":"https:\/\/www.transtoyou.com\/nb\/#organization","name":"Transtoyou - NB","url":"https:\/\/www.transtoyou.com\/nb\/","logo":{"@type":"ImageObject","inLanguage":"nb-NO","@id":"https:\/\/www.transtoyou.com\/nb\/#\/schema\/logo\/image\/","url":"https:\/\/www.transtoyou.com\/nb\/wp-content\/uploads\/sites\/10\/2026\/01\/logo-tty-menu-bar-300x87-1.webp","contentUrl":"https:\/\/www.transtoyou.com\/nb\/wp-content\/uploads\/sites\/10\/2026\/01\/logo-tty-menu-bar-300x87-1.webp","width":300,"height":87,"caption":"Transtoyou - NB"},"image":{"@id":"https:\/\/www.transtoyou.com\/nb\/#\/schema\/logo\/image\/"}}]}},"_links":{"self":[{"href":"https:\/\/www.transtoyou.com\/nb\/wp-json\/wp\/v2\/product\/1071","targetHints":{"allow":["GET"]}}],"collection":[{"href":"https:\/\/www.transtoyou.com\/nb\/wp-json\/wp\/v2\/product"}],"about":[{"href":"https:\/\/www.transtoyou.com\/nb\/wp-json\/wp\/v2\/types\/product"}],"replies":[{"embeddable":true,"href":"https:\/\/www.transtoyou.com\/nb\/wp-json\/wp\/v2\/comments?post=1071"}],"wp:featuredmedia":[{"embeddable":true,"href":"https:\/\/www.transtoyou.com\/nb\/wp-json\/wp\/v2\/media\/1073"}],"wp:attachment":[{"href":"https:\/\/www.transtoyou.com\/nb\/wp-json\/wp\/v2\/media?parent=1071"}],"wp:term":[{"taxonomy":"product_brand","embeddable":true,"href":"https:\/\/www.transtoyou.com\/nb\/wp-json\/wp\/v2\/product_brand?post=1071"},{"taxonomy":"product_cat","embeddable":true,"href":"https:\/\/www.transtoyou.com\/nb\/wp-json\/wp\/v2\/product_cat?post=1071"},{"taxonomy":"product_tag","embeddable":true,"href":"https:\/\/www.transtoyou.com\/nb\/wp-json\/wp\/v2\/product_tag?post=1071"},{"taxonomy":"expert","embeddable":true,"href":"https:\/\/www.transtoyou.com\/nb\/wp-json\/wp\/v2\/expert?post=1071"}],"curies":[{"name":"wp","href":"https:\/\/api.w.org\/{rel}","templated":true}]}}