{"id":1077,"date":"2026-01-25T00:04:37","date_gmt":"2026-01-24T22:04:37","guid":{"rendered":"https:\/\/www.transtoyou.com\/nb\/product\/ozempic\/"},"modified":"2026-03-01T12:11:46","modified_gmt":"2026-03-01T10:11:46","slug":"ozempic","status":"publish","type":"product","link":"https:\/\/www.transtoyou.com\/nb\/product\/ozempic\/","title":{"rendered":"Ozempic"},"content":{"rendered":"<p>Ozempic er en ukentlig injiserbar medisin som brukes til \u00e5 h\u00e5ndtere type 2-diabetes og st\u00f8tte langsiktig blodsukkerkontroll. Den inneholder semaglutid, en forbindelse som etterligner et naturlig forekommende hormon kalt GLP-1 (glukagonlignende peptid-1). Dette hormonet bidrar til \u00e5 regulere blodsukkerniv\u00e5ene ved \u00e5 \u00f8ke insulinsekresjonen, hemme leverens glukoseproduksjon og forsinke magesekkt\u00f8mming.<\/p>\n<p>For personer med type 2-diabetes tilbyr Ozempic en l\u00f8sning for \u00e5 forbedre blodsukkerreguleringen samtidig som det bidrar til vektreduksjon. I motsetning til insulin, som direkte senker blodsukkeret, fungerer Ozempic i harmoni med kroppens egne systemer for \u00e5 hjelpe den med \u00e5 reagere mer effektivt p\u00e5 matinntak og h\u00e5ndtere glukoseniv\u00e5ene mer konsekvent gjennom dagen.<\/p>\n<p>Ozempic administreres via en liten injeksjon under huden, vanligvis en gang i uken. De fleste begynner behandlingen med en lav dose, som gradvis \u00f8kes for \u00e5 minimere eventuelle ford\u00f8yelsesbivirkninger som kvalme, oppbl\u00e5sthet eller forstoppelse.<\/p>\n<p>Ozempic senker ikke bare HbA1c-niv\u00e5ene, men hjelper ogs\u00e5 med \u00e5 redusere appetitt og kroppsvekt hos mange pasienter. Disse tilleggene fordelene gj\u00f8r det til et verdifullt valg for personer som h\u00e5ndterer b\u00e5de type 2-diabetes og fedme.<\/p>\n","protected":false},"excerpt":{"rendered":"<ul>\n<li>Injeksjon \u00e9n gang i uken for type 2 diabetes<\/li>\n<li>Stimulerer insulinsekresjon og kontrollerer glukosefrigj\u00f8ring fra leveren<\/li>\n<li>Kan st\u00f8tte vektkontroll hos enkelte pasienter<\/li>\n<\/ul>\n","protected":false},"featured_media":1079,"comment_status":"open","ping_status":"closed","template":"","meta":[],"product_brand":[],"product_cat":[103],"product_tag":[],"expert":[21],"class_list":{"0":"post-1077","1":"product","2":"type-product","3":"status-publish","4":"has-post-thumbnail","6":"product_cat-diabetes","7":"expert-dr-m-sharoyko","9":"first","10":"instock","11":"shipping-taxable","12":"product-type-variable"},"yoast_head":"<!-- This site is optimized with the Yoast SEO plugin v27.0 - https:\/\/yoast.com\/product\/yoast-seo-wordpress\/ -->\n<title>Ozempic | H\u00e5ndter Diabetes &amp; Forbedre Helsen - Transtoyou<\/title>\n<meta name=\"description\" content=\"Oppdag Ozempic p\u00e5 Transtoyou, en ukentlig injeksjon for type 2 diabetes som hjelper med blodsukkerkontroll og vekttap. Handle n\u00e5.\" \/>\n<meta name=\"robots\" content=\"noindex, follow, max-snippet:-1, max-image-preview:large, max-video-preview:-1\" \/>\n<meta property=\"og:locale\" content=\"nb_NO\" \/>\n<meta property=\"og:type\" content=\"article\" \/>\n<meta property=\"og:title\" content=\"Ozempic | H\u00e5ndter Diabetes &amp; Forbedre Helsen - Transtoyou\" \/>\n<meta property=\"og:description\" content=\"Oppdag Ozempic p\u00e5 Transtoyou, en ukentlig injeksjon for type 2 diabetes som hjelper med blodsukkerkontroll og vekttap. Handle n\u00e5.\" \/>\n<meta property=\"og:url\" content=\"https:\/\/www.transtoyou.com\/nb\/product\/ozempic\/\" \/>\n<meta property=\"og:site_name\" content=\"Transtoyou - NB\" \/>\n<meta property=\"article:modified_time\" content=\"2026-03-01T10:11:46+00:00\" \/>\n<meta name=\"twitter:card\" content=\"summary_large_image\" \/>\n<meta name=\"twitter:label1\" content=\"Ansl. lesetid\" \/>\n\t<meta name=\"twitter:data1\" content=\"1 minutt\" \/>\n<script type=\"application\/ld+json\" class=\"yoast-schema-graph\">{\"@context\":\"https:\/\/schema.org\",\"@graph\":[{\"@type\":\"WebPage\",\"@id\":\"https:\/\/www.transtoyou.com\/nb\/product\/ozempic\/\",\"url\":\"https:\/\/www.transtoyou.com\/nb\/product\/ozempic\/\",\"name\":\"Ozempic | H\u00e5ndter Diabetes & Forbedre Helsen - Transtoyou\",\"isPartOf\":{\"@id\":\"https:\/\/www.transtoyou.com\/nb\/#website\"},\"primaryImageOfPage\":{\"@id\":\"https:\/\/www.transtoyou.com\/nb\/product\/ozempic\/#primaryimage\"},\"image\":{\"@id\":\"https:\/\/www.transtoyou.com\/nb\/product\/ozempic\/#primaryimage\"},\"thumbnailUrl\":\"https:\/\/www.transtoyou.com\/nb\/wp-content\/uploads\/sites\/10\/2026\/01\/tty-no-product-image-122.webp\",\"datePublished\":\"2026-01-24T22:04:37+00:00\",\"dateModified\":\"2026-03-01T10:11:46+00:00\",\"description\":\"Oppdag Ozempic p\u00e5 Transtoyou, en ukentlig injeksjon for type 2 diabetes som hjelper med blodsukkerkontroll og vekttap. Handle n\u00e5.\",\"breadcrumb\":{\"@id\":\"https:\/\/www.transtoyou.com\/nb\/product\/ozempic\/#breadcrumb\"},\"inLanguage\":\"nb-NO\",\"potentialAction\":[{\"@type\":\"ReadAction\",\"target\":[\"https:\/\/www.transtoyou.com\/nb\/product\/ozempic\/\"]}]},{\"@type\":\"ImageObject\",\"inLanguage\":\"nb-NO\",\"@id\":\"https:\/\/www.transtoyou.com\/nb\/product\/ozempic\/#primaryimage\",\"url\":\"https:\/\/www.transtoyou.com\/nb\/wp-content\/uploads\/sites\/10\/2026\/01\/tty-no-product-image-122.webp\",\"contentUrl\":\"https:\/\/www.transtoyou.com\/nb\/wp-content\/uploads\/sites\/10\/2026\/01\/tty-no-product-image-122.webp\",\"width\":1000,\"height\":1000,\"caption\":\"Standard produktbilde\"},{\"@type\":\"WebSite\",\"@id\":\"https:\/\/www.transtoyou.com\/nb\/#website\",\"url\":\"https:\/\/www.transtoyou.com\/nb\/\",\"name\":\"Transtoyou - NB\",\"description\":\"\",\"publisher\":{\"@id\":\"https:\/\/www.transtoyou.com\/nb\/#organization\"},\"potentialAction\":[{\"@type\":\"SearchAction\",\"target\":{\"@type\":\"EntryPoint\",\"urlTemplate\":\"https:\/\/www.transtoyou.com\/nb\/?s={search_term_string}\"},\"query-input\":{\"@type\":\"PropertyValueSpecification\",\"valueRequired\":true,\"valueName\":\"search_term_string\"}}],\"inLanguage\":\"nb-NO\"},{\"@type\":\"Organization\",\"@id\":\"https:\/\/www.transtoyou.com\/nb\/#organization\",\"name\":\"Transtoyou - NB\",\"url\":\"https:\/\/www.transtoyou.com\/nb\/\",\"logo\":{\"@type\":\"ImageObject\",\"inLanguage\":\"nb-NO\",\"@id\":\"https:\/\/www.transtoyou.com\/nb\/#\/schema\/logo\/image\/\",\"url\":\"https:\/\/www.transtoyou.com\/nb\/wp-content\/uploads\/sites\/10\/2026\/01\/logo-tty-menu-bar-300x87-1.webp\",\"contentUrl\":\"https:\/\/www.transtoyou.com\/nb\/wp-content\/uploads\/sites\/10\/2026\/01\/logo-tty-menu-bar-300x87-1.webp\",\"width\":300,\"height\":87,\"caption\":\"Transtoyou - NB\"},\"image\":{\"@id\":\"https:\/\/www.transtoyou.com\/nb\/#\/schema\/logo\/image\/\"}}]}<\/script>\n<!-- \/ Yoast SEO plugin. -->","yoast_head_json":{"title":"Ozempic | H\u00e5ndter Diabetes & Forbedre Helsen - Transtoyou","description":"Oppdag Ozempic p\u00e5 Transtoyou, en ukentlig injeksjon for type 2 diabetes som hjelper med blodsukkerkontroll og vekttap. Handle n\u00e5.","robots":{"index":"noindex","follow":"follow","max-snippet":"max-snippet:-1","max-image-preview":"max-image-preview:large","max-video-preview":"max-video-preview:-1"},"og_locale":"nb_NO","og_type":"article","og_title":"Ozempic | H\u00e5ndter Diabetes & Forbedre Helsen - Transtoyou","og_description":"Oppdag Ozempic p\u00e5 Transtoyou, en ukentlig injeksjon for type 2 diabetes som hjelper med blodsukkerkontroll og vekttap. Handle n\u00e5.","og_url":"https:\/\/www.transtoyou.com\/nb\/product\/ozempic\/","og_site_name":"Transtoyou - NB","article_modified_time":"2026-03-01T10:11:46+00:00","twitter_card":"summary_large_image","twitter_misc":{"Ansl. lesetid":"1 minutt"},"schema":{"@context":"https:\/\/schema.org","@graph":[{"@type":"WebPage","@id":"https:\/\/www.transtoyou.com\/nb\/product\/ozempic\/","url":"https:\/\/www.transtoyou.com\/nb\/product\/ozempic\/","name":"Ozempic | H\u00e5ndter Diabetes & Forbedre Helsen - Transtoyou","isPartOf":{"@id":"https:\/\/www.transtoyou.com\/nb\/#website"},"primaryImageOfPage":{"@id":"https:\/\/www.transtoyou.com\/nb\/product\/ozempic\/#primaryimage"},"image":{"@id":"https:\/\/www.transtoyou.com\/nb\/product\/ozempic\/#primaryimage"},"thumbnailUrl":"https:\/\/www.transtoyou.com\/nb\/wp-content\/uploads\/sites\/10\/2026\/01\/tty-no-product-image-122.webp","datePublished":"2026-01-24T22:04:37+00:00","dateModified":"2026-03-01T10:11:46+00:00","description":"Oppdag Ozempic p\u00e5 Transtoyou, en ukentlig injeksjon for type 2 diabetes som hjelper med blodsukkerkontroll og vekttap. Handle n\u00e5.","breadcrumb":{"@id":"https:\/\/www.transtoyou.com\/nb\/product\/ozempic\/#breadcrumb"},"inLanguage":"nb-NO","potentialAction":[{"@type":"ReadAction","target":["https:\/\/www.transtoyou.com\/nb\/product\/ozempic\/"]}]},{"@type":"ImageObject","inLanguage":"nb-NO","@id":"https:\/\/www.transtoyou.com\/nb\/product\/ozempic\/#primaryimage","url":"https:\/\/www.transtoyou.com\/nb\/wp-content\/uploads\/sites\/10\/2026\/01\/tty-no-product-image-122.webp","contentUrl":"https:\/\/www.transtoyou.com\/nb\/wp-content\/uploads\/sites\/10\/2026\/01\/tty-no-product-image-122.webp","width":1000,"height":1000,"caption":"Standard produktbilde"},{"@type":"WebSite","@id":"https:\/\/www.transtoyou.com\/nb\/#website","url":"https:\/\/www.transtoyou.com\/nb\/","name":"Transtoyou - NB","description":"","publisher":{"@id":"https:\/\/www.transtoyou.com\/nb\/#organization"},"potentialAction":[{"@type":"SearchAction","target":{"@type":"EntryPoint","urlTemplate":"https:\/\/www.transtoyou.com\/nb\/?s={search_term_string}"},"query-input":{"@type":"PropertyValueSpecification","valueRequired":true,"valueName":"search_term_string"}}],"inLanguage":"nb-NO"},{"@type":"Organization","@id":"https:\/\/www.transtoyou.com\/nb\/#organization","name":"Transtoyou - NB","url":"https:\/\/www.transtoyou.com\/nb\/","logo":{"@type":"ImageObject","inLanguage":"nb-NO","@id":"https:\/\/www.transtoyou.com\/nb\/#\/schema\/logo\/image\/","url":"https:\/\/www.transtoyou.com\/nb\/wp-content\/uploads\/sites\/10\/2026\/01\/logo-tty-menu-bar-300x87-1.webp","contentUrl":"https:\/\/www.transtoyou.com\/nb\/wp-content\/uploads\/sites\/10\/2026\/01\/logo-tty-menu-bar-300x87-1.webp","width":300,"height":87,"caption":"Transtoyou - NB"},"image":{"@id":"https:\/\/www.transtoyou.com\/nb\/#\/schema\/logo\/image\/"}}]}},"_links":{"self":[{"href":"https:\/\/www.transtoyou.com\/nb\/wp-json\/wp\/v2\/product\/1077","targetHints":{"allow":["GET"]}}],"collection":[{"href":"https:\/\/www.transtoyou.com\/nb\/wp-json\/wp\/v2\/product"}],"about":[{"href":"https:\/\/www.transtoyou.com\/nb\/wp-json\/wp\/v2\/types\/product"}],"replies":[{"embeddable":true,"href":"https:\/\/www.transtoyou.com\/nb\/wp-json\/wp\/v2\/comments?post=1077"}],"wp:featuredmedia":[{"embeddable":true,"href":"https:\/\/www.transtoyou.com\/nb\/wp-json\/wp\/v2\/media\/1079"}],"wp:attachment":[{"href":"https:\/\/www.transtoyou.com\/nb\/wp-json\/wp\/v2\/media?parent=1077"}],"wp:term":[{"taxonomy":"product_brand","embeddable":true,"href":"https:\/\/www.transtoyou.com\/nb\/wp-json\/wp\/v2\/product_brand?post=1077"},{"taxonomy":"product_cat","embeddable":true,"href":"https:\/\/www.transtoyou.com\/nb\/wp-json\/wp\/v2\/product_cat?post=1077"},{"taxonomy":"product_tag","embeddable":true,"href":"https:\/\/www.transtoyou.com\/nb\/wp-json\/wp\/v2\/product_tag?post=1077"},{"taxonomy":"expert","embeddable":true,"href":"https:\/\/www.transtoyou.com\/nb\/wp-json\/wp\/v2\/expert?post=1077"}],"curies":[{"name":"wp","href":"https:\/\/api.w.org\/{rel}","templated":true}]}}