{"id":1080,"date":"2026-01-25T00:25:22","date_gmt":"2026-01-24T22:25:22","guid":{"rendered":"https:\/\/www.transtoyou.com\/nb\/product\/metformin\/"},"modified":"2026-01-25T00:26:43","modified_gmt":"2026-01-24T22:26:43","slug":"metformin","status":"publish","type":"product","link":"https:\/\/www.transtoyou.com\/nb\/product\/metformin\/","title":{"rendered":"Metformin"},"content":{"rendered":"<p>Metformin er en av de mest foreskrevne medikamentene for behandling av type 2-diabetes. Det spiller en sentral rolle i \u00e5 hjelpe folk med \u00e5 kontrollere blodsukkerniv\u00e5ene sine og redusere risikoen for langsiktige komplikasjoner relatert til diabetes. Metformin er vanligvis den f\u00f8rste behandlingen som anbefales etter en diagnose, spesielt n\u00e5r livsstilsendringer alene ikke er nok til \u00e5 opprettholde sunne glukoseniv\u00e5er.<\/p>\n<p>Type 2-diabetes oppst\u00e5r n\u00e5r kroppen enten motst\u00e5r effekten av insulin eller ikke produserer nok av det for \u00e5 holde blodsukkerniv\u00e5ene i sjakk. Metformin virker ved \u00e5 forbedre kroppens f\u00f8lsomhet for insulin og redusere mengden sukker leveren frigj\u00f8r i blodstr\u00f8mmen. Det bremser ogs\u00e5 opptaket av glukose i tarmene, noe som hjelper til med \u00e5 forhindre blodsukkerstigninger etter m\u00e5ltider.<\/p>\n<p>Metformin tas oralt, vanligvis en eller to ganger om dagen, avhengig av formuleringen og den enkeltes behandlingsplan. Den kommer i b\u00e5de hurtigvirkende og langtidsvirkende versjoner for \u00e5 im\u00f8tekomme forskjellige behov. N\u00e5r den tas konsekvent, hjelper Metformin med \u00e5 redusere h\u00f8ye blodsukkerniv\u00e5er uten \u00e5 for\u00e5rsake vekt\u00f8kning eller episoder med lavt blodsukker, som er vanlige bekymringer med andre diabetesmedikamenter.<\/p>\n<p>Medikamentet tolereres generelt godt, selv om noen brukere kan oppleve bivirkninger som kvalme, magesmerter eller diar\u00e9\u2014spesielt n\u00e5r behandlingen startes. Disse effektene forbedres ofte med tiden eller ved \u00e5 justere dosen. \u00c5 ta medikamentet med mat kan ogs\u00e5 bidra til \u00e5 redusere ford\u00f8yelsesproblemer.<\/p>\n<p>Metformin anbefales ikke til personer med alvorlig nyresvikt, da det kan \u00f8ke risikoen for melkesyreacidose, en sjelden, men alvorlig tilstand for\u00e5rsaket av opphopning av melkesyre i blodet.<\/p>\n","protected":false},"excerpt":{"rendered":"<ul>\n<li>Hjelper med \u00e5 kontrollere blodsukkerniv\u00e5ene ved type 2 diabetes<\/li>\n<li>Forbedrer insulinf\u00f8lsomheten med en generelt gunstig sikkerhetsprofil<\/li>\n<li>Kan st\u00f8tte moderat vektkontroll sammen med sunne livsstilsendringer<\/li>\n<\/ul>\n","protected":false},"featured_media":1082,"comment_status":"open","ping_status":"closed","template":"","meta":[],"product_brand":[],"product_cat":[103],"product_tag":[],"expert":[21],"class_list":{"0":"post-1080","1":"product","2":"type-product","3":"status-publish","4":"has-post-thumbnail","6":"product_cat-diabetes","7":"expert-dr-m-sharoyko","9":"first","10":"instock","11":"shipping-taxable","12":"product-type-variable"},"yoast_head":"<!-- This site is optimized with the Yoast SEO plugin v27.0 - https:\/\/yoast.com\/product\/yoast-seo-wordpress\/ -->\n<title>Metformin | Essensiell Diabeteskontroll - Transtoyou<\/title>\n<meta name=\"description\" content=\"H\u00e5ndter type 2 diabetes med Metformin, tilgjengelig p\u00e5 Transtoyou. Forbedre insulinf\u00f8lsomhet og kontroller blodsukkeret. Kj\u00f8p n\u00e5 for bedre helse.\" \/>\n<meta name=\"robots\" content=\"noindex, follow, max-snippet:-1, max-image-preview:large, max-video-preview:-1\" \/>\n<meta property=\"og:locale\" content=\"nb_NO\" \/>\n<meta property=\"og:type\" content=\"article\" \/>\n<meta property=\"og:title\" content=\"Metformin | Essensiell Diabeteskontroll - Transtoyou\" \/>\n<meta property=\"og:description\" content=\"H\u00e5ndter type 2 diabetes med Metformin, tilgjengelig p\u00e5 Transtoyou. Forbedre insulinf\u00f8lsomhet og kontroller blodsukkeret. Kj\u00f8p n\u00e5 for bedre helse.\" \/>\n<meta property=\"og:url\" content=\"https:\/\/www.transtoyou.com\/nb\/product\/metformin\/\" \/>\n<meta property=\"og:site_name\" content=\"Transtoyou - NB\" \/>\n<meta property=\"article:modified_time\" content=\"2026-01-24T22:26:43+00:00\" \/>\n<meta name=\"twitter:card\" content=\"summary_large_image\" \/>\n<meta name=\"twitter:label1\" content=\"Ansl. lesetid\" \/>\n\t<meta name=\"twitter:data1\" content=\"1 minutt\" \/>\n<script type=\"application\/ld+json\" class=\"yoast-schema-graph\">{\"@context\":\"https:\/\/schema.org\",\"@graph\":[{\"@type\":\"WebPage\",\"@id\":\"https:\/\/www.transtoyou.com\/nb\/product\/metformin\/\",\"url\":\"https:\/\/www.transtoyou.com\/nb\/product\/metformin\/\",\"name\":\"Metformin | Essensiell Diabeteskontroll - Transtoyou\",\"isPartOf\":{\"@id\":\"https:\/\/www.transtoyou.com\/nb\/#website\"},\"primaryImageOfPage\":{\"@id\":\"https:\/\/www.transtoyou.com\/nb\/product\/metformin\/#primaryimage\"},\"image\":{\"@id\":\"https:\/\/www.transtoyou.com\/nb\/product\/metformin\/#primaryimage\"},\"thumbnailUrl\":\"https:\/\/www.transtoyou.com\/nb\/wp-content\/uploads\/sites\/10\/2026\/01\/tty-no-product-image-123.webp\",\"datePublished\":\"2026-01-24T22:25:22+00:00\",\"dateModified\":\"2026-01-24T22:26:43+00:00\",\"description\":\"H\u00e5ndter type 2 diabetes med Metformin, tilgjengelig p\u00e5 Transtoyou. Forbedre insulinf\u00f8lsomhet og kontroller blodsukkeret. Kj\u00f8p n\u00e5 for bedre helse.\",\"breadcrumb\":{\"@id\":\"https:\/\/www.transtoyou.com\/nb\/product\/metformin\/#breadcrumb\"},\"inLanguage\":\"nb-NO\",\"potentialAction\":[{\"@type\":\"ReadAction\",\"target\":[\"https:\/\/www.transtoyou.com\/nb\/product\/metformin\/\"]}]},{\"@type\":\"ImageObject\",\"inLanguage\":\"nb-NO\",\"@id\":\"https:\/\/www.transtoyou.com\/nb\/product\/metformin\/#primaryimage\",\"url\":\"https:\/\/www.transtoyou.com\/nb\/wp-content\/uploads\/sites\/10\/2026\/01\/tty-no-product-image-123.webp\",\"contentUrl\":\"https:\/\/www.transtoyou.com\/nb\/wp-content\/uploads\/sites\/10\/2026\/01\/tty-no-product-image-123.webp\",\"width\":1000,\"height\":1000,\"caption\":\"Standard produktbilde\"},{\"@type\":\"WebSite\",\"@id\":\"https:\/\/www.transtoyou.com\/nb\/#website\",\"url\":\"https:\/\/www.transtoyou.com\/nb\/\",\"name\":\"Transtoyou - NB\",\"description\":\"\",\"publisher\":{\"@id\":\"https:\/\/www.transtoyou.com\/nb\/#organization\"},\"potentialAction\":[{\"@type\":\"SearchAction\",\"target\":{\"@type\":\"EntryPoint\",\"urlTemplate\":\"https:\/\/www.transtoyou.com\/nb\/?s={search_term_string}\"},\"query-input\":{\"@type\":\"PropertyValueSpecification\",\"valueRequired\":true,\"valueName\":\"search_term_string\"}}],\"inLanguage\":\"nb-NO\"},{\"@type\":\"Organization\",\"@id\":\"https:\/\/www.transtoyou.com\/nb\/#organization\",\"name\":\"Transtoyou - NB\",\"url\":\"https:\/\/www.transtoyou.com\/nb\/\",\"logo\":{\"@type\":\"ImageObject\",\"inLanguage\":\"nb-NO\",\"@id\":\"https:\/\/www.transtoyou.com\/nb\/#\/schema\/logo\/image\/\",\"url\":\"https:\/\/www.transtoyou.com\/nb\/wp-content\/uploads\/sites\/10\/2026\/01\/logo-tty-menu-bar-300x87-1.webp\",\"contentUrl\":\"https:\/\/www.transtoyou.com\/nb\/wp-content\/uploads\/sites\/10\/2026\/01\/logo-tty-menu-bar-300x87-1.webp\",\"width\":300,\"height\":87,\"caption\":\"Transtoyou - NB\"},\"image\":{\"@id\":\"https:\/\/www.transtoyou.com\/nb\/#\/schema\/logo\/image\/\"}}]}<\/script>\n<!-- \/ Yoast SEO plugin. -->","yoast_head_json":{"title":"Metformin | Essensiell Diabeteskontroll - Transtoyou","description":"H\u00e5ndter type 2 diabetes med Metformin, tilgjengelig p\u00e5 Transtoyou. Forbedre insulinf\u00f8lsomhet og kontroller blodsukkeret. Kj\u00f8p n\u00e5 for bedre helse.","robots":{"index":"noindex","follow":"follow","max-snippet":"max-snippet:-1","max-image-preview":"max-image-preview:large","max-video-preview":"max-video-preview:-1"},"og_locale":"nb_NO","og_type":"article","og_title":"Metformin | Essensiell Diabeteskontroll - Transtoyou","og_description":"H\u00e5ndter type 2 diabetes med Metformin, tilgjengelig p\u00e5 Transtoyou. Forbedre insulinf\u00f8lsomhet og kontroller blodsukkeret. Kj\u00f8p n\u00e5 for bedre helse.","og_url":"https:\/\/www.transtoyou.com\/nb\/product\/metformin\/","og_site_name":"Transtoyou - NB","article_modified_time":"2026-01-24T22:26:43+00:00","twitter_card":"summary_large_image","twitter_misc":{"Ansl. lesetid":"1 minutt"},"schema":{"@context":"https:\/\/schema.org","@graph":[{"@type":"WebPage","@id":"https:\/\/www.transtoyou.com\/nb\/product\/metformin\/","url":"https:\/\/www.transtoyou.com\/nb\/product\/metformin\/","name":"Metformin | Essensiell Diabeteskontroll - Transtoyou","isPartOf":{"@id":"https:\/\/www.transtoyou.com\/nb\/#website"},"primaryImageOfPage":{"@id":"https:\/\/www.transtoyou.com\/nb\/product\/metformin\/#primaryimage"},"image":{"@id":"https:\/\/www.transtoyou.com\/nb\/product\/metformin\/#primaryimage"},"thumbnailUrl":"https:\/\/www.transtoyou.com\/nb\/wp-content\/uploads\/sites\/10\/2026\/01\/tty-no-product-image-123.webp","datePublished":"2026-01-24T22:25:22+00:00","dateModified":"2026-01-24T22:26:43+00:00","description":"H\u00e5ndter type 2 diabetes med Metformin, tilgjengelig p\u00e5 Transtoyou. Forbedre insulinf\u00f8lsomhet og kontroller blodsukkeret. Kj\u00f8p n\u00e5 for bedre helse.","breadcrumb":{"@id":"https:\/\/www.transtoyou.com\/nb\/product\/metformin\/#breadcrumb"},"inLanguage":"nb-NO","potentialAction":[{"@type":"ReadAction","target":["https:\/\/www.transtoyou.com\/nb\/product\/metformin\/"]}]},{"@type":"ImageObject","inLanguage":"nb-NO","@id":"https:\/\/www.transtoyou.com\/nb\/product\/metformin\/#primaryimage","url":"https:\/\/www.transtoyou.com\/nb\/wp-content\/uploads\/sites\/10\/2026\/01\/tty-no-product-image-123.webp","contentUrl":"https:\/\/www.transtoyou.com\/nb\/wp-content\/uploads\/sites\/10\/2026\/01\/tty-no-product-image-123.webp","width":1000,"height":1000,"caption":"Standard produktbilde"},{"@type":"WebSite","@id":"https:\/\/www.transtoyou.com\/nb\/#website","url":"https:\/\/www.transtoyou.com\/nb\/","name":"Transtoyou - NB","description":"","publisher":{"@id":"https:\/\/www.transtoyou.com\/nb\/#organization"},"potentialAction":[{"@type":"SearchAction","target":{"@type":"EntryPoint","urlTemplate":"https:\/\/www.transtoyou.com\/nb\/?s={search_term_string}"},"query-input":{"@type":"PropertyValueSpecification","valueRequired":true,"valueName":"search_term_string"}}],"inLanguage":"nb-NO"},{"@type":"Organization","@id":"https:\/\/www.transtoyou.com\/nb\/#organization","name":"Transtoyou - NB","url":"https:\/\/www.transtoyou.com\/nb\/","logo":{"@type":"ImageObject","inLanguage":"nb-NO","@id":"https:\/\/www.transtoyou.com\/nb\/#\/schema\/logo\/image\/","url":"https:\/\/www.transtoyou.com\/nb\/wp-content\/uploads\/sites\/10\/2026\/01\/logo-tty-menu-bar-300x87-1.webp","contentUrl":"https:\/\/www.transtoyou.com\/nb\/wp-content\/uploads\/sites\/10\/2026\/01\/logo-tty-menu-bar-300x87-1.webp","width":300,"height":87,"caption":"Transtoyou - NB"},"image":{"@id":"https:\/\/www.transtoyou.com\/nb\/#\/schema\/logo\/image\/"}}]}},"_links":{"self":[{"href":"https:\/\/www.transtoyou.com\/nb\/wp-json\/wp\/v2\/product\/1080","targetHints":{"allow":["GET"]}}],"collection":[{"href":"https:\/\/www.transtoyou.com\/nb\/wp-json\/wp\/v2\/product"}],"about":[{"href":"https:\/\/www.transtoyou.com\/nb\/wp-json\/wp\/v2\/types\/product"}],"replies":[{"embeddable":true,"href":"https:\/\/www.transtoyou.com\/nb\/wp-json\/wp\/v2\/comments?post=1080"}],"wp:featuredmedia":[{"embeddable":true,"href":"https:\/\/www.transtoyou.com\/nb\/wp-json\/wp\/v2\/media\/1082"}],"wp:attachment":[{"href":"https:\/\/www.transtoyou.com\/nb\/wp-json\/wp\/v2\/media?parent=1080"}],"wp:term":[{"taxonomy":"product_brand","embeddable":true,"href":"https:\/\/www.transtoyou.com\/nb\/wp-json\/wp\/v2\/product_brand?post=1080"},{"taxonomy":"product_cat","embeddable":true,"href":"https:\/\/www.transtoyou.com\/nb\/wp-json\/wp\/v2\/product_cat?post=1080"},{"taxonomy":"product_tag","embeddable":true,"href":"https:\/\/www.transtoyou.com\/nb\/wp-json\/wp\/v2\/product_tag?post=1080"},{"taxonomy":"expert","embeddable":true,"href":"https:\/\/www.transtoyou.com\/nb\/wp-json\/wp\/v2\/expert?post=1080"}],"curies":[{"name":"wp","href":"https:\/\/api.w.org\/{rel}","templated":true}]}}