{"id":1083,"date":"2026-01-25T00:44:13","date_gmt":"2026-01-24T22:44:13","guid":{"rendered":"https:\/\/www.transtoyou.com\/nb\/product\/rifaximin-xifaxan\/"},"modified":"2026-03-02T17:40:12","modified_gmt":"2026-03-02T15:40:12","slug":"rifaximin-xifaxan","status":"publish","type":"product","link":"https:\/\/www.transtoyou.com\/nb\/product\/rifaximin-xifaxan\/","title":{"rendered":"Rifaximin (Xifaxan)"},"content":{"rendered":"<p>Rifaximin, vanligvis kjent under merkenavnet Xifaxan, er et antibiotikum som brukes til \u00e5 behandle ulike infeksjoner i ford\u00f8yelsessystemet, spesielt reisediar\u00e9 for\u00e5rsaket av spesifikke bakterier. Det som gj\u00f8r rifaximin unikt, er at det nesten utelukkende virker i mage-tarmkanalen, noe som betyr at sv\u00e6rt lite av medisinen blir absorbert i blodstr\u00f8mmen. Denne lokaliserte virkningen hjelper med \u00e5 m\u00e5lrette infeksjonen ved kilden samtidig som den minimerer effektene andre steder i kroppen.<\/p>\n<p>Medikamentet er spesielt nyttig for kortvarig lindring av diar\u00e9 for\u00e5rsaket av Escherichia Coli, en vanlig bakterie som er ansvarlig for reisediar\u00e9. I motsetning til noen bredspektrede antibiotika, er Rifaximin mindre sannsynlig \u00e5 forstyrre balansen i tarmfloraen, noe som kan bidra til \u00e5 redusere risikoen for ytterligere ford\u00f8yelsesproblemer. Det tas ofte i noen dager, vanligvis i tablettform, og brukere kan merke forbedring innen 24 til 48 timer etter at behandlingen er startet.<\/p>\n<p>Det tolereres generelt godt, selv om milde bivirkninger som hodepine, kvalme eller magesmerter kan forekomme. Rifaximin brukes ogs\u00e5 til andre tilstander som irritabel tarm-syndrom med diar\u00e9 (IBS-D) og i noen tilfeller for \u00e5 redusere risikoen for komplikasjoner ved leversykdom, selv om disse bruksomr\u00e5dene er mer spesialiserte.<\/p>\n","protected":false},"excerpt":{"rendered":"<ul>\n<li>Retter seg mot bakteriell diar\u00e9 ved kilden<\/li>\n<li>Minimal opptak i kroppen<\/li>\n<li>Rask lindring for reisediar\u00e9<\/li>\n<\/ul>\n","protected":false},"featured_media":1085,"comment_status":"open","ping_status":"closed","template":"","meta":[],"product_brand":[],"product_cat":[107],"product_tag":[],"expert":[16],"class_list":{"0":"post-1083","1":"product","2":"type-product","3":"status-publish","4":"has-post-thumbnail","6":"product_cat-diare","7":"expert-dr-c-alexandru","9":"first","10":"instock","11":"shipping-taxable","12":"product-type-variable"},"yoast_head":"<!-- This site is optimized with the Yoast SEO plugin v27.0 - https:\/\/yoast.com\/product\/yoast-seo-wordpress\/ -->\n<title>Rifaximin (Xifaxan) | M\u00e5lrettet Tarmlindring - Transtoyou<\/title>\n<meta name=\"description\" content=\"Rifaximin (Xifaxan) bekjemper tarmbakterier for effektiv lindring av diar\u00e9. F\u00e5 det her for en enkel l\u00f8sning p\u00e5 ford\u00f8yelsesproblemer.\" \/>\n<meta name=\"robots\" content=\"noindex, follow, max-snippet:-1, max-image-preview:large, max-video-preview:-1\" \/>\n<meta property=\"og:locale\" content=\"nb_NO\" \/>\n<meta property=\"og:type\" content=\"article\" \/>\n<meta property=\"og:title\" content=\"Rifaximin (Xifaxan) | M\u00e5lrettet Tarmlindring - Transtoyou\" \/>\n<meta property=\"og:description\" content=\"Rifaximin (Xifaxan) bekjemper tarmbakterier for effektiv lindring av diar\u00e9. F\u00e5 det her for en enkel l\u00f8sning p\u00e5 ford\u00f8yelsesproblemer.\" \/>\n<meta property=\"og:url\" content=\"https:\/\/www.transtoyou.com\/nb\/product\/rifaximin-xifaxan\/\" \/>\n<meta property=\"og:site_name\" content=\"Transtoyou - NB\" \/>\n<meta property=\"article:modified_time\" content=\"2026-03-02T15:40:12+00:00\" \/>\n<meta name=\"twitter:card\" content=\"summary_large_image\" \/>\n<meta name=\"twitter:label1\" content=\"Ansl. lesetid\" \/>\n\t<meta name=\"twitter:data1\" content=\"1 minutt\" \/>\n<script type=\"application\/ld+json\" class=\"yoast-schema-graph\">{\"@context\":\"https:\/\/schema.org\",\"@graph\":[{\"@type\":\"WebPage\",\"@id\":\"https:\/\/www.transtoyou.com\/nb\/product\/rifaximin-xifaxan\/\",\"url\":\"https:\/\/www.transtoyou.com\/nb\/product\/rifaximin-xifaxan\/\",\"name\":\"Rifaximin (Xifaxan) | M\u00e5lrettet Tarmlindring - Transtoyou\",\"isPartOf\":{\"@id\":\"https:\/\/www.transtoyou.com\/nb\/#website\"},\"primaryImageOfPage\":{\"@id\":\"https:\/\/www.transtoyou.com\/nb\/product\/rifaximin-xifaxan\/#primaryimage\"},\"image\":{\"@id\":\"https:\/\/www.transtoyou.com\/nb\/product\/rifaximin-xifaxan\/#primaryimage\"},\"thumbnailUrl\":\"https:\/\/www.transtoyou.com\/nb\/wp-content\/uploads\/sites\/10\/2026\/01\/tty-no-product-image-124.webp\",\"datePublished\":\"2026-01-24T22:44:13+00:00\",\"dateModified\":\"2026-03-02T15:40:12+00:00\",\"description\":\"Rifaximin (Xifaxan) bekjemper tarmbakterier for effektiv lindring av diar\u00e9. F\u00e5 det her for en enkel l\u00f8sning p\u00e5 ford\u00f8yelsesproblemer.\",\"breadcrumb\":{\"@id\":\"https:\/\/www.transtoyou.com\/nb\/product\/rifaximin-xifaxan\/#breadcrumb\"},\"inLanguage\":\"nb-NO\",\"potentialAction\":[{\"@type\":\"ReadAction\",\"target\":[\"https:\/\/www.transtoyou.com\/nb\/product\/rifaximin-xifaxan\/\"]}]},{\"@type\":\"ImageObject\",\"inLanguage\":\"nb-NO\",\"@id\":\"https:\/\/www.transtoyou.com\/nb\/product\/rifaximin-xifaxan\/#primaryimage\",\"url\":\"https:\/\/www.transtoyou.com\/nb\/wp-content\/uploads\/sites\/10\/2026\/01\/tty-no-product-image-124.webp\",\"contentUrl\":\"https:\/\/www.transtoyou.com\/nb\/wp-content\/uploads\/sites\/10\/2026\/01\/tty-no-product-image-124.webp\",\"width\":1000,\"height\":1000,\"caption\":\"Standard produktbilde\"},{\"@type\":\"WebSite\",\"@id\":\"https:\/\/www.transtoyou.com\/nb\/#website\",\"url\":\"https:\/\/www.transtoyou.com\/nb\/\",\"name\":\"Transtoyou - NB\",\"description\":\"\",\"publisher\":{\"@id\":\"https:\/\/www.transtoyou.com\/nb\/#organization\"},\"potentialAction\":[{\"@type\":\"SearchAction\",\"target\":{\"@type\":\"EntryPoint\",\"urlTemplate\":\"https:\/\/www.transtoyou.com\/nb\/?s={search_term_string}\"},\"query-input\":{\"@type\":\"PropertyValueSpecification\",\"valueRequired\":true,\"valueName\":\"search_term_string\"}}],\"inLanguage\":\"nb-NO\"},{\"@type\":\"Organization\",\"@id\":\"https:\/\/www.transtoyou.com\/nb\/#organization\",\"name\":\"Transtoyou - NB\",\"url\":\"https:\/\/www.transtoyou.com\/nb\/\",\"logo\":{\"@type\":\"ImageObject\",\"inLanguage\":\"nb-NO\",\"@id\":\"https:\/\/www.transtoyou.com\/nb\/#\/schema\/logo\/image\/\",\"url\":\"https:\/\/www.transtoyou.com\/nb\/wp-content\/uploads\/sites\/10\/2026\/01\/logo-tty-menu-bar-300x87-1.webp\",\"contentUrl\":\"https:\/\/www.transtoyou.com\/nb\/wp-content\/uploads\/sites\/10\/2026\/01\/logo-tty-menu-bar-300x87-1.webp\",\"width\":300,\"height\":87,\"caption\":\"Transtoyou - NB\"},\"image\":{\"@id\":\"https:\/\/www.transtoyou.com\/nb\/#\/schema\/logo\/image\/\"}}]}<\/script>\n<!-- \/ Yoast SEO plugin. -->","yoast_head_json":{"title":"Rifaximin (Xifaxan) | M\u00e5lrettet Tarmlindring - Transtoyou","description":"Rifaximin (Xifaxan) bekjemper tarmbakterier for effektiv lindring av diar\u00e9. F\u00e5 det her for en enkel l\u00f8sning p\u00e5 ford\u00f8yelsesproblemer.","robots":{"index":"noindex","follow":"follow","max-snippet":"max-snippet:-1","max-image-preview":"max-image-preview:large","max-video-preview":"max-video-preview:-1"},"og_locale":"nb_NO","og_type":"article","og_title":"Rifaximin (Xifaxan) | M\u00e5lrettet Tarmlindring - Transtoyou","og_description":"Rifaximin (Xifaxan) bekjemper tarmbakterier for effektiv lindring av diar\u00e9. F\u00e5 det her for en enkel l\u00f8sning p\u00e5 ford\u00f8yelsesproblemer.","og_url":"https:\/\/www.transtoyou.com\/nb\/product\/rifaximin-xifaxan\/","og_site_name":"Transtoyou - NB","article_modified_time":"2026-03-02T15:40:12+00:00","twitter_card":"summary_large_image","twitter_misc":{"Ansl. lesetid":"1 minutt"},"schema":{"@context":"https:\/\/schema.org","@graph":[{"@type":"WebPage","@id":"https:\/\/www.transtoyou.com\/nb\/product\/rifaximin-xifaxan\/","url":"https:\/\/www.transtoyou.com\/nb\/product\/rifaximin-xifaxan\/","name":"Rifaximin (Xifaxan) | M\u00e5lrettet Tarmlindring - Transtoyou","isPartOf":{"@id":"https:\/\/www.transtoyou.com\/nb\/#website"},"primaryImageOfPage":{"@id":"https:\/\/www.transtoyou.com\/nb\/product\/rifaximin-xifaxan\/#primaryimage"},"image":{"@id":"https:\/\/www.transtoyou.com\/nb\/product\/rifaximin-xifaxan\/#primaryimage"},"thumbnailUrl":"https:\/\/www.transtoyou.com\/nb\/wp-content\/uploads\/sites\/10\/2026\/01\/tty-no-product-image-124.webp","datePublished":"2026-01-24T22:44:13+00:00","dateModified":"2026-03-02T15:40:12+00:00","description":"Rifaximin (Xifaxan) bekjemper tarmbakterier for effektiv lindring av diar\u00e9. F\u00e5 det her for en enkel l\u00f8sning p\u00e5 ford\u00f8yelsesproblemer.","breadcrumb":{"@id":"https:\/\/www.transtoyou.com\/nb\/product\/rifaximin-xifaxan\/#breadcrumb"},"inLanguage":"nb-NO","potentialAction":[{"@type":"ReadAction","target":["https:\/\/www.transtoyou.com\/nb\/product\/rifaximin-xifaxan\/"]}]},{"@type":"ImageObject","inLanguage":"nb-NO","@id":"https:\/\/www.transtoyou.com\/nb\/product\/rifaximin-xifaxan\/#primaryimage","url":"https:\/\/www.transtoyou.com\/nb\/wp-content\/uploads\/sites\/10\/2026\/01\/tty-no-product-image-124.webp","contentUrl":"https:\/\/www.transtoyou.com\/nb\/wp-content\/uploads\/sites\/10\/2026\/01\/tty-no-product-image-124.webp","width":1000,"height":1000,"caption":"Standard produktbilde"},{"@type":"WebSite","@id":"https:\/\/www.transtoyou.com\/nb\/#website","url":"https:\/\/www.transtoyou.com\/nb\/","name":"Transtoyou - NB","description":"","publisher":{"@id":"https:\/\/www.transtoyou.com\/nb\/#organization"},"potentialAction":[{"@type":"SearchAction","target":{"@type":"EntryPoint","urlTemplate":"https:\/\/www.transtoyou.com\/nb\/?s={search_term_string}"},"query-input":{"@type":"PropertyValueSpecification","valueRequired":true,"valueName":"search_term_string"}}],"inLanguage":"nb-NO"},{"@type":"Organization","@id":"https:\/\/www.transtoyou.com\/nb\/#organization","name":"Transtoyou - NB","url":"https:\/\/www.transtoyou.com\/nb\/","logo":{"@type":"ImageObject","inLanguage":"nb-NO","@id":"https:\/\/www.transtoyou.com\/nb\/#\/schema\/logo\/image\/","url":"https:\/\/www.transtoyou.com\/nb\/wp-content\/uploads\/sites\/10\/2026\/01\/logo-tty-menu-bar-300x87-1.webp","contentUrl":"https:\/\/www.transtoyou.com\/nb\/wp-content\/uploads\/sites\/10\/2026\/01\/logo-tty-menu-bar-300x87-1.webp","width":300,"height":87,"caption":"Transtoyou - NB"},"image":{"@id":"https:\/\/www.transtoyou.com\/nb\/#\/schema\/logo\/image\/"}}]}},"_links":{"self":[{"href":"https:\/\/www.transtoyou.com\/nb\/wp-json\/wp\/v2\/product\/1083","targetHints":{"allow":["GET"]}}],"collection":[{"href":"https:\/\/www.transtoyou.com\/nb\/wp-json\/wp\/v2\/product"}],"about":[{"href":"https:\/\/www.transtoyou.com\/nb\/wp-json\/wp\/v2\/types\/product"}],"replies":[{"embeddable":true,"href":"https:\/\/www.transtoyou.com\/nb\/wp-json\/wp\/v2\/comments?post=1083"}],"wp:featuredmedia":[{"embeddable":true,"href":"https:\/\/www.transtoyou.com\/nb\/wp-json\/wp\/v2\/media\/1085"}],"wp:attachment":[{"href":"https:\/\/www.transtoyou.com\/nb\/wp-json\/wp\/v2\/media?parent=1083"}],"wp:term":[{"taxonomy":"product_brand","embeddable":true,"href":"https:\/\/www.transtoyou.com\/nb\/wp-json\/wp\/v2\/product_brand?post=1083"},{"taxonomy":"product_cat","embeddable":true,"href":"https:\/\/www.transtoyou.com\/nb\/wp-json\/wp\/v2\/product_cat?post=1083"},{"taxonomy":"product_tag","embeddable":true,"href":"https:\/\/www.transtoyou.com\/nb\/wp-json\/wp\/v2\/product_tag?post=1083"},{"taxonomy":"expert","embeddable":true,"href":"https:\/\/www.transtoyou.com\/nb\/wp-json\/wp\/v2\/expert?post=1083"}],"curies":[{"name":"wp","href":"https:\/\/api.w.org\/{rel}","templated":true}]}}