{"id":1086,"date":"2026-01-25T01:00:54","date_gmt":"2026-01-24T23:00:54","guid":{"rendered":"https:\/\/www.transtoyou.com\/nb\/product\/norlevo-levonelle\/"},"modified":"2026-01-25T01:01:56","modified_gmt":"2026-01-24T23:01:56","slug":"norlevo-levonelle","status":"publish","type":"product","link":"https:\/\/www.transtoyou.com\/nb\/product\/norlevo-levonelle\/","title":{"rendered":"Norlevo (Levonelle)"},"content":{"rendered":"<p>Norlevo, ogs\u00e5 kjent som Levonelle, er en n\u00f8dprevensjonspille (ECP) designet for \u00e5 forhindre graviditet etter ubeskyttet samleie eller svikt i prevensjon (f.eks. sprukket kondom eller glemt pille). Den inneholder levonorgestrel, et syntetisk progestogenhormon som etterligner kroppens naturlige progesteron.<\/p>\n<p>Norlevo virker prim\u00e6rt ved \u00e5 forsinke eller hemme eggl\u00f8sning, noe som betyr at det forhindrer frigj\u00f8ring av et egg fra eggstokken. Uten et egg kan ikke befruktning skje. Det kan ogs\u00e5 endre livmorhalsslimet og livmorslimhinnen, noe som gj\u00f8r det vanskeligere for sperm \u00e5 n\u00e5 et egg eller for et befruktet egg \u00e5 feste seg, selv om dette er en sekund\u00e6r mekanisme og mindre godt etablert.<\/p>\n<p>Det er mest effektivt n\u00e5r det tas s\u00e5 snart som mulig, ideelt sett innen 12 timer, men det kan tas opptil 72 timer (3 dager) etter ubeskyttet sex. Effektiviteten avtar jo lenger forsinkelsen er.<\/p>\n<p>Norlevo avslutter ikke en eksisterende graviditet og er ikke ment for regelmessig prevensjonsbruk. Det er ikke effektivt hvis eggl\u00f8sning allerede har skjedd. Det beskytter heller ikke mot STI-er.<\/p>\n<p>Fordelene inkluderer at det er lett tilgjengelig, enkelt \u00e5 bruke og godt tolerert, spesielt n\u00e5r det tas raskt. Bivirkningene er generelt milde og midlertidige, som kvalme, hodepine, \u00f8mhet i brystene, svimmelhet eller endringer i menstruasjonssyklusen.<\/p>\n","protected":false},"excerpt":{"rendered":"<ul>\n<li>Ta innen 72 timer<\/li>\n<li>Forsinker eggl\u00f8sning<\/li>\n<li>N\u00f8dkontraksjon<\/li>\n<\/ul>\n","protected":false},"featured_media":1087,"comment_status":"open","ping_status":"closed","template":"","meta":[],"product_brand":[],"product_cat":[110],"product_tag":[],"expert":[19],"class_list":{"0":"post-1086","1":"product","2":"type-product","3":"status-publish","4":"has-post-thumbnail","6":"product_cat-nodsprevensjon","7":"expert-dr-j-vazquez","9":"first","10":"instock","11":"shipping-taxable","12":"product-type-simple"},"yoast_head":"<!-- This site is optimized with the Yoast SEO plugin v27.0 - https:\/\/yoast.com\/product\/yoast-seo-wordpress\/ -->\n<title>Norlevo (Levonelle) | Raskvirkende ECP - Transtoyou<\/title>\n<meta name=\"description\" content=\"Norlevo (Levonelle) ECP forhindrer graviditet etter ubeskyttet sex. Tilgjengelig her for rask tilgang. Effektiv i opptil 72 timer. Handle n\u00e5 p\u00e5 Transtoyou.\" \/>\n<meta name=\"robots\" content=\"noindex, follow, max-snippet:-1, max-image-preview:large, max-video-preview:-1\" \/>\n<meta property=\"og:locale\" content=\"nb_NO\" \/>\n<meta property=\"og:type\" content=\"article\" \/>\n<meta property=\"og:title\" content=\"Norlevo (Levonelle) | Raskvirkende ECP - Transtoyou\" \/>\n<meta property=\"og:description\" content=\"Norlevo (Levonelle) ECP forhindrer graviditet etter ubeskyttet sex. Tilgjengelig her for rask tilgang. Effektiv i opptil 72 timer. Handle n\u00e5 p\u00e5 Transtoyou.\" \/>\n<meta property=\"og:url\" content=\"https:\/\/www.transtoyou.com\/nb\/product\/norlevo-levonelle\/\" \/>\n<meta property=\"og:site_name\" content=\"Transtoyou - NB\" \/>\n<meta property=\"article:modified_time\" content=\"2026-01-24T23:01:56+00:00\" \/>\n<meta name=\"twitter:card\" content=\"summary_large_image\" \/>\n<meta name=\"twitter:label1\" content=\"Ansl. lesetid\" \/>\n\t<meta name=\"twitter:data1\" content=\"1 minutt\" \/>\n<script type=\"application\/ld+json\" class=\"yoast-schema-graph\">{\"@context\":\"https:\/\/schema.org\",\"@graph\":[{\"@type\":\"WebPage\",\"@id\":\"https:\/\/www.transtoyou.com\/nb\/product\/norlevo-levonelle\/\",\"url\":\"https:\/\/www.transtoyou.com\/nb\/product\/norlevo-levonelle\/\",\"name\":\"Norlevo (Levonelle) | Raskvirkende ECP - Transtoyou\",\"isPartOf\":{\"@id\":\"https:\/\/www.transtoyou.com\/nb\/#website\"},\"primaryImageOfPage\":{\"@id\":\"https:\/\/www.transtoyou.com\/nb\/product\/norlevo-levonelle\/#primaryimage\"},\"image\":{\"@id\":\"https:\/\/www.transtoyou.com\/nb\/product\/norlevo-levonelle\/#primaryimage\"},\"thumbnailUrl\":\"https:\/\/www.transtoyou.com\/nb\/wp-content\/uploads\/sites\/10\/2026\/01\/tty-no-product-image-125.webp\",\"datePublished\":\"2026-01-24T23:00:54+00:00\",\"dateModified\":\"2026-01-24T23:01:56+00:00\",\"description\":\"Norlevo (Levonelle) ECP forhindrer graviditet etter ubeskyttet sex. Tilgjengelig her for rask tilgang. Effektiv i opptil 72 timer. Handle n\u00e5 p\u00e5 Transtoyou.\",\"breadcrumb\":{\"@id\":\"https:\/\/www.transtoyou.com\/nb\/product\/norlevo-levonelle\/#breadcrumb\"},\"inLanguage\":\"nb-NO\",\"potentialAction\":[{\"@type\":\"ReadAction\",\"target\":[\"https:\/\/www.transtoyou.com\/nb\/product\/norlevo-levonelle\/\"]}]},{\"@type\":\"ImageObject\",\"inLanguage\":\"nb-NO\",\"@id\":\"https:\/\/www.transtoyou.com\/nb\/product\/norlevo-levonelle\/#primaryimage\",\"url\":\"https:\/\/www.transtoyou.com\/nb\/wp-content\/uploads\/sites\/10\/2026\/01\/tty-no-product-image-125.webp\",\"contentUrl\":\"https:\/\/www.transtoyou.com\/nb\/wp-content\/uploads\/sites\/10\/2026\/01\/tty-no-product-image-125.webp\",\"width\":1000,\"height\":1000,\"caption\":\"Standard produktbilde\"},{\"@type\":\"WebSite\",\"@id\":\"https:\/\/www.transtoyou.com\/nb\/#website\",\"url\":\"https:\/\/www.transtoyou.com\/nb\/\",\"name\":\"Transtoyou - NB\",\"description\":\"\",\"publisher\":{\"@id\":\"https:\/\/www.transtoyou.com\/nb\/#organization\"},\"potentialAction\":[{\"@type\":\"SearchAction\",\"target\":{\"@type\":\"EntryPoint\",\"urlTemplate\":\"https:\/\/www.transtoyou.com\/nb\/?s={search_term_string}\"},\"query-input\":{\"@type\":\"PropertyValueSpecification\",\"valueRequired\":true,\"valueName\":\"search_term_string\"}}],\"inLanguage\":\"nb-NO\"},{\"@type\":\"Organization\",\"@id\":\"https:\/\/www.transtoyou.com\/nb\/#organization\",\"name\":\"Transtoyou - NB\",\"url\":\"https:\/\/www.transtoyou.com\/nb\/\",\"logo\":{\"@type\":\"ImageObject\",\"inLanguage\":\"nb-NO\",\"@id\":\"https:\/\/www.transtoyou.com\/nb\/#\/schema\/logo\/image\/\",\"url\":\"https:\/\/www.transtoyou.com\/nb\/wp-content\/uploads\/sites\/10\/2026\/01\/logo-tty-menu-bar-300x87-1.webp\",\"contentUrl\":\"https:\/\/www.transtoyou.com\/nb\/wp-content\/uploads\/sites\/10\/2026\/01\/logo-tty-menu-bar-300x87-1.webp\",\"width\":300,\"height\":87,\"caption\":\"Transtoyou - NB\"},\"image\":{\"@id\":\"https:\/\/www.transtoyou.com\/nb\/#\/schema\/logo\/image\/\"}}]}<\/script>\n<!-- \/ Yoast SEO plugin. -->","yoast_head_json":{"title":"Norlevo (Levonelle) | Raskvirkende ECP - Transtoyou","description":"Norlevo (Levonelle) ECP forhindrer graviditet etter ubeskyttet sex. Tilgjengelig her for rask tilgang. Effektiv i opptil 72 timer. Handle n\u00e5 p\u00e5 Transtoyou.","robots":{"index":"noindex","follow":"follow","max-snippet":"max-snippet:-1","max-image-preview":"max-image-preview:large","max-video-preview":"max-video-preview:-1"},"og_locale":"nb_NO","og_type":"article","og_title":"Norlevo (Levonelle) | Raskvirkende ECP - Transtoyou","og_description":"Norlevo (Levonelle) ECP forhindrer graviditet etter ubeskyttet sex. Tilgjengelig her for rask tilgang. Effektiv i opptil 72 timer. Handle n\u00e5 p\u00e5 Transtoyou.","og_url":"https:\/\/www.transtoyou.com\/nb\/product\/norlevo-levonelle\/","og_site_name":"Transtoyou - NB","article_modified_time":"2026-01-24T23:01:56+00:00","twitter_card":"summary_large_image","twitter_misc":{"Ansl. lesetid":"1 minutt"},"schema":{"@context":"https:\/\/schema.org","@graph":[{"@type":"WebPage","@id":"https:\/\/www.transtoyou.com\/nb\/product\/norlevo-levonelle\/","url":"https:\/\/www.transtoyou.com\/nb\/product\/norlevo-levonelle\/","name":"Norlevo (Levonelle) | Raskvirkende ECP - Transtoyou","isPartOf":{"@id":"https:\/\/www.transtoyou.com\/nb\/#website"},"primaryImageOfPage":{"@id":"https:\/\/www.transtoyou.com\/nb\/product\/norlevo-levonelle\/#primaryimage"},"image":{"@id":"https:\/\/www.transtoyou.com\/nb\/product\/norlevo-levonelle\/#primaryimage"},"thumbnailUrl":"https:\/\/www.transtoyou.com\/nb\/wp-content\/uploads\/sites\/10\/2026\/01\/tty-no-product-image-125.webp","datePublished":"2026-01-24T23:00:54+00:00","dateModified":"2026-01-24T23:01:56+00:00","description":"Norlevo (Levonelle) ECP forhindrer graviditet etter ubeskyttet sex. Tilgjengelig her for rask tilgang. Effektiv i opptil 72 timer. Handle n\u00e5 p\u00e5 Transtoyou.","breadcrumb":{"@id":"https:\/\/www.transtoyou.com\/nb\/product\/norlevo-levonelle\/#breadcrumb"},"inLanguage":"nb-NO","potentialAction":[{"@type":"ReadAction","target":["https:\/\/www.transtoyou.com\/nb\/product\/norlevo-levonelle\/"]}]},{"@type":"ImageObject","inLanguage":"nb-NO","@id":"https:\/\/www.transtoyou.com\/nb\/product\/norlevo-levonelle\/#primaryimage","url":"https:\/\/www.transtoyou.com\/nb\/wp-content\/uploads\/sites\/10\/2026\/01\/tty-no-product-image-125.webp","contentUrl":"https:\/\/www.transtoyou.com\/nb\/wp-content\/uploads\/sites\/10\/2026\/01\/tty-no-product-image-125.webp","width":1000,"height":1000,"caption":"Standard produktbilde"},{"@type":"WebSite","@id":"https:\/\/www.transtoyou.com\/nb\/#website","url":"https:\/\/www.transtoyou.com\/nb\/","name":"Transtoyou - NB","description":"","publisher":{"@id":"https:\/\/www.transtoyou.com\/nb\/#organization"},"potentialAction":[{"@type":"SearchAction","target":{"@type":"EntryPoint","urlTemplate":"https:\/\/www.transtoyou.com\/nb\/?s={search_term_string}"},"query-input":{"@type":"PropertyValueSpecification","valueRequired":true,"valueName":"search_term_string"}}],"inLanguage":"nb-NO"},{"@type":"Organization","@id":"https:\/\/www.transtoyou.com\/nb\/#organization","name":"Transtoyou - NB","url":"https:\/\/www.transtoyou.com\/nb\/","logo":{"@type":"ImageObject","inLanguage":"nb-NO","@id":"https:\/\/www.transtoyou.com\/nb\/#\/schema\/logo\/image\/","url":"https:\/\/www.transtoyou.com\/nb\/wp-content\/uploads\/sites\/10\/2026\/01\/logo-tty-menu-bar-300x87-1.webp","contentUrl":"https:\/\/www.transtoyou.com\/nb\/wp-content\/uploads\/sites\/10\/2026\/01\/logo-tty-menu-bar-300x87-1.webp","width":300,"height":87,"caption":"Transtoyou - NB"},"image":{"@id":"https:\/\/www.transtoyou.com\/nb\/#\/schema\/logo\/image\/"}}]}},"_links":{"self":[{"href":"https:\/\/www.transtoyou.com\/nb\/wp-json\/wp\/v2\/product\/1086","targetHints":{"allow":["GET"]}}],"collection":[{"href":"https:\/\/www.transtoyou.com\/nb\/wp-json\/wp\/v2\/product"}],"about":[{"href":"https:\/\/www.transtoyou.com\/nb\/wp-json\/wp\/v2\/types\/product"}],"replies":[{"embeddable":true,"href":"https:\/\/www.transtoyou.com\/nb\/wp-json\/wp\/v2\/comments?post=1086"}],"wp:featuredmedia":[{"embeddable":true,"href":"https:\/\/www.transtoyou.com\/nb\/wp-json\/wp\/v2\/media\/1087"}],"wp:attachment":[{"href":"https:\/\/www.transtoyou.com\/nb\/wp-json\/wp\/v2\/media?parent=1086"}],"wp:term":[{"taxonomy":"product_brand","embeddable":true,"href":"https:\/\/www.transtoyou.com\/nb\/wp-json\/wp\/v2\/product_brand?post=1086"},{"taxonomy":"product_cat","embeddable":true,"href":"https:\/\/www.transtoyou.com\/nb\/wp-json\/wp\/v2\/product_cat?post=1086"},{"taxonomy":"product_tag","embeddable":true,"href":"https:\/\/www.transtoyou.com\/nb\/wp-json\/wp\/v2\/product_tag?post=1086"},{"taxonomy":"expert","embeddable":true,"href":"https:\/\/www.transtoyou.com\/nb\/wp-json\/wp\/v2\/expert?post=1086"}],"curies":[{"name":"wp","href":"https:\/\/api.w.org\/{rel}","templated":true}]}}