{"id":1088,"date":"2026-01-25T01:17:39","date_gmt":"2026-01-24T23:17:39","guid":{"rendered":"https:\/\/www.transtoyou.com\/nb\/product\/ellaone\/"},"modified":"2026-01-25T01:18:35","modified_gmt":"2026-01-24T23:18:35","slug":"ellaone","status":"publish","type":"product","link":"https:\/\/www.transtoyou.com\/nb\/product\/ellaone\/","title":{"rendered":"EllaOne"},"content":{"rendered":"<p>EllaOne er et hormonbasert n\u00f8dprevensjonsmiddel som brukes for \u00e5 forhindre u\u00f8nsket graviditet etter ubeskyttet sex eller prevensjonsfeil (f.eks. kondombrudd eller glemte p-piller). Det inneholder ulipristalacetat, en selektiv progesteronreseptormodulator (SPRM).<\/p>\n<p>EllaOne fungerer prim\u00e6rt ved \u00e5 forsinke eller hemme eggl\u00f8sning, frigj\u00f8ringen av et egg fra eggstokken. Hvis eggl\u00f8sning allerede har skjedd, kan det v\u00e6re ineffektivt, og det avslutter ikke en eksisterende graviditet. Ulipristal binder seg til progesteronreseptorer, og blokkerer det naturlige hormonet progesteron som er n\u00f8dvendig for at eggl\u00f8sning skal skje.<\/p>\n<p>EllaOne er mest effektiv n\u00e5r den tas s\u00e5 snart som mulig etter ubeskyttet samleie, ideelt innen 24 timer, men den kan tas opptil 120 timer (5 dager) etter. Kliniske studier viser at den forblir mer effektiv over 5-dagersvinduet enn n\u00f8dprevensjonsmidler basert p\u00e5 levonorgestrel.<\/p>\n<p>EllaOne er ikke ment for regelmessig prevensjonsbruk og b\u00f8r ikke brukes mer enn \u00e9n gang i l\u00f8pet av samme menstruasjonssyklus. Den beskytter ikke mot seksuelt overf\u00f8rbare infeksjoner (SOI). Fordelene med EllaOne inkluderer et lengre vindu for effektivitet enn andre n\u00f8dprevensjonsmidler, h\u00f8y effektivitet n\u00e5r den tas raskt, og et godt tolerert sikkerhetsprofil.<\/p>\n<p>Vanlige bivirkninger kan inkludere hodepine, kvalme, magesmerter, menstruasjonsforstyrrelser og tretthet. Den b\u00f8r ikke brukes av kvinner som allerede er gravide, og det anbefales forsiktighet for de som bruker hormonelle prevensjonsmidler, da deres effektivitet kan v\u00e6re midlertidig redusert etter bruk av EllaOne.<\/p>\n","protected":false},"excerpt":{"rendered":"<ul>\n<li>Effektiv i opptil 5 dager<\/li>\n<li>Forsinker eggl\u00f8sning<\/li>\n<li>For n\u00f8dprevensjon<\/li>\n<\/ul>\n","protected":false},"featured_media":1089,"comment_status":"open","ping_status":"closed","template":"","meta":[],"product_brand":[],"product_cat":[110],"product_tag":[],"expert":[19],"class_list":{"0":"post-1088","1":"product","2":"type-product","3":"status-publish","4":"has-post-thumbnail","6":"product_cat-nodsprevensjon","7":"expert-dr-j-vazquez","9":"first","10":"instock","11":"shipping-taxable","12":"product-type-simple"},"yoast_head":"<!-- This site is optimized with the Yoast SEO plugin v27.0 - https:\/\/yoast.com\/product\/yoast-seo-wordpress\/ -->\n<title>EllaOne | Hurtigvirkende n\u00f8dprevensjon - Transtoyou<\/title>\n<meta name=\"description\" content=\"Kj\u00f8p EllaOne, et hormonbasert n\u00f8dprevensjonsmiddel for \u00e5 forhindre u\u00f8nsket graviditet. Effektivt innen 5 dager etter samleie. Tilgjengelig n\u00e5.\" \/>\n<meta name=\"robots\" content=\"noindex, follow, max-snippet:-1, max-image-preview:large, max-video-preview:-1\" \/>\n<meta property=\"og:locale\" content=\"nb_NO\" \/>\n<meta property=\"og:type\" content=\"article\" \/>\n<meta property=\"og:title\" content=\"EllaOne | Hurtigvirkende n\u00f8dprevensjon - Transtoyou\" \/>\n<meta property=\"og:description\" content=\"Kj\u00f8p EllaOne, et hormonbasert n\u00f8dprevensjonsmiddel for \u00e5 forhindre u\u00f8nsket graviditet. Effektivt innen 5 dager etter samleie. Tilgjengelig n\u00e5.\" \/>\n<meta property=\"og:url\" content=\"https:\/\/www.transtoyou.com\/nb\/product\/ellaone\/\" \/>\n<meta property=\"og:site_name\" content=\"Transtoyou - NB\" \/>\n<meta property=\"article:modified_time\" content=\"2026-01-24T23:18:35+00:00\" \/>\n<meta name=\"twitter:card\" content=\"summary_large_image\" \/>\n<meta name=\"twitter:label1\" content=\"Ansl. lesetid\" \/>\n\t<meta name=\"twitter:data1\" content=\"1 minutt\" \/>\n<script type=\"application\/ld+json\" class=\"yoast-schema-graph\">{\"@context\":\"https:\/\/schema.org\",\"@graph\":[{\"@type\":\"WebPage\",\"@id\":\"https:\/\/www.transtoyou.com\/nb\/product\/ellaone\/\",\"url\":\"https:\/\/www.transtoyou.com\/nb\/product\/ellaone\/\",\"name\":\"EllaOne | Hurtigvirkende n\u00f8dprevensjon - Transtoyou\",\"isPartOf\":{\"@id\":\"https:\/\/www.transtoyou.com\/nb\/#website\"},\"primaryImageOfPage\":{\"@id\":\"https:\/\/www.transtoyou.com\/nb\/product\/ellaone\/#primaryimage\"},\"image\":{\"@id\":\"https:\/\/www.transtoyou.com\/nb\/product\/ellaone\/#primaryimage\"},\"thumbnailUrl\":\"https:\/\/www.transtoyou.com\/nb\/wp-content\/uploads\/sites\/10\/2026\/01\/tty-no-product-image-126.webp\",\"datePublished\":\"2026-01-24T23:17:39+00:00\",\"dateModified\":\"2026-01-24T23:18:35+00:00\",\"description\":\"Kj\u00f8p EllaOne, et hormonbasert n\u00f8dprevensjonsmiddel for \u00e5 forhindre u\u00f8nsket graviditet. Effektivt innen 5 dager etter samleie. Tilgjengelig n\u00e5.\",\"breadcrumb\":{\"@id\":\"https:\/\/www.transtoyou.com\/nb\/product\/ellaone\/#breadcrumb\"},\"inLanguage\":\"nb-NO\",\"potentialAction\":[{\"@type\":\"ReadAction\",\"target\":[\"https:\/\/www.transtoyou.com\/nb\/product\/ellaone\/\"]}]},{\"@type\":\"ImageObject\",\"inLanguage\":\"nb-NO\",\"@id\":\"https:\/\/www.transtoyou.com\/nb\/product\/ellaone\/#primaryimage\",\"url\":\"https:\/\/www.transtoyou.com\/nb\/wp-content\/uploads\/sites\/10\/2026\/01\/tty-no-product-image-126.webp\",\"contentUrl\":\"https:\/\/www.transtoyou.com\/nb\/wp-content\/uploads\/sites\/10\/2026\/01\/tty-no-product-image-126.webp\",\"width\":1000,\"height\":1000,\"caption\":\"Standard produktbilde\"},{\"@type\":\"WebSite\",\"@id\":\"https:\/\/www.transtoyou.com\/nb\/#website\",\"url\":\"https:\/\/www.transtoyou.com\/nb\/\",\"name\":\"Transtoyou - NB\",\"description\":\"\",\"publisher\":{\"@id\":\"https:\/\/www.transtoyou.com\/nb\/#organization\"},\"potentialAction\":[{\"@type\":\"SearchAction\",\"target\":{\"@type\":\"EntryPoint\",\"urlTemplate\":\"https:\/\/www.transtoyou.com\/nb\/?s={search_term_string}\"},\"query-input\":{\"@type\":\"PropertyValueSpecification\",\"valueRequired\":true,\"valueName\":\"search_term_string\"}}],\"inLanguage\":\"nb-NO\"},{\"@type\":\"Organization\",\"@id\":\"https:\/\/www.transtoyou.com\/nb\/#organization\",\"name\":\"Transtoyou - NB\",\"url\":\"https:\/\/www.transtoyou.com\/nb\/\",\"logo\":{\"@type\":\"ImageObject\",\"inLanguage\":\"nb-NO\",\"@id\":\"https:\/\/www.transtoyou.com\/nb\/#\/schema\/logo\/image\/\",\"url\":\"https:\/\/www.transtoyou.com\/nb\/wp-content\/uploads\/sites\/10\/2026\/01\/logo-tty-menu-bar-300x87-1.webp\",\"contentUrl\":\"https:\/\/www.transtoyou.com\/nb\/wp-content\/uploads\/sites\/10\/2026\/01\/logo-tty-menu-bar-300x87-1.webp\",\"width\":300,\"height\":87,\"caption\":\"Transtoyou - NB\"},\"image\":{\"@id\":\"https:\/\/www.transtoyou.com\/nb\/#\/schema\/logo\/image\/\"}}]}<\/script>\n<!-- \/ Yoast SEO plugin. -->","yoast_head_json":{"title":"EllaOne | Hurtigvirkende n\u00f8dprevensjon - Transtoyou","description":"Kj\u00f8p EllaOne, et hormonbasert n\u00f8dprevensjonsmiddel for \u00e5 forhindre u\u00f8nsket graviditet. Effektivt innen 5 dager etter samleie. Tilgjengelig n\u00e5.","robots":{"index":"noindex","follow":"follow","max-snippet":"max-snippet:-1","max-image-preview":"max-image-preview:large","max-video-preview":"max-video-preview:-1"},"og_locale":"nb_NO","og_type":"article","og_title":"EllaOne | Hurtigvirkende n\u00f8dprevensjon - Transtoyou","og_description":"Kj\u00f8p EllaOne, et hormonbasert n\u00f8dprevensjonsmiddel for \u00e5 forhindre u\u00f8nsket graviditet. Effektivt innen 5 dager etter samleie. Tilgjengelig n\u00e5.","og_url":"https:\/\/www.transtoyou.com\/nb\/product\/ellaone\/","og_site_name":"Transtoyou - NB","article_modified_time":"2026-01-24T23:18:35+00:00","twitter_card":"summary_large_image","twitter_misc":{"Ansl. lesetid":"1 minutt"},"schema":{"@context":"https:\/\/schema.org","@graph":[{"@type":"WebPage","@id":"https:\/\/www.transtoyou.com\/nb\/product\/ellaone\/","url":"https:\/\/www.transtoyou.com\/nb\/product\/ellaone\/","name":"EllaOne | Hurtigvirkende n\u00f8dprevensjon - Transtoyou","isPartOf":{"@id":"https:\/\/www.transtoyou.com\/nb\/#website"},"primaryImageOfPage":{"@id":"https:\/\/www.transtoyou.com\/nb\/product\/ellaone\/#primaryimage"},"image":{"@id":"https:\/\/www.transtoyou.com\/nb\/product\/ellaone\/#primaryimage"},"thumbnailUrl":"https:\/\/www.transtoyou.com\/nb\/wp-content\/uploads\/sites\/10\/2026\/01\/tty-no-product-image-126.webp","datePublished":"2026-01-24T23:17:39+00:00","dateModified":"2026-01-24T23:18:35+00:00","description":"Kj\u00f8p EllaOne, et hormonbasert n\u00f8dprevensjonsmiddel for \u00e5 forhindre u\u00f8nsket graviditet. Effektivt innen 5 dager etter samleie. Tilgjengelig n\u00e5.","breadcrumb":{"@id":"https:\/\/www.transtoyou.com\/nb\/product\/ellaone\/#breadcrumb"},"inLanguage":"nb-NO","potentialAction":[{"@type":"ReadAction","target":["https:\/\/www.transtoyou.com\/nb\/product\/ellaone\/"]}]},{"@type":"ImageObject","inLanguage":"nb-NO","@id":"https:\/\/www.transtoyou.com\/nb\/product\/ellaone\/#primaryimage","url":"https:\/\/www.transtoyou.com\/nb\/wp-content\/uploads\/sites\/10\/2026\/01\/tty-no-product-image-126.webp","contentUrl":"https:\/\/www.transtoyou.com\/nb\/wp-content\/uploads\/sites\/10\/2026\/01\/tty-no-product-image-126.webp","width":1000,"height":1000,"caption":"Standard produktbilde"},{"@type":"WebSite","@id":"https:\/\/www.transtoyou.com\/nb\/#website","url":"https:\/\/www.transtoyou.com\/nb\/","name":"Transtoyou - NB","description":"","publisher":{"@id":"https:\/\/www.transtoyou.com\/nb\/#organization"},"potentialAction":[{"@type":"SearchAction","target":{"@type":"EntryPoint","urlTemplate":"https:\/\/www.transtoyou.com\/nb\/?s={search_term_string}"},"query-input":{"@type":"PropertyValueSpecification","valueRequired":true,"valueName":"search_term_string"}}],"inLanguage":"nb-NO"},{"@type":"Organization","@id":"https:\/\/www.transtoyou.com\/nb\/#organization","name":"Transtoyou - NB","url":"https:\/\/www.transtoyou.com\/nb\/","logo":{"@type":"ImageObject","inLanguage":"nb-NO","@id":"https:\/\/www.transtoyou.com\/nb\/#\/schema\/logo\/image\/","url":"https:\/\/www.transtoyou.com\/nb\/wp-content\/uploads\/sites\/10\/2026\/01\/logo-tty-menu-bar-300x87-1.webp","contentUrl":"https:\/\/www.transtoyou.com\/nb\/wp-content\/uploads\/sites\/10\/2026\/01\/logo-tty-menu-bar-300x87-1.webp","width":300,"height":87,"caption":"Transtoyou - NB"},"image":{"@id":"https:\/\/www.transtoyou.com\/nb\/#\/schema\/logo\/image\/"}}]}},"_links":{"self":[{"href":"https:\/\/www.transtoyou.com\/nb\/wp-json\/wp\/v2\/product\/1088","targetHints":{"allow":["GET"]}}],"collection":[{"href":"https:\/\/www.transtoyou.com\/nb\/wp-json\/wp\/v2\/product"}],"about":[{"href":"https:\/\/www.transtoyou.com\/nb\/wp-json\/wp\/v2\/types\/product"}],"replies":[{"embeddable":true,"href":"https:\/\/www.transtoyou.com\/nb\/wp-json\/wp\/v2\/comments?post=1088"}],"wp:featuredmedia":[{"embeddable":true,"href":"https:\/\/www.transtoyou.com\/nb\/wp-json\/wp\/v2\/media\/1089"}],"wp:attachment":[{"href":"https:\/\/www.transtoyou.com\/nb\/wp-json\/wp\/v2\/media?parent=1088"}],"wp:term":[{"taxonomy":"product_brand","embeddable":true,"href":"https:\/\/www.transtoyou.com\/nb\/wp-json\/wp\/v2\/product_brand?post=1088"},{"taxonomy":"product_cat","embeddable":true,"href":"https:\/\/www.transtoyou.com\/nb\/wp-json\/wp\/v2\/product_cat?post=1088"},{"taxonomy":"product_tag","embeddable":true,"href":"https:\/\/www.transtoyou.com\/nb\/wp-json\/wp\/v2\/product_tag?post=1088"},{"taxonomy":"expert","embeddable":true,"href":"https:\/\/www.transtoyou.com\/nb\/wp-json\/wp\/v2\/expert?post=1088"}],"curies":[{"name":"wp","href":"https:\/\/api.w.org\/{rel}","templated":true}]}}