{"id":1090,"date":"2026-01-25T01:33:39","date_gmt":"2026-01-24T23:33:39","guid":{"rendered":"https:\/\/www.transtoyou.com\/nb\/product\/qlaira\/"},"modified":"2026-03-03T11:47:05","modified_gmt":"2026-03-03T09:47:05","slug":"qlaira","status":"publish","type":"product","link":"https:\/\/www.transtoyou.com\/nb\/product\/qlaira\/","title":{"rendered":"Qlaira"},"content":{"rendered":"<p>Qlaira er en kombinert p-pille som ogs\u00e5 brukes off-label for \u00e5 hjelpe med \u00e5 h\u00e5ndtere symptomene p\u00e5 endometriose. Den inneholder syntetiske versjoner av to naturlig forekommende hormoner, estradiolvalerat, en form for \u00f8strogen, og dienogest, et gestagen. I motsetning til mange tradisjonelle p-piller f\u00f8lger Qlaira en multiphasisk doseringsplan som er designet for \u00e5 etterligne naturlige hormonelle svingninger mer n\u00f8yaktig.<\/p>\n<p>Endometriose er en kronisk tilstand der vev som ligner p\u00e5 livmorens slimhinne vokser utenfor livmoren, noe som ofte for\u00e5rsaker smerte, kraftige menstruasjoner og fertilitetsproblemer. Hormonbehandlinger som Qlaira kan bidra til \u00e5 redusere aktiviteten og veksten av dette feilplasserte vevet ved \u00e5 stabilisere hormonniv\u00e5ene og undertrykke eggl\u00f8sning. Dette kan resultere i lettere menstruasjoner, mindre bekkenverk og f\u00e6rre utbrudd av endometriose-symptomer over tid.<\/p>\n<p>Qlaira tas daglig i en spesifikk rekkef\u00f8lge over en 28-dagers syklus, med forskjellige fargede tabletter som indikerer varierende hormonniv\u00e5er. Det er aktive tabletter som inneholder hormoner og to tabletter som ikke inneholder aktive ingredienser, noe som hjelper til med \u00e5 opprettholde en regelmessig rutine uten en tradisjonell pillefri pause. De varierende dosene bidrar til \u00e5 forbedre sykluskontrollen og kan f\u00f8re til lettere og kortere tilbaketrekningsbl\u00f8dninger.<\/p>\n<p>Mange som bruker Qlaira for endometriose rapporterer om forbedret symptomlindring og livskvalitet, spesielt de som ogs\u00e5 s\u00f8ker effektiv prevensjon. Den tolereres generelt godt, selv om bivirkninger som kvalme, \u00f8mhet i brystene, hum\u00f8rsvingninger eller gjennombruddsbl\u00f8dning kan forekomme, spesielt i de f\u00f8rste m\u00e5nedene av bruken.<\/p>\n","protected":false},"excerpt":{"rendered":"<ul>\n<li>Hjelper med \u00e5 regulere menstruasjonssyklusen<\/li>\n<li>H\u00e5ndterer symptomer p\u00e5 endometriose<\/li>\n<li>Moderne lavdose hormonbehandling<\/li>\n<\/ul>\n","protected":false},"featured_media":1092,"comment_status":"open","ping_status":"closed","template":"","meta":[],"product_brand":[],"product_cat":[112,94],"product_tag":[],"expert":[19],"class_list":{"0":"post-1090","1":"product","2":"type-product","3":"status-publish","4":"has-post-thumbnail","6":"product_cat-endometriose","7":"product_cat-kombinasjonspille","8":"expert-dr-j-vazquez","10":"first","11":"instock","12":"shipping-taxable","13":"product-type-variable"},"yoast_head":"<!-- This site is optimized with the Yoast SEO plugin v27.0 - https:\/\/yoast.com\/product\/yoast-seo-wordpress\/ -->\n<title>Qlaira - Transtoyou - NB<\/title>\n<meta name=\"robots\" content=\"noindex, follow, max-snippet:-1, max-image-preview:large, max-video-preview:-1\" \/>\n<meta property=\"og:locale\" content=\"nb_NO\" \/>\n<meta property=\"og:type\" content=\"article\" \/>\n<meta property=\"og:title\" content=\"Qlaira - Transtoyou - NB\" \/>\n<meta property=\"og:description\" content=\"Hjelper med \u00e5 regulere menstruasjonssyklusen  H\u00e5ndterer symptomer p\u00e5 endometriose  Moderne lavdose hormonbehandling\" \/>\n<meta property=\"og:url\" content=\"https:\/\/www.transtoyou.com\/nb\/product\/qlaira\/\" \/>\n<meta property=\"og:site_name\" content=\"Transtoyou - NB\" \/>\n<meta property=\"article:modified_time\" content=\"2026-03-03T09:47:05+00:00\" \/>\n<meta property=\"og:image\" content=\"https:\/\/www.transtoyou.com\/nb\/wp-content\/uploads\/sites\/10\/2026\/01\/tty-no-product-image-127.webp\" \/>\n\t<meta property=\"og:image:width\" content=\"1000\" \/>\n\t<meta property=\"og:image:height\" content=\"1000\" \/>\n\t<meta property=\"og:image:type\" content=\"image\/webp\" \/>\n<meta name=\"twitter:card\" content=\"summary_large_image\" \/>\n<meta name=\"twitter:label1\" content=\"Ansl. lesetid\" \/>\n\t<meta name=\"twitter:data1\" content=\"1 minutt\" \/>\n<script type=\"application\/ld+json\" class=\"yoast-schema-graph\">{\"@context\":\"https:\/\/schema.org\",\"@graph\":[{\"@type\":\"WebPage\",\"@id\":\"https:\/\/www.transtoyou.com\/nb\/product\/qlaira\/\",\"url\":\"https:\/\/www.transtoyou.com\/nb\/product\/qlaira\/\",\"name\":\"Qlaira - Transtoyou - NB\",\"isPartOf\":{\"@id\":\"https:\/\/www.transtoyou.com\/nb\/#website\"},\"primaryImageOfPage\":{\"@id\":\"https:\/\/www.transtoyou.com\/nb\/product\/qlaira\/#primaryimage\"},\"image\":{\"@id\":\"https:\/\/www.transtoyou.com\/nb\/product\/qlaira\/#primaryimage\"},\"thumbnailUrl\":\"https:\/\/www.transtoyou.com\/nb\/wp-content\/uploads\/sites\/10\/2026\/01\/tty-no-product-image-127.webp\",\"datePublished\":\"2026-01-24T23:33:39+00:00\",\"dateModified\":\"2026-03-03T09:47:05+00:00\",\"breadcrumb\":{\"@id\":\"https:\/\/www.transtoyou.com\/nb\/product\/qlaira\/#breadcrumb\"},\"inLanguage\":\"nb-NO\",\"potentialAction\":[{\"@type\":\"ReadAction\",\"target\":[\"https:\/\/www.transtoyou.com\/nb\/product\/qlaira\/\"]}]},{\"@type\":\"ImageObject\",\"inLanguage\":\"nb-NO\",\"@id\":\"https:\/\/www.transtoyou.com\/nb\/product\/qlaira\/#primaryimage\",\"url\":\"https:\/\/www.transtoyou.com\/nb\/wp-content\/uploads\/sites\/10\/2026\/01\/tty-no-product-image-127.webp\",\"contentUrl\":\"https:\/\/www.transtoyou.com\/nb\/wp-content\/uploads\/sites\/10\/2026\/01\/tty-no-product-image-127.webp\",\"width\":1000,\"height\":1000,\"caption\":\"Standard produktbilde\"},{\"@type\":\"WebSite\",\"@id\":\"https:\/\/www.transtoyou.com\/nb\/#website\",\"url\":\"https:\/\/www.transtoyou.com\/nb\/\",\"name\":\"Transtoyou - NB\",\"description\":\"\",\"publisher\":{\"@id\":\"https:\/\/www.transtoyou.com\/nb\/#organization\"},\"potentialAction\":[{\"@type\":\"SearchAction\",\"target\":{\"@type\":\"EntryPoint\",\"urlTemplate\":\"https:\/\/www.transtoyou.com\/nb\/?s={search_term_string}\"},\"query-input\":{\"@type\":\"PropertyValueSpecification\",\"valueRequired\":true,\"valueName\":\"search_term_string\"}}],\"inLanguage\":\"nb-NO\"},{\"@type\":\"Organization\",\"@id\":\"https:\/\/www.transtoyou.com\/nb\/#organization\",\"name\":\"Transtoyou - NB\",\"url\":\"https:\/\/www.transtoyou.com\/nb\/\",\"logo\":{\"@type\":\"ImageObject\",\"inLanguage\":\"nb-NO\",\"@id\":\"https:\/\/www.transtoyou.com\/nb\/#\/schema\/logo\/image\/\",\"url\":\"https:\/\/www.transtoyou.com\/nb\/wp-content\/uploads\/sites\/10\/2026\/01\/logo-tty-menu-bar-300x87-1.webp\",\"contentUrl\":\"https:\/\/www.transtoyou.com\/nb\/wp-content\/uploads\/sites\/10\/2026\/01\/logo-tty-menu-bar-300x87-1.webp\",\"width\":300,\"height\":87,\"caption\":\"Transtoyou - NB\"},\"image\":{\"@id\":\"https:\/\/www.transtoyou.com\/nb\/#\/schema\/logo\/image\/\"}}]}<\/script>\n<!-- \/ Yoast SEO plugin. -->","yoast_head_json":{"title":"Qlaira - Transtoyou - NB","robots":{"index":"noindex","follow":"follow","max-snippet":"max-snippet:-1","max-image-preview":"max-image-preview:large","max-video-preview":"max-video-preview:-1"},"og_locale":"nb_NO","og_type":"article","og_title":"Qlaira - Transtoyou - NB","og_description":"Hjelper med \u00e5 regulere menstruasjonssyklusen  H\u00e5ndterer symptomer p\u00e5 endometriose  Moderne lavdose hormonbehandling","og_url":"https:\/\/www.transtoyou.com\/nb\/product\/qlaira\/","og_site_name":"Transtoyou - NB","article_modified_time":"2026-03-03T09:47:05+00:00","og_image":[{"width":1000,"height":1000,"url":"https:\/\/www.transtoyou.com\/nb\/wp-content\/uploads\/sites\/10\/2026\/01\/tty-no-product-image-127.webp","type":"image\/webp"}],"twitter_card":"summary_large_image","twitter_misc":{"Ansl. lesetid":"1 minutt"},"schema":{"@context":"https:\/\/schema.org","@graph":[{"@type":"WebPage","@id":"https:\/\/www.transtoyou.com\/nb\/product\/qlaira\/","url":"https:\/\/www.transtoyou.com\/nb\/product\/qlaira\/","name":"Qlaira - Transtoyou - NB","isPartOf":{"@id":"https:\/\/www.transtoyou.com\/nb\/#website"},"primaryImageOfPage":{"@id":"https:\/\/www.transtoyou.com\/nb\/product\/qlaira\/#primaryimage"},"image":{"@id":"https:\/\/www.transtoyou.com\/nb\/product\/qlaira\/#primaryimage"},"thumbnailUrl":"https:\/\/www.transtoyou.com\/nb\/wp-content\/uploads\/sites\/10\/2026\/01\/tty-no-product-image-127.webp","datePublished":"2026-01-24T23:33:39+00:00","dateModified":"2026-03-03T09:47:05+00:00","breadcrumb":{"@id":"https:\/\/www.transtoyou.com\/nb\/product\/qlaira\/#breadcrumb"},"inLanguage":"nb-NO","potentialAction":[{"@type":"ReadAction","target":["https:\/\/www.transtoyou.com\/nb\/product\/qlaira\/"]}]},{"@type":"ImageObject","inLanguage":"nb-NO","@id":"https:\/\/www.transtoyou.com\/nb\/product\/qlaira\/#primaryimage","url":"https:\/\/www.transtoyou.com\/nb\/wp-content\/uploads\/sites\/10\/2026\/01\/tty-no-product-image-127.webp","contentUrl":"https:\/\/www.transtoyou.com\/nb\/wp-content\/uploads\/sites\/10\/2026\/01\/tty-no-product-image-127.webp","width":1000,"height":1000,"caption":"Standard produktbilde"},{"@type":"WebSite","@id":"https:\/\/www.transtoyou.com\/nb\/#website","url":"https:\/\/www.transtoyou.com\/nb\/","name":"Transtoyou - NB","description":"","publisher":{"@id":"https:\/\/www.transtoyou.com\/nb\/#organization"},"potentialAction":[{"@type":"SearchAction","target":{"@type":"EntryPoint","urlTemplate":"https:\/\/www.transtoyou.com\/nb\/?s={search_term_string}"},"query-input":{"@type":"PropertyValueSpecification","valueRequired":true,"valueName":"search_term_string"}}],"inLanguage":"nb-NO"},{"@type":"Organization","@id":"https:\/\/www.transtoyou.com\/nb\/#organization","name":"Transtoyou - NB","url":"https:\/\/www.transtoyou.com\/nb\/","logo":{"@type":"ImageObject","inLanguage":"nb-NO","@id":"https:\/\/www.transtoyou.com\/nb\/#\/schema\/logo\/image\/","url":"https:\/\/www.transtoyou.com\/nb\/wp-content\/uploads\/sites\/10\/2026\/01\/logo-tty-menu-bar-300x87-1.webp","contentUrl":"https:\/\/www.transtoyou.com\/nb\/wp-content\/uploads\/sites\/10\/2026\/01\/logo-tty-menu-bar-300x87-1.webp","width":300,"height":87,"caption":"Transtoyou - NB"},"image":{"@id":"https:\/\/www.transtoyou.com\/nb\/#\/schema\/logo\/image\/"}}]}},"_links":{"self":[{"href":"https:\/\/www.transtoyou.com\/nb\/wp-json\/wp\/v2\/product\/1090","targetHints":{"allow":["GET"]}}],"collection":[{"href":"https:\/\/www.transtoyou.com\/nb\/wp-json\/wp\/v2\/product"}],"about":[{"href":"https:\/\/www.transtoyou.com\/nb\/wp-json\/wp\/v2\/types\/product"}],"replies":[{"embeddable":true,"href":"https:\/\/www.transtoyou.com\/nb\/wp-json\/wp\/v2\/comments?post=1090"}],"wp:featuredmedia":[{"embeddable":true,"href":"https:\/\/www.transtoyou.com\/nb\/wp-json\/wp\/v2\/media\/1092"}],"wp:attachment":[{"href":"https:\/\/www.transtoyou.com\/nb\/wp-json\/wp\/v2\/media?parent=1090"}],"wp:term":[{"taxonomy":"product_brand","embeddable":true,"href":"https:\/\/www.transtoyou.com\/nb\/wp-json\/wp\/v2\/product_brand?post=1090"},{"taxonomy":"product_cat","embeddable":true,"href":"https:\/\/www.transtoyou.com\/nb\/wp-json\/wp\/v2\/product_cat?post=1090"},{"taxonomy":"product_tag","embeddable":true,"href":"https:\/\/www.transtoyou.com\/nb\/wp-json\/wp\/v2\/product_tag?post=1090"},{"taxonomy":"expert","embeddable":true,"href":"https:\/\/www.transtoyou.com\/nb\/wp-json\/wp\/v2\/expert?post=1090"}],"curies":[{"name":"wp","href":"https:\/\/api.w.org\/{rel}","templated":true}]}}