{"id":1093,"date":"2026-01-25T01:49:20","date_gmt":"2026-01-24T23:49:20","guid":{"rendered":"https:\/\/www.transtoyou.com\/nb\/product\/postinor\/"},"modified":"2026-01-25T01:50:14","modified_gmt":"2026-01-24T23:50:14","slug":"postinor","status":"publish","type":"product","link":"https:\/\/www.transtoyou.com\/nb\/product\/postinor\/","title":{"rendered":"Postinor"},"content":{"rendered":"<p>Postinor er en n\u00f8dprevensjonspille som brukes for \u00e5 forhindre graviditet etter ubeskyttet samleie eller svikt i prevensjon (f.eks. glemt pille eller kondombrudd). Den aktive ingrediensen er levonorgestrel, et syntetisk progestogenhormon som etterligner naturlig progesteron.<\/p>\n<p>Den prim\u00e6re virkemekanismen er \u00e5 forsinke eller hemme eggl\u00f8sning, frigj\u00f8ringen av et egg fra eggstokken. Ved \u00e5 gj\u00f8re dette reduserer Postinor sannsynligheten for befruktning. Det kan ogs\u00e5 for\u00e5rsake endringer i livmorhalsslimet og livmorslimhinnen, noe som gj\u00f8r det vanskeligere for sperm \u00e5 n\u00e5 et egg eller for et befruktet egg \u00e5 feste seg i livmoren. Imidlertid avslutter det ikke en eksisterende graviditet og har ingen effekt n\u00e5r implantasjonen har skjedd.<\/p>\n<p>Postinor b\u00f8r tas s\u00e5 snart som mulig etter ubeskyttet sex, helst innen 12 timer, og senest innen 72 timer (3 dager). Jo tidligere det tas, jo mer effektivt er det. Det er ikke ment for regelmessig prevensjonsbruk og b\u00f8r ikke erstatte p\u00e5g\u00e5ende prevensjonsmetoder. Det beskytter heller ikke mot seksuelt overf\u00f8rbare infeksjoner (SOI).<\/p>\n<p>Fordelene med Postinor inkluderer enkel tilgang, enkel engangsdosering og generelt milde bivirkninger. Noen brukere kan oppleve kvalme, endringer i menstruasjonssyklusen, \u00f8mhet i brystene, tretthet eller ubehag i magen. De fleste bivirkningene forsvinner i l\u00f8pet av noen dager.<\/p>\n","protected":false},"excerpt":{"rendered":"<ul>\n<li>Ta innen 72 timer<\/li>\n<li>Forsinker eggl\u00f8sning<\/li>\n<li>Engangsdose n\u00f8dprevensjon<\/li>\n<\/ul>\n","protected":false},"featured_media":1094,"comment_status":"open","ping_status":"closed","template":"","meta":[],"product_brand":[],"product_cat":[110],"product_tag":[],"expert":[19],"class_list":{"0":"post-1093","1":"product","2":"type-product","3":"status-publish","4":"has-post-thumbnail","6":"product_cat-nodsprevensjon","7":"expert-dr-j-vazquez","9":"first","10":"instock","11":"shipping-taxable","12":"product-type-simple"},"yoast_head":"<!-- This site is optimized with the Yoast SEO plugin v27.0 - https:\/\/yoast.com\/product\/yoast-seo-wordpress\/ -->\n<title>Postinor | N\u00f8dkontraseptiv L\u00f8sning - Transtoyou<\/title>\n<meta name=\"description\" content=\"Forhindre graviditet etter ubeskyttet sex med Postinor, tilgjengelig n\u00e5 p\u00e5 Transtoyou. Rask handling innen 72 timer \u00f8ker effektiviteten.\" \/>\n<meta name=\"robots\" content=\"noindex, follow, max-snippet:-1, max-image-preview:large, max-video-preview:-1\" \/>\n<meta property=\"og:locale\" content=\"nb_NO\" \/>\n<meta property=\"og:type\" content=\"article\" \/>\n<meta property=\"og:title\" content=\"Postinor | N\u00f8dkontraseptiv L\u00f8sning - Transtoyou\" \/>\n<meta property=\"og:description\" content=\"Forhindre graviditet etter ubeskyttet sex med Postinor, tilgjengelig n\u00e5 p\u00e5 Transtoyou. Rask handling innen 72 timer \u00f8ker effektiviteten.\" \/>\n<meta property=\"og:url\" content=\"https:\/\/www.transtoyou.com\/nb\/product\/postinor\/\" \/>\n<meta property=\"og:site_name\" content=\"Transtoyou - NB\" \/>\n<meta property=\"article:modified_time\" content=\"2026-01-24T23:50:14+00:00\" \/>\n<meta name=\"twitter:card\" content=\"summary_large_image\" \/>\n<meta name=\"twitter:label1\" content=\"Ansl. lesetid\" \/>\n\t<meta name=\"twitter:data1\" content=\"1 minutt\" \/>\n<script type=\"application\/ld+json\" class=\"yoast-schema-graph\">{\"@context\":\"https:\/\/schema.org\",\"@graph\":[{\"@type\":\"WebPage\",\"@id\":\"https:\/\/www.transtoyou.com\/nb\/product\/postinor\/\",\"url\":\"https:\/\/www.transtoyou.com\/nb\/product\/postinor\/\",\"name\":\"Postinor | N\u00f8dkontraseptiv L\u00f8sning - Transtoyou\",\"isPartOf\":{\"@id\":\"https:\/\/www.transtoyou.com\/nb\/#website\"},\"primaryImageOfPage\":{\"@id\":\"https:\/\/www.transtoyou.com\/nb\/product\/postinor\/#primaryimage\"},\"image\":{\"@id\":\"https:\/\/www.transtoyou.com\/nb\/product\/postinor\/#primaryimage\"},\"thumbnailUrl\":\"https:\/\/www.transtoyou.com\/nb\/wp-content\/uploads\/sites\/10\/2026\/01\/tty-no-product-image-128.webp\",\"datePublished\":\"2026-01-24T23:49:20+00:00\",\"dateModified\":\"2026-01-24T23:50:14+00:00\",\"description\":\"Forhindre graviditet etter ubeskyttet sex med Postinor, tilgjengelig n\u00e5 p\u00e5 Transtoyou. Rask handling innen 72 timer \u00f8ker effektiviteten.\",\"breadcrumb\":{\"@id\":\"https:\/\/www.transtoyou.com\/nb\/product\/postinor\/#breadcrumb\"},\"inLanguage\":\"nb-NO\",\"potentialAction\":[{\"@type\":\"ReadAction\",\"target\":[\"https:\/\/www.transtoyou.com\/nb\/product\/postinor\/\"]}]},{\"@type\":\"ImageObject\",\"inLanguage\":\"nb-NO\",\"@id\":\"https:\/\/www.transtoyou.com\/nb\/product\/postinor\/#primaryimage\",\"url\":\"https:\/\/www.transtoyou.com\/nb\/wp-content\/uploads\/sites\/10\/2026\/01\/tty-no-product-image-128.webp\",\"contentUrl\":\"https:\/\/www.transtoyou.com\/nb\/wp-content\/uploads\/sites\/10\/2026\/01\/tty-no-product-image-128.webp\",\"width\":1000,\"height\":1000,\"caption\":\"Standard produktbilde\"},{\"@type\":\"WebSite\",\"@id\":\"https:\/\/www.transtoyou.com\/nb\/#website\",\"url\":\"https:\/\/www.transtoyou.com\/nb\/\",\"name\":\"Transtoyou - NB\",\"description\":\"\",\"publisher\":{\"@id\":\"https:\/\/www.transtoyou.com\/nb\/#organization\"},\"potentialAction\":[{\"@type\":\"SearchAction\",\"target\":{\"@type\":\"EntryPoint\",\"urlTemplate\":\"https:\/\/www.transtoyou.com\/nb\/?s={search_term_string}\"},\"query-input\":{\"@type\":\"PropertyValueSpecification\",\"valueRequired\":true,\"valueName\":\"search_term_string\"}}],\"inLanguage\":\"nb-NO\"},{\"@type\":\"Organization\",\"@id\":\"https:\/\/www.transtoyou.com\/nb\/#organization\",\"name\":\"Transtoyou - NB\",\"url\":\"https:\/\/www.transtoyou.com\/nb\/\",\"logo\":{\"@type\":\"ImageObject\",\"inLanguage\":\"nb-NO\",\"@id\":\"https:\/\/www.transtoyou.com\/nb\/#\/schema\/logo\/image\/\",\"url\":\"https:\/\/www.transtoyou.com\/nb\/wp-content\/uploads\/sites\/10\/2026\/01\/logo-tty-menu-bar-300x87-1.webp\",\"contentUrl\":\"https:\/\/www.transtoyou.com\/nb\/wp-content\/uploads\/sites\/10\/2026\/01\/logo-tty-menu-bar-300x87-1.webp\",\"width\":300,\"height\":87,\"caption\":\"Transtoyou - NB\"},\"image\":{\"@id\":\"https:\/\/www.transtoyou.com\/nb\/#\/schema\/logo\/image\/\"}}]}<\/script>\n<!-- \/ Yoast SEO plugin. -->","yoast_head_json":{"title":"Postinor | N\u00f8dkontraseptiv L\u00f8sning - Transtoyou","description":"Forhindre graviditet etter ubeskyttet sex med Postinor, tilgjengelig n\u00e5 p\u00e5 Transtoyou. Rask handling innen 72 timer \u00f8ker effektiviteten.","robots":{"index":"noindex","follow":"follow","max-snippet":"max-snippet:-1","max-image-preview":"max-image-preview:large","max-video-preview":"max-video-preview:-1"},"og_locale":"nb_NO","og_type":"article","og_title":"Postinor | N\u00f8dkontraseptiv L\u00f8sning - Transtoyou","og_description":"Forhindre graviditet etter ubeskyttet sex med Postinor, tilgjengelig n\u00e5 p\u00e5 Transtoyou. Rask handling innen 72 timer \u00f8ker effektiviteten.","og_url":"https:\/\/www.transtoyou.com\/nb\/product\/postinor\/","og_site_name":"Transtoyou - NB","article_modified_time":"2026-01-24T23:50:14+00:00","twitter_card":"summary_large_image","twitter_misc":{"Ansl. lesetid":"1 minutt"},"schema":{"@context":"https:\/\/schema.org","@graph":[{"@type":"WebPage","@id":"https:\/\/www.transtoyou.com\/nb\/product\/postinor\/","url":"https:\/\/www.transtoyou.com\/nb\/product\/postinor\/","name":"Postinor | N\u00f8dkontraseptiv L\u00f8sning - Transtoyou","isPartOf":{"@id":"https:\/\/www.transtoyou.com\/nb\/#website"},"primaryImageOfPage":{"@id":"https:\/\/www.transtoyou.com\/nb\/product\/postinor\/#primaryimage"},"image":{"@id":"https:\/\/www.transtoyou.com\/nb\/product\/postinor\/#primaryimage"},"thumbnailUrl":"https:\/\/www.transtoyou.com\/nb\/wp-content\/uploads\/sites\/10\/2026\/01\/tty-no-product-image-128.webp","datePublished":"2026-01-24T23:49:20+00:00","dateModified":"2026-01-24T23:50:14+00:00","description":"Forhindre graviditet etter ubeskyttet sex med Postinor, tilgjengelig n\u00e5 p\u00e5 Transtoyou. Rask handling innen 72 timer \u00f8ker effektiviteten.","breadcrumb":{"@id":"https:\/\/www.transtoyou.com\/nb\/product\/postinor\/#breadcrumb"},"inLanguage":"nb-NO","potentialAction":[{"@type":"ReadAction","target":["https:\/\/www.transtoyou.com\/nb\/product\/postinor\/"]}]},{"@type":"ImageObject","inLanguage":"nb-NO","@id":"https:\/\/www.transtoyou.com\/nb\/product\/postinor\/#primaryimage","url":"https:\/\/www.transtoyou.com\/nb\/wp-content\/uploads\/sites\/10\/2026\/01\/tty-no-product-image-128.webp","contentUrl":"https:\/\/www.transtoyou.com\/nb\/wp-content\/uploads\/sites\/10\/2026\/01\/tty-no-product-image-128.webp","width":1000,"height":1000,"caption":"Standard produktbilde"},{"@type":"WebSite","@id":"https:\/\/www.transtoyou.com\/nb\/#website","url":"https:\/\/www.transtoyou.com\/nb\/","name":"Transtoyou - NB","description":"","publisher":{"@id":"https:\/\/www.transtoyou.com\/nb\/#organization"},"potentialAction":[{"@type":"SearchAction","target":{"@type":"EntryPoint","urlTemplate":"https:\/\/www.transtoyou.com\/nb\/?s={search_term_string}"},"query-input":{"@type":"PropertyValueSpecification","valueRequired":true,"valueName":"search_term_string"}}],"inLanguage":"nb-NO"},{"@type":"Organization","@id":"https:\/\/www.transtoyou.com\/nb\/#organization","name":"Transtoyou - NB","url":"https:\/\/www.transtoyou.com\/nb\/","logo":{"@type":"ImageObject","inLanguage":"nb-NO","@id":"https:\/\/www.transtoyou.com\/nb\/#\/schema\/logo\/image\/","url":"https:\/\/www.transtoyou.com\/nb\/wp-content\/uploads\/sites\/10\/2026\/01\/logo-tty-menu-bar-300x87-1.webp","contentUrl":"https:\/\/www.transtoyou.com\/nb\/wp-content\/uploads\/sites\/10\/2026\/01\/logo-tty-menu-bar-300x87-1.webp","width":300,"height":87,"caption":"Transtoyou - NB"},"image":{"@id":"https:\/\/www.transtoyou.com\/nb\/#\/schema\/logo\/image\/"}}]}},"_links":{"self":[{"href":"https:\/\/www.transtoyou.com\/nb\/wp-json\/wp\/v2\/product\/1093","targetHints":{"allow":["GET"]}}],"collection":[{"href":"https:\/\/www.transtoyou.com\/nb\/wp-json\/wp\/v2\/product"}],"about":[{"href":"https:\/\/www.transtoyou.com\/nb\/wp-json\/wp\/v2\/types\/product"}],"replies":[{"embeddable":true,"href":"https:\/\/www.transtoyou.com\/nb\/wp-json\/wp\/v2\/comments?post=1093"}],"wp:featuredmedia":[{"embeddable":true,"href":"https:\/\/www.transtoyou.com\/nb\/wp-json\/wp\/v2\/media\/1094"}],"wp:attachment":[{"href":"https:\/\/www.transtoyou.com\/nb\/wp-json\/wp\/v2\/media?parent=1093"}],"wp:term":[{"taxonomy":"product_brand","embeddable":true,"href":"https:\/\/www.transtoyou.com\/nb\/wp-json\/wp\/v2\/product_brand?post=1093"},{"taxonomy":"product_cat","embeddable":true,"href":"https:\/\/www.transtoyou.com\/nb\/wp-json\/wp\/v2\/product_cat?post=1093"},{"taxonomy":"product_tag","embeddable":true,"href":"https:\/\/www.transtoyou.com\/nb\/wp-json\/wp\/v2\/product_tag?post=1093"},{"taxonomy":"expert","embeddable":true,"href":"https:\/\/www.transtoyou.com\/nb\/wp-json\/wp\/v2\/expert?post=1093"}],"curies":[{"name":"wp","href":"https:\/\/api.w.org\/{rel}","templated":true}]}}