{"id":1098,"date":"2026-01-25T02:24:06","date_gmt":"2026-01-25T00:24:06","guid":{"rendered":"https:\/\/www.transtoyou.com\/nb\/product\/ebixa\/"},"modified":"2026-01-25T02:25:04","modified_gmt":"2026-01-25T00:25:04","slug":"ebixa","status":"publish","type":"product","link":"https:\/\/www.transtoyou.com\/nb\/product\/ebixa\/","title":{"rendered":"Ebixa"},"content":{"rendered":"<p>Ebixa er en reseptbelagt medisin som brukes til \u00e5 behandle moderate til alvorlige stadier av Alzheimers sykdom. Den inneholder den aktive ingrediensen memantin, som virker ved \u00e5 regulere glutamataktiviteten i hjernen, en kjemisk budbringer som er involvert i l\u00e6ring, hukommelse og kognisjon. Ved Alzheimers kan overdreven glutamataktivitet f\u00f8re til overstimulering og skade p\u00e5 nerveceller. Ebixa bidrar til \u00e5 gjenopprette balansen og beskytter hjernen mot denne overstimuleringen, noe som kan hjelpe med \u00e5 opprettholde kognitiv funksjon lenger.<\/p>\n<p>Selv om Alzheimers sykdom er progressiv og ikke kan kureres, kan Ebixa bidra til \u00e5 lindre visse symptomer relatert til hukommelse, tenkning og atferd. Det kan st\u00f8tte pasienter i \u00e5 forbli engasjert i daglige aktiviteter, samhandle tydeligere med andre, og opprettholde en viss uavhengighet over lengre tid. Selv om effektene varierer fra person til person, opplever mange stabilisering eller mild forbedring av kognitive symptomer over tid.<\/p>\n<p>Ebixa tas vanligvis \u00e9n gang per dag. Behandlingen begynner typisk med en lav dose som gradvis \u00f8kes over flere uker for \u00e5 la kroppen tilpasse seg. Medisinen er mest effektiv n\u00e5r den tas konsekvent som en del av en langsiktig behandlingsplan.<\/p>\n<p>Bivirkninger er vanligvis milde og kan inkludere svimmelhet, hodepine, forstoppelse eller forvirring i de tidlige stadiene av behandlingen. Disse symptomene avtar ofte etter hvert som kroppen tilpasser seg. Ebixa anses som trygg for de fleste pasienter, men er kanskje ikke egnet for de med alvorlige nyreproblemer eller visse andre medisinske tilstander.<\/p>\n","protected":false},"excerpt":{"rendered":"<ul>\n<li>Kan forbedre hukommelse, oppmerksomhet og daglig funksjon<\/li>\n<li>Reduserer atferdsforstyrrelser<\/li>\n<li>Egnet for bruk sammen med andre demensmedikamenter<\/li>\n<\/ul>\n","protected":false},"featured_media":1100,"comment_status":"open","ping_status":"closed","template":"","meta":[],"product_brand":[],"product_cat":[102],"product_tag":[],"expert":[16],"class_list":{"0":"post-1098","1":"product","2":"type-product","3":"status-publish","4":"has-post-thumbnail","6":"product_cat-dementia-og-hjerne","7":"expert-dr-c-alexandru","9":"first","10":"instock","11":"shipping-taxable","12":"product-type-variable"},"yoast_head":"<!-- This site is optimized with the Yoast SEO plugin v27.0 - https:\/\/yoast.com\/product\/yoast-seo-wordpress\/ -->\n<title>Ebixa | St\u00f8tter Kognitiv Helse - Transtoyou<\/title>\n<meta name=\"description\" content=\"Oppdag Ebixa p\u00e5 Transtoyou, en klinisk godkjent behandling for moderat til alvorlig Alzheimers, som hjelper med \u00e5 opprettholde kognitiv funksjon med memantin.\" \/>\n<meta name=\"robots\" content=\"noindex, follow, max-snippet:-1, max-image-preview:large, max-video-preview:-1\" \/>\n<meta property=\"og:locale\" content=\"nb_NO\" \/>\n<meta property=\"og:type\" content=\"article\" \/>\n<meta property=\"og:title\" content=\"Ebixa | St\u00f8tter Kognitiv Helse - Transtoyou\" \/>\n<meta property=\"og:description\" content=\"Oppdag Ebixa p\u00e5 Transtoyou, en klinisk godkjent behandling for moderat til alvorlig Alzheimers, som hjelper med \u00e5 opprettholde kognitiv funksjon med memantin.\" \/>\n<meta property=\"og:url\" content=\"https:\/\/www.transtoyou.com\/nb\/product\/ebixa\/\" \/>\n<meta property=\"og:site_name\" content=\"Transtoyou - NB\" \/>\n<meta property=\"article:modified_time\" content=\"2026-01-25T00:25:04+00:00\" \/>\n<meta name=\"twitter:card\" content=\"summary_large_image\" \/>\n<meta name=\"twitter:label1\" content=\"Ansl. lesetid\" \/>\n\t<meta name=\"twitter:data1\" content=\"1 minutt\" \/>\n<script type=\"application\/ld+json\" class=\"yoast-schema-graph\">{\"@context\":\"https:\/\/schema.org\",\"@graph\":[{\"@type\":\"WebPage\",\"@id\":\"https:\/\/www.transtoyou.com\/nb\/product\/ebixa\/\",\"url\":\"https:\/\/www.transtoyou.com\/nb\/product\/ebixa\/\",\"name\":\"Ebixa | St\u00f8tter Kognitiv Helse - Transtoyou\",\"isPartOf\":{\"@id\":\"https:\/\/www.transtoyou.com\/nb\/#website\"},\"primaryImageOfPage\":{\"@id\":\"https:\/\/www.transtoyou.com\/nb\/product\/ebixa\/#primaryimage\"},\"image\":{\"@id\":\"https:\/\/www.transtoyou.com\/nb\/product\/ebixa\/#primaryimage\"},\"thumbnailUrl\":\"https:\/\/www.transtoyou.com\/nb\/wp-content\/uploads\/sites\/10\/2026\/01\/tty-no-product-image-130.webp\",\"datePublished\":\"2026-01-25T00:24:06+00:00\",\"dateModified\":\"2026-01-25T00:25:04+00:00\",\"description\":\"Oppdag Ebixa p\u00e5 Transtoyou, en klinisk godkjent behandling for moderat til alvorlig Alzheimers, som hjelper med \u00e5 opprettholde kognitiv funksjon med memantin.\",\"breadcrumb\":{\"@id\":\"https:\/\/www.transtoyou.com\/nb\/product\/ebixa\/#breadcrumb\"},\"inLanguage\":\"nb-NO\",\"potentialAction\":[{\"@type\":\"ReadAction\",\"target\":[\"https:\/\/www.transtoyou.com\/nb\/product\/ebixa\/\"]}]},{\"@type\":\"ImageObject\",\"inLanguage\":\"nb-NO\",\"@id\":\"https:\/\/www.transtoyou.com\/nb\/product\/ebixa\/#primaryimage\",\"url\":\"https:\/\/www.transtoyou.com\/nb\/wp-content\/uploads\/sites\/10\/2026\/01\/tty-no-product-image-130.webp\",\"contentUrl\":\"https:\/\/www.transtoyou.com\/nb\/wp-content\/uploads\/sites\/10\/2026\/01\/tty-no-product-image-130.webp\",\"width\":1000,\"height\":1000,\"caption\":\"Standard produktbilde\"},{\"@type\":\"WebSite\",\"@id\":\"https:\/\/www.transtoyou.com\/nb\/#website\",\"url\":\"https:\/\/www.transtoyou.com\/nb\/\",\"name\":\"Transtoyou - NB\",\"description\":\"\",\"publisher\":{\"@id\":\"https:\/\/www.transtoyou.com\/nb\/#organization\"},\"potentialAction\":[{\"@type\":\"SearchAction\",\"target\":{\"@type\":\"EntryPoint\",\"urlTemplate\":\"https:\/\/www.transtoyou.com\/nb\/?s={search_term_string}\"},\"query-input\":{\"@type\":\"PropertyValueSpecification\",\"valueRequired\":true,\"valueName\":\"search_term_string\"}}],\"inLanguage\":\"nb-NO\"},{\"@type\":\"Organization\",\"@id\":\"https:\/\/www.transtoyou.com\/nb\/#organization\",\"name\":\"Transtoyou - NB\",\"url\":\"https:\/\/www.transtoyou.com\/nb\/\",\"logo\":{\"@type\":\"ImageObject\",\"inLanguage\":\"nb-NO\",\"@id\":\"https:\/\/www.transtoyou.com\/nb\/#\/schema\/logo\/image\/\",\"url\":\"https:\/\/www.transtoyou.com\/nb\/wp-content\/uploads\/sites\/10\/2026\/01\/logo-tty-menu-bar-300x87-1.webp\",\"contentUrl\":\"https:\/\/www.transtoyou.com\/nb\/wp-content\/uploads\/sites\/10\/2026\/01\/logo-tty-menu-bar-300x87-1.webp\",\"width\":300,\"height\":87,\"caption\":\"Transtoyou - NB\"},\"image\":{\"@id\":\"https:\/\/www.transtoyou.com\/nb\/#\/schema\/logo\/image\/\"}}]}<\/script>\n<!-- \/ Yoast SEO plugin. -->","yoast_head_json":{"title":"Ebixa | St\u00f8tter Kognitiv Helse - Transtoyou","description":"Oppdag Ebixa p\u00e5 Transtoyou, en klinisk godkjent behandling for moderat til alvorlig Alzheimers, som hjelper med \u00e5 opprettholde kognitiv funksjon med memantin.","robots":{"index":"noindex","follow":"follow","max-snippet":"max-snippet:-1","max-image-preview":"max-image-preview:large","max-video-preview":"max-video-preview:-1"},"og_locale":"nb_NO","og_type":"article","og_title":"Ebixa | St\u00f8tter Kognitiv Helse - Transtoyou","og_description":"Oppdag Ebixa p\u00e5 Transtoyou, en klinisk godkjent behandling for moderat til alvorlig Alzheimers, som hjelper med \u00e5 opprettholde kognitiv funksjon med memantin.","og_url":"https:\/\/www.transtoyou.com\/nb\/product\/ebixa\/","og_site_name":"Transtoyou - NB","article_modified_time":"2026-01-25T00:25:04+00:00","twitter_card":"summary_large_image","twitter_misc":{"Ansl. lesetid":"1 minutt"},"schema":{"@context":"https:\/\/schema.org","@graph":[{"@type":"WebPage","@id":"https:\/\/www.transtoyou.com\/nb\/product\/ebixa\/","url":"https:\/\/www.transtoyou.com\/nb\/product\/ebixa\/","name":"Ebixa | St\u00f8tter Kognitiv Helse - Transtoyou","isPartOf":{"@id":"https:\/\/www.transtoyou.com\/nb\/#website"},"primaryImageOfPage":{"@id":"https:\/\/www.transtoyou.com\/nb\/product\/ebixa\/#primaryimage"},"image":{"@id":"https:\/\/www.transtoyou.com\/nb\/product\/ebixa\/#primaryimage"},"thumbnailUrl":"https:\/\/www.transtoyou.com\/nb\/wp-content\/uploads\/sites\/10\/2026\/01\/tty-no-product-image-130.webp","datePublished":"2026-01-25T00:24:06+00:00","dateModified":"2026-01-25T00:25:04+00:00","description":"Oppdag Ebixa p\u00e5 Transtoyou, en klinisk godkjent behandling for moderat til alvorlig Alzheimers, som hjelper med \u00e5 opprettholde kognitiv funksjon med memantin.","breadcrumb":{"@id":"https:\/\/www.transtoyou.com\/nb\/product\/ebixa\/#breadcrumb"},"inLanguage":"nb-NO","potentialAction":[{"@type":"ReadAction","target":["https:\/\/www.transtoyou.com\/nb\/product\/ebixa\/"]}]},{"@type":"ImageObject","inLanguage":"nb-NO","@id":"https:\/\/www.transtoyou.com\/nb\/product\/ebixa\/#primaryimage","url":"https:\/\/www.transtoyou.com\/nb\/wp-content\/uploads\/sites\/10\/2026\/01\/tty-no-product-image-130.webp","contentUrl":"https:\/\/www.transtoyou.com\/nb\/wp-content\/uploads\/sites\/10\/2026\/01\/tty-no-product-image-130.webp","width":1000,"height":1000,"caption":"Standard produktbilde"},{"@type":"WebSite","@id":"https:\/\/www.transtoyou.com\/nb\/#website","url":"https:\/\/www.transtoyou.com\/nb\/","name":"Transtoyou - NB","description":"","publisher":{"@id":"https:\/\/www.transtoyou.com\/nb\/#organization"},"potentialAction":[{"@type":"SearchAction","target":{"@type":"EntryPoint","urlTemplate":"https:\/\/www.transtoyou.com\/nb\/?s={search_term_string}"},"query-input":{"@type":"PropertyValueSpecification","valueRequired":true,"valueName":"search_term_string"}}],"inLanguage":"nb-NO"},{"@type":"Organization","@id":"https:\/\/www.transtoyou.com\/nb\/#organization","name":"Transtoyou - NB","url":"https:\/\/www.transtoyou.com\/nb\/","logo":{"@type":"ImageObject","inLanguage":"nb-NO","@id":"https:\/\/www.transtoyou.com\/nb\/#\/schema\/logo\/image\/","url":"https:\/\/www.transtoyou.com\/nb\/wp-content\/uploads\/sites\/10\/2026\/01\/logo-tty-menu-bar-300x87-1.webp","contentUrl":"https:\/\/www.transtoyou.com\/nb\/wp-content\/uploads\/sites\/10\/2026\/01\/logo-tty-menu-bar-300x87-1.webp","width":300,"height":87,"caption":"Transtoyou - NB"},"image":{"@id":"https:\/\/www.transtoyou.com\/nb\/#\/schema\/logo\/image\/"}}]}},"_links":{"self":[{"href":"https:\/\/www.transtoyou.com\/nb\/wp-json\/wp\/v2\/product\/1098","targetHints":{"allow":["GET"]}}],"collection":[{"href":"https:\/\/www.transtoyou.com\/nb\/wp-json\/wp\/v2\/product"}],"about":[{"href":"https:\/\/www.transtoyou.com\/nb\/wp-json\/wp\/v2\/types\/product"}],"replies":[{"embeddable":true,"href":"https:\/\/www.transtoyou.com\/nb\/wp-json\/wp\/v2\/comments?post=1098"}],"wp:featuredmedia":[{"embeddable":true,"href":"https:\/\/www.transtoyou.com\/nb\/wp-json\/wp\/v2\/media\/1100"}],"wp:attachment":[{"href":"https:\/\/www.transtoyou.com\/nb\/wp-json\/wp\/v2\/media?parent=1098"}],"wp:term":[{"taxonomy":"product_brand","embeddable":true,"href":"https:\/\/www.transtoyou.com\/nb\/wp-json\/wp\/v2\/product_brand?post=1098"},{"taxonomy":"product_cat","embeddable":true,"href":"https:\/\/www.transtoyou.com\/nb\/wp-json\/wp\/v2\/product_cat?post=1098"},{"taxonomy":"product_tag","embeddable":true,"href":"https:\/\/www.transtoyou.com\/nb\/wp-json\/wp\/v2\/product_tag?post=1098"},{"taxonomy":"expert","embeddable":true,"href":"https:\/\/www.transtoyou.com\/nb\/wp-json\/wp\/v2\/expert?post=1098"}],"curies":[{"name":"wp","href":"https:\/\/api.w.org\/{rel}","templated":true}]}}