{"id":1101,"date":"2026-01-25T02:40:53","date_gmt":"2026-01-25T00:40:53","guid":{"rendered":"https:\/\/www.transtoyou.com\/nb\/product\/donepezil\/"},"modified":"2026-01-25T02:41:54","modified_gmt":"2026-01-25T00:41:54","slug":"donepezil","status":"publish","type":"product","link":"https:\/\/www.transtoyou.com\/nb\/product\/donepezil\/","title":{"rendered":"Donepezil"},"content":{"rendered":"<p>Donepezil er en medisin som brukes for \u00e5 h\u00e5ndtere symptomer p\u00e5 kognitiv svikt hos personer med Alzheimers sykdom og andre former for demens. Det tilh\u00f8rer en klasse legemidler kjent som acetylkolinesterasehemmere. Ved \u00e5 \u00f8ke niv\u00e5ene av en viktig nevrotransmitter kalt acetylkolin i hjernen, hjelper Donepezil med \u00e5 st\u00f8tte hukommelse, oppmerksomhet og generell mental funksjon hos pasienter med mild til moderat kognitiv svikt.<\/p>\n<p>Alzheimers sykdom og lignende tilstander reduserer gradvis hjernens evne til \u00e5 kommunisere og bearbeide informasjon. Acetylkolin er en av hjernens kjemikalier som er involvert i l\u00e6ring og hukommelse, og niv\u00e5ene av dette kjemikaliet er ofte lavere hos personer med demens. Donepezil virker ved \u00e5 bremse nedbrytningen av acetylkolin, noe som gj\u00f8r at nerveceller kan kommunisere mer effektivt over lengre tid.<\/p>\n<p>Selv om Donepezil ikke kurerer demens eller stopper dens progresjon, kan det forbedre symptomer eller hjelpe til med \u00e5 stabilisere dem for en tid. Pasienter som tar Donepezil kan merke forbedret \u00e5rv\u00e5kenhet, st\u00f8rre evne til \u00e5 utf\u00f8re daglige oppgaver, eller en forsinkelse i forverringen av forvirring og hukommelsestap. Disse effektene varierer fra person til person og kan bli mer merkbare over flere uker med konsekvent bruk.<\/p>\n<p>Donepezil tas vanligvis en gang daglig, ofte om kvelden. Det kommer i tablettform og tolereres generelt godt. Noen mennesker kan oppleve bivirkninger som kvalme, diar\u00e9, s\u00f8vnl\u00f8shet eller muskelkramper. Disse reaksjonene er vanligvis milde og har en tendens til \u00e5 avta med tiden eller ved justering av dosen.<\/p>\n","protected":false},"excerpt":{"rendered":"<ul>\n<li>Hjelper med \u00e5 forbedre hukommelse, fokus og tenkning<\/li>\n<li>Brukes for mild, moderat og alvorlig Alzheimers<\/li>\n<li>St\u00f8tter daglig funksjon og uavhengighet<\/li>\n<\/ul>\n","protected":false},"featured_media":1103,"comment_status":"open","ping_status":"closed","template":"","meta":[],"product_brand":[],"product_cat":[102],"product_tag":[],"expert":[16],"class_list":{"0":"post-1101","1":"product","2":"type-product","3":"status-publish","4":"has-post-thumbnail","6":"product_cat-dementia-og-hjerne","7":"expert-dr-c-alexandru","9":"first","10":"instock","11":"shipping-taxable","12":"product-type-variable"},"yoast_head":"<!-- This site is optimized with the Yoast SEO plugin v27.0 - https:\/\/yoast.com\/product\/yoast-seo-wordpress\/ -->\n<title>Donepezil | St\u00f8tter Hukommelse &amp; Fokus - Transtoyou<\/title>\n<meta name=\"description\" content=\"Oppdag Donepezil p\u00e5 Transtoyou, som hjelper med \u00e5 h\u00e5ndtere kognitiv svikt med acetylkolin-st\u00f8tte. Forbedre hukommelse og fokus hos demenspasienter.\" \/>\n<meta name=\"robots\" content=\"noindex, follow, max-snippet:-1, max-image-preview:large, max-video-preview:-1\" \/>\n<meta property=\"og:locale\" content=\"nb_NO\" \/>\n<meta property=\"og:type\" content=\"article\" \/>\n<meta property=\"og:title\" content=\"Donepezil | St\u00f8tter Hukommelse &amp; Fokus - Transtoyou\" \/>\n<meta property=\"og:description\" content=\"Oppdag Donepezil p\u00e5 Transtoyou, som hjelper med \u00e5 h\u00e5ndtere kognitiv svikt med acetylkolin-st\u00f8tte. Forbedre hukommelse og fokus hos demenspasienter.\" \/>\n<meta property=\"og:url\" content=\"https:\/\/www.transtoyou.com\/nb\/product\/donepezil\/\" \/>\n<meta property=\"og:site_name\" content=\"Transtoyou - NB\" \/>\n<meta property=\"article:modified_time\" content=\"2026-01-25T00:41:54+00:00\" \/>\n<meta name=\"twitter:card\" content=\"summary_large_image\" \/>\n<meta name=\"twitter:label1\" content=\"Ansl. lesetid\" \/>\n\t<meta name=\"twitter:data1\" content=\"1 minutt\" \/>\n<script type=\"application\/ld+json\" class=\"yoast-schema-graph\">{\"@context\":\"https:\/\/schema.org\",\"@graph\":[{\"@type\":\"WebPage\",\"@id\":\"https:\/\/www.transtoyou.com\/nb\/product\/donepezil\/\",\"url\":\"https:\/\/www.transtoyou.com\/nb\/product\/donepezil\/\",\"name\":\"Donepezil | St\u00f8tter Hukommelse & Fokus - Transtoyou\",\"isPartOf\":{\"@id\":\"https:\/\/www.transtoyou.com\/nb\/#website\"},\"primaryImageOfPage\":{\"@id\":\"https:\/\/www.transtoyou.com\/nb\/product\/donepezil\/#primaryimage\"},\"image\":{\"@id\":\"https:\/\/www.transtoyou.com\/nb\/product\/donepezil\/#primaryimage\"},\"thumbnailUrl\":\"https:\/\/www.transtoyou.com\/nb\/wp-content\/uploads\/sites\/10\/2026\/01\/tty-no-product-image-131.webp\",\"datePublished\":\"2026-01-25T00:40:53+00:00\",\"dateModified\":\"2026-01-25T00:41:54+00:00\",\"description\":\"Oppdag Donepezil p\u00e5 Transtoyou, som hjelper med \u00e5 h\u00e5ndtere kognitiv svikt med acetylkolin-st\u00f8tte. Forbedre hukommelse og fokus hos demenspasienter.\",\"breadcrumb\":{\"@id\":\"https:\/\/www.transtoyou.com\/nb\/product\/donepezil\/#breadcrumb\"},\"inLanguage\":\"nb-NO\",\"potentialAction\":[{\"@type\":\"ReadAction\",\"target\":[\"https:\/\/www.transtoyou.com\/nb\/product\/donepezil\/\"]}]},{\"@type\":\"ImageObject\",\"inLanguage\":\"nb-NO\",\"@id\":\"https:\/\/www.transtoyou.com\/nb\/product\/donepezil\/#primaryimage\",\"url\":\"https:\/\/www.transtoyou.com\/nb\/wp-content\/uploads\/sites\/10\/2026\/01\/tty-no-product-image-131.webp\",\"contentUrl\":\"https:\/\/www.transtoyou.com\/nb\/wp-content\/uploads\/sites\/10\/2026\/01\/tty-no-product-image-131.webp\",\"width\":1000,\"height\":1000,\"caption\":\"Standard produktbilde\"},{\"@type\":\"WebSite\",\"@id\":\"https:\/\/www.transtoyou.com\/nb\/#website\",\"url\":\"https:\/\/www.transtoyou.com\/nb\/\",\"name\":\"Transtoyou - NB\",\"description\":\"\",\"publisher\":{\"@id\":\"https:\/\/www.transtoyou.com\/nb\/#organization\"},\"potentialAction\":[{\"@type\":\"SearchAction\",\"target\":{\"@type\":\"EntryPoint\",\"urlTemplate\":\"https:\/\/www.transtoyou.com\/nb\/?s={search_term_string}\"},\"query-input\":{\"@type\":\"PropertyValueSpecification\",\"valueRequired\":true,\"valueName\":\"search_term_string\"}}],\"inLanguage\":\"nb-NO\"},{\"@type\":\"Organization\",\"@id\":\"https:\/\/www.transtoyou.com\/nb\/#organization\",\"name\":\"Transtoyou - NB\",\"url\":\"https:\/\/www.transtoyou.com\/nb\/\",\"logo\":{\"@type\":\"ImageObject\",\"inLanguage\":\"nb-NO\",\"@id\":\"https:\/\/www.transtoyou.com\/nb\/#\/schema\/logo\/image\/\",\"url\":\"https:\/\/www.transtoyou.com\/nb\/wp-content\/uploads\/sites\/10\/2026\/01\/logo-tty-menu-bar-300x87-1.webp\",\"contentUrl\":\"https:\/\/www.transtoyou.com\/nb\/wp-content\/uploads\/sites\/10\/2026\/01\/logo-tty-menu-bar-300x87-1.webp\",\"width\":300,\"height\":87,\"caption\":\"Transtoyou - NB\"},\"image\":{\"@id\":\"https:\/\/www.transtoyou.com\/nb\/#\/schema\/logo\/image\/\"}}]}<\/script>\n<!-- \/ Yoast SEO plugin. -->","yoast_head_json":{"title":"Donepezil | St\u00f8tter Hukommelse & Fokus - Transtoyou","description":"Oppdag Donepezil p\u00e5 Transtoyou, som hjelper med \u00e5 h\u00e5ndtere kognitiv svikt med acetylkolin-st\u00f8tte. Forbedre hukommelse og fokus hos demenspasienter.","robots":{"index":"noindex","follow":"follow","max-snippet":"max-snippet:-1","max-image-preview":"max-image-preview:large","max-video-preview":"max-video-preview:-1"},"og_locale":"nb_NO","og_type":"article","og_title":"Donepezil | St\u00f8tter Hukommelse & Fokus - Transtoyou","og_description":"Oppdag Donepezil p\u00e5 Transtoyou, som hjelper med \u00e5 h\u00e5ndtere kognitiv svikt med acetylkolin-st\u00f8tte. Forbedre hukommelse og fokus hos demenspasienter.","og_url":"https:\/\/www.transtoyou.com\/nb\/product\/donepezil\/","og_site_name":"Transtoyou - NB","article_modified_time":"2026-01-25T00:41:54+00:00","twitter_card":"summary_large_image","twitter_misc":{"Ansl. lesetid":"1 minutt"},"schema":{"@context":"https:\/\/schema.org","@graph":[{"@type":"WebPage","@id":"https:\/\/www.transtoyou.com\/nb\/product\/donepezil\/","url":"https:\/\/www.transtoyou.com\/nb\/product\/donepezil\/","name":"Donepezil | St\u00f8tter Hukommelse & Fokus - Transtoyou","isPartOf":{"@id":"https:\/\/www.transtoyou.com\/nb\/#website"},"primaryImageOfPage":{"@id":"https:\/\/www.transtoyou.com\/nb\/product\/donepezil\/#primaryimage"},"image":{"@id":"https:\/\/www.transtoyou.com\/nb\/product\/donepezil\/#primaryimage"},"thumbnailUrl":"https:\/\/www.transtoyou.com\/nb\/wp-content\/uploads\/sites\/10\/2026\/01\/tty-no-product-image-131.webp","datePublished":"2026-01-25T00:40:53+00:00","dateModified":"2026-01-25T00:41:54+00:00","description":"Oppdag Donepezil p\u00e5 Transtoyou, som hjelper med \u00e5 h\u00e5ndtere kognitiv svikt med acetylkolin-st\u00f8tte. Forbedre hukommelse og fokus hos demenspasienter.","breadcrumb":{"@id":"https:\/\/www.transtoyou.com\/nb\/product\/donepezil\/#breadcrumb"},"inLanguage":"nb-NO","potentialAction":[{"@type":"ReadAction","target":["https:\/\/www.transtoyou.com\/nb\/product\/donepezil\/"]}]},{"@type":"ImageObject","inLanguage":"nb-NO","@id":"https:\/\/www.transtoyou.com\/nb\/product\/donepezil\/#primaryimage","url":"https:\/\/www.transtoyou.com\/nb\/wp-content\/uploads\/sites\/10\/2026\/01\/tty-no-product-image-131.webp","contentUrl":"https:\/\/www.transtoyou.com\/nb\/wp-content\/uploads\/sites\/10\/2026\/01\/tty-no-product-image-131.webp","width":1000,"height":1000,"caption":"Standard produktbilde"},{"@type":"WebSite","@id":"https:\/\/www.transtoyou.com\/nb\/#website","url":"https:\/\/www.transtoyou.com\/nb\/","name":"Transtoyou - NB","description":"","publisher":{"@id":"https:\/\/www.transtoyou.com\/nb\/#organization"},"potentialAction":[{"@type":"SearchAction","target":{"@type":"EntryPoint","urlTemplate":"https:\/\/www.transtoyou.com\/nb\/?s={search_term_string}"},"query-input":{"@type":"PropertyValueSpecification","valueRequired":true,"valueName":"search_term_string"}}],"inLanguage":"nb-NO"},{"@type":"Organization","@id":"https:\/\/www.transtoyou.com\/nb\/#organization","name":"Transtoyou - NB","url":"https:\/\/www.transtoyou.com\/nb\/","logo":{"@type":"ImageObject","inLanguage":"nb-NO","@id":"https:\/\/www.transtoyou.com\/nb\/#\/schema\/logo\/image\/","url":"https:\/\/www.transtoyou.com\/nb\/wp-content\/uploads\/sites\/10\/2026\/01\/logo-tty-menu-bar-300x87-1.webp","contentUrl":"https:\/\/www.transtoyou.com\/nb\/wp-content\/uploads\/sites\/10\/2026\/01\/logo-tty-menu-bar-300x87-1.webp","width":300,"height":87,"caption":"Transtoyou - NB"},"image":{"@id":"https:\/\/www.transtoyou.com\/nb\/#\/schema\/logo\/image\/"}}]}},"_links":{"self":[{"href":"https:\/\/www.transtoyou.com\/nb\/wp-json\/wp\/v2\/product\/1101","targetHints":{"allow":["GET"]}}],"collection":[{"href":"https:\/\/www.transtoyou.com\/nb\/wp-json\/wp\/v2\/product"}],"about":[{"href":"https:\/\/www.transtoyou.com\/nb\/wp-json\/wp\/v2\/types\/product"}],"replies":[{"embeddable":true,"href":"https:\/\/www.transtoyou.com\/nb\/wp-json\/wp\/v2\/comments?post=1101"}],"wp:featuredmedia":[{"embeddable":true,"href":"https:\/\/www.transtoyou.com\/nb\/wp-json\/wp\/v2\/media\/1103"}],"wp:attachment":[{"href":"https:\/\/www.transtoyou.com\/nb\/wp-json\/wp\/v2\/media?parent=1101"}],"wp:term":[{"taxonomy":"product_brand","embeddable":true,"href":"https:\/\/www.transtoyou.com\/nb\/wp-json\/wp\/v2\/product_brand?post=1101"},{"taxonomy":"product_cat","embeddable":true,"href":"https:\/\/www.transtoyou.com\/nb\/wp-json\/wp\/v2\/product_cat?post=1101"},{"taxonomy":"product_tag","embeddable":true,"href":"https:\/\/www.transtoyou.com\/nb\/wp-json\/wp\/v2\/product_tag?post=1101"},{"taxonomy":"expert","embeddable":true,"href":"https:\/\/www.transtoyou.com\/nb\/wp-json\/wp\/v2\/expert?post=1101"}],"curies":[{"name":"wp","href":"https:\/\/api.w.org\/{rel}","templated":true}]}}