{"id":1106,"date":"2026-01-25T03:14:51","date_gmt":"2026-01-25T01:14:51","guid":{"rendered":"https:\/\/www.transtoyou.com\/nb\/product\/flixotide\/"},"modified":"2026-01-25T03:16:02","modified_gmt":"2026-01-25T01:16:02","slug":"flixotide","status":"publish","type":"product","link":"https:\/\/www.transtoyou.com\/nb\/product\/flixotide\/","title":{"rendered":"Flixotide"},"content":{"rendered":"<p>Flixotide er en reseptbelagt inhalasjonsbehandling som brukes til \u00e5 h\u00e5ndtere kroniske luftveissykdommer som astma og kronisk obstruktiv lungesykdom (KOLS). Den inneholder flutikasonpropionat, et kortikosteroid som bidrar til \u00e5 redusere betennelse i luftveiene, noe som gj\u00f8r det lettere \u00e5 puste over tid. I stedet for \u00e5 gi umiddelbar lindring under et anfall, brukes Flixotide daglig for \u00e5 forhindre symptomer og opprettholde langsiktig respiratorisk stabilitet.<\/p>\n<p>Betennelse i lungene er en n\u00f8kkelfaktor i b\u00e5de astma og KOLS. Det f\u00e5r luftveiene til \u00e5 bli hovne, irriterte og innsnevrede, noe som gj\u00f8r pusten vanskelig og utl\u00f8ser symptomer som hoste, piping i brystet, tetthet i brystet eller kortpustethet. Flixotide virker ved \u00e5 dempe denne betennelsen, slik at luften kan str\u00f8mme mer fritt og reduserer sannsynligheten for forverringer eller forverrelser.<\/p>\n<p>Det tas vanligvis to ganger om dagen. Medisinen m\u00e5 brukes konsekvent, selv n\u00e5r symptomene er under kontroll, da fordelene bygger seg gradvis opp med daglig bruk.<\/p>\n<p>For personer med astma kan Flixotide bidra til \u00e5 forbedre lungefunksjonen og redusere avhengigheten av hurtiglindrende inhalatorer. Hos pasienter med KOLS reduserer det hyppigheten og alvorlighetsgraden av forverringer, spesielt n\u00e5r det brukes sammen med bronkodilatorer.<\/p>\n<p>Vanlige bivirkninger kan inkludere heshet, s\u00e5r hals eller munnsopp. Skylling av munnen etter inhalasjon kan bidra til \u00e5 redusere disse effektene. Flixotide er ikke en redningsinhalator og b\u00f8r ikke brukes under akutte pusteanfall.<\/p>\n","protected":false},"excerpt":{"rendered":"<ul>\n<li>Reduserer lungebetennelse effektivt<\/li>\n<li>Forebygger astma- og KOLS-symptomer<\/li>\n<li>Forbedrer langsiktig pustekontroll<\/li>\n<\/ul>\n","protected":false},"featured_media":1108,"comment_status":"open","ping_status":"closed","template":"","meta":[],"product_brand":[],"product_cat":[80,98],"product_tag":[],"expert":[18],"class_list":{"0":"post-1106","1":"product","2":"type-product","3":"status-publish","4":"has-post-thumbnail","6":"product_cat-astma","7":"product_cat-kols","8":"expert-dr-g-varbanov","10":"first","11":"instock","12":"shipping-taxable","13":"product-type-variable"},"yoast_head":"<!-- This site is optimized with the Yoast SEO plugin v27.0 - https:\/\/yoast.com\/product\/yoast-seo-wordpress\/ -->\n<title>Flixotide | H\u00e5ndter Astma &amp; KOLS Effektivt - Transtoyou<\/title>\n<meta name=\"description\" content=\"Flixotide inhalator, tilgjengelig her, hjelper med \u00e5 h\u00e5ndtere astma og KOLS ved \u00e5 redusere betennelse i luftveiene. Sikre langvarig lunges helse med daglig bruk.\" \/>\n<meta name=\"robots\" content=\"noindex, follow, max-snippet:-1, max-image-preview:large, max-video-preview:-1\" \/>\n<meta property=\"og:locale\" content=\"nb_NO\" \/>\n<meta property=\"og:type\" content=\"article\" \/>\n<meta property=\"og:title\" content=\"Flixotide | H\u00e5ndter Astma &amp; KOLS Effektivt - Transtoyou\" \/>\n<meta property=\"og:description\" content=\"Flixotide inhalator, tilgjengelig her, hjelper med \u00e5 h\u00e5ndtere astma og KOLS ved \u00e5 redusere betennelse i luftveiene. Sikre langvarig lunges helse med daglig bruk.\" \/>\n<meta property=\"og:url\" content=\"https:\/\/www.transtoyou.com\/nb\/product\/flixotide\/\" \/>\n<meta property=\"og:site_name\" content=\"Transtoyou - NB\" \/>\n<meta property=\"article:modified_time\" content=\"2026-01-25T01:16:02+00:00\" \/>\n<meta name=\"twitter:card\" content=\"summary_large_image\" \/>\n<meta name=\"twitter:label1\" content=\"Ansl. lesetid\" \/>\n\t<meta name=\"twitter:data1\" content=\"1 minutt\" \/>\n<script type=\"application\/ld+json\" class=\"yoast-schema-graph\">{\"@context\":\"https:\/\/schema.org\",\"@graph\":[{\"@type\":\"WebPage\",\"@id\":\"https:\/\/www.transtoyou.com\/nb\/product\/flixotide\/\",\"url\":\"https:\/\/www.transtoyou.com\/nb\/product\/flixotide\/\",\"name\":\"Flixotide | H\u00e5ndter Astma & KOLS Effektivt - Transtoyou\",\"isPartOf\":{\"@id\":\"https:\/\/www.transtoyou.com\/nb\/#website\"},\"primaryImageOfPage\":{\"@id\":\"https:\/\/www.transtoyou.com\/nb\/product\/flixotide\/#primaryimage\"},\"image\":{\"@id\":\"https:\/\/www.transtoyou.com\/nb\/product\/flixotide\/#primaryimage\"},\"thumbnailUrl\":\"https:\/\/www.transtoyou.com\/nb\/wp-content\/uploads\/sites\/10\/2026\/01\/tty-no-product-image-133.webp\",\"datePublished\":\"2026-01-25T01:14:51+00:00\",\"dateModified\":\"2026-01-25T01:16:02+00:00\",\"description\":\"Flixotide inhalator, tilgjengelig her, hjelper med \u00e5 h\u00e5ndtere astma og KOLS ved \u00e5 redusere betennelse i luftveiene. Sikre langvarig lunges helse med daglig bruk.\",\"breadcrumb\":{\"@id\":\"https:\/\/www.transtoyou.com\/nb\/product\/flixotide\/#breadcrumb\"},\"inLanguage\":\"nb-NO\",\"potentialAction\":[{\"@type\":\"ReadAction\",\"target\":[\"https:\/\/www.transtoyou.com\/nb\/product\/flixotide\/\"]}]},{\"@type\":\"ImageObject\",\"inLanguage\":\"nb-NO\",\"@id\":\"https:\/\/www.transtoyou.com\/nb\/product\/flixotide\/#primaryimage\",\"url\":\"https:\/\/www.transtoyou.com\/nb\/wp-content\/uploads\/sites\/10\/2026\/01\/tty-no-product-image-133.webp\",\"contentUrl\":\"https:\/\/www.transtoyou.com\/nb\/wp-content\/uploads\/sites\/10\/2026\/01\/tty-no-product-image-133.webp\",\"width\":1000,\"height\":1000,\"caption\":\"Standard produktbilde\"},{\"@type\":\"WebSite\",\"@id\":\"https:\/\/www.transtoyou.com\/nb\/#website\",\"url\":\"https:\/\/www.transtoyou.com\/nb\/\",\"name\":\"Transtoyou - NB\",\"description\":\"\",\"publisher\":{\"@id\":\"https:\/\/www.transtoyou.com\/nb\/#organization\"},\"potentialAction\":[{\"@type\":\"SearchAction\",\"target\":{\"@type\":\"EntryPoint\",\"urlTemplate\":\"https:\/\/www.transtoyou.com\/nb\/?s={search_term_string}\"},\"query-input\":{\"@type\":\"PropertyValueSpecification\",\"valueRequired\":true,\"valueName\":\"search_term_string\"}}],\"inLanguage\":\"nb-NO\"},{\"@type\":\"Organization\",\"@id\":\"https:\/\/www.transtoyou.com\/nb\/#organization\",\"name\":\"Transtoyou - NB\",\"url\":\"https:\/\/www.transtoyou.com\/nb\/\",\"logo\":{\"@type\":\"ImageObject\",\"inLanguage\":\"nb-NO\",\"@id\":\"https:\/\/www.transtoyou.com\/nb\/#\/schema\/logo\/image\/\",\"url\":\"https:\/\/www.transtoyou.com\/nb\/wp-content\/uploads\/sites\/10\/2026\/01\/logo-tty-menu-bar-300x87-1.webp\",\"contentUrl\":\"https:\/\/www.transtoyou.com\/nb\/wp-content\/uploads\/sites\/10\/2026\/01\/logo-tty-menu-bar-300x87-1.webp\",\"width\":300,\"height\":87,\"caption\":\"Transtoyou - NB\"},\"image\":{\"@id\":\"https:\/\/www.transtoyou.com\/nb\/#\/schema\/logo\/image\/\"}}]}<\/script>\n<!-- \/ Yoast SEO plugin. -->","yoast_head_json":{"title":"Flixotide | H\u00e5ndter Astma & KOLS Effektivt - Transtoyou","description":"Flixotide inhalator, tilgjengelig her, hjelper med \u00e5 h\u00e5ndtere astma og KOLS ved \u00e5 redusere betennelse i luftveiene. Sikre langvarig lunges helse med daglig bruk.","robots":{"index":"noindex","follow":"follow","max-snippet":"max-snippet:-1","max-image-preview":"max-image-preview:large","max-video-preview":"max-video-preview:-1"},"og_locale":"nb_NO","og_type":"article","og_title":"Flixotide | H\u00e5ndter Astma & KOLS Effektivt - Transtoyou","og_description":"Flixotide inhalator, tilgjengelig her, hjelper med \u00e5 h\u00e5ndtere astma og KOLS ved \u00e5 redusere betennelse i luftveiene. Sikre langvarig lunges helse med daglig bruk.","og_url":"https:\/\/www.transtoyou.com\/nb\/product\/flixotide\/","og_site_name":"Transtoyou - NB","article_modified_time":"2026-01-25T01:16:02+00:00","twitter_card":"summary_large_image","twitter_misc":{"Ansl. lesetid":"1 minutt"},"schema":{"@context":"https:\/\/schema.org","@graph":[{"@type":"WebPage","@id":"https:\/\/www.transtoyou.com\/nb\/product\/flixotide\/","url":"https:\/\/www.transtoyou.com\/nb\/product\/flixotide\/","name":"Flixotide | H\u00e5ndter Astma & KOLS Effektivt - Transtoyou","isPartOf":{"@id":"https:\/\/www.transtoyou.com\/nb\/#website"},"primaryImageOfPage":{"@id":"https:\/\/www.transtoyou.com\/nb\/product\/flixotide\/#primaryimage"},"image":{"@id":"https:\/\/www.transtoyou.com\/nb\/product\/flixotide\/#primaryimage"},"thumbnailUrl":"https:\/\/www.transtoyou.com\/nb\/wp-content\/uploads\/sites\/10\/2026\/01\/tty-no-product-image-133.webp","datePublished":"2026-01-25T01:14:51+00:00","dateModified":"2026-01-25T01:16:02+00:00","description":"Flixotide inhalator, tilgjengelig her, hjelper med \u00e5 h\u00e5ndtere astma og KOLS ved \u00e5 redusere betennelse i luftveiene. Sikre langvarig lunges helse med daglig bruk.","breadcrumb":{"@id":"https:\/\/www.transtoyou.com\/nb\/product\/flixotide\/#breadcrumb"},"inLanguage":"nb-NO","potentialAction":[{"@type":"ReadAction","target":["https:\/\/www.transtoyou.com\/nb\/product\/flixotide\/"]}]},{"@type":"ImageObject","inLanguage":"nb-NO","@id":"https:\/\/www.transtoyou.com\/nb\/product\/flixotide\/#primaryimage","url":"https:\/\/www.transtoyou.com\/nb\/wp-content\/uploads\/sites\/10\/2026\/01\/tty-no-product-image-133.webp","contentUrl":"https:\/\/www.transtoyou.com\/nb\/wp-content\/uploads\/sites\/10\/2026\/01\/tty-no-product-image-133.webp","width":1000,"height":1000,"caption":"Standard produktbilde"},{"@type":"WebSite","@id":"https:\/\/www.transtoyou.com\/nb\/#website","url":"https:\/\/www.transtoyou.com\/nb\/","name":"Transtoyou - NB","description":"","publisher":{"@id":"https:\/\/www.transtoyou.com\/nb\/#organization"},"potentialAction":[{"@type":"SearchAction","target":{"@type":"EntryPoint","urlTemplate":"https:\/\/www.transtoyou.com\/nb\/?s={search_term_string}"},"query-input":{"@type":"PropertyValueSpecification","valueRequired":true,"valueName":"search_term_string"}}],"inLanguage":"nb-NO"},{"@type":"Organization","@id":"https:\/\/www.transtoyou.com\/nb\/#organization","name":"Transtoyou - NB","url":"https:\/\/www.transtoyou.com\/nb\/","logo":{"@type":"ImageObject","inLanguage":"nb-NO","@id":"https:\/\/www.transtoyou.com\/nb\/#\/schema\/logo\/image\/","url":"https:\/\/www.transtoyou.com\/nb\/wp-content\/uploads\/sites\/10\/2026\/01\/logo-tty-menu-bar-300x87-1.webp","contentUrl":"https:\/\/www.transtoyou.com\/nb\/wp-content\/uploads\/sites\/10\/2026\/01\/logo-tty-menu-bar-300x87-1.webp","width":300,"height":87,"caption":"Transtoyou - NB"},"image":{"@id":"https:\/\/www.transtoyou.com\/nb\/#\/schema\/logo\/image\/"}}]}},"_links":{"self":[{"href":"https:\/\/www.transtoyou.com\/nb\/wp-json\/wp\/v2\/product\/1106","targetHints":{"allow":["GET"]}}],"collection":[{"href":"https:\/\/www.transtoyou.com\/nb\/wp-json\/wp\/v2\/product"}],"about":[{"href":"https:\/\/www.transtoyou.com\/nb\/wp-json\/wp\/v2\/types\/product"}],"replies":[{"embeddable":true,"href":"https:\/\/www.transtoyou.com\/nb\/wp-json\/wp\/v2\/comments?post=1106"}],"wp:featuredmedia":[{"embeddable":true,"href":"https:\/\/www.transtoyou.com\/nb\/wp-json\/wp\/v2\/media\/1108"}],"wp:attachment":[{"href":"https:\/\/www.transtoyou.com\/nb\/wp-json\/wp\/v2\/media?parent=1106"}],"wp:term":[{"taxonomy":"product_brand","embeddable":true,"href":"https:\/\/www.transtoyou.com\/nb\/wp-json\/wp\/v2\/product_brand?post=1106"},{"taxonomy":"product_cat","embeddable":true,"href":"https:\/\/www.transtoyou.com\/nb\/wp-json\/wp\/v2\/product_cat?post=1106"},{"taxonomy":"product_tag","embeddable":true,"href":"https:\/\/www.transtoyou.com\/nb\/wp-json\/wp\/v2\/product_tag?post=1106"},{"taxonomy":"expert","embeddable":true,"href":"https:\/\/www.transtoyou.com\/nb\/wp-json\/wp\/v2\/expert?post=1106"}],"curies":[{"name":"wp","href":"https:\/\/api.w.org\/{rel}","templated":true}]}}