{"id":1109,"date":"2026-01-25T03:32:03","date_gmt":"2026-01-25T01:32:03","guid":{"rendered":"https:\/\/www.transtoyou.com\/nb\/product\/nuvaring\/"},"modified":"2026-02-28T13:44:12","modified_gmt":"2026-02-28T11:44:12","slug":"nuvaring","status":"publish","type":"product","link":"https:\/\/www.transtoyou.com\/nb\/product\/nuvaring\/","title":{"rendered":"NuvaRing"},"content":{"rendered":"<p>NuvaRing er en fleksibel, gjennomsiktig prevensjonsring designet for \u00e5 gi p\u00e5litelig prevensjon gjennom et lavdose hormonelt system. NuvaRing er en ring som settes inn i skjeden \u00e9n gang i m\u00e5neden, og tilbyr jevn hormonlevering.<\/p>\n<p>Ringen inneholder to hormoner, etonogestrel og ethinylestradiol, som gradvis slippes ut i blodstr\u00f8mmen gjennom vaginalveggen. Disse hormonene arbeider sammen for \u00e5 forhindre eggl\u00f8sning, tykne livmorhalsslimet for \u00e5 blokkere sperm, og endre livmorslimhinnen for \u00e5 redusere sjansen for implantasjon. Denne tredobbelte beskyttelsen gj\u00f8r NuvaRing til en effektiv prevensjonsmetode n\u00e5r den brukes riktig.<\/p>\n<p>Hver ring b\u00e6res kontinuerlig i 21 dager, etterfulgt av en 7-dagers ringfri pause, hvor en tilbaketrekningsbl\u00f8dning vanligvis skjer. En ny ring settes inn etter denne pausen, selv om bl\u00f8dningen ikke har stoppet helt. Prosessen er designet for \u00e5 etterligne en naturlig menstruasjonssyklus samtidig som den opprettholder prevensjonseffektivitet gjennom hele m\u00e5neden.<\/p>\n<p>NuvaRing er popul\u00e6r blant de som foretrekker \u00e5 ikke ta en daglig pille eller som \u00f8nsker et ikke-permanent, men sv\u00e6rt effektivt prevensjonsalternativ. Den krever ikke daglig oppmerksomhet, og fordi den settes inn og fjernes selv.<\/p>\n<p>De fleste brukere t\u00e5ler NuvaRing godt. Vanlige bivirkninger kan inkludere hodepine, hum\u00f8rsvingninger, \u00f8mhet i brystene eller mild vaginal irritasjon. Som andre kombinerte hormonelle prevensjonsmidler, er ikke NuvaRing egnet for r\u00f8ykere over 35 \u00e5r eller personer med en historie med visse hjerte- og karsykdommer.<\/p>\n","protected":false},"excerpt":{"rendered":"<ul>\n<li>Praktisk m\u00e5nedlig prevensjonsalternativ<\/li>\n<li>Veldig effektiv graviditetsforebygging<\/li>\n<li>Regulerer og gj\u00f8r menstruasjonssykluser lettere<\/li>\n<\/ul>\n","protected":false},"featured_media":1111,"comment_status":"open","ping_status":"closed","template":"","meta":[],"product_brand":[],"product_cat":[97],"product_tag":[],"expert":[18],"class_list":{"0":"post-1109","1":"product","2":"type-product","3":"status-publish","4":"has-post-thumbnail","6":"product_cat-prevensjonsring","7":"expert-dr-g-varbanov","9":"first","10":"instock","11":"shipping-taxable","12":"purchasable","13":"product-type-variable"},"yoast_head":"<!-- This site is optimized with the Yoast SEO plugin v27.0 - https:\/\/yoast.com\/product\/yoast-seo-wordpress\/ -->\n<title>NuvaRing | P\u00e5litelig hormonell prevensjon - Transtoyou<\/title>\n<meta name=\"description\" content=\"NuvaRing, tilgjengelig hos Transtoyou, gir p\u00e5litelig prevensjon med tredobbelt beskyttelse. Kj\u00f8p n\u00e5 for effektiv hormonell prevensjon.\" \/>\n<meta name=\"robots\" content=\"noindex, follow, max-snippet:-1, max-image-preview:large, max-video-preview:-1\" \/>\n<meta property=\"og:locale\" content=\"nb_NO\" \/>\n<meta property=\"og:type\" content=\"article\" \/>\n<meta property=\"og:title\" content=\"NuvaRing | P\u00e5litelig hormonell prevensjon - Transtoyou\" \/>\n<meta property=\"og:description\" content=\"NuvaRing, tilgjengelig hos Transtoyou, gir p\u00e5litelig prevensjon med tredobbelt beskyttelse. Kj\u00f8p n\u00e5 for effektiv hormonell prevensjon.\" \/>\n<meta property=\"og:url\" content=\"https:\/\/www.transtoyou.com\/nb\/product\/nuvaring\/\" \/>\n<meta property=\"og:site_name\" content=\"Transtoyou - NB\" \/>\n<meta property=\"article:modified_time\" content=\"2026-02-28T11:44:12+00:00\" \/>\n<meta name=\"twitter:card\" content=\"summary_large_image\" \/>\n<meta name=\"twitter:label1\" content=\"Ansl. lesetid\" \/>\n\t<meta name=\"twitter:data1\" content=\"1 minutt\" \/>\n<script type=\"application\/ld+json\" class=\"yoast-schema-graph\">{\"@context\":\"https:\/\/schema.org\",\"@graph\":[{\"@type\":\"WebPage\",\"@id\":\"https:\/\/www.transtoyou.com\/nb\/product\/nuvaring\/\",\"url\":\"https:\/\/www.transtoyou.com\/nb\/product\/nuvaring\/\",\"name\":\"NuvaRing | P\u00e5litelig hormonell prevensjon - Transtoyou\",\"isPartOf\":{\"@id\":\"https:\/\/www.transtoyou.com\/nb\/#website\"},\"primaryImageOfPage\":{\"@id\":\"https:\/\/www.transtoyou.com\/nb\/product\/nuvaring\/#primaryimage\"},\"image\":{\"@id\":\"https:\/\/www.transtoyou.com\/nb\/product\/nuvaring\/#primaryimage\"},\"thumbnailUrl\":\"https:\/\/www.transtoyou.com\/nb\/wp-content\/uploads\/sites\/10\/2026\/01\/tty-no-product-image-134.webp\",\"datePublished\":\"2026-01-25T01:32:03+00:00\",\"dateModified\":\"2026-02-28T11:44:12+00:00\",\"description\":\"NuvaRing, tilgjengelig hos Transtoyou, gir p\u00e5litelig prevensjon med tredobbelt beskyttelse. Kj\u00f8p n\u00e5 for effektiv hormonell prevensjon.\",\"breadcrumb\":{\"@id\":\"https:\/\/www.transtoyou.com\/nb\/product\/nuvaring\/#breadcrumb\"},\"inLanguage\":\"nb-NO\",\"potentialAction\":[{\"@type\":\"ReadAction\",\"target\":[\"https:\/\/www.transtoyou.com\/nb\/product\/nuvaring\/\"]}]},{\"@type\":\"ImageObject\",\"inLanguage\":\"nb-NO\",\"@id\":\"https:\/\/www.transtoyou.com\/nb\/product\/nuvaring\/#primaryimage\",\"url\":\"https:\/\/www.transtoyou.com\/nb\/wp-content\/uploads\/sites\/10\/2026\/01\/tty-no-product-image-134.webp\",\"contentUrl\":\"https:\/\/www.transtoyou.com\/nb\/wp-content\/uploads\/sites\/10\/2026\/01\/tty-no-product-image-134.webp\",\"width\":1000,\"height\":1000,\"caption\":\"Standard produktbilde\"},{\"@type\":\"WebSite\",\"@id\":\"https:\/\/www.transtoyou.com\/nb\/#website\",\"url\":\"https:\/\/www.transtoyou.com\/nb\/\",\"name\":\"Transtoyou - NB\",\"description\":\"\",\"publisher\":{\"@id\":\"https:\/\/www.transtoyou.com\/nb\/#organization\"},\"potentialAction\":[{\"@type\":\"SearchAction\",\"target\":{\"@type\":\"EntryPoint\",\"urlTemplate\":\"https:\/\/www.transtoyou.com\/nb\/?s={search_term_string}\"},\"query-input\":{\"@type\":\"PropertyValueSpecification\",\"valueRequired\":true,\"valueName\":\"search_term_string\"}}],\"inLanguage\":\"nb-NO\"},{\"@type\":\"Organization\",\"@id\":\"https:\/\/www.transtoyou.com\/nb\/#organization\",\"name\":\"Transtoyou - NB\",\"url\":\"https:\/\/www.transtoyou.com\/nb\/\",\"logo\":{\"@type\":\"ImageObject\",\"inLanguage\":\"nb-NO\",\"@id\":\"https:\/\/www.transtoyou.com\/nb\/#\/schema\/logo\/image\/\",\"url\":\"https:\/\/www.transtoyou.com\/nb\/wp-content\/uploads\/sites\/10\/2026\/01\/logo-tty-menu-bar-300x87-1.webp\",\"contentUrl\":\"https:\/\/www.transtoyou.com\/nb\/wp-content\/uploads\/sites\/10\/2026\/01\/logo-tty-menu-bar-300x87-1.webp\",\"width\":300,\"height\":87,\"caption\":\"Transtoyou - NB\"},\"image\":{\"@id\":\"https:\/\/www.transtoyou.com\/nb\/#\/schema\/logo\/image\/\"}}]}<\/script>\n<!-- \/ Yoast SEO plugin. -->","yoast_head_json":{"title":"NuvaRing | P\u00e5litelig hormonell prevensjon - Transtoyou","description":"NuvaRing, tilgjengelig hos Transtoyou, gir p\u00e5litelig prevensjon med tredobbelt beskyttelse. Kj\u00f8p n\u00e5 for effektiv hormonell prevensjon.","robots":{"index":"noindex","follow":"follow","max-snippet":"max-snippet:-1","max-image-preview":"max-image-preview:large","max-video-preview":"max-video-preview:-1"},"og_locale":"nb_NO","og_type":"article","og_title":"NuvaRing | P\u00e5litelig hormonell prevensjon - Transtoyou","og_description":"NuvaRing, tilgjengelig hos Transtoyou, gir p\u00e5litelig prevensjon med tredobbelt beskyttelse. Kj\u00f8p n\u00e5 for effektiv hormonell prevensjon.","og_url":"https:\/\/www.transtoyou.com\/nb\/product\/nuvaring\/","og_site_name":"Transtoyou - NB","article_modified_time":"2026-02-28T11:44:12+00:00","twitter_card":"summary_large_image","twitter_misc":{"Ansl. lesetid":"1 minutt"},"schema":{"@context":"https:\/\/schema.org","@graph":[{"@type":"WebPage","@id":"https:\/\/www.transtoyou.com\/nb\/product\/nuvaring\/","url":"https:\/\/www.transtoyou.com\/nb\/product\/nuvaring\/","name":"NuvaRing | P\u00e5litelig hormonell prevensjon - Transtoyou","isPartOf":{"@id":"https:\/\/www.transtoyou.com\/nb\/#website"},"primaryImageOfPage":{"@id":"https:\/\/www.transtoyou.com\/nb\/product\/nuvaring\/#primaryimage"},"image":{"@id":"https:\/\/www.transtoyou.com\/nb\/product\/nuvaring\/#primaryimage"},"thumbnailUrl":"https:\/\/www.transtoyou.com\/nb\/wp-content\/uploads\/sites\/10\/2026\/01\/tty-no-product-image-134.webp","datePublished":"2026-01-25T01:32:03+00:00","dateModified":"2026-02-28T11:44:12+00:00","description":"NuvaRing, tilgjengelig hos Transtoyou, gir p\u00e5litelig prevensjon med tredobbelt beskyttelse. Kj\u00f8p n\u00e5 for effektiv hormonell prevensjon.","breadcrumb":{"@id":"https:\/\/www.transtoyou.com\/nb\/product\/nuvaring\/#breadcrumb"},"inLanguage":"nb-NO","potentialAction":[{"@type":"ReadAction","target":["https:\/\/www.transtoyou.com\/nb\/product\/nuvaring\/"]}]},{"@type":"ImageObject","inLanguage":"nb-NO","@id":"https:\/\/www.transtoyou.com\/nb\/product\/nuvaring\/#primaryimage","url":"https:\/\/www.transtoyou.com\/nb\/wp-content\/uploads\/sites\/10\/2026\/01\/tty-no-product-image-134.webp","contentUrl":"https:\/\/www.transtoyou.com\/nb\/wp-content\/uploads\/sites\/10\/2026\/01\/tty-no-product-image-134.webp","width":1000,"height":1000,"caption":"Standard produktbilde"},{"@type":"WebSite","@id":"https:\/\/www.transtoyou.com\/nb\/#website","url":"https:\/\/www.transtoyou.com\/nb\/","name":"Transtoyou - NB","description":"","publisher":{"@id":"https:\/\/www.transtoyou.com\/nb\/#organization"},"potentialAction":[{"@type":"SearchAction","target":{"@type":"EntryPoint","urlTemplate":"https:\/\/www.transtoyou.com\/nb\/?s={search_term_string}"},"query-input":{"@type":"PropertyValueSpecification","valueRequired":true,"valueName":"search_term_string"}}],"inLanguage":"nb-NO"},{"@type":"Organization","@id":"https:\/\/www.transtoyou.com\/nb\/#organization","name":"Transtoyou - NB","url":"https:\/\/www.transtoyou.com\/nb\/","logo":{"@type":"ImageObject","inLanguage":"nb-NO","@id":"https:\/\/www.transtoyou.com\/nb\/#\/schema\/logo\/image\/","url":"https:\/\/www.transtoyou.com\/nb\/wp-content\/uploads\/sites\/10\/2026\/01\/logo-tty-menu-bar-300x87-1.webp","contentUrl":"https:\/\/www.transtoyou.com\/nb\/wp-content\/uploads\/sites\/10\/2026\/01\/logo-tty-menu-bar-300x87-1.webp","width":300,"height":87,"caption":"Transtoyou - NB"},"image":{"@id":"https:\/\/www.transtoyou.com\/nb\/#\/schema\/logo\/image\/"}}]}},"_links":{"self":[{"href":"https:\/\/www.transtoyou.com\/nb\/wp-json\/wp\/v2\/product\/1109","targetHints":{"allow":["GET"]}}],"collection":[{"href":"https:\/\/www.transtoyou.com\/nb\/wp-json\/wp\/v2\/product"}],"about":[{"href":"https:\/\/www.transtoyou.com\/nb\/wp-json\/wp\/v2\/types\/product"}],"replies":[{"embeddable":true,"href":"https:\/\/www.transtoyou.com\/nb\/wp-json\/wp\/v2\/comments?post=1109"}],"wp:featuredmedia":[{"embeddable":true,"href":"https:\/\/www.transtoyou.com\/nb\/wp-json\/wp\/v2\/media\/1111"}],"wp:attachment":[{"href":"https:\/\/www.transtoyou.com\/nb\/wp-json\/wp\/v2\/media?parent=1109"}],"wp:term":[{"taxonomy":"product_brand","embeddable":true,"href":"https:\/\/www.transtoyou.com\/nb\/wp-json\/wp\/v2\/product_brand?post=1109"},{"taxonomy":"product_cat","embeddable":true,"href":"https:\/\/www.transtoyou.com\/nb\/wp-json\/wp\/v2\/product_cat?post=1109"},{"taxonomy":"product_tag","embeddable":true,"href":"https:\/\/www.transtoyou.com\/nb\/wp-json\/wp\/v2\/product_tag?post=1109"},{"taxonomy":"expert","embeddable":true,"href":"https:\/\/www.transtoyou.com\/nb\/wp-json\/wp\/v2\/expert?post=1109"}],"curies":[{"name":"wp","href":"https:\/\/api.w.org\/{rel}","templated":true}]}}