{"id":1112,"date":"2026-01-25T03:48:10","date_gmt":"2026-01-25T01:48:10","guid":{"rendered":"https:\/\/www.transtoyou.com\/nb\/product\/ginoring\/"},"modified":"2026-02-17T15:31:24","modified_gmt":"2026-02-17T13:31:24","slug":"ginoring","status":"publish","type":"product","link":"https:\/\/www.transtoyou.com\/nb\/product\/ginoring\/","title":{"rendered":"Ginoring"},"content":{"rendered":"<p>Ginoring er en fleksibel vaginalring som brukes som hormonell prevensjon for \u00e5 forhindre graviditet. Den inneholder etonogestrel (et progestin) og ethinylestradiol (et \u00f8strogen), to syntetiske hormoner som samarbeider for \u00e5 forhindre eggl\u00f8sning, frigj\u00f8ringen av et egg fra eggstokken. Den tykner ogs\u00e5 livmorhalsslimet, noe som gj\u00f8r det vanskeligere for sperm \u00e5 n\u00e5 egget, og endrer livmorslimhinnen for \u00e5 forhindre implantering.<\/p>\n<p>Ginoring b\u00e6res inne i vagina i tre sammenhengende uker, etterfulgt av en ukes pause hvor en tilbaketrekningsbl\u00f8dning (lignende en menstruasjon) vanligvis skjer. Etter den fjerde uken settes en ny ring inn. Hormoner absorberes gjennom vaginalveggene inn i blodstr\u00f8mmen, noe som sikrer jevne hormonniv\u00e5er uten behov for daglige piller.<\/p>\n<p>Ringen er enkel \u00e5 sette inn og ta ut og sitter p\u00e5 plass n\u00e5r den er riktig plassert. Den gir effektiv, diskret prevensjon n\u00e5r den brukes riktig. Den kan ogs\u00e5 hjelpe med \u00e5 regulere menstruasjonssykluser, redusere kramper og lette bl\u00f8dning.<\/p>\n<p>Som alle kombinerte hormonelle prevensjonsmidler, er ikke Ginoring n\u00f8dvendigvis egnet for alle kvinner, spesielt de med en historie med blodpropp, slag eller hormonrelaterte kreftformer. Mulige bivirkninger inkluderer hodepine, vaginal irritasjon, hum\u00f8rsvingninger eller \u00f8mhet i brystene.<\/p>\n<p>Ginoring er et p\u00e5litelig prevensjonsalternativ for kvinner som foretrekker en ikke-daglig, hormonbasert metode.<\/p>\n","protected":false},"excerpt":{"rendered":"<ul>\n<li>M\u00e5nedlig hormonell prevensjonsring<\/li>\n<li>Forebygger eggl\u00f8sning og graviditet<\/li>\n<li>Praktisk og diskret alternativ<\/li>\n<\/ul>\n","protected":false},"featured_media":1114,"comment_status":"open","ping_status":"closed","template":"","meta":[],"product_brand":[],"product_cat":[97],"product_tag":[],"expert":[19],"class_list":{"0":"post-1112","1":"product","2":"type-product","3":"status-publish","4":"has-post-thumbnail","6":"product_cat-prevensjonsring","7":"expert-dr-j-vazquez","9":"first","10":"instock","11":"shipping-taxable","12":"purchasable","13":"product-type-variable"},"yoast_head":"<!-- This site is optimized with the Yoast SEO plugin v27.0 - https:\/\/yoast.com\/product\/yoast-seo-wordpress\/ -->\n<title>Ginoring | P\u00e5litelig prevensjonsl\u00f8sning - Transtoyou<\/title>\n<meta name=\"description\" content=\"Ginoring: Effektiv hormonell prevensjonsring, enkel \u00e5 bruke, regulerer sykluser, reduserer kramper. F\u00e5 din i dag hos Transtoyou.\" \/>\n<meta name=\"robots\" content=\"noindex, follow, max-snippet:-1, max-image-preview:large, max-video-preview:-1\" \/>\n<meta property=\"og:locale\" content=\"nb_NO\" \/>\n<meta property=\"og:type\" content=\"article\" \/>\n<meta property=\"og:title\" content=\"Ginoring | P\u00e5litelig prevensjonsl\u00f8sning - Transtoyou\" \/>\n<meta property=\"og:description\" content=\"Ginoring: Effektiv hormonell prevensjonsring, enkel \u00e5 bruke, regulerer sykluser, reduserer kramper. F\u00e5 din i dag hos Transtoyou.\" \/>\n<meta property=\"og:url\" content=\"https:\/\/www.transtoyou.com\/nb\/product\/ginoring\/\" \/>\n<meta property=\"og:site_name\" content=\"Transtoyou - NB\" \/>\n<meta property=\"article:modified_time\" content=\"2026-02-17T13:31:24+00:00\" \/>\n<meta name=\"twitter:card\" content=\"summary_large_image\" \/>\n<meta name=\"twitter:label1\" content=\"Ansl. lesetid\" \/>\n\t<meta name=\"twitter:data1\" content=\"1 minutt\" \/>\n<script type=\"application\/ld+json\" class=\"yoast-schema-graph\">{\"@context\":\"https:\/\/schema.org\",\"@graph\":[{\"@type\":\"WebPage\",\"@id\":\"https:\/\/www.transtoyou.com\/nb\/product\/ginoring\/\",\"url\":\"https:\/\/www.transtoyou.com\/nb\/product\/ginoring\/\",\"name\":\"Ginoring | P\u00e5litelig prevensjonsl\u00f8sning - Transtoyou\",\"isPartOf\":{\"@id\":\"https:\/\/www.transtoyou.com\/nb\/#website\"},\"primaryImageOfPage\":{\"@id\":\"https:\/\/www.transtoyou.com\/nb\/product\/ginoring\/#primaryimage\"},\"image\":{\"@id\":\"https:\/\/www.transtoyou.com\/nb\/product\/ginoring\/#primaryimage\"},\"thumbnailUrl\":\"https:\/\/www.transtoyou.com\/nb\/wp-content\/uploads\/sites\/10\/2026\/01\/tty-no-product-image-135.webp\",\"datePublished\":\"2026-01-25T01:48:10+00:00\",\"dateModified\":\"2026-02-17T13:31:24+00:00\",\"description\":\"Ginoring: Effektiv hormonell prevensjonsring, enkel \u00e5 bruke, regulerer sykluser, reduserer kramper. F\u00e5 din i dag hos Transtoyou.\",\"breadcrumb\":{\"@id\":\"https:\/\/www.transtoyou.com\/nb\/product\/ginoring\/#breadcrumb\"},\"inLanguage\":\"nb-NO\",\"potentialAction\":[{\"@type\":\"ReadAction\",\"target\":[\"https:\/\/www.transtoyou.com\/nb\/product\/ginoring\/\"]}]},{\"@type\":\"ImageObject\",\"inLanguage\":\"nb-NO\",\"@id\":\"https:\/\/www.transtoyou.com\/nb\/product\/ginoring\/#primaryimage\",\"url\":\"https:\/\/www.transtoyou.com\/nb\/wp-content\/uploads\/sites\/10\/2026\/01\/tty-no-product-image-135.webp\",\"contentUrl\":\"https:\/\/www.transtoyou.com\/nb\/wp-content\/uploads\/sites\/10\/2026\/01\/tty-no-product-image-135.webp\",\"width\":1000,\"height\":1000,\"caption\":\"Standard produktbilde\"},{\"@type\":\"WebSite\",\"@id\":\"https:\/\/www.transtoyou.com\/nb\/#website\",\"url\":\"https:\/\/www.transtoyou.com\/nb\/\",\"name\":\"Transtoyou - NB\",\"description\":\"\",\"publisher\":{\"@id\":\"https:\/\/www.transtoyou.com\/nb\/#organization\"},\"potentialAction\":[{\"@type\":\"SearchAction\",\"target\":{\"@type\":\"EntryPoint\",\"urlTemplate\":\"https:\/\/www.transtoyou.com\/nb\/?s={search_term_string}\"},\"query-input\":{\"@type\":\"PropertyValueSpecification\",\"valueRequired\":true,\"valueName\":\"search_term_string\"}}],\"inLanguage\":\"nb-NO\"},{\"@type\":\"Organization\",\"@id\":\"https:\/\/www.transtoyou.com\/nb\/#organization\",\"name\":\"Transtoyou - NB\",\"url\":\"https:\/\/www.transtoyou.com\/nb\/\",\"logo\":{\"@type\":\"ImageObject\",\"inLanguage\":\"nb-NO\",\"@id\":\"https:\/\/www.transtoyou.com\/nb\/#\/schema\/logo\/image\/\",\"url\":\"https:\/\/www.transtoyou.com\/nb\/wp-content\/uploads\/sites\/10\/2026\/01\/logo-tty-menu-bar-300x87-1.webp\",\"contentUrl\":\"https:\/\/www.transtoyou.com\/nb\/wp-content\/uploads\/sites\/10\/2026\/01\/logo-tty-menu-bar-300x87-1.webp\",\"width\":300,\"height\":87,\"caption\":\"Transtoyou - NB\"},\"image\":{\"@id\":\"https:\/\/www.transtoyou.com\/nb\/#\/schema\/logo\/image\/\"}}]}<\/script>\n<!-- \/ Yoast SEO plugin. -->","yoast_head_json":{"title":"Ginoring | P\u00e5litelig prevensjonsl\u00f8sning - Transtoyou","description":"Ginoring: Effektiv hormonell prevensjonsring, enkel \u00e5 bruke, regulerer sykluser, reduserer kramper. F\u00e5 din i dag hos Transtoyou.","robots":{"index":"noindex","follow":"follow","max-snippet":"max-snippet:-1","max-image-preview":"max-image-preview:large","max-video-preview":"max-video-preview:-1"},"og_locale":"nb_NO","og_type":"article","og_title":"Ginoring | P\u00e5litelig prevensjonsl\u00f8sning - Transtoyou","og_description":"Ginoring: Effektiv hormonell prevensjonsring, enkel \u00e5 bruke, regulerer sykluser, reduserer kramper. F\u00e5 din i dag hos Transtoyou.","og_url":"https:\/\/www.transtoyou.com\/nb\/product\/ginoring\/","og_site_name":"Transtoyou - NB","article_modified_time":"2026-02-17T13:31:24+00:00","twitter_card":"summary_large_image","twitter_misc":{"Ansl. lesetid":"1 minutt"},"schema":{"@context":"https:\/\/schema.org","@graph":[{"@type":"WebPage","@id":"https:\/\/www.transtoyou.com\/nb\/product\/ginoring\/","url":"https:\/\/www.transtoyou.com\/nb\/product\/ginoring\/","name":"Ginoring | P\u00e5litelig prevensjonsl\u00f8sning - Transtoyou","isPartOf":{"@id":"https:\/\/www.transtoyou.com\/nb\/#website"},"primaryImageOfPage":{"@id":"https:\/\/www.transtoyou.com\/nb\/product\/ginoring\/#primaryimage"},"image":{"@id":"https:\/\/www.transtoyou.com\/nb\/product\/ginoring\/#primaryimage"},"thumbnailUrl":"https:\/\/www.transtoyou.com\/nb\/wp-content\/uploads\/sites\/10\/2026\/01\/tty-no-product-image-135.webp","datePublished":"2026-01-25T01:48:10+00:00","dateModified":"2026-02-17T13:31:24+00:00","description":"Ginoring: Effektiv hormonell prevensjonsring, enkel \u00e5 bruke, regulerer sykluser, reduserer kramper. F\u00e5 din i dag hos Transtoyou.","breadcrumb":{"@id":"https:\/\/www.transtoyou.com\/nb\/product\/ginoring\/#breadcrumb"},"inLanguage":"nb-NO","potentialAction":[{"@type":"ReadAction","target":["https:\/\/www.transtoyou.com\/nb\/product\/ginoring\/"]}]},{"@type":"ImageObject","inLanguage":"nb-NO","@id":"https:\/\/www.transtoyou.com\/nb\/product\/ginoring\/#primaryimage","url":"https:\/\/www.transtoyou.com\/nb\/wp-content\/uploads\/sites\/10\/2026\/01\/tty-no-product-image-135.webp","contentUrl":"https:\/\/www.transtoyou.com\/nb\/wp-content\/uploads\/sites\/10\/2026\/01\/tty-no-product-image-135.webp","width":1000,"height":1000,"caption":"Standard produktbilde"},{"@type":"WebSite","@id":"https:\/\/www.transtoyou.com\/nb\/#website","url":"https:\/\/www.transtoyou.com\/nb\/","name":"Transtoyou - NB","description":"","publisher":{"@id":"https:\/\/www.transtoyou.com\/nb\/#organization"},"potentialAction":[{"@type":"SearchAction","target":{"@type":"EntryPoint","urlTemplate":"https:\/\/www.transtoyou.com\/nb\/?s={search_term_string}"},"query-input":{"@type":"PropertyValueSpecification","valueRequired":true,"valueName":"search_term_string"}}],"inLanguage":"nb-NO"},{"@type":"Organization","@id":"https:\/\/www.transtoyou.com\/nb\/#organization","name":"Transtoyou - NB","url":"https:\/\/www.transtoyou.com\/nb\/","logo":{"@type":"ImageObject","inLanguage":"nb-NO","@id":"https:\/\/www.transtoyou.com\/nb\/#\/schema\/logo\/image\/","url":"https:\/\/www.transtoyou.com\/nb\/wp-content\/uploads\/sites\/10\/2026\/01\/logo-tty-menu-bar-300x87-1.webp","contentUrl":"https:\/\/www.transtoyou.com\/nb\/wp-content\/uploads\/sites\/10\/2026\/01\/logo-tty-menu-bar-300x87-1.webp","width":300,"height":87,"caption":"Transtoyou - NB"},"image":{"@id":"https:\/\/www.transtoyou.com\/nb\/#\/schema\/logo\/image\/"}}]}},"_links":{"self":[{"href":"https:\/\/www.transtoyou.com\/nb\/wp-json\/wp\/v2\/product\/1112","targetHints":{"allow":["GET"]}}],"collection":[{"href":"https:\/\/www.transtoyou.com\/nb\/wp-json\/wp\/v2\/product"}],"about":[{"href":"https:\/\/www.transtoyou.com\/nb\/wp-json\/wp\/v2\/types\/product"}],"replies":[{"embeddable":true,"href":"https:\/\/www.transtoyou.com\/nb\/wp-json\/wp\/v2\/comments?post=1112"}],"wp:featuredmedia":[{"embeddable":true,"href":"https:\/\/www.transtoyou.com\/nb\/wp-json\/wp\/v2\/media\/1114"}],"wp:attachment":[{"href":"https:\/\/www.transtoyou.com\/nb\/wp-json\/wp\/v2\/media?parent=1112"}],"wp:term":[{"taxonomy":"product_brand","embeddable":true,"href":"https:\/\/www.transtoyou.com\/nb\/wp-json\/wp\/v2\/product_brand?post=1112"},{"taxonomy":"product_cat","embeddable":true,"href":"https:\/\/www.transtoyou.com\/nb\/wp-json\/wp\/v2\/product_cat?post=1112"},{"taxonomy":"product_tag","embeddable":true,"href":"https:\/\/www.transtoyou.com\/nb\/wp-json\/wp\/v2\/product_tag?post=1112"},{"taxonomy":"expert","embeddable":true,"href":"https:\/\/www.transtoyou.com\/nb\/wp-json\/wp\/v2\/expert?post=1112"}],"curies":[{"name":"wp","href":"https:\/\/api.w.org\/{rel}","templated":true}]}}