{"id":1115,"date":"2026-01-25T04:03:29","date_gmt":"2026-01-25T02:03:29","guid":{"rendered":"https:\/\/www.transtoyou.com\/nb\/product\/evra-patch\/"},"modified":"2026-02-16T10:48:47","modified_gmt":"2026-02-16T08:48:47","slug":"evra-plaster","status":"publish","type":"product","link":"https:\/\/www.transtoyou.com\/nb\/product\/evra-plaster\/","title":{"rendered":"Evra plaster"},"content":{"rendered":"<p>Evra er et prevensjonsplaster designet for kvinner for \u00e5 forhindre graviditet. Det inneholder to hormoner: ethinylestradiol (et \u00f8strogen) og norelgestromin (et progestin). Disse hormonene ligner p\u00e5 de naturlige hormonene i kroppen og jobber sammen for \u00e5 stoppe eggl\u00f8sning, frigj\u00f8ringen av et egg fra eggstokken. Hvis det ikke er noe egg, kan ikke graviditet skje. Evra tykner ogs\u00e5 livmorhalsslimet, noe som gj\u00f8r det vanskeligere for sperm \u00e5 n\u00e5 egget, og endrer livmorens slimhinne for \u00e5 gj\u00f8re det mindre sannsynlig at den st\u00f8tter et befruktet egg.<\/p>\n<p>Plasteret p\u00e5f\u00f8res huden, og hormonene absorberes direkte i blodstr\u00f8mmen. Det brukes en gang i uken i tre uker, etterfulgt av en uke uten plaster der en tilbaketrekningsbl\u00f8dning vanligvis skjer. Dette gj\u00f8r det praktisk for de som foretrekker \u00e5 ikke ta daglige piller.<\/p>\n<p>Evra er like effektiv som den kombinerte p-pillen n\u00e5r den brukes riktig. Fordelene inkluderer konsistente hormonniv\u00e5er, ukentlig dosering, og ingen behov for daglige p\u00e5minnelser. Men, som alle hormonelle prevensjonsmidler, er det kanskje ikke egnet for alle, spesielt kvinner med en historie med blodpropp, hjerneslag eller visse kreftformer. Vanlige bivirkninger kan inkludere hudirritasjon p\u00e5 plasterstedet, hodepine, kvalme eller \u00f8mhet i brystene.<\/p>\n<p>Evra er et diskret, p\u00e5litelig og enkelt \u00e5 bruke prevensjonsalternativ for kvinner som ser etter en hormonbasert metode for prevensjon.<\/p>\n","protected":false},"excerpt":{"rendered":"<ul>\n<li>Ukentlig prevensjonsplaster<\/li>\n<li>Forebygger eggl\u00f8sning og graviditet<\/li>\n<li>Diskr\u00e9 og enkel \u00e5 bruke<\/li>\n<\/ul>\n","protected":false},"featured_media":1117,"comment_status":"open","ping_status":"closed","template":"","meta":[],"product_brand":[],"product_cat":[96],"product_tag":[],"expert":[19],"class_list":{"0":"post-1115","1":"product","2":"type-product","3":"status-publish","4":"has-post-thumbnail","6":"product_cat-prevensjonsplaster","7":"expert-dr-j-vazquez","9":"first","10":"instock","11":"shipping-taxable","12":"product-type-variable"},"yoast_head":"<!-- This site is optimized with the Yoast SEO plugin v27.0 - https:\/\/yoast.com\/product\/yoast-seo-wordpress\/ -->\n<title>Evra-plaster | Hormonell prevensjonsl\u00f8sning - Transtoyou<\/title>\n<meta name=\"description\" content=\"Evra Patch, et praktisk prevensjonsalternativ, forhindrer graviditet ved \u00e5 stoppe eggl\u00f8sning. Kj\u00f8p n\u00e5 for effektiv, ukentlig hormonkontroll.\" \/>\n<meta name=\"robots\" content=\"noindex, follow, max-snippet:-1, max-image-preview:large, max-video-preview:-1\" \/>\n<meta property=\"og:locale\" content=\"nb_NO\" \/>\n<meta property=\"og:type\" content=\"article\" \/>\n<meta property=\"og:title\" content=\"Evra-plaster | Hormonell prevensjonsl\u00f8sning - Transtoyou\" \/>\n<meta property=\"og:description\" content=\"Evra Patch, et praktisk prevensjonsalternativ, forhindrer graviditet ved \u00e5 stoppe eggl\u00f8sning. Kj\u00f8p n\u00e5 for effektiv, ukentlig hormonkontroll.\" \/>\n<meta property=\"og:url\" content=\"https:\/\/www.transtoyou.com\/nb\/product\/evra-patch\/\" \/>\n<meta property=\"og:site_name\" content=\"Transtoyou - NB\" \/>\n<meta property=\"article:modified_time\" content=\"2026-02-16T08:48:47+00:00\" \/>\n<meta name=\"twitter:card\" content=\"summary_large_image\" \/>\n<meta name=\"twitter:label1\" content=\"Ansl. lesetid\" \/>\n\t<meta name=\"twitter:data1\" content=\"1 minutt\" \/>\n<script type=\"application\/ld+json\" class=\"yoast-schema-graph\">{\"@context\":\"https:\/\/schema.org\",\"@graph\":[{\"@type\":\"WebPage\",\"@id\":\"https:\/\/www.transtoyou.com\/nb\/product\/evra-patch\/\",\"url\":\"https:\/\/www.transtoyou.com\/nb\/product\/evra-patch\/\",\"name\":\"Evra-plaster | Hormonell prevensjonsl\u00f8sning - Transtoyou\",\"isPartOf\":{\"@id\":\"https:\/\/www.transtoyou.com\/nb\/#website\"},\"primaryImageOfPage\":{\"@id\":\"https:\/\/www.transtoyou.com\/nb\/product\/evra-patch\/#primaryimage\"},\"image\":{\"@id\":\"https:\/\/www.transtoyou.com\/nb\/product\/evra-patch\/#primaryimage\"},\"thumbnailUrl\":\"https:\/\/www.transtoyou.com\/nb\/wp-content\/uploads\/sites\/10\/2026\/01\/tty-no-product-image-136.webp\",\"datePublished\":\"2026-01-25T02:03:29+00:00\",\"dateModified\":\"2026-02-16T08:48:47+00:00\",\"description\":\"Evra Patch, et praktisk prevensjonsalternativ, forhindrer graviditet ved \u00e5 stoppe eggl\u00f8sning. Kj\u00f8p n\u00e5 for effektiv, ukentlig hormonkontroll.\",\"breadcrumb\":{\"@id\":\"https:\/\/www.transtoyou.com\/nb\/product\/evra-patch\/#breadcrumb\"},\"inLanguage\":\"nb-NO\",\"potentialAction\":[{\"@type\":\"ReadAction\",\"target\":[\"https:\/\/www.transtoyou.com\/nb\/product\/evra-patch\/\"]}]},{\"@type\":\"ImageObject\",\"inLanguage\":\"nb-NO\",\"@id\":\"https:\/\/www.transtoyou.com\/nb\/product\/evra-patch\/#primaryimage\",\"url\":\"https:\/\/www.transtoyou.com\/nb\/wp-content\/uploads\/sites\/10\/2026\/01\/tty-no-product-image-136.webp\",\"contentUrl\":\"https:\/\/www.transtoyou.com\/nb\/wp-content\/uploads\/sites\/10\/2026\/01\/tty-no-product-image-136.webp\",\"width\":1000,\"height\":1000,\"caption\":\"Standard produktbilde\"},{\"@type\":\"WebSite\",\"@id\":\"https:\/\/www.transtoyou.com\/nb\/#website\",\"url\":\"https:\/\/www.transtoyou.com\/nb\/\",\"name\":\"Transtoyou - NB\",\"description\":\"\",\"publisher\":{\"@id\":\"https:\/\/www.transtoyou.com\/nb\/#organization\"},\"potentialAction\":[{\"@type\":\"SearchAction\",\"target\":{\"@type\":\"EntryPoint\",\"urlTemplate\":\"https:\/\/www.transtoyou.com\/nb\/?s={search_term_string}\"},\"query-input\":{\"@type\":\"PropertyValueSpecification\",\"valueRequired\":true,\"valueName\":\"search_term_string\"}}],\"inLanguage\":\"nb-NO\"},{\"@type\":\"Organization\",\"@id\":\"https:\/\/www.transtoyou.com\/nb\/#organization\",\"name\":\"Transtoyou - NB\",\"url\":\"https:\/\/www.transtoyou.com\/nb\/\",\"logo\":{\"@type\":\"ImageObject\",\"inLanguage\":\"nb-NO\",\"@id\":\"https:\/\/www.transtoyou.com\/nb\/#\/schema\/logo\/image\/\",\"url\":\"https:\/\/www.transtoyou.com\/nb\/wp-content\/uploads\/sites\/10\/2026\/01\/logo-tty-menu-bar-300x87-1.webp\",\"contentUrl\":\"https:\/\/www.transtoyou.com\/nb\/wp-content\/uploads\/sites\/10\/2026\/01\/logo-tty-menu-bar-300x87-1.webp\",\"width\":300,\"height\":87,\"caption\":\"Transtoyou - NB\"},\"image\":{\"@id\":\"https:\/\/www.transtoyou.com\/nb\/#\/schema\/logo\/image\/\"}}]}<\/script>\n<!-- \/ Yoast SEO plugin. -->","yoast_head_json":{"title":"Evra-plaster | Hormonell prevensjonsl\u00f8sning - Transtoyou","description":"Evra Patch, et praktisk prevensjonsalternativ, forhindrer graviditet ved \u00e5 stoppe eggl\u00f8sning. Kj\u00f8p n\u00e5 for effektiv, ukentlig hormonkontroll.","robots":{"index":"noindex","follow":"follow","max-snippet":"max-snippet:-1","max-image-preview":"max-image-preview:large","max-video-preview":"max-video-preview:-1"},"og_locale":"nb_NO","og_type":"article","og_title":"Evra-plaster | Hormonell prevensjonsl\u00f8sning - Transtoyou","og_description":"Evra Patch, et praktisk prevensjonsalternativ, forhindrer graviditet ved \u00e5 stoppe eggl\u00f8sning. Kj\u00f8p n\u00e5 for effektiv, ukentlig hormonkontroll.","og_url":"https:\/\/www.transtoyou.com\/nb\/product\/evra-patch\/","og_site_name":"Transtoyou - NB","article_modified_time":"2026-02-16T08:48:47+00:00","twitter_card":"summary_large_image","twitter_misc":{"Ansl. lesetid":"1 minutt"},"schema":{"@context":"https:\/\/schema.org","@graph":[{"@type":"WebPage","@id":"https:\/\/www.transtoyou.com\/nb\/product\/evra-patch\/","url":"https:\/\/www.transtoyou.com\/nb\/product\/evra-patch\/","name":"Evra-plaster | Hormonell prevensjonsl\u00f8sning - Transtoyou","isPartOf":{"@id":"https:\/\/www.transtoyou.com\/nb\/#website"},"primaryImageOfPage":{"@id":"https:\/\/www.transtoyou.com\/nb\/product\/evra-patch\/#primaryimage"},"image":{"@id":"https:\/\/www.transtoyou.com\/nb\/product\/evra-patch\/#primaryimage"},"thumbnailUrl":"https:\/\/www.transtoyou.com\/nb\/wp-content\/uploads\/sites\/10\/2026\/01\/tty-no-product-image-136.webp","datePublished":"2026-01-25T02:03:29+00:00","dateModified":"2026-02-16T08:48:47+00:00","description":"Evra Patch, et praktisk prevensjonsalternativ, forhindrer graviditet ved \u00e5 stoppe eggl\u00f8sning. Kj\u00f8p n\u00e5 for effektiv, ukentlig hormonkontroll.","breadcrumb":{"@id":"https:\/\/www.transtoyou.com\/nb\/product\/evra-patch\/#breadcrumb"},"inLanguage":"nb-NO","potentialAction":[{"@type":"ReadAction","target":["https:\/\/www.transtoyou.com\/nb\/product\/evra-patch\/"]}]},{"@type":"ImageObject","inLanguage":"nb-NO","@id":"https:\/\/www.transtoyou.com\/nb\/product\/evra-patch\/#primaryimage","url":"https:\/\/www.transtoyou.com\/nb\/wp-content\/uploads\/sites\/10\/2026\/01\/tty-no-product-image-136.webp","contentUrl":"https:\/\/www.transtoyou.com\/nb\/wp-content\/uploads\/sites\/10\/2026\/01\/tty-no-product-image-136.webp","width":1000,"height":1000,"caption":"Standard produktbilde"},{"@type":"WebSite","@id":"https:\/\/www.transtoyou.com\/nb\/#website","url":"https:\/\/www.transtoyou.com\/nb\/","name":"Transtoyou - NB","description":"","publisher":{"@id":"https:\/\/www.transtoyou.com\/nb\/#organization"},"potentialAction":[{"@type":"SearchAction","target":{"@type":"EntryPoint","urlTemplate":"https:\/\/www.transtoyou.com\/nb\/?s={search_term_string}"},"query-input":{"@type":"PropertyValueSpecification","valueRequired":true,"valueName":"search_term_string"}}],"inLanguage":"nb-NO"},{"@type":"Organization","@id":"https:\/\/www.transtoyou.com\/nb\/#organization","name":"Transtoyou - NB","url":"https:\/\/www.transtoyou.com\/nb\/","logo":{"@type":"ImageObject","inLanguage":"nb-NO","@id":"https:\/\/www.transtoyou.com\/nb\/#\/schema\/logo\/image\/","url":"https:\/\/www.transtoyou.com\/nb\/wp-content\/uploads\/sites\/10\/2026\/01\/logo-tty-menu-bar-300x87-1.webp","contentUrl":"https:\/\/www.transtoyou.com\/nb\/wp-content\/uploads\/sites\/10\/2026\/01\/logo-tty-menu-bar-300x87-1.webp","width":300,"height":87,"caption":"Transtoyou - NB"},"image":{"@id":"https:\/\/www.transtoyou.com\/nb\/#\/schema\/logo\/image\/"}}]}},"_links":{"self":[{"href":"https:\/\/www.transtoyou.com\/nb\/wp-json\/wp\/v2\/product\/1115","targetHints":{"allow":["GET"]}}],"collection":[{"href":"https:\/\/www.transtoyou.com\/nb\/wp-json\/wp\/v2\/product"}],"about":[{"href":"https:\/\/www.transtoyou.com\/nb\/wp-json\/wp\/v2\/types\/product"}],"replies":[{"embeddable":true,"href":"https:\/\/www.transtoyou.com\/nb\/wp-json\/wp\/v2\/comments?post=1115"}],"wp:featuredmedia":[{"embeddable":true,"href":"https:\/\/www.transtoyou.com\/nb\/wp-json\/wp\/v2\/media\/1117"}],"wp:attachment":[{"href":"https:\/\/www.transtoyou.com\/nb\/wp-json\/wp\/v2\/media?parent=1115"}],"wp:term":[{"taxonomy":"product_brand","embeddable":true,"href":"https:\/\/www.transtoyou.com\/nb\/wp-json\/wp\/v2\/product_brand?post=1115"},{"taxonomy":"product_cat","embeddable":true,"href":"https:\/\/www.transtoyou.com\/nb\/wp-json\/wp\/v2\/product_cat?post=1115"},{"taxonomy":"product_tag","embeddable":true,"href":"https:\/\/www.transtoyou.com\/nb\/wp-json\/wp\/v2\/product_tag?post=1115"},{"taxonomy":"expert","embeddable":true,"href":"https:\/\/www.transtoyou.com\/nb\/wp-json\/wp\/v2\/expert?post=1115"}],"curies":[{"name":"wp","href":"https:\/\/api.w.org\/{rel}","templated":true}]}}