{"id":1118,"date":"2026-01-25T04:19:07","date_gmt":"2026-01-25T02:19:07","guid":{"rendered":"https:\/\/www.transtoyou.com\/nb\/product\/microgynon-30\/"},"modified":"2026-02-16T10:48:47","modified_gmt":"2026-02-16T08:48:47","slug":"mikrogynon-30","status":"publish","type":"product","link":"https:\/\/www.transtoyou.com\/nb\/product\/mikrogynon-30\/","title":{"rendered":"Microgynon 30"},"content":{"rendered":"<p>Microgynon 30 er en kombinert p-pille (COC) som inneholder ethinylestradiol (0,03 mg) og levonorgestrel (0,15 mg). Den virker prim\u00e6rt ved \u00e5 hemme eggl\u00f8sning, noe som betyr at den forhindrer frigj\u00f8ring av et egg fra eggstokkene. I tillegg tykner den livmorhalsslimet, noe som gj\u00f8r det vanskeligere for sperm \u00e5 n\u00e5 livmoren, og endrer livmorslimhinnen for \u00e5 gj\u00f8re den mindre egnet for implantasjon.<\/p>\n<p>Denne kombinasjonspillen brukes hovedsakelig til prevensjon, men den er ogs\u00e5 indikert for behandling av menstruasjonsforstyrrelser som dysmenor\u00e9 (smertefulle menstruasjoner), endometriose eller eggl\u00f8sningsrelatert smerte.<\/p>\n<p>Ved \u00e5 regulere hormonniv\u00e5ene stabiliserer Microgynon 30 menstruasjonssyklusen, noe som ofte resulterer i lettere og mer forutsigbare menstruasjoner. Den kan redusere menstruasjonssmerter og kraftig bl\u00f8dning, og hjelpe med hormonelle symptomer som akne eller PMS. Den reduserer ogs\u00e5 risikoen for ovariecyster og senker sannsynligheten for \u00e5 utvikle livmor- eller eggstokkreft.<\/p>\n<p>En av hovedfordelene med Microgynon 30 er dens h\u00f8ye prevensjonsp\u00e5litelighet n\u00e5r den tas riktig. Den kan ogs\u00e5 f\u00f8re til forbedret hudtilstand, f\u00e6rre premenstruelle symptomer, og en reduksjon i anemi relatert til menstruasjonsblodtap.<\/p>\n<p>Denne medisinen er egnet for voksne som trenger p\u00e5litelig prevensjon eller terapeutisk behandling av menstruasjons- eller reproduksjonsforstyrrelser. Den er ikke passende for de med visse medisinske tilstander, inkludert en historie med tromboembolisme, hormonrelaterte kreftformer eller alvorlig leversykdom.<\/p>\n","protected":false},"excerpt":{"rendered":"<ul>\n<li>P\u00e5litelig daglig prevensjonspille<\/li>\n<li>Hjelper med \u00e5 regulere menstruasjonssyklusen<\/li>\n<li>Kan redusere symptomer relatert til menstruasjon<\/li>\n<\/ul>\n","protected":false},"featured_media":1120,"comment_status":"open","ping_status":"closed","template":"","meta":[],"product_brand":[],"product_cat":[112,94],"product_tag":[],"expert":[17],"class_list":{"0":"post-1118","1":"product","2":"type-product","3":"status-publish","4":"has-post-thumbnail","6":"product_cat-endometriose","7":"product_cat-kombinasjonspille","8":"expert-dr-c-munoz-parada","10":"first","11":"instock","12":"shipping-taxable","13":"purchasable","14":"product-type-variable"},"yoast_head":"<!-- This site is optimized with the Yoast SEO plugin v27.0 - https:\/\/yoast.com\/product\/yoast-seo-wordpress\/ -->\n<title>Microgynon 30 | P\u00e5litelig prevensjonsvalg - Transtoyou<\/title>\n<meta name=\"description\" content=\"Microgynon 30, en p\u00e5litelig l\u00f8sning for prevensjon og lindring av menstruasjon, tilgjengelig her. Handle n\u00e5 for balansert hormonst\u00f8tte og forutsigbare sykluser.\" \/>\n<meta name=\"robots\" content=\"noindex, follow, max-snippet:-1, max-image-preview:large, max-video-preview:-1\" \/>\n<meta property=\"og:locale\" content=\"nb_NO\" \/>\n<meta property=\"og:type\" content=\"article\" \/>\n<meta property=\"og:title\" content=\"Microgynon 30 | P\u00e5litelig prevensjonsvalg - Transtoyou\" \/>\n<meta property=\"og:description\" content=\"Microgynon 30, en p\u00e5litelig l\u00f8sning for prevensjon og lindring av menstruasjon, tilgjengelig her. Handle n\u00e5 for balansert hormonst\u00f8tte og forutsigbare sykluser.\" \/>\n<meta property=\"og:url\" content=\"https:\/\/www.transtoyou.com\/nb\/product\/microgynon-30\/\" \/>\n<meta property=\"og:site_name\" content=\"Transtoyou - NB\" \/>\n<meta property=\"article:modified_time\" content=\"2026-02-16T08:48:47+00:00\" \/>\n<meta name=\"twitter:card\" content=\"summary_large_image\" \/>\n<meta name=\"twitter:label1\" content=\"Ansl. lesetid\" \/>\n\t<meta name=\"twitter:data1\" content=\"1 minutt\" \/>\n<script type=\"application\/ld+json\" class=\"yoast-schema-graph\">{\"@context\":\"https:\/\/schema.org\",\"@graph\":[{\"@type\":\"WebPage\",\"@id\":\"https:\/\/www.transtoyou.com\/nb\/product\/microgynon-30\/\",\"url\":\"https:\/\/www.transtoyou.com\/nb\/product\/microgynon-30\/\",\"name\":\"Microgynon 30 | P\u00e5litelig prevensjonsvalg - Transtoyou\",\"isPartOf\":{\"@id\":\"https:\/\/www.transtoyou.com\/nb\/#website\"},\"primaryImageOfPage\":{\"@id\":\"https:\/\/www.transtoyou.com\/nb\/product\/microgynon-30\/#primaryimage\"},\"image\":{\"@id\":\"https:\/\/www.transtoyou.com\/nb\/product\/microgynon-30\/#primaryimage\"},\"thumbnailUrl\":\"https:\/\/www.transtoyou.com\/nb\/wp-content\/uploads\/sites\/10\/2026\/01\/tty-no-product-image-137.webp\",\"datePublished\":\"2026-01-25T02:19:07+00:00\",\"dateModified\":\"2026-02-16T08:48:47+00:00\",\"description\":\"Microgynon 30, en p\u00e5litelig l\u00f8sning for prevensjon og lindring av menstruasjon, tilgjengelig her. Handle n\u00e5 for balansert hormonst\u00f8tte og forutsigbare sykluser.\",\"breadcrumb\":{\"@id\":\"https:\/\/www.transtoyou.com\/nb\/product\/microgynon-30\/#breadcrumb\"},\"inLanguage\":\"nb-NO\",\"potentialAction\":[{\"@type\":\"ReadAction\",\"target\":[\"https:\/\/www.transtoyou.com\/nb\/product\/microgynon-30\/\"]}]},{\"@type\":\"ImageObject\",\"inLanguage\":\"nb-NO\",\"@id\":\"https:\/\/www.transtoyou.com\/nb\/product\/microgynon-30\/#primaryimage\",\"url\":\"https:\/\/www.transtoyou.com\/nb\/wp-content\/uploads\/sites\/10\/2026\/01\/tty-no-product-image-137.webp\",\"contentUrl\":\"https:\/\/www.transtoyou.com\/nb\/wp-content\/uploads\/sites\/10\/2026\/01\/tty-no-product-image-137.webp\",\"width\":1000,\"height\":1000,\"caption\":\"Standard produktbilde\"},{\"@type\":\"WebSite\",\"@id\":\"https:\/\/www.transtoyou.com\/nb\/#website\",\"url\":\"https:\/\/www.transtoyou.com\/nb\/\",\"name\":\"Transtoyou - NB\",\"description\":\"\",\"publisher\":{\"@id\":\"https:\/\/www.transtoyou.com\/nb\/#organization\"},\"potentialAction\":[{\"@type\":\"SearchAction\",\"target\":{\"@type\":\"EntryPoint\",\"urlTemplate\":\"https:\/\/www.transtoyou.com\/nb\/?s={search_term_string}\"},\"query-input\":{\"@type\":\"PropertyValueSpecification\",\"valueRequired\":true,\"valueName\":\"search_term_string\"}}],\"inLanguage\":\"nb-NO\"},{\"@type\":\"Organization\",\"@id\":\"https:\/\/www.transtoyou.com\/nb\/#organization\",\"name\":\"Transtoyou - NB\",\"url\":\"https:\/\/www.transtoyou.com\/nb\/\",\"logo\":{\"@type\":\"ImageObject\",\"inLanguage\":\"nb-NO\",\"@id\":\"https:\/\/www.transtoyou.com\/nb\/#\/schema\/logo\/image\/\",\"url\":\"https:\/\/www.transtoyou.com\/nb\/wp-content\/uploads\/sites\/10\/2026\/01\/logo-tty-menu-bar-300x87-1.webp\",\"contentUrl\":\"https:\/\/www.transtoyou.com\/nb\/wp-content\/uploads\/sites\/10\/2026\/01\/logo-tty-menu-bar-300x87-1.webp\",\"width\":300,\"height\":87,\"caption\":\"Transtoyou - NB\"},\"image\":{\"@id\":\"https:\/\/www.transtoyou.com\/nb\/#\/schema\/logo\/image\/\"}}]}<\/script>\n<!-- \/ Yoast SEO plugin. -->","yoast_head_json":{"title":"Microgynon 30 | P\u00e5litelig prevensjonsvalg - Transtoyou","description":"Microgynon 30, en p\u00e5litelig l\u00f8sning for prevensjon og lindring av menstruasjon, tilgjengelig her. Handle n\u00e5 for balansert hormonst\u00f8tte og forutsigbare sykluser.","robots":{"index":"noindex","follow":"follow","max-snippet":"max-snippet:-1","max-image-preview":"max-image-preview:large","max-video-preview":"max-video-preview:-1"},"og_locale":"nb_NO","og_type":"article","og_title":"Microgynon 30 | P\u00e5litelig prevensjonsvalg - Transtoyou","og_description":"Microgynon 30, en p\u00e5litelig l\u00f8sning for prevensjon og lindring av menstruasjon, tilgjengelig her. Handle n\u00e5 for balansert hormonst\u00f8tte og forutsigbare sykluser.","og_url":"https:\/\/www.transtoyou.com\/nb\/product\/microgynon-30\/","og_site_name":"Transtoyou - NB","article_modified_time":"2026-02-16T08:48:47+00:00","twitter_card":"summary_large_image","twitter_misc":{"Ansl. lesetid":"1 minutt"},"schema":{"@context":"https:\/\/schema.org","@graph":[{"@type":"WebPage","@id":"https:\/\/www.transtoyou.com\/nb\/product\/microgynon-30\/","url":"https:\/\/www.transtoyou.com\/nb\/product\/microgynon-30\/","name":"Microgynon 30 | P\u00e5litelig prevensjonsvalg - Transtoyou","isPartOf":{"@id":"https:\/\/www.transtoyou.com\/nb\/#website"},"primaryImageOfPage":{"@id":"https:\/\/www.transtoyou.com\/nb\/product\/microgynon-30\/#primaryimage"},"image":{"@id":"https:\/\/www.transtoyou.com\/nb\/product\/microgynon-30\/#primaryimage"},"thumbnailUrl":"https:\/\/www.transtoyou.com\/nb\/wp-content\/uploads\/sites\/10\/2026\/01\/tty-no-product-image-137.webp","datePublished":"2026-01-25T02:19:07+00:00","dateModified":"2026-02-16T08:48:47+00:00","description":"Microgynon 30, en p\u00e5litelig l\u00f8sning for prevensjon og lindring av menstruasjon, tilgjengelig her. Handle n\u00e5 for balansert hormonst\u00f8tte og forutsigbare sykluser.","breadcrumb":{"@id":"https:\/\/www.transtoyou.com\/nb\/product\/microgynon-30\/#breadcrumb"},"inLanguage":"nb-NO","potentialAction":[{"@type":"ReadAction","target":["https:\/\/www.transtoyou.com\/nb\/product\/microgynon-30\/"]}]},{"@type":"ImageObject","inLanguage":"nb-NO","@id":"https:\/\/www.transtoyou.com\/nb\/product\/microgynon-30\/#primaryimage","url":"https:\/\/www.transtoyou.com\/nb\/wp-content\/uploads\/sites\/10\/2026\/01\/tty-no-product-image-137.webp","contentUrl":"https:\/\/www.transtoyou.com\/nb\/wp-content\/uploads\/sites\/10\/2026\/01\/tty-no-product-image-137.webp","width":1000,"height":1000,"caption":"Standard produktbilde"},{"@type":"WebSite","@id":"https:\/\/www.transtoyou.com\/nb\/#website","url":"https:\/\/www.transtoyou.com\/nb\/","name":"Transtoyou - NB","description":"","publisher":{"@id":"https:\/\/www.transtoyou.com\/nb\/#organization"},"potentialAction":[{"@type":"SearchAction","target":{"@type":"EntryPoint","urlTemplate":"https:\/\/www.transtoyou.com\/nb\/?s={search_term_string}"},"query-input":{"@type":"PropertyValueSpecification","valueRequired":true,"valueName":"search_term_string"}}],"inLanguage":"nb-NO"},{"@type":"Organization","@id":"https:\/\/www.transtoyou.com\/nb\/#organization","name":"Transtoyou - NB","url":"https:\/\/www.transtoyou.com\/nb\/","logo":{"@type":"ImageObject","inLanguage":"nb-NO","@id":"https:\/\/www.transtoyou.com\/nb\/#\/schema\/logo\/image\/","url":"https:\/\/www.transtoyou.com\/nb\/wp-content\/uploads\/sites\/10\/2026\/01\/logo-tty-menu-bar-300x87-1.webp","contentUrl":"https:\/\/www.transtoyou.com\/nb\/wp-content\/uploads\/sites\/10\/2026\/01\/logo-tty-menu-bar-300x87-1.webp","width":300,"height":87,"caption":"Transtoyou - NB"},"image":{"@id":"https:\/\/www.transtoyou.com\/nb\/#\/schema\/logo\/image\/"}}]}},"_links":{"self":[{"href":"https:\/\/www.transtoyou.com\/nb\/wp-json\/wp\/v2\/product\/1118","targetHints":{"allow":["GET"]}}],"collection":[{"href":"https:\/\/www.transtoyou.com\/nb\/wp-json\/wp\/v2\/product"}],"about":[{"href":"https:\/\/www.transtoyou.com\/nb\/wp-json\/wp\/v2\/types\/product"}],"replies":[{"embeddable":true,"href":"https:\/\/www.transtoyou.com\/nb\/wp-json\/wp\/v2\/comments?post=1118"}],"wp:featuredmedia":[{"embeddable":true,"href":"https:\/\/www.transtoyou.com\/nb\/wp-json\/wp\/v2\/media\/1120"}],"wp:attachment":[{"href":"https:\/\/www.transtoyou.com\/nb\/wp-json\/wp\/v2\/media?parent=1118"}],"wp:term":[{"taxonomy":"product_brand","embeddable":true,"href":"https:\/\/www.transtoyou.com\/nb\/wp-json\/wp\/v2\/product_brand?post=1118"},{"taxonomy":"product_cat","embeddable":true,"href":"https:\/\/www.transtoyou.com\/nb\/wp-json\/wp\/v2\/product_cat?post=1118"},{"taxonomy":"product_tag","embeddable":true,"href":"https:\/\/www.transtoyou.com\/nb\/wp-json\/wp\/v2\/product_tag?post=1118"},{"taxonomy":"expert","embeddable":true,"href":"https:\/\/www.transtoyou.com\/nb\/wp-json\/wp\/v2\/expert?post=1118"}],"curies":[{"name":"wp","href":"https:\/\/api.w.org\/{rel}","templated":true}]}}