{"id":1127,"date":"2026-01-25T05:09:49","date_gmt":"2026-01-25T03:09:49","guid":{"rendered":"https:\/\/www.transtoyou.com\/nb\/product\/ezetimibe-ezetrol\/"},"modified":"2026-01-25T05:10:49","modified_gmt":"2026-01-25T03:10:49","slug":"ezetimibe-ezetrol","status":"publish","type":"product","link":"https:\/\/www.transtoyou.com\/nb\/product\/ezetimibe-ezetrol\/","title":{"rendered":"Ezetimibe (Ezetrol)"},"content":{"rendered":"<p>Ezetimib, vanligvis kjent under merkenavnet Ezetrol, er en medisin som er spesifikt designet for \u00e5 redusere opptaket av kolesterol fra tynntarmen. I motsetning til statiner, som virker i leveren ved \u00e5 hemme kolesterolproduksjon, retter Ezetimib seg direkte mot kostholdsmessig og bili\u00e6rt kolesterolopptak i mage-tarmkanalen. Ved \u00e5 redusere det totale kolesterolinnholdet i blodstr\u00f8mmen, bidrar det til \u00e5 senke skadelig LDL-niv\u00e5 og kan brukes i kombinasjon med statiner eller alene hvis statiner ikke tolereres.<\/p>\n<p>Den prim\u00e6re fordelen med Ezetimib er dens komplement\u00e6re virkningsmekanisme, som kan f\u00f8re til en ytterligere reduksjon i LDL-kolesterolniv\u00e5ene n\u00e5r den legges til en statinbehandling. For mange pasienter optimaliserer denne kombinasjonsmetoden lipidkontrollen uten \u00e5 betydelig \u00f8ke risikoen for bivirkninger. Ezetimib tolereres generelt godt, selv om noen individer kan oppleve milde gastrointestinale symptomer eller tretthet.<\/p>\n<p>I tillegg til \u00e5 senke LDL, kan Ezetimib gi en beskjeden effekt p\u00e5 totalt kolesterol og triglyserider. Helsepersonell anbefaler ofte bruken av den sammen med livsstilsendringer som et balansert kosthold, regelmessig mosjon og vektkontroll for individer med risiko for aterosklerotisk kardiovaskul\u00e6r sykdom.<\/p>\n<p>Regelmessig overv\u00e5king av lipidprofiler hjelper med \u00e5 f\u00f8lge fremgangen, og sikrer at pasientene oppn\u00e5r sine personlige kolesterolm\u00e5l. Ezetimibs engangsdosering per dag kan forbedre etterlevelsen, noe som er en viktig faktor i effektiv langtidsbehandling av dyslipidemi.<\/p>\n","protected":false},"excerpt":{"rendered":"<ul>\n<li>Reduserer intestinal kolesterolabsorpsjon<\/li>\n<li>Komplementerer eller erstatter statinbehandling<\/li>\n<li>Hjelper med \u00e5 optimalisere LDL-reduksjon<\/li>\n<\/ul>\n","protected":false},"featured_media":1129,"comment_status":"open","ping_status":"closed","template":"","meta":[],"product_brand":[],"product_cat":[92],"product_tag":[],"expert":[21],"class_list":{"0":"post-1127","1":"product","2":"type-product","3":"status-publish","4":"has-post-thumbnail","6":"product_cat-kolesterolkontroll","7":"expert-dr-m-sharoyko","9":"first","10":"instock","11":"shipping-taxable","12":"product-type-variable"},"yoast_head":"<!-- This site is optimized with the Yoast SEO plugin v27.0 - https:\/\/yoast.com\/product\/yoast-seo-wordpress\/ -->\n<title>Ezetimibe (Ezetrol) | Senker LDL-kolesterol - Transtoyou<\/title>\n<meta name=\"description\" content=\"Ezetimibe (Ezetrol) reduserer kolesterolabsorpsjon og forbedrer LDL-kontroll. Utforsk fordelene p\u00e5 Transtoyou i dag.\" \/>\n<meta name=\"robots\" content=\"noindex, follow, max-snippet:-1, max-image-preview:large, max-video-preview:-1\" \/>\n<meta property=\"og:locale\" content=\"nb_NO\" \/>\n<meta property=\"og:type\" content=\"article\" \/>\n<meta property=\"og:title\" content=\"Ezetimibe (Ezetrol) | Senker LDL-kolesterol - Transtoyou\" \/>\n<meta property=\"og:description\" content=\"Ezetimibe (Ezetrol) reduserer kolesterolabsorpsjon og forbedrer LDL-kontroll. Utforsk fordelene p\u00e5 Transtoyou i dag.\" \/>\n<meta property=\"og:url\" content=\"https:\/\/www.transtoyou.com\/nb\/product\/ezetimibe-ezetrol\/\" \/>\n<meta property=\"og:site_name\" content=\"Transtoyou - NB\" \/>\n<meta property=\"article:modified_time\" content=\"2026-01-25T03:10:49+00:00\" \/>\n<meta name=\"twitter:card\" content=\"summary_large_image\" \/>\n<meta name=\"twitter:label1\" content=\"Ansl. lesetid\" \/>\n\t<meta name=\"twitter:data1\" content=\"1 minutt\" \/>\n<script type=\"application\/ld+json\" class=\"yoast-schema-graph\">{\"@context\":\"https:\/\/schema.org\",\"@graph\":[{\"@type\":\"WebPage\",\"@id\":\"https:\/\/www.transtoyou.com\/nb\/product\/ezetimibe-ezetrol\/\",\"url\":\"https:\/\/www.transtoyou.com\/nb\/product\/ezetimibe-ezetrol\/\",\"name\":\"Ezetimibe (Ezetrol) | Senker LDL-kolesterol - Transtoyou\",\"isPartOf\":{\"@id\":\"https:\/\/www.transtoyou.com\/nb\/#website\"},\"primaryImageOfPage\":{\"@id\":\"https:\/\/www.transtoyou.com\/nb\/product\/ezetimibe-ezetrol\/#primaryimage\"},\"image\":{\"@id\":\"https:\/\/www.transtoyou.com\/nb\/product\/ezetimibe-ezetrol\/#primaryimage\"},\"thumbnailUrl\":\"https:\/\/www.transtoyou.com\/nb\/wp-content\/uploads\/sites\/10\/2026\/01\/tty-no-product-image-140.webp\",\"datePublished\":\"2026-01-25T03:09:49+00:00\",\"dateModified\":\"2026-01-25T03:10:49+00:00\",\"description\":\"Ezetimibe (Ezetrol) reduserer kolesterolabsorpsjon og forbedrer LDL-kontroll. Utforsk fordelene p\u00e5 Transtoyou i dag.\",\"breadcrumb\":{\"@id\":\"https:\/\/www.transtoyou.com\/nb\/product\/ezetimibe-ezetrol\/#breadcrumb\"},\"inLanguage\":\"nb-NO\",\"potentialAction\":[{\"@type\":\"ReadAction\",\"target\":[\"https:\/\/www.transtoyou.com\/nb\/product\/ezetimibe-ezetrol\/\"]}]},{\"@type\":\"ImageObject\",\"inLanguage\":\"nb-NO\",\"@id\":\"https:\/\/www.transtoyou.com\/nb\/product\/ezetimibe-ezetrol\/#primaryimage\",\"url\":\"https:\/\/www.transtoyou.com\/nb\/wp-content\/uploads\/sites\/10\/2026\/01\/tty-no-product-image-140.webp\",\"contentUrl\":\"https:\/\/www.transtoyou.com\/nb\/wp-content\/uploads\/sites\/10\/2026\/01\/tty-no-product-image-140.webp\",\"width\":1000,\"height\":1000,\"caption\":\"Standard produktbilde\"},{\"@type\":\"WebSite\",\"@id\":\"https:\/\/www.transtoyou.com\/nb\/#website\",\"url\":\"https:\/\/www.transtoyou.com\/nb\/\",\"name\":\"Transtoyou - NB\",\"description\":\"\",\"publisher\":{\"@id\":\"https:\/\/www.transtoyou.com\/nb\/#organization\"},\"potentialAction\":[{\"@type\":\"SearchAction\",\"target\":{\"@type\":\"EntryPoint\",\"urlTemplate\":\"https:\/\/www.transtoyou.com\/nb\/?s={search_term_string}\"},\"query-input\":{\"@type\":\"PropertyValueSpecification\",\"valueRequired\":true,\"valueName\":\"search_term_string\"}}],\"inLanguage\":\"nb-NO\"},{\"@type\":\"Organization\",\"@id\":\"https:\/\/www.transtoyou.com\/nb\/#organization\",\"name\":\"Transtoyou - NB\",\"url\":\"https:\/\/www.transtoyou.com\/nb\/\",\"logo\":{\"@type\":\"ImageObject\",\"inLanguage\":\"nb-NO\",\"@id\":\"https:\/\/www.transtoyou.com\/nb\/#\/schema\/logo\/image\/\",\"url\":\"https:\/\/www.transtoyou.com\/nb\/wp-content\/uploads\/sites\/10\/2026\/01\/logo-tty-menu-bar-300x87-1.webp\",\"contentUrl\":\"https:\/\/www.transtoyou.com\/nb\/wp-content\/uploads\/sites\/10\/2026\/01\/logo-tty-menu-bar-300x87-1.webp\",\"width\":300,\"height\":87,\"caption\":\"Transtoyou - NB\"},\"image\":{\"@id\":\"https:\/\/www.transtoyou.com\/nb\/#\/schema\/logo\/image\/\"}}]}<\/script>\n<!-- \/ Yoast SEO plugin. -->","yoast_head_json":{"title":"Ezetimibe (Ezetrol) | Senker LDL-kolesterol - Transtoyou","description":"Ezetimibe (Ezetrol) reduserer kolesterolabsorpsjon og forbedrer LDL-kontroll. Utforsk fordelene p\u00e5 Transtoyou i dag.","robots":{"index":"noindex","follow":"follow","max-snippet":"max-snippet:-1","max-image-preview":"max-image-preview:large","max-video-preview":"max-video-preview:-1"},"og_locale":"nb_NO","og_type":"article","og_title":"Ezetimibe (Ezetrol) | Senker LDL-kolesterol - Transtoyou","og_description":"Ezetimibe (Ezetrol) reduserer kolesterolabsorpsjon og forbedrer LDL-kontroll. Utforsk fordelene p\u00e5 Transtoyou i dag.","og_url":"https:\/\/www.transtoyou.com\/nb\/product\/ezetimibe-ezetrol\/","og_site_name":"Transtoyou - NB","article_modified_time":"2026-01-25T03:10:49+00:00","twitter_card":"summary_large_image","twitter_misc":{"Ansl. lesetid":"1 minutt"},"schema":{"@context":"https:\/\/schema.org","@graph":[{"@type":"WebPage","@id":"https:\/\/www.transtoyou.com\/nb\/product\/ezetimibe-ezetrol\/","url":"https:\/\/www.transtoyou.com\/nb\/product\/ezetimibe-ezetrol\/","name":"Ezetimibe (Ezetrol) | Senker LDL-kolesterol - Transtoyou","isPartOf":{"@id":"https:\/\/www.transtoyou.com\/nb\/#website"},"primaryImageOfPage":{"@id":"https:\/\/www.transtoyou.com\/nb\/product\/ezetimibe-ezetrol\/#primaryimage"},"image":{"@id":"https:\/\/www.transtoyou.com\/nb\/product\/ezetimibe-ezetrol\/#primaryimage"},"thumbnailUrl":"https:\/\/www.transtoyou.com\/nb\/wp-content\/uploads\/sites\/10\/2026\/01\/tty-no-product-image-140.webp","datePublished":"2026-01-25T03:09:49+00:00","dateModified":"2026-01-25T03:10:49+00:00","description":"Ezetimibe (Ezetrol) reduserer kolesterolabsorpsjon og forbedrer LDL-kontroll. Utforsk fordelene p\u00e5 Transtoyou i dag.","breadcrumb":{"@id":"https:\/\/www.transtoyou.com\/nb\/product\/ezetimibe-ezetrol\/#breadcrumb"},"inLanguage":"nb-NO","potentialAction":[{"@type":"ReadAction","target":["https:\/\/www.transtoyou.com\/nb\/product\/ezetimibe-ezetrol\/"]}]},{"@type":"ImageObject","inLanguage":"nb-NO","@id":"https:\/\/www.transtoyou.com\/nb\/product\/ezetimibe-ezetrol\/#primaryimage","url":"https:\/\/www.transtoyou.com\/nb\/wp-content\/uploads\/sites\/10\/2026\/01\/tty-no-product-image-140.webp","contentUrl":"https:\/\/www.transtoyou.com\/nb\/wp-content\/uploads\/sites\/10\/2026\/01\/tty-no-product-image-140.webp","width":1000,"height":1000,"caption":"Standard produktbilde"},{"@type":"WebSite","@id":"https:\/\/www.transtoyou.com\/nb\/#website","url":"https:\/\/www.transtoyou.com\/nb\/","name":"Transtoyou - NB","description":"","publisher":{"@id":"https:\/\/www.transtoyou.com\/nb\/#organization"},"potentialAction":[{"@type":"SearchAction","target":{"@type":"EntryPoint","urlTemplate":"https:\/\/www.transtoyou.com\/nb\/?s={search_term_string}"},"query-input":{"@type":"PropertyValueSpecification","valueRequired":true,"valueName":"search_term_string"}}],"inLanguage":"nb-NO"},{"@type":"Organization","@id":"https:\/\/www.transtoyou.com\/nb\/#organization","name":"Transtoyou - NB","url":"https:\/\/www.transtoyou.com\/nb\/","logo":{"@type":"ImageObject","inLanguage":"nb-NO","@id":"https:\/\/www.transtoyou.com\/nb\/#\/schema\/logo\/image\/","url":"https:\/\/www.transtoyou.com\/nb\/wp-content\/uploads\/sites\/10\/2026\/01\/logo-tty-menu-bar-300x87-1.webp","contentUrl":"https:\/\/www.transtoyou.com\/nb\/wp-content\/uploads\/sites\/10\/2026\/01\/logo-tty-menu-bar-300x87-1.webp","width":300,"height":87,"caption":"Transtoyou - NB"},"image":{"@id":"https:\/\/www.transtoyou.com\/nb\/#\/schema\/logo\/image\/"}}]}},"_links":{"self":[{"href":"https:\/\/www.transtoyou.com\/nb\/wp-json\/wp\/v2\/product\/1127","targetHints":{"allow":["GET"]}}],"collection":[{"href":"https:\/\/www.transtoyou.com\/nb\/wp-json\/wp\/v2\/product"}],"about":[{"href":"https:\/\/www.transtoyou.com\/nb\/wp-json\/wp\/v2\/types\/product"}],"replies":[{"embeddable":true,"href":"https:\/\/www.transtoyou.com\/nb\/wp-json\/wp\/v2\/comments?post=1127"}],"wp:featuredmedia":[{"embeddable":true,"href":"https:\/\/www.transtoyou.com\/nb\/wp-json\/wp\/v2\/media\/1129"}],"wp:attachment":[{"href":"https:\/\/www.transtoyou.com\/nb\/wp-json\/wp\/v2\/media?parent=1127"}],"wp:term":[{"taxonomy":"product_brand","embeddable":true,"href":"https:\/\/www.transtoyou.com\/nb\/wp-json\/wp\/v2\/product_brand?post=1127"},{"taxonomy":"product_cat","embeddable":true,"href":"https:\/\/www.transtoyou.com\/nb\/wp-json\/wp\/v2\/product_cat?post=1127"},{"taxonomy":"product_tag","embeddable":true,"href":"https:\/\/www.transtoyou.com\/nb\/wp-json\/wp\/v2\/product_tag?post=1127"},{"taxonomy":"expert","embeddable":true,"href":"https:\/\/www.transtoyou.com\/nb\/wp-json\/wp\/v2\/expert?post=1127"}],"curies":[{"name":"wp","href":"https:\/\/api.w.org\/{rel}","templated":true}]}}