{"id":1130,"date":"2026-01-25T05:26:54","date_gmt":"2026-01-25T03:26:54","guid":{"rendered":"https:\/\/www.transtoyou.com\/nb\/product\/nystan\/"},"modified":"2026-02-28T13:35:34","modified_gmt":"2026-02-28T11:35:34","slug":"nystan","status":"publish","type":"product","link":"https:\/\/www.transtoyou.com\/nb\/product\/nystan\/","title":{"rendered":"Nystan"},"content":{"rendered":"<p>Nystan, som inneholder den aktive ingrediensen nystatin, er en antifungal medisin som brukes til \u00e5 behandle infeksjoner for\u00e5rsaket av Candida, en type gj\u00e6r som ofte p\u00e5virker huden og slimhinnene. Den er spesielt effektiv for \u00e5 h\u00e5ndtere lokaliserte soppinfeksjoner som munnsopp, intestinal candidiasis og vaginale gj\u00e6rinfeksjoner.<\/p>\n<p>Nystatin virker ved \u00e5 binde seg til cellemembranen til gj\u00e6ren, og lager hull som f\u00e5r celleinnholdet til \u00e5 lekke ut. Denne m\u00e5lrettede virkningen dreper soppen og forhindrer videre vekst, noe som gj\u00f8r at de ber\u00f8rte vevene kan hele og symptomene kan forsvinne. Fordi den kun virker i omr\u00e5det der den p\u00e5f\u00f8res eller inntas, anses nystatin som en lokal behandling og blir ikke betydelig absorbert i blodstr\u00f8mmen.<\/p>\n<p>For vaginale infeksjoner brukes Nystan for \u00e5 lindre kl\u00f8e, irritasjon og unormal utflod assosiert med vaginal sopp.<\/p>\n<p>Nystatin brukes ogs\u00e5 i oral suspensjon eller pastiller for \u00e5 behandle orale Candida-infeksjoner (sopp), spesielt hos pasienter som bruker inhalerte steroider, bruker proteser eller opplever svekket immunforsvar. N\u00e5r det foreskrives for intestinal candidiasis, hjelper det med \u00e5 kontrollere gj\u00e6rvekst i ford\u00f8yelseskanalen.<\/p>\n<p>Nystan tolereres generelt godt, bivirkninger er sjeldne, men kan inkludere mild gastrointestinal ubehag eller lokal irritasjon.<\/p>\n","protected":false},"excerpt":{"rendered":"<ul>\n<li>Retter seg mot lokal Candida-overvekst<\/li>\n<li>Sk\u00e5nsom, ikke-systemisk soppbehandling<\/li>\n<li>Lindrer soppinfeksjoner og gj\u00e6rinfeksjoner<\/li>\n<\/ul>\n","protected":false},"featured_media":1132,"comment_status":"open","ping_status":"closed","template":"","meta":[],"product_brand":[],"product_cat":[89,174],"product_tag":[],"expert":[16],"class_list":{"0":"post-1130","1":"product","2":"type-product","3":"status-publish","4":"has-post-thumbnail","6":"product_cat-candida","7":"product_cat-vaginale-infeksjoner-antifungaler","8":"expert-dr-c-alexandru","10":"first","11":"instock","12":"shipping-taxable","13":"product-type-variable"},"yoast_head":"<!-- This site is optimized with the Yoast SEO plugin v27.0 - https:\/\/yoast.com\/product\/yoast-seo-wordpress\/ -->\n<title>Nystan | Effektiv Antifungal Behandling - Transtoyou<\/title>\n<meta name=\"description\" content=\"Nystan behandler Candida-infeksjoner som munnsopp og vaginal sopp. Kj\u00f8p n\u00e5 for effektiv lindring. Tilgjengelig hos Transtoyou.\" \/>\n<meta name=\"robots\" content=\"noindex, follow, max-snippet:-1, max-image-preview:large, max-video-preview:-1\" \/>\n<meta property=\"og:locale\" content=\"nb_NO\" \/>\n<meta property=\"og:type\" content=\"article\" \/>\n<meta property=\"og:title\" content=\"Nystan | Effektiv Antifungal Behandling - Transtoyou\" \/>\n<meta property=\"og:description\" content=\"Nystan behandler Candida-infeksjoner som munnsopp og vaginal sopp. Kj\u00f8p n\u00e5 for effektiv lindring. Tilgjengelig hos Transtoyou.\" \/>\n<meta property=\"og:url\" content=\"https:\/\/www.transtoyou.com\/nb\/product\/nystan\/\" \/>\n<meta property=\"og:site_name\" content=\"Transtoyou - NB\" \/>\n<meta property=\"article:modified_time\" content=\"2026-02-28T11:35:34+00:00\" \/>\n<meta name=\"twitter:card\" content=\"summary_large_image\" \/>\n<meta name=\"twitter:label1\" content=\"Ansl. lesetid\" \/>\n\t<meta name=\"twitter:data1\" content=\"1 minutt\" \/>\n<script type=\"application\/ld+json\" class=\"yoast-schema-graph\">{\"@context\":\"https:\/\/schema.org\",\"@graph\":[{\"@type\":\"WebPage\",\"@id\":\"https:\/\/www.transtoyou.com\/nb\/product\/nystan\/\",\"url\":\"https:\/\/www.transtoyou.com\/nb\/product\/nystan\/\",\"name\":\"Nystan | Effektiv Antifungal Behandling - Transtoyou\",\"isPartOf\":{\"@id\":\"https:\/\/www.transtoyou.com\/nb\/#website\"},\"primaryImageOfPage\":{\"@id\":\"https:\/\/www.transtoyou.com\/nb\/product\/nystan\/#primaryimage\"},\"image\":{\"@id\":\"https:\/\/www.transtoyou.com\/nb\/product\/nystan\/#primaryimage\"},\"thumbnailUrl\":\"https:\/\/www.transtoyou.com\/nb\/wp-content\/uploads\/sites\/10\/2026\/01\/tty-no-product-image-141.webp\",\"datePublished\":\"2026-01-25T03:26:54+00:00\",\"dateModified\":\"2026-02-28T11:35:34+00:00\",\"description\":\"Nystan behandler Candida-infeksjoner som munnsopp og vaginal sopp. Kj\u00f8p n\u00e5 for effektiv lindring. Tilgjengelig hos Transtoyou.\",\"breadcrumb\":{\"@id\":\"https:\/\/www.transtoyou.com\/nb\/product\/nystan\/#breadcrumb\"},\"inLanguage\":\"nb-NO\",\"potentialAction\":[{\"@type\":\"ReadAction\",\"target\":[\"https:\/\/www.transtoyou.com\/nb\/product\/nystan\/\"]}]},{\"@type\":\"ImageObject\",\"inLanguage\":\"nb-NO\",\"@id\":\"https:\/\/www.transtoyou.com\/nb\/product\/nystan\/#primaryimage\",\"url\":\"https:\/\/www.transtoyou.com\/nb\/wp-content\/uploads\/sites\/10\/2026\/01\/tty-no-product-image-141.webp\",\"contentUrl\":\"https:\/\/www.transtoyou.com\/nb\/wp-content\/uploads\/sites\/10\/2026\/01\/tty-no-product-image-141.webp\",\"width\":1000,\"height\":1000,\"caption\":\"Standard produktbilde\"},{\"@type\":\"WebSite\",\"@id\":\"https:\/\/www.transtoyou.com\/nb\/#website\",\"url\":\"https:\/\/www.transtoyou.com\/nb\/\",\"name\":\"Transtoyou - NB\",\"description\":\"\",\"publisher\":{\"@id\":\"https:\/\/www.transtoyou.com\/nb\/#organization\"},\"potentialAction\":[{\"@type\":\"SearchAction\",\"target\":{\"@type\":\"EntryPoint\",\"urlTemplate\":\"https:\/\/www.transtoyou.com\/nb\/?s={search_term_string}\"},\"query-input\":{\"@type\":\"PropertyValueSpecification\",\"valueRequired\":true,\"valueName\":\"search_term_string\"}}],\"inLanguage\":\"nb-NO\"},{\"@type\":\"Organization\",\"@id\":\"https:\/\/www.transtoyou.com\/nb\/#organization\",\"name\":\"Transtoyou - NB\",\"url\":\"https:\/\/www.transtoyou.com\/nb\/\",\"logo\":{\"@type\":\"ImageObject\",\"inLanguage\":\"nb-NO\",\"@id\":\"https:\/\/www.transtoyou.com\/nb\/#\/schema\/logo\/image\/\",\"url\":\"https:\/\/www.transtoyou.com\/nb\/wp-content\/uploads\/sites\/10\/2026\/01\/logo-tty-menu-bar-300x87-1.webp\",\"contentUrl\":\"https:\/\/www.transtoyou.com\/nb\/wp-content\/uploads\/sites\/10\/2026\/01\/logo-tty-menu-bar-300x87-1.webp\",\"width\":300,\"height\":87,\"caption\":\"Transtoyou - NB\"},\"image\":{\"@id\":\"https:\/\/www.transtoyou.com\/nb\/#\/schema\/logo\/image\/\"}}]}<\/script>\n<!-- \/ Yoast SEO plugin. -->","yoast_head_json":{"title":"Nystan | Effektiv Antifungal Behandling - Transtoyou","description":"Nystan behandler Candida-infeksjoner som munnsopp og vaginal sopp. Kj\u00f8p n\u00e5 for effektiv lindring. Tilgjengelig hos Transtoyou.","robots":{"index":"noindex","follow":"follow","max-snippet":"max-snippet:-1","max-image-preview":"max-image-preview:large","max-video-preview":"max-video-preview:-1"},"og_locale":"nb_NO","og_type":"article","og_title":"Nystan | Effektiv Antifungal Behandling - Transtoyou","og_description":"Nystan behandler Candida-infeksjoner som munnsopp og vaginal sopp. Kj\u00f8p n\u00e5 for effektiv lindring. Tilgjengelig hos Transtoyou.","og_url":"https:\/\/www.transtoyou.com\/nb\/product\/nystan\/","og_site_name":"Transtoyou - NB","article_modified_time":"2026-02-28T11:35:34+00:00","twitter_card":"summary_large_image","twitter_misc":{"Ansl. lesetid":"1 minutt"},"schema":{"@context":"https:\/\/schema.org","@graph":[{"@type":"WebPage","@id":"https:\/\/www.transtoyou.com\/nb\/product\/nystan\/","url":"https:\/\/www.transtoyou.com\/nb\/product\/nystan\/","name":"Nystan | Effektiv Antifungal Behandling - Transtoyou","isPartOf":{"@id":"https:\/\/www.transtoyou.com\/nb\/#website"},"primaryImageOfPage":{"@id":"https:\/\/www.transtoyou.com\/nb\/product\/nystan\/#primaryimage"},"image":{"@id":"https:\/\/www.transtoyou.com\/nb\/product\/nystan\/#primaryimage"},"thumbnailUrl":"https:\/\/www.transtoyou.com\/nb\/wp-content\/uploads\/sites\/10\/2026\/01\/tty-no-product-image-141.webp","datePublished":"2026-01-25T03:26:54+00:00","dateModified":"2026-02-28T11:35:34+00:00","description":"Nystan behandler Candida-infeksjoner som munnsopp og vaginal sopp. Kj\u00f8p n\u00e5 for effektiv lindring. Tilgjengelig hos Transtoyou.","breadcrumb":{"@id":"https:\/\/www.transtoyou.com\/nb\/product\/nystan\/#breadcrumb"},"inLanguage":"nb-NO","potentialAction":[{"@type":"ReadAction","target":["https:\/\/www.transtoyou.com\/nb\/product\/nystan\/"]}]},{"@type":"ImageObject","inLanguage":"nb-NO","@id":"https:\/\/www.transtoyou.com\/nb\/product\/nystan\/#primaryimage","url":"https:\/\/www.transtoyou.com\/nb\/wp-content\/uploads\/sites\/10\/2026\/01\/tty-no-product-image-141.webp","contentUrl":"https:\/\/www.transtoyou.com\/nb\/wp-content\/uploads\/sites\/10\/2026\/01\/tty-no-product-image-141.webp","width":1000,"height":1000,"caption":"Standard produktbilde"},{"@type":"WebSite","@id":"https:\/\/www.transtoyou.com\/nb\/#website","url":"https:\/\/www.transtoyou.com\/nb\/","name":"Transtoyou - NB","description":"","publisher":{"@id":"https:\/\/www.transtoyou.com\/nb\/#organization"},"potentialAction":[{"@type":"SearchAction","target":{"@type":"EntryPoint","urlTemplate":"https:\/\/www.transtoyou.com\/nb\/?s={search_term_string}"},"query-input":{"@type":"PropertyValueSpecification","valueRequired":true,"valueName":"search_term_string"}}],"inLanguage":"nb-NO"},{"@type":"Organization","@id":"https:\/\/www.transtoyou.com\/nb\/#organization","name":"Transtoyou - NB","url":"https:\/\/www.transtoyou.com\/nb\/","logo":{"@type":"ImageObject","inLanguage":"nb-NO","@id":"https:\/\/www.transtoyou.com\/nb\/#\/schema\/logo\/image\/","url":"https:\/\/www.transtoyou.com\/nb\/wp-content\/uploads\/sites\/10\/2026\/01\/logo-tty-menu-bar-300x87-1.webp","contentUrl":"https:\/\/www.transtoyou.com\/nb\/wp-content\/uploads\/sites\/10\/2026\/01\/logo-tty-menu-bar-300x87-1.webp","width":300,"height":87,"caption":"Transtoyou - NB"},"image":{"@id":"https:\/\/www.transtoyou.com\/nb\/#\/schema\/logo\/image\/"}}]}},"_links":{"self":[{"href":"https:\/\/www.transtoyou.com\/nb\/wp-json\/wp\/v2\/product\/1130","targetHints":{"allow":["GET"]}}],"collection":[{"href":"https:\/\/www.transtoyou.com\/nb\/wp-json\/wp\/v2\/product"}],"about":[{"href":"https:\/\/www.transtoyou.com\/nb\/wp-json\/wp\/v2\/types\/product"}],"replies":[{"embeddable":true,"href":"https:\/\/www.transtoyou.com\/nb\/wp-json\/wp\/v2\/comments?post=1130"}],"wp:featuredmedia":[{"embeddable":true,"href":"https:\/\/www.transtoyou.com\/nb\/wp-json\/wp\/v2\/media\/1132"}],"wp:attachment":[{"href":"https:\/\/www.transtoyou.com\/nb\/wp-json\/wp\/v2\/media?parent=1130"}],"wp:term":[{"taxonomy":"product_brand","embeddable":true,"href":"https:\/\/www.transtoyou.com\/nb\/wp-json\/wp\/v2\/product_brand?post=1130"},{"taxonomy":"product_cat","embeddable":true,"href":"https:\/\/www.transtoyou.com\/nb\/wp-json\/wp\/v2\/product_cat?post=1130"},{"taxonomy":"product_tag","embeddable":true,"href":"https:\/\/www.transtoyou.com\/nb\/wp-json\/wp\/v2\/product_tag?post=1130"},{"taxonomy":"expert","embeddable":true,"href":"https:\/\/www.transtoyou.com\/nb\/wp-json\/wp\/v2\/expert?post=1130"}],"curies":[{"name":"wp","href":"https:\/\/api.w.org\/{rel}","templated":true}]}}