{"id":1136,"date":"2026-01-25T06:01:09","date_gmt":"2026-01-25T04:01:09","guid":{"rendered":"https:\/\/www.transtoyou.com\/nb\/product\/nitrofurantoin\/"},"modified":"2026-02-28T13:10:29","modified_gmt":"2026-02-28T11:10:29","slug":"nitrofurantoin","status":"publish","type":"product","link":"https:\/\/www.transtoyou.com\/nb\/product\/nitrofurantoin\/","title":{"rendered":"Nitrofurantoin"},"content":{"rendered":"<p>Nitrofurantoin er et antibiotikum som ofte foreskrives for \u00e5 behandle og forebygge urinveisinfeksjoner (UVI), spesielt de som p\u00e5virker bl\u00e6ren. Det er spesielt effektivt mot bakteriene som oftest for\u00e5rsaker nedre urinveisinfeksjoner, som Escherichia coli (E. coli), og brukes mye for ukomplisert bl\u00e6rekatarr hos kvinner.<\/p>\n<p>Nitrofurantoin virker ved \u00e5 komme inn i urinen og m\u00e5lrette bakterier i urinveiene direkte. Det forstyrrer bakteriell metabolisme og skader bakteriell DNA, noe som stopper infeksjonen fra \u00e5 spre seg og lar kroppen rydde opp mer effektivt. Fordi legemidlet konsentreres i urinen, er det spesielt egnet for infeksjoner som er begrenset til de nedre urinveiene.<\/p>\n<p>Det tas vanligvis som en kort kur med tabletter, vanligvis over tre til syv dager. I noen tilfeller kan nitrofurantoin ogs\u00e5 brukes i lave doser som et langvarig forebyggende tiltak for personer som opplever tilbakevendende UVI.<\/p>\n<p>Symptomer som svie ved vannlating, hyppige trang til \u00e5 urinere, og ubehag i nedre del av magen begynner ofte \u00e5 forbedre seg innen et par dager etter at medikamentet er startet. For \u00e5 sikre fullstendig bedring og forhindre resistens, er det viktig \u00e5 fullf\u00f8re den foreskrevne kuren, selv om symptomene forsvinner tidlig.<\/p>\n<p>Nitrofurantoin tolereres generelt godt, med milde bivirkninger som kvalme, hodepine eller endringer i urinens farge som de vanligste. Alvorlige bivirkninger er sjeldne, men kan forekomme hos personer med nyreproblemer eller de som tar legemidlet over lengre perioder.<\/p>\n<p>Det er ikke egnet for alle, spesielt ikke for de med nedsatt nyrefunksjon eller i de senere stadiene av svangerskapet.<\/p>\n","protected":false},"excerpt":{"rendered":"<ul>\n<li>Effektive behandlinger for urinveisinfeksjoner<\/li>\n<li>Lav risiko for resistens<\/li>\n<li>M\u00e5lrettet virkning med minimale bivirkninger<\/li>\n<\/ul>\n","protected":false},"featured_media":1138,"comment_status":"open","ping_status":"closed","template":"","meta":[],"product_brand":[],"product_cat":[86],"product_tag":[],"expert":[18],"class_list":{"0":"post-1136","1":"product","2":"type-product","3":"status-publish","4":"has-post-thumbnail","6":"product_cat-blaere-og-urinveisinfeksjoner","7":"expert-dr-g-varbanov","9":"first","10":"instock","11":"shipping-taxable","12":"product-type-variable"},"yoast_head":"<!-- This site is optimized with the Yoast SEO plugin v27.0 - https:\/\/yoast.com\/product\/yoast-seo-wordpress\/ -->\n<title>Nitrofurantoin | Effektiv Antibiotika L\u00f8sning for UVI - Transtoyou<\/title>\n<meta name=\"description\" content=\"Oppdag Nitrofurantoin for effektiv behandling av UVI. Bekjemp bakterier i urinveiene. F\u00e5 det hos Transtoyou i dag.\" \/>\n<meta name=\"robots\" content=\"noindex, follow, max-snippet:-1, max-image-preview:large, max-video-preview:-1\" \/>\n<meta property=\"og:locale\" content=\"nb_NO\" \/>\n<meta property=\"og:type\" content=\"article\" \/>\n<meta property=\"og:title\" content=\"Nitrofurantoin | Effektiv Antibiotika L\u00f8sning for UVI - Transtoyou\" \/>\n<meta property=\"og:description\" content=\"Oppdag Nitrofurantoin for effektiv behandling av UVI. Bekjemp bakterier i urinveiene. F\u00e5 det hos Transtoyou i dag.\" \/>\n<meta property=\"og:url\" content=\"https:\/\/www.transtoyou.com\/nb\/product\/nitrofurantoin\/\" \/>\n<meta property=\"og:site_name\" content=\"Transtoyou - NB\" \/>\n<meta property=\"article:modified_time\" content=\"2026-02-28T11:10:29+00:00\" \/>\n<meta name=\"twitter:card\" content=\"summary_large_image\" \/>\n<meta name=\"twitter:label1\" content=\"Ansl. lesetid\" \/>\n\t<meta name=\"twitter:data1\" content=\"1 minutt\" \/>\n<script type=\"application\/ld+json\" class=\"yoast-schema-graph\">{\"@context\":\"https:\/\/schema.org\",\"@graph\":[{\"@type\":\"WebPage\",\"@id\":\"https:\/\/www.transtoyou.com\/nb\/product\/nitrofurantoin\/\",\"url\":\"https:\/\/www.transtoyou.com\/nb\/product\/nitrofurantoin\/\",\"name\":\"Nitrofurantoin | Effektiv Antibiotika L\u00f8sning for UVI - Transtoyou\",\"isPartOf\":{\"@id\":\"https:\/\/www.transtoyou.com\/nb\/#website\"},\"primaryImageOfPage\":{\"@id\":\"https:\/\/www.transtoyou.com\/nb\/product\/nitrofurantoin\/#primaryimage\"},\"image\":{\"@id\":\"https:\/\/www.transtoyou.com\/nb\/product\/nitrofurantoin\/#primaryimage\"},\"thumbnailUrl\":\"https:\/\/www.transtoyou.com\/nb\/wp-content\/uploads\/sites\/10\/2026\/01\/tty-no-product-image-143.webp\",\"datePublished\":\"2026-01-25T04:01:09+00:00\",\"dateModified\":\"2026-02-28T11:10:29+00:00\",\"description\":\"Oppdag Nitrofurantoin for effektiv behandling av UVI. Bekjemp bakterier i urinveiene. F\u00e5 det hos Transtoyou i dag.\",\"breadcrumb\":{\"@id\":\"https:\/\/www.transtoyou.com\/nb\/product\/nitrofurantoin\/#breadcrumb\"},\"inLanguage\":\"nb-NO\",\"potentialAction\":[{\"@type\":\"ReadAction\",\"target\":[\"https:\/\/www.transtoyou.com\/nb\/product\/nitrofurantoin\/\"]}]},{\"@type\":\"ImageObject\",\"inLanguage\":\"nb-NO\",\"@id\":\"https:\/\/www.transtoyou.com\/nb\/product\/nitrofurantoin\/#primaryimage\",\"url\":\"https:\/\/www.transtoyou.com\/nb\/wp-content\/uploads\/sites\/10\/2026\/01\/tty-no-product-image-143.webp\",\"contentUrl\":\"https:\/\/www.transtoyou.com\/nb\/wp-content\/uploads\/sites\/10\/2026\/01\/tty-no-product-image-143.webp\",\"width\":1000,\"height\":1000,\"caption\":\"Standard produktbilde\"},{\"@type\":\"WebSite\",\"@id\":\"https:\/\/www.transtoyou.com\/nb\/#website\",\"url\":\"https:\/\/www.transtoyou.com\/nb\/\",\"name\":\"Transtoyou - NB\",\"description\":\"\",\"publisher\":{\"@id\":\"https:\/\/www.transtoyou.com\/nb\/#organization\"},\"potentialAction\":[{\"@type\":\"SearchAction\",\"target\":{\"@type\":\"EntryPoint\",\"urlTemplate\":\"https:\/\/www.transtoyou.com\/nb\/?s={search_term_string}\"},\"query-input\":{\"@type\":\"PropertyValueSpecification\",\"valueRequired\":true,\"valueName\":\"search_term_string\"}}],\"inLanguage\":\"nb-NO\"},{\"@type\":\"Organization\",\"@id\":\"https:\/\/www.transtoyou.com\/nb\/#organization\",\"name\":\"Transtoyou - NB\",\"url\":\"https:\/\/www.transtoyou.com\/nb\/\",\"logo\":{\"@type\":\"ImageObject\",\"inLanguage\":\"nb-NO\",\"@id\":\"https:\/\/www.transtoyou.com\/nb\/#\/schema\/logo\/image\/\",\"url\":\"https:\/\/www.transtoyou.com\/nb\/wp-content\/uploads\/sites\/10\/2026\/01\/logo-tty-menu-bar-300x87-1.webp\",\"contentUrl\":\"https:\/\/www.transtoyou.com\/nb\/wp-content\/uploads\/sites\/10\/2026\/01\/logo-tty-menu-bar-300x87-1.webp\",\"width\":300,\"height\":87,\"caption\":\"Transtoyou - NB\"},\"image\":{\"@id\":\"https:\/\/www.transtoyou.com\/nb\/#\/schema\/logo\/image\/\"}}]}<\/script>\n<!-- \/ Yoast SEO plugin. -->","yoast_head_json":{"title":"Nitrofurantoin | Effektiv Antibiotika L\u00f8sning for UVI - Transtoyou","description":"Oppdag Nitrofurantoin for effektiv behandling av UVI. Bekjemp bakterier i urinveiene. F\u00e5 det hos Transtoyou i dag.","robots":{"index":"noindex","follow":"follow","max-snippet":"max-snippet:-1","max-image-preview":"max-image-preview:large","max-video-preview":"max-video-preview:-1"},"og_locale":"nb_NO","og_type":"article","og_title":"Nitrofurantoin | Effektiv Antibiotika L\u00f8sning for UVI - Transtoyou","og_description":"Oppdag Nitrofurantoin for effektiv behandling av UVI. Bekjemp bakterier i urinveiene. F\u00e5 det hos Transtoyou i dag.","og_url":"https:\/\/www.transtoyou.com\/nb\/product\/nitrofurantoin\/","og_site_name":"Transtoyou - NB","article_modified_time":"2026-02-28T11:10:29+00:00","twitter_card":"summary_large_image","twitter_misc":{"Ansl. lesetid":"1 minutt"},"schema":{"@context":"https:\/\/schema.org","@graph":[{"@type":"WebPage","@id":"https:\/\/www.transtoyou.com\/nb\/product\/nitrofurantoin\/","url":"https:\/\/www.transtoyou.com\/nb\/product\/nitrofurantoin\/","name":"Nitrofurantoin | Effektiv Antibiotika L\u00f8sning for UVI - Transtoyou","isPartOf":{"@id":"https:\/\/www.transtoyou.com\/nb\/#website"},"primaryImageOfPage":{"@id":"https:\/\/www.transtoyou.com\/nb\/product\/nitrofurantoin\/#primaryimage"},"image":{"@id":"https:\/\/www.transtoyou.com\/nb\/product\/nitrofurantoin\/#primaryimage"},"thumbnailUrl":"https:\/\/www.transtoyou.com\/nb\/wp-content\/uploads\/sites\/10\/2026\/01\/tty-no-product-image-143.webp","datePublished":"2026-01-25T04:01:09+00:00","dateModified":"2026-02-28T11:10:29+00:00","description":"Oppdag Nitrofurantoin for effektiv behandling av UVI. Bekjemp bakterier i urinveiene. F\u00e5 det hos Transtoyou i dag.","breadcrumb":{"@id":"https:\/\/www.transtoyou.com\/nb\/product\/nitrofurantoin\/#breadcrumb"},"inLanguage":"nb-NO","potentialAction":[{"@type":"ReadAction","target":["https:\/\/www.transtoyou.com\/nb\/product\/nitrofurantoin\/"]}]},{"@type":"ImageObject","inLanguage":"nb-NO","@id":"https:\/\/www.transtoyou.com\/nb\/product\/nitrofurantoin\/#primaryimage","url":"https:\/\/www.transtoyou.com\/nb\/wp-content\/uploads\/sites\/10\/2026\/01\/tty-no-product-image-143.webp","contentUrl":"https:\/\/www.transtoyou.com\/nb\/wp-content\/uploads\/sites\/10\/2026\/01\/tty-no-product-image-143.webp","width":1000,"height":1000,"caption":"Standard produktbilde"},{"@type":"WebSite","@id":"https:\/\/www.transtoyou.com\/nb\/#website","url":"https:\/\/www.transtoyou.com\/nb\/","name":"Transtoyou - NB","description":"","publisher":{"@id":"https:\/\/www.transtoyou.com\/nb\/#organization"},"potentialAction":[{"@type":"SearchAction","target":{"@type":"EntryPoint","urlTemplate":"https:\/\/www.transtoyou.com\/nb\/?s={search_term_string}"},"query-input":{"@type":"PropertyValueSpecification","valueRequired":true,"valueName":"search_term_string"}}],"inLanguage":"nb-NO"},{"@type":"Organization","@id":"https:\/\/www.transtoyou.com\/nb\/#organization","name":"Transtoyou - NB","url":"https:\/\/www.transtoyou.com\/nb\/","logo":{"@type":"ImageObject","inLanguage":"nb-NO","@id":"https:\/\/www.transtoyou.com\/nb\/#\/schema\/logo\/image\/","url":"https:\/\/www.transtoyou.com\/nb\/wp-content\/uploads\/sites\/10\/2026\/01\/logo-tty-menu-bar-300x87-1.webp","contentUrl":"https:\/\/www.transtoyou.com\/nb\/wp-content\/uploads\/sites\/10\/2026\/01\/logo-tty-menu-bar-300x87-1.webp","width":300,"height":87,"caption":"Transtoyou - NB"},"image":{"@id":"https:\/\/www.transtoyou.com\/nb\/#\/schema\/logo\/image\/"}}]}},"_links":{"self":[{"href":"https:\/\/www.transtoyou.com\/nb\/wp-json\/wp\/v2\/product\/1136","targetHints":{"allow":["GET"]}}],"collection":[{"href":"https:\/\/www.transtoyou.com\/nb\/wp-json\/wp\/v2\/product"}],"about":[{"href":"https:\/\/www.transtoyou.com\/nb\/wp-json\/wp\/v2\/types\/product"}],"replies":[{"embeddable":true,"href":"https:\/\/www.transtoyou.com\/nb\/wp-json\/wp\/v2\/comments?post=1136"}],"wp:featuredmedia":[{"embeddable":true,"href":"https:\/\/www.transtoyou.com\/nb\/wp-json\/wp\/v2\/media\/1138"}],"wp:attachment":[{"href":"https:\/\/www.transtoyou.com\/nb\/wp-json\/wp\/v2\/media?parent=1136"}],"wp:term":[{"taxonomy":"product_brand","embeddable":true,"href":"https:\/\/www.transtoyou.com\/nb\/wp-json\/wp\/v2\/product_brand?post=1136"},{"taxonomy":"product_cat","embeddable":true,"href":"https:\/\/www.transtoyou.com\/nb\/wp-json\/wp\/v2\/product_cat?post=1136"},{"taxonomy":"product_tag","embeddable":true,"href":"https:\/\/www.transtoyou.com\/nb\/wp-json\/wp\/v2\/product_tag?post=1136"},{"taxonomy":"expert","embeddable":true,"href":"https:\/\/www.transtoyou.com\/nb\/wp-json\/wp\/v2\/expert?post=1136"}],"curies":[{"name":"wp","href":"https:\/\/api.w.org\/{rel}","templated":true}]}}