{"id":1142,"date":"2026-01-25T06:36:34","date_gmt":"2026-01-25T04:36:34","guid":{"rendered":"https:\/\/www.transtoyou.com\/nb\/product\/fosfomycin\/"},"modified":"2026-01-25T06:37:33","modified_gmt":"2026-01-25T04:37:33","slug":"fosfomycin","status":"publish","type":"product","link":"https:\/\/www.transtoyou.com\/nb\/product\/fosfomycin\/","title":{"rendered":"Fosfomycin"},"content":{"rendered":"<p>Fosfomycin er et antibiotikum som brukes til \u00e5 behandle ukompliserte urinveisinfeksjoner (UVI), spesielt de som p\u00e5virker bl\u00e6ren. Det foreskrives ofte som en engangsdosebehandling, noe som gj\u00f8r det til et praktisk og effektivt alternativ for \u00e5 h\u00e5ndtere lavere urinveisinfeksjoner for\u00e5rsaket av f\u00f8lsomme bakterier, som Escherichia coli.<\/p>\n<p>Fosfomycin virker ved \u00e5 forstyrre den bakterielle celleveggen, noe som til slutt stopper veksten og spredningen av bakteriene som er ansvarlige for infeksjonen. Denne handlingen hjelper med \u00e5 lindre vanlige UVI-symptomer som smertefull vannlating, hyppige trang til \u00e5 urinere, ubehag i nedre del av magen, og grumsete eller sterkt luktende urin.<\/p>\n<p>En av de vanligste formene for fosfomycin er en pose med granuler som l\u00f8ses opp i vann og tas som en engangs oral dose. Denne engangsdosebehandlingen er spesielt tiltalende for pasienter som ser etter et enkelt og raskt virkende alternativ uten behov for en fler-dagers antibiotikakur. Innen timer etter \u00e5 ha tatt dosen, begynner mange pasienter \u00e5 merke symptomlindring.<\/p>\n<p>Fosfomycin anbefales ofte n\u00e5r f\u00f8rstelinjeantibiotika ikke er egnet, eller n\u00e5r resistens mot andre medisiner er mistenkt eller bekreftet. Bivirkninger er vanligvis milde og kortvarige. De kan inkludere hodepine, kvalme, diar\u00e9 eller vaginal irritasjon.<\/p>\n","protected":false},"excerpt":{"rendered":"<ul>\n<li>Ukompliserte urinveisinfeksjoner (f.eks. bl\u00e6rekatarr)<\/li>\n<li>Kompliserte urinveisinfeksjoner, inkludert akutt pyelonefritt<\/li>\n<li>Prophylakse av urinveisinfeksjoner f\u00f8r kirurgiske inngrep<\/li>\n<\/ul>\n","protected":false},"featured_media":1144,"comment_status":"open","ping_status":"closed","template":"","meta":[],"product_brand":[],"product_cat":[79,86],"product_tag":[],"expert":[18],"class_list":{"0":"post-1142","1":"product","2":"type-product","3":"status-publish","4":"has-post-thumbnail","6":"product_cat-antibiotika-infeksjon","7":"product_cat-blaere-og-urinveisinfeksjoner","8":"expert-dr-g-varbanov","10":"first","11":"instock","12":"shipping-taxable","13":"product-type-variable"},"yoast_head":"<!-- This site is optimized with the Yoast SEO plugin v27.0 - https:\/\/yoast.com\/product\/yoast-seo-wordpress\/ -->\n<title>Fosfomycin | Effektiv lindring av UVI - Transtoyou<\/title>\n<meta name=\"description\" content=\"Fosfomycin for UVI, tilgjengelig p\u00e5 Transtoyou. Praktisk engangs antibiotikabehandling. Kj\u00f8p n\u00e5 for effektiv lindring av UVI-symptomer.\" \/>\n<meta name=\"robots\" content=\"noindex, follow, max-snippet:-1, max-image-preview:large, max-video-preview:-1\" \/>\n<meta property=\"og:locale\" content=\"nb_NO\" \/>\n<meta property=\"og:type\" content=\"article\" \/>\n<meta property=\"og:title\" content=\"Fosfomycin | Effektiv lindring av UVI - Transtoyou\" \/>\n<meta property=\"og:description\" content=\"Fosfomycin for UVI, tilgjengelig p\u00e5 Transtoyou. Praktisk engangs antibiotikabehandling. Kj\u00f8p n\u00e5 for effektiv lindring av UVI-symptomer.\" \/>\n<meta property=\"og:url\" content=\"https:\/\/www.transtoyou.com\/nb\/product\/fosfomycin\/\" \/>\n<meta property=\"og:site_name\" content=\"Transtoyou - NB\" \/>\n<meta property=\"article:modified_time\" content=\"2026-01-25T04:37:33+00:00\" \/>\n<meta name=\"twitter:card\" content=\"summary_large_image\" \/>\n<meta name=\"twitter:label1\" content=\"Ansl. lesetid\" \/>\n\t<meta name=\"twitter:data1\" content=\"1 minutt\" \/>\n<script type=\"application\/ld+json\" class=\"yoast-schema-graph\">{\"@context\":\"https:\/\/schema.org\",\"@graph\":[{\"@type\":\"WebPage\",\"@id\":\"https:\/\/www.transtoyou.com\/nb\/product\/fosfomycin\/\",\"url\":\"https:\/\/www.transtoyou.com\/nb\/product\/fosfomycin\/\",\"name\":\"Fosfomycin | Effektiv lindring av UVI - Transtoyou\",\"isPartOf\":{\"@id\":\"https:\/\/www.transtoyou.com\/nb\/#website\"},\"primaryImageOfPage\":{\"@id\":\"https:\/\/www.transtoyou.com\/nb\/product\/fosfomycin\/#primaryimage\"},\"image\":{\"@id\":\"https:\/\/www.transtoyou.com\/nb\/product\/fosfomycin\/#primaryimage\"},\"thumbnailUrl\":\"https:\/\/www.transtoyou.com\/nb\/wp-content\/uploads\/sites\/10\/2026\/01\/tty-no-product-image-145.webp\",\"datePublished\":\"2026-01-25T04:36:34+00:00\",\"dateModified\":\"2026-01-25T04:37:33+00:00\",\"description\":\"Fosfomycin for UVI, tilgjengelig p\u00e5 Transtoyou. Praktisk engangs antibiotikabehandling. Kj\u00f8p n\u00e5 for effektiv lindring av UVI-symptomer.\",\"breadcrumb\":{\"@id\":\"https:\/\/www.transtoyou.com\/nb\/product\/fosfomycin\/#breadcrumb\"},\"inLanguage\":\"nb-NO\",\"potentialAction\":[{\"@type\":\"ReadAction\",\"target\":[\"https:\/\/www.transtoyou.com\/nb\/product\/fosfomycin\/\"]}]},{\"@type\":\"ImageObject\",\"inLanguage\":\"nb-NO\",\"@id\":\"https:\/\/www.transtoyou.com\/nb\/product\/fosfomycin\/#primaryimage\",\"url\":\"https:\/\/www.transtoyou.com\/nb\/wp-content\/uploads\/sites\/10\/2026\/01\/tty-no-product-image-145.webp\",\"contentUrl\":\"https:\/\/www.transtoyou.com\/nb\/wp-content\/uploads\/sites\/10\/2026\/01\/tty-no-product-image-145.webp\",\"width\":1000,\"height\":1000,\"caption\":\"Standard produktbilde\"},{\"@type\":\"WebSite\",\"@id\":\"https:\/\/www.transtoyou.com\/nb\/#website\",\"url\":\"https:\/\/www.transtoyou.com\/nb\/\",\"name\":\"Transtoyou - NB\",\"description\":\"\",\"publisher\":{\"@id\":\"https:\/\/www.transtoyou.com\/nb\/#organization\"},\"potentialAction\":[{\"@type\":\"SearchAction\",\"target\":{\"@type\":\"EntryPoint\",\"urlTemplate\":\"https:\/\/www.transtoyou.com\/nb\/?s={search_term_string}\"},\"query-input\":{\"@type\":\"PropertyValueSpecification\",\"valueRequired\":true,\"valueName\":\"search_term_string\"}}],\"inLanguage\":\"nb-NO\"},{\"@type\":\"Organization\",\"@id\":\"https:\/\/www.transtoyou.com\/nb\/#organization\",\"name\":\"Transtoyou - NB\",\"url\":\"https:\/\/www.transtoyou.com\/nb\/\",\"logo\":{\"@type\":\"ImageObject\",\"inLanguage\":\"nb-NO\",\"@id\":\"https:\/\/www.transtoyou.com\/nb\/#\/schema\/logo\/image\/\",\"url\":\"https:\/\/www.transtoyou.com\/nb\/wp-content\/uploads\/sites\/10\/2026\/01\/logo-tty-menu-bar-300x87-1.webp\",\"contentUrl\":\"https:\/\/www.transtoyou.com\/nb\/wp-content\/uploads\/sites\/10\/2026\/01\/logo-tty-menu-bar-300x87-1.webp\",\"width\":300,\"height\":87,\"caption\":\"Transtoyou - NB\"},\"image\":{\"@id\":\"https:\/\/www.transtoyou.com\/nb\/#\/schema\/logo\/image\/\"}}]}<\/script>\n<!-- \/ Yoast SEO plugin. -->","yoast_head_json":{"title":"Fosfomycin | Effektiv lindring av UVI - Transtoyou","description":"Fosfomycin for UVI, tilgjengelig p\u00e5 Transtoyou. Praktisk engangs antibiotikabehandling. Kj\u00f8p n\u00e5 for effektiv lindring av UVI-symptomer.","robots":{"index":"noindex","follow":"follow","max-snippet":"max-snippet:-1","max-image-preview":"max-image-preview:large","max-video-preview":"max-video-preview:-1"},"og_locale":"nb_NO","og_type":"article","og_title":"Fosfomycin | Effektiv lindring av UVI - Transtoyou","og_description":"Fosfomycin for UVI, tilgjengelig p\u00e5 Transtoyou. Praktisk engangs antibiotikabehandling. Kj\u00f8p n\u00e5 for effektiv lindring av UVI-symptomer.","og_url":"https:\/\/www.transtoyou.com\/nb\/product\/fosfomycin\/","og_site_name":"Transtoyou - NB","article_modified_time":"2026-01-25T04:37:33+00:00","twitter_card":"summary_large_image","twitter_misc":{"Ansl. lesetid":"1 minutt"},"schema":{"@context":"https:\/\/schema.org","@graph":[{"@type":"WebPage","@id":"https:\/\/www.transtoyou.com\/nb\/product\/fosfomycin\/","url":"https:\/\/www.transtoyou.com\/nb\/product\/fosfomycin\/","name":"Fosfomycin | Effektiv lindring av UVI - Transtoyou","isPartOf":{"@id":"https:\/\/www.transtoyou.com\/nb\/#website"},"primaryImageOfPage":{"@id":"https:\/\/www.transtoyou.com\/nb\/product\/fosfomycin\/#primaryimage"},"image":{"@id":"https:\/\/www.transtoyou.com\/nb\/product\/fosfomycin\/#primaryimage"},"thumbnailUrl":"https:\/\/www.transtoyou.com\/nb\/wp-content\/uploads\/sites\/10\/2026\/01\/tty-no-product-image-145.webp","datePublished":"2026-01-25T04:36:34+00:00","dateModified":"2026-01-25T04:37:33+00:00","description":"Fosfomycin for UVI, tilgjengelig p\u00e5 Transtoyou. Praktisk engangs antibiotikabehandling. Kj\u00f8p n\u00e5 for effektiv lindring av UVI-symptomer.","breadcrumb":{"@id":"https:\/\/www.transtoyou.com\/nb\/product\/fosfomycin\/#breadcrumb"},"inLanguage":"nb-NO","potentialAction":[{"@type":"ReadAction","target":["https:\/\/www.transtoyou.com\/nb\/product\/fosfomycin\/"]}]},{"@type":"ImageObject","inLanguage":"nb-NO","@id":"https:\/\/www.transtoyou.com\/nb\/product\/fosfomycin\/#primaryimage","url":"https:\/\/www.transtoyou.com\/nb\/wp-content\/uploads\/sites\/10\/2026\/01\/tty-no-product-image-145.webp","contentUrl":"https:\/\/www.transtoyou.com\/nb\/wp-content\/uploads\/sites\/10\/2026\/01\/tty-no-product-image-145.webp","width":1000,"height":1000,"caption":"Standard produktbilde"},{"@type":"WebSite","@id":"https:\/\/www.transtoyou.com\/nb\/#website","url":"https:\/\/www.transtoyou.com\/nb\/","name":"Transtoyou - NB","description":"","publisher":{"@id":"https:\/\/www.transtoyou.com\/nb\/#organization"},"potentialAction":[{"@type":"SearchAction","target":{"@type":"EntryPoint","urlTemplate":"https:\/\/www.transtoyou.com\/nb\/?s={search_term_string}"},"query-input":{"@type":"PropertyValueSpecification","valueRequired":true,"valueName":"search_term_string"}}],"inLanguage":"nb-NO"},{"@type":"Organization","@id":"https:\/\/www.transtoyou.com\/nb\/#organization","name":"Transtoyou - NB","url":"https:\/\/www.transtoyou.com\/nb\/","logo":{"@type":"ImageObject","inLanguage":"nb-NO","@id":"https:\/\/www.transtoyou.com\/nb\/#\/schema\/logo\/image\/","url":"https:\/\/www.transtoyou.com\/nb\/wp-content\/uploads\/sites\/10\/2026\/01\/logo-tty-menu-bar-300x87-1.webp","contentUrl":"https:\/\/www.transtoyou.com\/nb\/wp-content\/uploads\/sites\/10\/2026\/01\/logo-tty-menu-bar-300x87-1.webp","width":300,"height":87,"caption":"Transtoyou - NB"},"image":{"@id":"https:\/\/www.transtoyou.com\/nb\/#\/schema\/logo\/image\/"}}]}},"_links":{"self":[{"href":"https:\/\/www.transtoyou.com\/nb\/wp-json\/wp\/v2\/product\/1142","targetHints":{"allow":["GET"]}}],"collection":[{"href":"https:\/\/www.transtoyou.com\/nb\/wp-json\/wp\/v2\/product"}],"about":[{"href":"https:\/\/www.transtoyou.com\/nb\/wp-json\/wp\/v2\/types\/product"}],"replies":[{"embeddable":true,"href":"https:\/\/www.transtoyou.com\/nb\/wp-json\/wp\/v2\/comments?post=1142"}],"wp:featuredmedia":[{"embeddable":true,"href":"https:\/\/www.transtoyou.com\/nb\/wp-json\/wp\/v2\/media\/1144"}],"wp:attachment":[{"href":"https:\/\/www.transtoyou.com\/nb\/wp-json\/wp\/v2\/media?parent=1142"}],"wp:term":[{"taxonomy":"product_brand","embeddable":true,"href":"https:\/\/www.transtoyou.com\/nb\/wp-json\/wp\/v2\/product_brand?post=1142"},{"taxonomy":"product_cat","embeddable":true,"href":"https:\/\/www.transtoyou.com\/nb\/wp-json\/wp\/v2\/product_cat?post=1142"},{"taxonomy":"product_tag","embeddable":true,"href":"https:\/\/www.transtoyou.com\/nb\/wp-json\/wp\/v2\/product_tag?post=1142"},{"taxonomy":"expert","embeddable":true,"href":"https:\/\/www.transtoyou.com\/nb\/wp-json\/wp\/v2\/expert?post=1142"}],"curies":[{"name":"wp","href":"https:\/\/api.w.org\/{rel}","templated":true}]}}