{"id":1151,"date":"2026-01-25T07:30:08","date_gmt":"2026-01-25T05:30:08","guid":{"rendered":"https:\/\/www.transtoyou.com\/nb\/product\/relvar\/"},"modified":"2026-03-03T13:14:36","modified_gmt":"2026-03-03T11:14:36","slug":"relvar","status":"publish","type":"product","link":"https:\/\/www.transtoyou.com\/nb\/product\/relvar\/","title":{"rendered":"Relvar"},"content":{"rendered":"<p>\u00c5 h\u00e5ndtere kroniske luftveissykdommer kan v\u00e6re utfordrende, men Relvar tilbyr en praktisk og effektiv l\u00f8sning for astma- og KOLS-pasienter. Denne kombinasjonsinhalatoren gir langvarig symptomkontroll, som hjelper enkeltpersoner med \u00e5 puste lettere og opprettholde en bedre livskvalitet.<\/p>\n<p>Relvar inneholder to aktive ingredienser: flutikasonfuroat, et kortikosteroid som reduserer betennelse i luftveiene, og vilanterol, en langtidsvirkende beta-agonist som hjelper med \u00e5 holde luftveiene \u00e5pne. Ved \u00e5 samarbeide gir disse komponentene 24-timers respiratorisk st\u00f8tte med bare \u00e9n daglig dose.<\/p>\n<p>I motsetning til hurtigvirkende inhalatorer er Relvar designet for konsekvent, langvarig bruk som en del av en vedlikeholdsbehandlingsplan. Den bidrar til \u00e5 forhindre forverringer, forbedrer lungefunksjonen og reduserer behovet for redningsmedikamenter.<\/p>\n<p>Selv om den generelt tolereres godt, kan noen enkeltpersoner oppleve milde bivirkninger som halsirritasjon, heshet eller soppinfeksjoner i munnen, som kan minimeres ved \u00e5 skylle munnen etter bruk. Relvar b\u00f8r alltid brukes under medisinsk tilsyn for \u00e5 sikre riktig h\u00e5ndtering av luftveissykdommer.<\/p>\n","protected":false},"excerpt":{"rendered":"<ul>\n<li>Gir 24-timers kontroll over astma og KOLS.<\/li>\n<li>Reduserer betennelse og holder luftveiene \u00e5pne.<\/li>\n<li>Praktisk engangsdose daglig.<\/li>\n<\/ul>\n","protected":false},"featured_media":1153,"comment_status":"open","ping_status":"closed","template":"","meta":[],"product_brand":[],"product_cat":[80,98],"product_tag":[],"expert":[16],"class_list":{"0":"post-1151","1":"product","2":"type-product","3":"status-publish","4":"has-post-thumbnail","6":"product_cat-astma","7":"product_cat-kols","8":"expert-dr-c-alexandru","10":"first","11":"instock","12":"shipping-taxable","13":"product-type-variable"},"yoast_head":"<!-- This site is optimized with the Yoast SEO plugin v27.0 - https:\/\/yoast.com\/product\/yoast-seo-wordpress\/ -->\n<title>Relvar | Pust lettere med 24-timers st\u00f8tte - Transtoyou<\/title>\n<meta name=\"description\" content=\"Relvar: H\u00e5ndter astma og KOLS enkelt. Langvarig symptomkontroll i \u00e9n daglig dose. Finnes p\u00e5 Transtoyou. Kj\u00f8p n\u00e5 for bedre pust.\" \/>\n<meta name=\"robots\" content=\"noindex, follow, max-snippet:-1, max-image-preview:large, max-video-preview:-1\" \/>\n<meta property=\"og:locale\" content=\"nb_NO\" \/>\n<meta property=\"og:type\" content=\"article\" \/>\n<meta property=\"og:title\" content=\"Relvar | Pust lettere med 24-timers st\u00f8tte - Transtoyou\" \/>\n<meta property=\"og:description\" content=\"Relvar: H\u00e5ndter astma og KOLS enkelt. Langvarig symptomkontroll i \u00e9n daglig dose. Finnes p\u00e5 Transtoyou. Kj\u00f8p n\u00e5 for bedre pust.\" \/>\n<meta property=\"og:url\" content=\"https:\/\/www.transtoyou.com\/nb\/product\/relvar\/\" \/>\n<meta property=\"og:site_name\" content=\"Transtoyou - NB\" \/>\n<meta property=\"article:modified_time\" content=\"2026-03-03T11:14:36+00:00\" \/>\n<meta name=\"twitter:card\" content=\"summary_large_image\" \/>\n<meta name=\"twitter:label1\" content=\"Ansl. lesetid\" \/>\n\t<meta name=\"twitter:data1\" content=\"1 minutt\" \/>\n<script type=\"application\/ld+json\" class=\"yoast-schema-graph\">{\"@context\":\"https:\/\/schema.org\",\"@graph\":[{\"@type\":\"WebPage\",\"@id\":\"https:\/\/www.transtoyou.com\/nb\/product\/relvar\/\",\"url\":\"https:\/\/www.transtoyou.com\/nb\/product\/relvar\/\",\"name\":\"Relvar | Pust lettere med 24-timers st\u00f8tte - Transtoyou\",\"isPartOf\":{\"@id\":\"https:\/\/www.transtoyou.com\/nb\/#website\"},\"primaryImageOfPage\":{\"@id\":\"https:\/\/www.transtoyou.com\/nb\/product\/relvar\/#primaryimage\"},\"image\":{\"@id\":\"https:\/\/www.transtoyou.com\/nb\/product\/relvar\/#primaryimage\"},\"thumbnailUrl\":\"https:\/\/www.transtoyou.com\/nb\/wp-content\/uploads\/sites\/10\/2026\/01\/tty-no-product-image-148.webp\",\"datePublished\":\"2026-01-25T05:30:08+00:00\",\"dateModified\":\"2026-03-03T11:14:36+00:00\",\"description\":\"Relvar: H\u00e5ndter astma og KOLS enkelt. Langvarig symptomkontroll i \u00e9n daglig dose. Finnes p\u00e5 Transtoyou. Kj\u00f8p n\u00e5 for bedre pust.\",\"breadcrumb\":{\"@id\":\"https:\/\/www.transtoyou.com\/nb\/product\/relvar\/#breadcrumb\"},\"inLanguage\":\"nb-NO\",\"potentialAction\":[{\"@type\":\"ReadAction\",\"target\":[\"https:\/\/www.transtoyou.com\/nb\/product\/relvar\/\"]}]},{\"@type\":\"ImageObject\",\"inLanguage\":\"nb-NO\",\"@id\":\"https:\/\/www.transtoyou.com\/nb\/product\/relvar\/#primaryimage\",\"url\":\"https:\/\/www.transtoyou.com\/nb\/wp-content\/uploads\/sites\/10\/2026\/01\/tty-no-product-image-148.webp\",\"contentUrl\":\"https:\/\/www.transtoyou.com\/nb\/wp-content\/uploads\/sites\/10\/2026\/01\/tty-no-product-image-148.webp\",\"width\":1000,\"height\":1000,\"caption\":\"Standard produktbilde\"},{\"@type\":\"WebSite\",\"@id\":\"https:\/\/www.transtoyou.com\/nb\/#website\",\"url\":\"https:\/\/www.transtoyou.com\/nb\/\",\"name\":\"Transtoyou - NB\",\"description\":\"\",\"publisher\":{\"@id\":\"https:\/\/www.transtoyou.com\/nb\/#organization\"},\"potentialAction\":[{\"@type\":\"SearchAction\",\"target\":{\"@type\":\"EntryPoint\",\"urlTemplate\":\"https:\/\/www.transtoyou.com\/nb\/?s={search_term_string}\"},\"query-input\":{\"@type\":\"PropertyValueSpecification\",\"valueRequired\":true,\"valueName\":\"search_term_string\"}}],\"inLanguage\":\"nb-NO\"},{\"@type\":\"Organization\",\"@id\":\"https:\/\/www.transtoyou.com\/nb\/#organization\",\"name\":\"Transtoyou - NB\",\"url\":\"https:\/\/www.transtoyou.com\/nb\/\",\"logo\":{\"@type\":\"ImageObject\",\"inLanguage\":\"nb-NO\",\"@id\":\"https:\/\/www.transtoyou.com\/nb\/#\/schema\/logo\/image\/\",\"url\":\"https:\/\/www.transtoyou.com\/nb\/wp-content\/uploads\/sites\/10\/2026\/01\/logo-tty-menu-bar-300x87-1.webp\",\"contentUrl\":\"https:\/\/www.transtoyou.com\/nb\/wp-content\/uploads\/sites\/10\/2026\/01\/logo-tty-menu-bar-300x87-1.webp\",\"width\":300,\"height\":87,\"caption\":\"Transtoyou - NB\"},\"image\":{\"@id\":\"https:\/\/www.transtoyou.com\/nb\/#\/schema\/logo\/image\/\"}}]}<\/script>\n<!-- \/ Yoast SEO plugin. -->","yoast_head_json":{"title":"Relvar | Pust lettere med 24-timers st\u00f8tte - Transtoyou","description":"Relvar: H\u00e5ndter astma og KOLS enkelt. Langvarig symptomkontroll i \u00e9n daglig dose. Finnes p\u00e5 Transtoyou. Kj\u00f8p n\u00e5 for bedre pust.","robots":{"index":"noindex","follow":"follow","max-snippet":"max-snippet:-1","max-image-preview":"max-image-preview:large","max-video-preview":"max-video-preview:-1"},"og_locale":"nb_NO","og_type":"article","og_title":"Relvar | Pust lettere med 24-timers st\u00f8tte - Transtoyou","og_description":"Relvar: H\u00e5ndter astma og KOLS enkelt. Langvarig symptomkontroll i \u00e9n daglig dose. Finnes p\u00e5 Transtoyou. Kj\u00f8p n\u00e5 for bedre pust.","og_url":"https:\/\/www.transtoyou.com\/nb\/product\/relvar\/","og_site_name":"Transtoyou - NB","article_modified_time":"2026-03-03T11:14:36+00:00","twitter_card":"summary_large_image","twitter_misc":{"Ansl. lesetid":"1 minutt"},"schema":{"@context":"https:\/\/schema.org","@graph":[{"@type":"WebPage","@id":"https:\/\/www.transtoyou.com\/nb\/product\/relvar\/","url":"https:\/\/www.transtoyou.com\/nb\/product\/relvar\/","name":"Relvar | Pust lettere med 24-timers st\u00f8tte - Transtoyou","isPartOf":{"@id":"https:\/\/www.transtoyou.com\/nb\/#website"},"primaryImageOfPage":{"@id":"https:\/\/www.transtoyou.com\/nb\/product\/relvar\/#primaryimage"},"image":{"@id":"https:\/\/www.transtoyou.com\/nb\/product\/relvar\/#primaryimage"},"thumbnailUrl":"https:\/\/www.transtoyou.com\/nb\/wp-content\/uploads\/sites\/10\/2026\/01\/tty-no-product-image-148.webp","datePublished":"2026-01-25T05:30:08+00:00","dateModified":"2026-03-03T11:14:36+00:00","description":"Relvar: H\u00e5ndter astma og KOLS enkelt. Langvarig symptomkontroll i \u00e9n daglig dose. Finnes p\u00e5 Transtoyou. Kj\u00f8p n\u00e5 for bedre pust.","breadcrumb":{"@id":"https:\/\/www.transtoyou.com\/nb\/product\/relvar\/#breadcrumb"},"inLanguage":"nb-NO","potentialAction":[{"@type":"ReadAction","target":["https:\/\/www.transtoyou.com\/nb\/product\/relvar\/"]}]},{"@type":"ImageObject","inLanguage":"nb-NO","@id":"https:\/\/www.transtoyou.com\/nb\/product\/relvar\/#primaryimage","url":"https:\/\/www.transtoyou.com\/nb\/wp-content\/uploads\/sites\/10\/2026\/01\/tty-no-product-image-148.webp","contentUrl":"https:\/\/www.transtoyou.com\/nb\/wp-content\/uploads\/sites\/10\/2026\/01\/tty-no-product-image-148.webp","width":1000,"height":1000,"caption":"Standard produktbilde"},{"@type":"WebSite","@id":"https:\/\/www.transtoyou.com\/nb\/#website","url":"https:\/\/www.transtoyou.com\/nb\/","name":"Transtoyou - NB","description":"","publisher":{"@id":"https:\/\/www.transtoyou.com\/nb\/#organization"},"potentialAction":[{"@type":"SearchAction","target":{"@type":"EntryPoint","urlTemplate":"https:\/\/www.transtoyou.com\/nb\/?s={search_term_string}"},"query-input":{"@type":"PropertyValueSpecification","valueRequired":true,"valueName":"search_term_string"}}],"inLanguage":"nb-NO"},{"@type":"Organization","@id":"https:\/\/www.transtoyou.com\/nb\/#organization","name":"Transtoyou - NB","url":"https:\/\/www.transtoyou.com\/nb\/","logo":{"@type":"ImageObject","inLanguage":"nb-NO","@id":"https:\/\/www.transtoyou.com\/nb\/#\/schema\/logo\/image\/","url":"https:\/\/www.transtoyou.com\/nb\/wp-content\/uploads\/sites\/10\/2026\/01\/logo-tty-menu-bar-300x87-1.webp","contentUrl":"https:\/\/www.transtoyou.com\/nb\/wp-content\/uploads\/sites\/10\/2026\/01\/logo-tty-menu-bar-300x87-1.webp","width":300,"height":87,"caption":"Transtoyou - NB"},"image":{"@id":"https:\/\/www.transtoyou.com\/nb\/#\/schema\/logo\/image\/"}}]}},"_links":{"self":[{"href":"https:\/\/www.transtoyou.com\/nb\/wp-json\/wp\/v2\/product\/1151","targetHints":{"allow":["GET"]}}],"collection":[{"href":"https:\/\/www.transtoyou.com\/nb\/wp-json\/wp\/v2\/product"}],"about":[{"href":"https:\/\/www.transtoyou.com\/nb\/wp-json\/wp\/v2\/types\/product"}],"replies":[{"embeddable":true,"href":"https:\/\/www.transtoyou.com\/nb\/wp-json\/wp\/v2\/comments?post=1151"}],"wp:featuredmedia":[{"embeddable":true,"href":"https:\/\/www.transtoyou.com\/nb\/wp-json\/wp\/v2\/media\/1153"}],"wp:attachment":[{"href":"https:\/\/www.transtoyou.com\/nb\/wp-json\/wp\/v2\/media?parent=1151"}],"wp:term":[{"taxonomy":"product_brand","embeddable":true,"href":"https:\/\/www.transtoyou.com\/nb\/wp-json\/wp\/v2\/product_brand?post=1151"},{"taxonomy":"product_cat","embeddable":true,"href":"https:\/\/www.transtoyou.com\/nb\/wp-json\/wp\/v2\/product_cat?post=1151"},{"taxonomy":"product_tag","embeddable":true,"href":"https:\/\/www.transtoyou.com\/nb\/wp-json\/wp\/v2\/product_tag?post=1151"},{"taxonomy":"expert","embeddable":true,"href":"https:\/\/www.transtoyou.com\/nb\/wp-json\/wp\/v2\/expert?post=1151"}],"curies":[{"name":"wp","href":"https:\/\/api.w.org\/{rel}","templated":true}]}}