{"id":1157,"date":"2026-01-25T08:07:49","date_gmt":"2026-01-25T06:07:49","guid":{"rendered":"https:\/\/www.transtoyou.com\/nb\/product\/zithromax-azithromycin\/"},"modified":"2026-01-25T08:08:56","modified_gmt":"2026-01-25T06:08:56","slug":"zithromax-azithromycin","status":"publish","type":"product","link":"https:\/\/www.transtoyou.com\/nb\/product\/zithromax-azithromycin\/","title":{"rendered":"Zithromax (Azithromycin)"},"content":{"rendered":"<p>Zithromax, som inneholder den aktive ingrediensen azitromycin, er et bredspektret antibiotikum som brukes til \u00e5 behandle en rekke bakterielle infeksjoner. Det er spesielt effektivt mot ukompliserte seksuelt overf\u00f8rbare infeksjoner (SOI) som klamydia. Som et makrolidantibiotikum virker Zithromax ved \u00e5 hemme bakterienes evne til \u00e5 vokse og formere seg, noe som gj\u00f8r at kroppen kan eliminere infeksjonen mer effektivt.<\/p>\n<p>For klamydia foreskrives Zithromax ofte som en enkelt h\u00f8y-dosering behandling, noe som gj\u00f8r det til et praktisk og raskt virkende alternativ. De fleste opplever en bedring av symptomer innen noen dager, selv om det er viktig \u00e5 unng\u00e5 seksuell kontakt i en hel uke etter \u00e5 ha tatt medisinen for \u00e5 forhindre videre smitte.<\/p>\n<p>Zithromax ble tidligere brukt i kombinasjonsbehandling for gonor\u00e9, ofte sammen med ceftriaxon. Imidlertid, p\u00e5 grunn av \u00f8kende antimikrobiell resistens, anbefaler ikke nyere retningslinjer, som de fra CDC, rutinemessig bruk av azitromycin for gonor\u00e9.<\/p>\n<p>Utover SOI er Zithromax mye brukt for luftveisinfeksjoner, hudinfeksjoner og andre bakterielle tilstander der en kort behandlingsperiode er effektiv. Dets lange halveringstid tillater en gang-daglig dosering og kortere behandlingsvarighet sammenlignet med mange andre antibiotika.<\/p>\n<p>Zithromax tolereres generelt godt. Mulige bivirkninger inkluderer mild mageubehag, diar\u00e9, kvalme eller hodepine. Det er viktig \u00e5 ta den fullstendige foreskrevne dosen, selv om symptomene forbedres tidlig, for \u00e5 sikre at infeksjonen er helt utryddet og for \u00e5 redusere risikoen for resistens.<\/p>\n","protected":false},"excerpt":{"rendered":"<ul>\n<li>Bredspektret makrolidantibiotikum med flere bruksomr\u00e5der<\/li>\n<li>Kort, praktisk doseringsplan som forbedrer behandlingsadhesjon<\/li>\n<li>Effektiv mot vanlige luftveisinfeksjoner og visse seksuelt overf\u00f8rbare infeksjoner<\/li>\n<\/ul>\n","protected":false},"featured_media":1159,"comment_status":"open","ping_status":"closed","template":"","meta":[],"product_brand":[],"product_cat":[79,125,90],"product_tag":[],"expert":[21],"class_list":{"0":"post-1157","1":"product","2":"type-product","3":"status-publish","4":"has-post-thumbnail","6":"product_cat-antibiotika-infeksjon","7":"product_cat-gonore","8":"product_cat-klamydia","9":"expert-dr-m-sharoyko","11":"first","12":"instock","13":"shipping-taxable","14":"product-type-variable"},"yoast_head":"<!-- This site is optimized with the Yoast SEO plugin v27.0 - https:\/\/yoast.com\/product\/yoast-seo-wordpress\/ -->\n<title>Zithromax (Azithromycin) | Effektiv lindring av infeksjoner - Transtoyou<\/title>\n<meta name=\"description\" content=\"Zithromax, et effektivt antibiotikum mot bakterielle infeksjoner som klamydia. Praktisk dosering. Tilgjengelig hos Transtoyou. Utforsk fordelene i dag.\" \/>\n<meta name=\"robots\" content=\"noindex, follow, max-snippet:-1, max-image-preview:large, max-video-preview:-1\" \/>\n<meta property=\"og:locale\" content=\"nb_NO\" \/>\n<meta property=\"og:type\" content=\"article\" \/>\n<meta property=\"og:title\" content=\"Zithromax (Azithromycin) | Effektiv lindring av infeksjoner - Transtoyou\" \/>\n<meta property=\"og:description\" content=\"Zithromax, et effektivt antibiotikum mot bakterielle infeksjoner som klamydia. Praktisk dosering. Tilgjengelig hos Transtoyou. Utforsk fordelene i dag.\" \/>\n<meta property=\"og:url\" content=\"https:\/\/www.transtoyou.com\/nb\/product\/zithromax-azithromycin\/\" \/>\n<meta property=\"og:site_name\" content=\"Transtoyou - NB\" \/>\n<meta property=\"article:modified_time\" content=\"2026-01-25T06:08:56+00:00\" \/>\n<meta name=\"twitter:card\" content=\"summary_large_image\" \/>\n<meta name=\"twitter:label1\" content=\"Ansl. lesetid\" \/>\n\t<meta name=\"twitter:data1\" content=\"1 minutt\" \/>\n<script type=\"application\/ld+json\" class=\"yoast-schema-graph\">{\"@context\":\"https:\/\/schema.org\",\"@graph\":[{\"@type\":\"WebPage\",\"@id\":\"https:\/\/www.transtoyou.com\/nb\/product\/zithromax-azithromycin\/\",\"url\":\"https:\/\/www.transtoyou.com\/nb\/product\/zithromax-azithromycin\/\",\"name\":\"Zithromax (Azithromycin) | Effektiv lindring av infeksjoner - Transtoyou\",\"isPartOf\":{\"@id\":\"https:\/\/www.transtoyou.com\/nb\/#website\"},\"primaryImageOfPage\":{\"@id\":\"https:\/\/www.transtoyou.com\/nb\/product\/zithromax-azithromycin\/#primaryimage\"},\"image\":{\"@id\":\"https:\/\/www.transtoyou.com\/nb\/product\/zithromax-azithromycin\/#primaryimage\"},\"thumbnailUrl\":\"https:\/\/www.transtoyou.com\/nb\/wp-content\/uploads\/sites\/10\/2026\/01\/tty-no-product-image-150.webp\",\"datePublished\":\"2026-01-25T06:07:49+00:00\",\"dateModified\":\"2026-01-25T06:08:56+00:00\",\"description\":\"Zithromax, et effektivt antibiotikum mot bakterielle infeksjoner som klamydia. Praktisk dosering. Tilgjengelig hos Transtoyou. Utforsk fordelene i dag.\",\"breadcrumb\":{\"@id\":\"https:\/\/www.transtoyou.com\/nb\/product\/zithromax-azithromycin\/#breadcrumb\"},\"inLanguage\":\"nb-NO\",\"potentialAction\":[{\"@type\":\"ReadAction\",\"target\":[\"https:\/\/www.transtoyou.com\/nb\/product\/zithromax-azithromycin\/\"]}]},{\"@type\":\"ImageObject\",\"inLanguage\":\"nb-NO\",\"@id\":\"https:\/\/www.transtoyou.com\/nb\/product\/zithromax-azithromycin\/#primaryimage\",\"url\":\"https:\/\/www.transtoyou.com\/nb\/wp-content\/uploads\/sites\/10\/2026\/01\/tty-no-product-image-150.webp\",\"contentUrl\":\"https:\/\/www.transtoyou.com\/nb\/wp-content\/uploads\/sites\/10\/2026\/01\/tty-no-product-image-150.webp\",\"width\":1000,\"height\":1000,\"caption\":\"Standard produktbilde\"},{\"@type\":\"WebSite\",\"@id\":\"https:\/\/www.transtoyou.com\/nb\/#website\",\"url\":\"https:\/\/www.transtoyou.com\/nb\/\",\"name\":\"Transtoyou - NB\",\"description\":\"\",\"publisher\":{\"@id\":\"https:\/\/www.transtoyou.com\/nb\/#organization\"},\"potentialAction\":[{\"@type\":\"SearchAction\",\"target\":{\"@type\":\"EntryPoint\",\"urlTemplate\":\"https:\/\/www.transtoyou.com\/nb\/?s={search_term_string}\"},\"query-input\":{\"@type\":\"PropertyValueSpecification\",\"valueRequired\":true,\"valueName\":\"search_term_string\"}}],\"inLanguage\":\"nb-NO\"},{\"@type\":\"Organization\",\"@id\":\"https:\/\/www.transtoyou.com\/nb\/#organization\",\"name\":\"Transtoyou - NB\",\"url\":\"https:\/\/www.transtoyou.com\/nb\/\",\"logo\":{\"@type\":\"ImageObject\",\"inLanguage\":\"nb-NO\",\"@id\":\"https:\/\/www.transtoyou.com\/nb\/#\/schema\/logo\/image\/\",\"url\":\"https:\/\/www.transtoyou.com\/nb\/wp-content\/uploads\/sites\/10\/2026\/01\/logo-tty-menu-bar-300x87-1.webp\",\"contentUrl\":\"https:\/\/www.transtoyou.com\/nb\/wp-content\/uploads\/sites\/10\/2026\/01\/logo-tty-menu-bar-300x87-1.webp\",\"width\":300,\"height\":87,\"caption\":\"Transtoyou - NB\"},\"image\":{\"@id\":\"https:\/\/www.transtoyou.com\/nb\/#\/schema\/logo\/image\/\"}}]}<\/script>\n<!-- \/ Yoast SEO plugin. -->","yoast_head_json":{"title":"Zithromax (Azithromycin) | Effektiv lindring av infeksjoner - Transtoyou","description":"Zithromax, et effektivt antibiotikum mot bakterielle infeksjoner som klamydia. Praktisk dosering. Tilgjengelig hos Transtoyou. Utforsk fordelene i dag.","robots":{"index":"noindex","follow":"follow","max-snippet":"max-snippet:-1","max-image-preview":"max-image-preview:large","max-video-preview":"max-video-preview:-1"},"og_locale":"nb_NO","og_type":"article","og_title":"Zithromax (Azithromycin) | Effektiv lindring av infeksjoner - Transtoyou","og_description":"Zithromax, et effektivt antibiotikum mot bakterielle infeksjoner som klamydia. Praktisk dosering. Tilgjengelig hos Transtoyou. Utforsk fordelene i dag.","og_url":"https:\/\/www.transtoyou.com\/nb\/product\/zithromax-azithromycin\/","og_site_name":"Transtoyou - NB","article_modified_time":"2026-01-25T06:08:56+00:00","twitter_card":"summary_large_image","twitter_misc":{"Ansl. lesetid":"1 minutt"},"schema":{"@context":"https:\/\/schema.org","@graph":[{"@type":"WebPage","@id":"https:\/\/www.transtoyou.com\/nb\/product\/zithromax-azithromycin\/","url":"https:\/\/www.transtoyou.com\/nb\/product\/zithromax-azithromycin\/","name":"Zithromax (Azithromycin) | Effektiv lindring av infeksjoner - Transtoyou","isPartOf":{"@id":"https:\/\/www.transtoyou.com\/nb\/#website"},"primaryImageOfPage":{"@id":"https:\/\/www.transtoyou.com\/nb\/product\/zithromax-azithromycin\/#primaryimage"},"image":{"@id":"https:\/\/www.transtoyou.com\/nb\/product\/zithromax-azithromycin\/#primaryimage"},"thumbnailUrl":"https:\/\/www.transtoyou.com\/nb\/wp-content\/uploads\/sites\/10\/2026\/01\/tty-no-product-image-150.webp","datePublished":"2026-01-25T06:07:49+00:00","dateModified":"2026-01-25T06:08:56+00:00","description":"Zithromax, et effektivt antibiotikum mot bakterielle infeksjoner som klamydia. Praktisk dosering. Tilgjengelig hos Transtoyou. Utforsk fordelene i dag.","breadcrumb":{"@id":"https:\/\/www.transtoyou.com\/nb\/product\/zithromax-azithromycin\/#breadcrumb"},"inLanguage":"nb-NO","potentialAction":[{"@type":"ReadAction","target":["https:\/\/www.transtoyou.com\/nb\/product\/zithromax-azithromycin\/"]}]},{"@type":"ImageObject","inLanguage":"nb-NO","@id":"https:\/\/www.transtoyou.com\/nb\/product\/zithromax-azithromycin\/#primaryimage","url":"https:\/\/www.transtoyou.com\/nb\/wp-content\/uploads\/sites\/10\/2026\/01\/tty-no-product-image-150.webp","contentUrl":"https:\/\/www.transtoyou.com\/nb\/wp-content\/uploads\/sites\/10\/2026\/01\/tty-no-product-image-150.webp","width":1000,"height":1000,"caption":"Standard produktbilde"},{"@type":"WebSite","@id":"https:\/\/www.transtoyou.com\/nb\/#website","url":"https:\/\/www.transtoyou.com\/nb\/","name":"Transtoyou - NB","description":"","publisher":{"@id":"https:\/\/www.transtoyou.com\/nb\/#organization"},"potentialAction":[{"@type":"SearchAction","target":{"@type":"EntryPoint","urlTemplate":"https:\/\/www.transtoyou.com\/nb\/?s={search_term_string}"},"query-input":{"@type":"PropertyValueSpecification","valueRequired":true,"valueName":"search_term_string"}}],"inLanguage":"nb-NO"},{"@type":"Organization","@id":"https:\/\/www.transtoyou.com\/nb\/#organization","name":"Transtoyou - NB","url":"https:\/\/www.transtoyou.com\/nb\/","logo":{"@type":"ImageObject","inLanguage":"nb-NO","@id":"https:\/\/www.transtoyou.com\/nb\/#\/schema\/logo\/image\/","url":"https:\/\/www.transtoyou.com\/nb\/wp-content\/uploads\/sites\/10\/2026\/01\/logo-tty-menu-bar-300x87-1.webp","contentUrl":"https:\/\/www.transtoyou.com\/nb\/wp-content\/uploads\/sites\/10\/2026\/01\/logo-tty-menu-bar-300x87-1.webp","width":300,"height":87,"caption":"Transtoyou - NB"},"image":{"@id":"https:\/\/www.transtoyou.com\/nb\/#\/schema\/logo\/image\/"}}]}},"_links":{"self":[{"href":"https:\/\/www.transtoyou.com\/nb\/wp-json\/wp\/v2\/product\/1157","targetHints":{"allow":["GET"]}}],"collection":[{"href":"https:\/\/www.transtoyou.com\/nb\/wp-json\/wp\/v2\/product"}],"about":[{"href":"https:\/\/www.transtoyou.com\/nb\/wp-json\/wp\/v2\/types\/product"}],"replies":[{"embeddable":true,"href":"https:\/\/www.transtoyou.com\/nb\/wp-json\/wp\/v2\/comments?post=1157"}],"wp:featuredmedia":[{"embeddable":true,"href":"https:\/\/www.transtoyou.com\/nb\/wp-json\/wp\/v2\/media\/1159"}],"wp:attachment":[{"href":"https:\/\/www.transtoyou.com\/nb\/wp-json\/wp\/v2\/media?parent=1157"}],"wp:term":[{"taxonomy":"product_brand","embeddable":true,"href":"https:\/\/www.transtoyou.com\/nb\/wp-json\/wp\/v2\/product_brand?post=1157"},{"taxonomy":"product_cat","embeddable":true,"href":"https:\/\/www.transtoyou.com\/nb\/wp-json\/wp\/v2\/product_cat?post=1157"},{"taxonomy":"product_tag","embeddable":true,"href":"https:\/\/www.transtoyou.com\/nb\/wp-json\/wp\/v2\/product_tag?post=1157"},{"taxonomy":"expert","embeddable":true,"href":"https:\/\/www.transtoyou.com\/nb\/wp-json\/wp\/v2\/expert?post=1157"}],"curies":[{"name":"wp","href":"https:\/\/api.w.org\/{rel}","templated":true}]}}