{"id":1160,"date":"2026-01-25T08:27:12","date_gmt":"2026-01-25T06:27:12","guid":{"rendered":"https:\/\/www.transtoyou.com\/nb\/product\/salbutamol\/"},"modified":"2026-01-25T08:28:20","modified_gmt":"2026-01-25T06:28:20","slug":"salbutamol","status":"publish","type":"product","link":"https:\/\/www.transtoyou.com\/nb\/product\/salbutamol\/","title":{"rendered":"Salbutamol"},"content":{"rendered":"<p>Salbutamol er en raskt virkende bronkodilator som brukes for \u00e5 lindre symptomene p\u00e5 luftveissykdommer som astma og kronisk obstruktiv lungesykdom (KOLS). Den virker ved \u00e5 slappe av musklene i luftveiene, noe som gj\u00f8r at luftpassasjene i lungene utvider seg. Dette gj\u00f8r det lettere \u00e5 puste under episoder med piping i brystet, kortpustethet, trykk i brystet eller hosting.<\/p>\n<p>Salbutamol gir rask lindring ved plutselige pustevansker. Den omtales ofte som en &laquo;lindrende&raquo; inhalator og er en f\u00f8rstelinjebehandling under astmaanfall eller KOLS-forverringer. Effektene merkes vanligvis innen minutter etter inhalasjon og kan vare i flere timer, noe som gj\u00f8r den egnet for b\u00e5de akutt bruk og kortvarig symptomkontroll.<\/p>\n<p>For personer med astma brukes salbutamol vanligvis ved behov for \u00e5 h\u00e5ndtere plutselige symptomer eller f\u00f8r trening for \u00e5 forhindre treningsindusert bronkokonstriksjon. Ved KOLS kan det v\u00e6re en del av en bredere behandlingsplan for \u00e5 h\u00e5ndtere daglig kortpustethet og opprettholde lungefunksjonen under forverringer.<\/p>\n<p>N\u00e5r den brukes riktig, er bivirkningene vanligvis milde og midlertidige. Disse kan inkludere lett skjelving, hodepine eller \u00f8kt hjertefrekvens kort tid etter bruk. Riktig inhalasjonsteknikk er viktig for \u00e5 sikre at medisinen n\u00e5r lungene effektivt.<\/p>\n","protected":false},"excerpt":{"rendered":"<ul>\n<li>Rasktvirkende bronkodilator for \u00e5 lette pusten<\/li>\n<li>Praktisk inhalatorform for umiddelbar lindring av luftveiene<\/li>\n<li>Egnet for b\u00e5de astma og KOLS symptomh\u00e5ndtering<\/li>\n<\/ul>\n","protected":false},"featured_media":1162,"comment_status":"open","ping_status":"closed","template":"","meta":[],"product_brand":[],"product_cat":[80,98],"product_tag":[],"expert":[21],"class_list":{"0":"post-1160","1":"product","2":"type-product","3":"status-publish","4":"has-post-thumbnail","6":"product_cat-astma","7":"product_cat-kols","8":"expert-dr-m-sharoyko","10":"first","11":"instock","12":"shipping-taxable","13":"product-type-variable"},"yoast_head":"<!-- This site is optimized with the Yoast SEO plugin v27.0 - https:\/\/yoast.com\/product\/yoast-seo-wordpress\/ -->\n<title>Salbutamol | Rask lindring for pusting - Transtoyou<\/title>\n<meta name=\"description\" content=\"Lindr astmasymptomer raskt med Salbutamol. Kj\u00f8p n\u00e5 for hurtig lindring, perfekt for plutselig kortpustethet og piping. Tilgjengelig p\u00e5 Transtoyou.\" \/>\n<meta name=\"robots\" content=\"noindex, follow, max-snippet:-1, max-image-preview:large, max-video-preview:-1\" \/>\n<meta property=\"og:locale\" content=\"nb_NO\" \/>\n<meta property=\"og:type\" content=\"article\" \/>\n<meta property=\"og:title\" content=\"Salbutamol | Rask lindring for pusting - Transtoyou\" \/>\n<meta property=\"og:description\" content=\"Lindr astmasymptomer raskt med Salbutamol. Kj\u00f8p n\u00e5 for hurtig lindring, perfekt for plutselig kortpustethet og piping. Tilgjengelig p\u00e5 Transtoyou.\" \/>\n<meta property=\"og:url\" content=\"https:\/\/www.transtoyou.com\/nb\/product\/salbutamol\/\" \/>\n<meta property=\"og:site_name\" content=\"Transtoyou - NB\" \/>\n<meta property=\"article:modified_time\" content=\"2026-01-25T06:28:20+00:00\" \/>\n<meta name=\"twitter:card\" content=\"summary_large_image\" \/>\n<meta name=\"twitter:label1\" content=\"Ansl. lesetid\" \/>\n\t<meta name=\"twitter:data1\" content=\"1 minutt\" \/>\n<script type=\"application\/ld+json\" class=\"yoast-schema-graph\">{\"@context\":\"https:\/\/schema.org\",\"@graph\":[{\"@type\":\"WebPage\",\"@id\":\"https:\/\/www.transtoyou.com\/nb\/product\/salbutamol\/\",\"url\":\"https:\/\/www.transtoyou.com\/nb\/product\/salbutamol\/\",\"name\":\"Salbutamol | Rask lindring for pusting - Transtoyou\",\"isPartOf\":{\"@id\":\"https:\/\/www.transtoyou.com\/nb\/#website\"},\"primaryImageOfPage\":{\"@id\":\"https:\/\/www.transtoyou.com\/nb\/product\/salbutamol\/#primaryimage\"},\"image\":{\"@id\":\"https:\/\/www.transtoyou.com\/nb\/product\/salbutamol\/#primaryimage\"},\"thumbnailUrl\":\"https:\/\/www.transtoyou.com\/nb\/wp-content\/uploads\/sites\/10\/2026\/01\/tty-no-product-image-151.webp\",\"datePublished\":\"2026-01-25T06:27:12+00:00\",\"dateModified\":\"2026-01-25T06:28:20+00:00\",\"description\":\"Lindr astmasymptomer raskt med Salbutamol. Kj\u00f8p n\u00e5 for hurtig lindring, perfekt for plutselig kortpustethet og piping. Tilgjengelig p\u00e5 Transtoyou.\",\"breadcrumb\":{\"@id\":\"https:\/\/www.transtoyou.com\/nb\/product\/salbutamol\/#breadcrumb\"},\"inLanguage\":\"nb-NO\",\"potentialAction\":[{\"@type\":\"ReadAction\",\"target\":[\"https:\/\/www.transtoyou.com\/nb\/product\/salbutamol\/\"]}]},{\"@type\":\"ImageObject\",\"inLanguage\":\"nb-NO\",\"@id\":\"https:\/\/www.transtoyou.com\/nb\/product\/salbutamol\/#primaryimage\",\"url\":\"https:\/\/www.transtoyou.com\/nb\/wp-content\/uploads\/sites\/10\/2026\/01\/tty-no-product-image-151.webp\",\"contentUrl\":\"https:\/\/www.transtoyou.com\/nb\/wp-content\/uploads\/sites\/10\/2026\/01\/tty-no-product-image-151.webp\",\"width\":1000,\"height\":1000,\"caption\":\"Standard produktbilde\"},{\"@type\":\"WebSite\",\"@id\":\"https:\/\/www.transtoyou.com\/nb\/#website\",\"url\":\"https:\/\/www.transtoyou.com\/nb\/\",\"name\":\"Transtoyou - NB\",\"description\":\"\",\"publisher\":{\"@id\":\"https:\/\/www.transtoyou.com\/nb\/#organization\"},\"potentialAction\":[{\"@type\":\"SearchAction\",\"target\":{\"@type\":\"EntryPoint\",\"urlTemplate\":\"https:\/\/www.transtoyou.com\/nb\/?s={search_term_string}\"},\"query-input\":{\"@type\":\"PropertyValueSpecification\",\"valueRequired\":true,\"valueName\":\"search_term_string\"}}],\"inLanguage\":\"nb-NO\"},{\"@type\":\"Organization\",\"@id\":\"https:\/\/www.transtoyou.com\/nb\/#organization\",\"name\":\"Transtoyou - NB\",\"url\":\"https:\/\/www.transtoyou.com\/nb\/\",\"logo\":{\"@type\":\"ImageObject\",\"inLanguage\":\"nb-NO\",\"@id\":\"https:\/\/www.transtoyou.com\/nb\/#\/schema\/logo\/image\/\",\"url\":\"https:\/\/www.transtoyou.com\/nb\/wp-content\/uploads\/sites\/10\/2026\/01\/logo-tty-menu-bar-300x87-1.webp\",\"contentUrl\":\"https:\/\/www.transtoyou.com\/nb\/wp-content\/uploads\/sites\/10\/2026\/01\/logo-tty-menu-bar-300x87-1.webp\",\"width\":300,\"height\":87,\"caption\":\"Transtoyou - NB\"},\"image\":{\"@id\":\"https:\/\/www.transtoyou.com\/nb\/#\/schema\/logo\/image\/\"}}]}<\/script>\n<!-- \/ Yoast SEO plugin. -->","yoast_head_json":{"title":"Salbutamol | Rask lindring for pusting - Transtoyou","description":"Lindr astmasymptomer raskt med Salbutamol. Kj\u00f8p n\u00e5 for hurtig lindring, perfekt for plutselig kortpustethet og piping. Tilgjengelig p\u00e5 Transtoyou.","robots":{"index":"noindex","follow":"follow","max-snippet":"max-snippet:-1","max-image-preview":"max-image-preview:large","max-video-preview":"max-video-preview:-1"},"og_locale":"nb_NO","og_type":"article","og_title":"Salbutamol | Rask lindring for pusting - Transtoyou","og_description":"Lindr astmasymptomer raskt med Salbutamol. Kj\u00f8p n\u00e5 for hurtig lindring, perfekt for plutselig kortpustethet og piping. Tilgjengelig p\u00e5 Transtoyou.","og_url":"https:\/\/www.transtoyou.com\/nb\/product\/salbutamol\/","og_site_name":"Transtoyou - NB","article_modified_time":"2026-01-25T06:28:20+00:00","twitter_card":"summary_large_image","twitter_misc":{"Ansl. lesetid":"1 minutt"},"schema":{"@context":"https:\/\/schema.org","@graph":[{"@type":"WebPage","@id":"https:\/\/www.transtoyou.com\/nb\/product\/salbutamol\/","url":"https:\/\/www.transtoyou.com\/nb\/product\/salbutamol\/","name":"Salbutamol | Rask lindring for pusting - Transtoyou","isPartOf":{"@id":"https:\/\/www.transtoyou.com\/nb\/#website"},"primaryImageOfPage":{"@id":"https:\/\/www.transtoyou.com\/nb\/product\/salbutamol\/#primaryimage"},"image":{"@id":"https:\/\/www.transtoyou.com\/nb\/product\/salbutamol\/#primaryimage"},"thumbnailUrl":"https:\/\/www.transtoyou.com\/nb\/wp-content\/uploads\/sites\/10\/2026\/01\/tty-no-product-image-151.webp","datePublished":"2026-01-25T06:27:12+00:00","dateModified":"2026-01-25T06:28:20+00:00","description":"Lindr astmasymptomer raskt med Salbutamol. Kj\u00f8p n\u00e5 for hurtig lindring, perfekt for plutselig kortpustethet og piping. Tilgjengelig p\u00e5 Transtoyou.","breadcrumb":{"@id":"https:\/\/www.transtoyou.com\/nb\/product\/salbutamol\/#breadcrumb"},"inLanguage":"nb-NO","potentialAction":[{"@type":"ReadAction","target":["https:\/\/www.transtoyou.com\/nb\/product\/salbutamol\/"]}]},{"@type":"ImageObject","inLanguage":"nb-NO","@id":"https:\/\/www.transtoyou.com\/nb\/product\/salbutamol\/#primaryimage","url":"https:\/\/www.transtoyou.com\/nb\/wp-content\/uploads\/sites\/10\/2026\/01\/tty-no-product-image-151.webp","contentUrl":"https:\/\/www.transtoyou.com\/nb\/wp-content\/uploads\/sites\/10\/2026\/01\/tty-no-product-image-151.webp","width":1000,"height":1000,"caption":"Standard produktbilde"},{"@type":"WebSite","@id":"https:\/\/www.transtoyou.com\/nb\/#website","url":"https:\/\/www.transtoyou.com\/nb\/","name":"Transtoyou - NB","description":"","publisher":{"@id":"https:\/\/www.transtoyou.com\/nb\/#organization"},"potentialAction":[{"@type":"SearchAction","target":{"@type":"EntryPoint","urlTemplate":"https:\/\/www.transtoyou.com\/nb\/?s={search_term_string}"},"query-input":{"@type":"PropertyValueSpecification","valueRequired":true,"valueName":"search_term_string"}}],"inLanguage":"nb-NO"},{"@type":"Organization","@id":"https:\/\/www.transtoyou.com\/nb\/#organization","name":"Transtoyou - NB","url":"https:\/\/www.transtoyou.com\/nb\/","logo":{"@type":"ImageObject","inLanguage":"nb-NO","@id":"https:\/\/www.transtoyou.com\/nb\/#\/schema\/logo\/image\/","url":"https:\/\/www.transtoyou.com\/nb\/wp-content\/uploads\/sites\/10\/2026\/01\/logo-tty-menu-bar-300x87-1.webp","contentUrl":"https:\/\/www.transtoyou.com\/nb\/wp-content\/uploads\/sites\/10\/2026\/01\/logo-tty-menu-bar-300x87-1.webp","width":300,"height":87,"caption":"Transtoyou - NB"},"image":{"@id":"https:\/\/www.transtoyou.com\/nb\/#\/schema\/logo\/image\/"}}]}},"_links":{"self":[{"href":"https:\/\/www.transtoyou.com\/nb\/wp-json\/wp\/v2\/product\/1160","targetHints":{"allow":["GET"]}}],"collection":[{"href":"https:\/\/www.transtoyou.com\/nb\/wp-json\/wp\/v2\/product"}],"about":[{"href":"https:\/\/www.transtoyou.com\/nb\/wp-json\/wp\/v2\/types\/product"}],"replies":[{"embeddable":true,"href":"https:\/\/www.transtoyou.com\/nb\/wp-json\/wp\/v2\/comments?post=1160"}],"wp:featuredmedia":[{"embeddable":true,"href":"https:\/\/www.transtoyou.com\/nb\/wp-json\/wp\/v2\/media\/1162"}],"wp:attachment":[{"href":"https:\/\/www.transtoyou.com\/nb\/wp-json\/wp\/v2\/media?parent=1160"}],"wp:term":[{"taxonomy":"product_brand","embeddable":true,"href":"https:\/\/www.transtoyou.com\/nb\/wp-json\/wp\/v2\/product_brand?post=1160"},{"taxonomy":"product_cat","embeddable":true,"href":"https:\/\/www.transtoyou.com\/nb\/wp-json\/wp\/v2\/product_cat?post=1160"},{"taxonomy":"product_tag","embeddable":true,"href":"https:\/\/www.transtoyou.com\/nb\/wp-json\/wp\/v2\/product_tag?post=1160"},{"taxonomy":"expert","embeddable":true,"href":"https:\/\/www.transtoyou.com\/nb\/wp-json\/wp\/v2\/expert?post=1160"}],"curies":[{"name":"wp","href":"https:\/\/api.w.org\/{rel}","templated":true}]}}