{"id":1163,"date":"2026-01-25T08:46:54","date_gmt":"2026-01-25T06:46:54","guid":{"rendered":"https:\/\/www.transtoyou.com\/nb\/product\/cefixim\/"},"modified":"2026-01-25T08:48:06","modified_gmt":"2026-01-25T06:48:06","slug":"cefixim","status":"publish","type":"product","link":"https:\/\/www.transtoyou.com\/nb\/product\/cefixim\/","title":{"rendered":"Cefixim"},"content":{"rendered":"<p>Cefixime er et antibiotikum som brukes til \u00e5 behandle en rekke bakterielle infeksjoner. Det tilh\u00f8rer cefalosporin-familien, en gruppe antibiotika som virker ved \u00e5 skade den beskyttende celleveggen til bakterier. Dette svekker bakteriene og f\u00e5r dem til \u00e5 bryte sammen og d\u00f8, noe som hjelper med \u00e5 fjerne infeksjonen fra kroppen.<\/p>\n<p>Denne medisinen brukes vanligvis mot infeksjoner som urinveisinfeksjoner (UVI), \u00f8reinfeksjoner (otitis media), halsinfeksjoner (faryngitt og tonsillitt), luftveisinfeksjoner som bronkitt, og ukomplisert gonor\u00e9. Den retter seg mot bakterier som E. coli, Haemophilus influenzae, Streptococcus pneumoniae, Moraxella catarrhalis, og Neisseria gonorrhoeae.<\/p>\n<p>Cefixime reduserer ikke smerte eller betennelse direkte. I stedet hjelper det med \u00e5 fjerne selve infeksjonen ved \u00e5 drepe bakteriene som for\u00e5rsaker den. N\u00e5r bakteriene er eliminert, forbedres ofte symptomer som smerte, feber eller ubehag naturlig.<\/p>\n<p>Det tas vanligvis en eller to ganger om dagen, avhengig av typen infeksjon. Behandlingen er kortvarig og varer vanligvis i noen dager. De fleste t\u00e5ler Cefixime godt. Mulige bivirkninger kan inkludere mild magesmerte eller diar\u00e9.<\/p>\n<p>For \u00e5 sikre best mulig effekt er det viktig \u00e5 ta Cefixime konsekvent i hele behandlingsperioden. \u00c5 stoppe for tidlig kan tillate bakterier \u00e5 overleve og potensielt komme tilbake.<\/p>\n<p>Dette produktet er kun ment for bakterielle infeksjoner og vil ikke virke mot virus som forkj\u00f8lelse eller influensa.<\/p>\n","protected":false},"excerpt":{"rendered":"<ul>\n<li>Effektiv antibakteriell aktivitet, spesielt for urinveisinfeksjoner og \u00f8re-nese-hals infeksjoner<\/li>\n<li>Praktisk dosering<\/li>\n<li>Gunstig sikkerhetsprofil<\/li>\n<\/ul>\n","protected":false},"featured_media":1165,"comment_status":"open","ping_status":"closed","template":"","meta":[],"product_brand":[],"product_cat":[79,125],"product_tag":[],"expert":[18],"class_list":{"0":"post-1163","1":"product","2":"type-product","3":"status-publish","4":"has-post-thumbnail","6":"product_cat-antibiotika-infeksjon","7":"product_cat-gonore","8":"expert-dr-g-varbanov","10":"first","11":"instock","12":"shipping-taxable","13":"product-type-variable"},"yoast_head":"<!-- This site is optimized with the Yoast SEO plugin v27.0 - https:\/\/yoast.com\/product\/yoast-seo-wordpress\/ -->\n<title>Cefixim | Effektiv Behandling av Bakterielle Infeksjoner - Transtoyou<\/title>\n<meta name=\"description\" content=\"Cefixime bekjemper infeksjoner som UVI og bronkitt ved \u00e5 bryte ned bakterievegger. Tilgjengelig p\u00e5 Transtoyou, bestill n\u00e5 for effektiv behandling.\" \/>\n<meta name=\"robots\" content=\"noindex, follow, max-snippet:-1, max-image-preview:large, max-video-preview:-1\" \/>\n<meta property=\"og:locale\" content=\"nb_NO\" \/>\n<meta property=\"og:type\" content=\"article\" \/>\n<meta property=\"og:title\" content=\"Cefixim | Effektiv Behandling av Bakterielle Infeksjoner - Transtoyou\" \/>\n<meta property=\"og:description\" content=\"Cefixime bekjemper infeksjoner som UVI og bronkitt ved \u00e5 bryte ned bakterievegger. Tilgjengelig p\u00e5 Transtoyou, bestill n\u00e5 for effektiv behandling.\" \/>\n<meta property=\"og:url\" content=\"https:\/\/www.transtoyou.com\/nb\/product\/cefixim\/\" \/>\n<meta property=\"og:site_name\" content=\"Transtoyou - NB\" \/>\n<meta property=\"article:modified_time\" content=\"2026-01-25T06:48:06+00:00\" \/>\n<meta name=\"twitter:card\" content=\"summary_large_image\" \/>\n<meta name=\"twitter:label1\" content=\"Ansl. lesetid\" \/>\n\t<meta name=\"twitter:data1\" content=\"1 minutt\" \/>\n<script type=\"application\/ld+json\" class=\"yoast-schema-graph\">{\"@context\":\"https:\/\/schema.org\",\"@graph\":[{\"@type\":\"WebPage\",\"@id\":\"https:\/\/www.transtoyou.com\/nb\/product\/cefixim\/\",\"url\":\"https:\/\/www.transtoyou.com\/nb\/product\/cefixim\/\",\"name\":\"Cefixim | Effektiv Behandling av Bakterielle Infeksjoner - Transtoyou\",\"isPartOf\":{\"@id\":\"https:\/\/www.transtoyou.com\/nb\/#website\"},\"primaryImageOfPage\":{\"@id\":\"https:\/\/www.transtoyou.com\/nb\/product\/cefixim\/#primaryimage\"},\"image\":{\"@id\":\"https:\/\/www.transtoyou.com\/nb\/product\/cefixim\/#primaryimage\"},\"thumbnailUrl\":\"https:\/\/www.transtoyou.com\/nb\/wp-content\/uploads\/sites\/10\/2026\/01\/tty-no-product-image-152.webp\",\"datePublished\":\"2026-01-25T06:46:54+00:00\",\"dateModified\":\"2026-01-25T06:48:06+00:00\",\"description\":\"Cefixime bekjemper infeksjoner som UVI og bronkitt ved \u00e5 bryte ned bakterievegger. Tilgjengelig p\u00e5 Transtoyou, bestill n\u00e5 for effektiv behandling.\",\"breadcrumb\":{\"@id\":\"https:\/\/www.transtoyou.com\/nb\/product\/cefixim\/#breadcrumb\"},\"inLanguage\":\"nb-NO\",\"potentialAction\":[{\"@type\":\"ReadAction\",\"target\":[\"https:\/\/www.transtoyou.com\/nb\/product\/cefixim\/\"]}]},{\"@type\":\"ImageObject\",\"inLanguage\":\"nb-NO\",\"@id\":\"https:\/\/www.transtoyou.com\/nb\/product\/cefixim\/#primaryimage\",\"url\":\"https:\/\/www.transtoyou.com\/nb\/wp-content\/uploads\/sites\/10\/2026\/01\/tty-no-product-image-152.webp\",\"contentUrl\":\"https:\/\/www.transtoyou.com\/nb\/wp-content\/uploads\/sites\/10\/2026\/01\/tty-no-product-image-152.webp\",\"width\":1000,\"height\":1000,\"caption\":\"Standard produktbilde\"},{\"@type\":\"WebSite\",\"@id\":\"https:\/\/www.transtoyou.com\/nb\/#website\",\"url\":\"https:\/\/www.transtoyou.com\/nb\/\",\"name\":\"Transtoyou - NB\",\"description\":\"\",\"publisher\":{\"@id\":\"https:\/\/www.transtoyou.com\/nb\/#organization\"},\"potentialAction\":[{\"@type\":\"SearchAction\",\"target\":{\"@type\":\"EntryPoint\",\"urlTemplate\":\"https:\/\/www.transtoyou.com\/nb\/?s={search_term_string}\"},\"query-input\":{\"@type\":\"PropertyValueSpecification\",\"valueRequired\":true,\"valueName\":\"search_term_string\"}}],\"inLanguage\":\"nb-NO\"},{\"@type\":\"Organization\",\"@id\":\"https:\/\/www.transtoyou.com\/nb\/#organization\",\"name\":\"Transtoyou - NB\",\"url\":\"https:\/\/www.transtoyou.com\/nb\/\",\"logo\":{\"@type\":\"ImageObject\",\"inLanguage\":\"nb-NO\",\"@id\":\"https:\/\/www.transtoyou.com\/nb\/#\/schema\/logo\/image\/\",\"url\":\"https:\/\/www.transtoyou.com\/nb\/wp-content\/uploads\/sites\/10\/2026\/01\/logo-tty-menu-bar-300x87-1.webp\",\"contentUrl\":\"https:\/\/www.transtoyou.com\/nb\/wp-content\/uploads\/sites\/10\/2026\/01\/logo-tty-menu-bar-300x87-1.webp\",\"width\":300,\"height\":87,\"caption\":\"Transtoyou - NB\"},\"image\":{\"@id\":\"https:\/\/www.transtoyou.com\/nb\/#\/schema\/logo\/image\/\"}}]}<\/script>\n<!-- \/ Yoast SEO plugin. -->","yoast_head_json":{"title":"Cefixim | Effektiv Behandling av Bakterielle Infeksjoner - Transtoyou","description":"Cefixime bekjemper infeksjoner som UVI og bronkitt ved \u00e5 bryte ned bakterievegger. Tilgjengelig p\u00e5 Transtoyou, bestill n\u00e5 for effektiv behandling.","robots":{"index":"noindex","follow":"follow","max-snippet":"max-snippet:-1","max-image-preview":"max-image-preview:large","max-video-preview":"max-video-preview:-1"},"og_locale":"nb_NO","og_type":"article","og_title":"Cefixim | Effektiv Behandling av Bakterielle Infeksjoner - Transtoyou","og_description":"Cefixime bekjemper infeksjoner som UVI og bronkitt ved \u00e5 bryte ned bakterievegger. Tilgjengelig p\u00e5 Transtoyou, bestill n\u00e5 for effektiv behandling.","og_url":"https:\/\/www.transtoyou.com\/nb\/product\/cefixim\/","og_site_name":"Transtoyou - NB","article_modified_time":"2026-01-25T06:48:06+00:00","twitter_card":"summary_large_image","twitter_misc":{"Ansl. lesetid":"1 minutt"},"schema":{"@context":"https:\/\/schema.org","@graph":[{"@type":"WebPage","@id":"https:\/\/www.transtoyou.com\/nb\/product\/cefixim\/","url":"https:\/\/www.transtoyou.com\/nb\/product\/cefixim\/","name":"Cefixim | Effektiv Behandling av Bakterielle Infeksjoner - Transtoyou","isPartOf":{"@id":"https:\/\/www.transtoyou.com\/nb\/#website"},"primaryImageOfPage":{"@id":"https:\/\/www.transtoyou.com\/nb\/product\/cefixim\/#primaryimage"},"image":{"@id":"https:\/\/www.transtoyou.com\/nb\/product\/cefixim\/#primaryimage"},"thumbnailUrl":"https:\/\/www.transtoyou.com\/nb\/wp-content\/uploads\/sites\/10\/2026\/01\/tty-no-product-image-152.webp","datePublished":"2026-01-25T06:46:54+00:00","dateModified":"2026-01-25T06:48:06+00:00","description":"Cefixime bekjemper infeksjoner som UVI og bronkitt ved \u00e5 bryte ned bakterievegger. Tilgjengelig p\u00e5 Transtoyou, bestill n\u00e5 for effektiv behandling.","breadcrumb":{"@id":"https:\/\/www.transtoyou.com\/nb\/product\/cefixim\/#breadcrumb"},"inLanguage":"nb-NO","potentialAction":[{"@type":"ReadAction","target":["https:\/\/www.transtoyou.com\/nb\/product\/cefixim\/"]}]},{"@type":"ImageObject","inLanguage":"nb-NO","@id":"https:\/\/www.transtoyou.com\/nb\/product\/cefixim\/#primaryimage","url":"https:\/\/www.transtoyou.com\/nb\/wp-content\/uploads\/sites\/10\/2026\/01\/tty-no-product-image-152.webp","contentUrl":"https:\/\/www.transtoyou.com\/nb\/wp-content\/uploads\/sites\/10\/2026\/01\/tty-no-product-image-152.webp","width":1000,"height":1000,"caption":"Standard produktbilde"},{"@type":"WebSite","@id":"https:\/\/www.transtoyou.com\/nb\/#website","url":"https:\/\/www.transtoyou.com\/nb\/","name":"Transtoyou - NB","description":"","publisher":{"@id":"https:\/\/www.transtoyou.com\/nb\/#organization"},"potentialAction":[{"@type":"SearchAction","target":{"@type":"EntryPoint","urlTemplate":"https:\/\/www.transtoyou.com\/nb\/?s={search_term_string}"},"query-input":{"@type":"PropertyValueSpecification","valueRequired":true,"valueName":"search_term_string"}}],"inLanguage":"nb-NO"},{"@type":"Organization","@id":"https:\/\/www.transtoyou.com\/nb\/#organization","name":"Transtoyou - NB","url":"https:\/\/www.transtoyou.com\/nb\/","logo":{"@type":"ImageObject","inLanguage":"nb-NO","@id":"https:\/\/www.transtoyou.com\/nb\/#\/schema\/logo\/image\/","url":"https:\/\/www.transtoyou.com\/nb\/wp-content\/uploads\/sites\/10\/2026\/01\/logo-tty-menu-bar-300x87-1.webp","contentUrl":"https:\/\/www.transtoyou.com\/nb\/wp-content\/uploads\/sites\/10\/2026\/01\/logo-tty-menu-bar-300x87-1.webp","width":300,"height":87,"caption":"Transtoyou - NB"},"image":{"@id":"https:\/\/www.transtoyou.com\/nb\/#\/schema\/logo\/image\/"}}]}},"_links":{"self":[{"href":"https:\/\/www.transtoyou.com\/nb\/wp-json\/wp\/v2\/product\/1163","targetHints":{"allow":["GET"]}}],"collection":[{"href":"https:\/\/www.transtoyou.com\/nb\/wp-json\/wp\/v2\/product"}],"about":[{"href":"https:\/\/www.transtoyou.com\/nb\/wp-json\/wp\/v2\/types\/product"}],"replies":[{"embeddable":true,"href":"https:\/\/www.transtoyou.com\/nb\/wp-json\/wp\/v2\/comments?post=1163"}],"wp:featuredmedia":[{"embeddable":true,"href":"https:\/\/www.transtoyou.com\/nb\/wp-json\/wp\/v2\/media\/1165"}],"wp:attachment":[{"href":"https:\/\/www.transtoyou.com\/nb\/wp-json\/wp\/v2\/media?parent=1163"}],"wp:term":[{"taxonomy":"product_brand","embeddable":true,"href":"https:\/\/www.transtoyou.com\/nb\/wp-json\/wp\/v2\/product_brand?post=1163"},{"taxonomy":"product_cat","embeddable":true,"href":"https:\/\/www.transtoyou.com\/nb\/wp-json\/wp\/v2\/product_cat?post=1163"},{"taxonomy":"product_tag","embeddable":true,"href":"https:\/\/www.transtoyou.com\/nb\/wp-json\/wp\/v2\/product_tag?post=1163"},{"taxonomy":"expert","embeddable":true,"href":"https:\/\/www.transtoyou.com\/nb\/wp-json\/wp\/v2\/expert?post=1163"}],"curies":[{"name":"wp","href":"https:\/\/api.w.org\/{rel}","templated":true}]}}