{"id":1172,"date":"2026-01-25T19:39:19","date_gmt":"2026-01-25T17:39:19","guid":{"rendered":"https:\/\/www.transtoyou.com\/nb\/product\/co-amoxiclav\/"},"modified":"2026-01-25T19:40:45","modified_gmt":"2026-01-25T17:40:45","slug":"co-amoxiclav","status":"publish","type":"product","link":"https:\/\/www.transtoyou.com\/nb\/product\/co-amoxiclav\/","title":{"rendered":"Co-Amoxiclav"},"content":{"rendered":"<p>Co-amoxiclav er et kombinasjonsantibiotikum som brukes til \u00e5 behandle mange forskjellige bakterielle infeksjoner. Det inneholder to aktive ingredienser: amoksicillin og klavulansyre. Disse arbeider sammen for \u00e5 stoppe bakterier fra \u00e5 vokse og spre seg i kroppen.<\/p>\n<p>Amoksicillin er en type penicillin som dreper bakterier ved \u00e5 skade deres ytre cellevegg. Denne veggen beskytter bakteriene, s\u00e5 n\u00e5r den svekkes, bryter bakteriene sammen og d\u00f8r. Imidlertid kan noen bakterier kjempe tilbake ved \u00e5 lage et enzym (kalt beta-laktamase) som \u00f8delegger amoksicillin. Det er her klavulansyre kommer inn, det blokkerer dette enzymet og stopper bakteriene fra \u00e5 beskytte seg selv. Dette gj\u00f8r at amoksicillin kan gj\u00f8re jobben sin skikkelig, selv mot bakterier som normalt er resistente.<\/p>\n<p>Co-amoxiclav brukes til \u00e5 behandle et bredt spekter av infeksjoner. Dette inkluderer luftveisinfeksjoner som bronkitt, lungebetennelse og bihuleinfeksjoner; urinveisinfeksjoner som bl\u00e6rebetennelse eller nyreinfeksjoner; hud- og bl\u00f8tvevsinfeksjoner som abscesser, cellulitt eller infiserte s\u00e5r; og tanninfeksjoner. Det brukes ogs\u00e5 noen ganger til infeksjoner i bein eller ledd og infeksjoner i mageomr\u00e5det.<\/p>\n<p>Denne medisinen reduserer ikke smerte eller hevelse direkte. I stedet behandler den \u00e5rsaken til problemet, bakteriene. Etter hvert som infeksjonen klarner, forbedres symptomer som smerte, feber eller hevelse vanligvis av seg selv.<\/p>\n","protected":false},"excerpt":{"rendered":"<ul>\n<li>Bredspektret antibiotika for mange infeksjoner<\/li>\n<li>Klavuansyre styrker bakteriell forsvar<\/li>\n<li>Rask lindring fra symptomer og betennelse<\/li>\n<\/ul>\n","protected":false},"featured_media":1174,"comment_status":"open","ping_status":"closed","template":"","meta":[],"product_brand":[],"product_cat":[79,86],"product_tag":[],"expert":[18],"class_list":{"0":"post-1172","1":"product","2":"type-product","3":"status-publish","4":"has-post-thumbnail","6":"product_cat-antibiotika-infeksjon","7":"product_cat-blaere-og-urinveisinfeksjoner","8":"expert-dr-g-varbanov","10":"first","11":"instock","12":"shipping-taxable","13":"product-type-variable"},"yoast_head":"<!-- This site is optimized with the Yoast SEO plugin v27.0 - https:\/\/yoast.com\/product\/yoast-seo-wordpress\/ -->\n<title>Co-Amoxiclav | Effektiv Behandling av Infeksjoner - Transtoyou<\/title>\n<meta name=\"description\" content=\"Oppdag Co-Amoxiclav p\u00e5 Transtoyou, et effektivt antibiotikum mot ulike infeksjoner, som kombinerer amoksicillin og klavulansyre for \u00e5 bekjempe resistente bakterier.\" \/>\n<meta name=\"robots\" content=\"noindex, follow, max-snippet:-1, max-image-preview:large, max-video-preview:-1\" \/>\n<meta property=\"og:locale\" content=\"nb_NO\" \/>\n<meta property=\"og:type\" content=\"article\" \/>\n<meta property=\"og:title\" content=\"Co-Amoxiclav | Effektiv Behandling av Infeksjoner - Transtoyou\" \/>\n<meta property=\"og:description\" content=\"Oppdag Co-Amoxiclav p\u00e5 Transtoyou, et effektivt antibiotikum mot ulike infeksjoner, som kombinerer amoksicillin og klavulansyre for \u00e5 bekjempe resistente bakterier.\" \/>\n<meta property=\"og:url\" content=\"https:\/\/www.transtoyou.com\/nb\/product\/co-amoxiclav\/\" \/>\n<meta property=\"og:site_name\" content=\"Transtoyou - NB\" \/>\n<meta property=\"article:modified_time\" content=\"2026-01-25T17:40:45+00:00\" \/>\n<meta name=\"twitter:card\" content=\"summary_large_image\" \/>\n<meta name=\"twitter:label1\" content=\"Ansl. lesetid\" \/>\n\t<meta name=\"twitter:data1\" content=\"1 minutt\" \/>\n<script type=\"application\/ld+json\" class=\"yoast-schema-graph\">{\"@context\":\"https:\/\/schema.org\",\"@graph\":[{\"@type\":\"WebPage\",\"@id\":\"https:\/\/www.transtoyou.com\/nb\/product\/co-amoxiclav\/\",\"url\":\"https:\/\/www.transtoyou.com\/nb\/product\/co-amoxiclav\/\",\"name\":\"Co-Amoxiclav | Effektiv Behandling av Infeksjoner - Transtoyou\",\"isPartOf\":{\"@id\":\"https:\/\/www.transtoyou.com\/nb\/#website\"},\"primaryImageOfPage\":{\"@id\":\"https:\/\/www.transtoyou.com\/nb\/product\/co-amoxiclav\/#primaryimage\"},\"image\":{\"@id\":\"https:\/\/www.transtoyou.com\/nb\/product\/co-amoxiclav\/#primaryimage\"},\"thumbnailUrl\":\"https:\/\/www.transtoyou.com\/nb\/wp-content\/uploads\/sites\/10\/2026\/01\/tty-no-product-image-155.webp\",\"datePublished\":\"2026-01-25T17:39:19+00:00\",\"dateModified\":\"2026-01-25T17:40:45+00:00\",\"description\":\"Oppdag Co-Amoxiclav p\u00e5 Transtoyou, et effektivt antibiotikum mot ulike infeksjoner, som kombinerer amoksicillin og klavulansyre for \u00e5 bekjempe resistente bakterier.\",\"breadcrumb\":{\"@id\":\"https:\/\/www.transtoyou.com\/nb\/product\/co-amoxiclav\/#breadcrumb\"},\"inLanguage\":\"nb-NO\",\"potentialAction\":[{\"@type\":\"ReadAction\",\"target\":[\"https:\/\/www.transtoyou.com\/nb\/product\/co-amoxiclav\/\"]}]},{\"@type\":\"ImageObject\",\"inLanguage\":\"nb-NO\",\"@id\":\"https:\/\/www.transtoyou.com\/nb\/product\/co-amoxiclav\/#primaryimage\",\"url\":\"https:\/\/www.transtoyou.com\/nb\/wp-content\/uploads\/sites\/10\/2026\/01\/tty-no-product-image-155.webp\",\"contentUrl\":\"https:\/\/www.transtoyou.com\/nb\/wp-content\/uploads\/sites\/10\/2026\/01\/tty-no-product-image-155.webp\",\"width\":1000,\"height\":1000,\"caption\":\"Standard produktbilde\"},{\"@type\":\"WebSite\",\"@id\":\"https:\/\/www.transtoyou.com\/nb\/#website\",\"url\":\"https:\/\/www.transtoyou.com\/nb\/\",\"name\":\"Transtoyou - NB\",\"description\":\"\",\"publisher\":{\"@id\":\"https:\/\/www.transtoyou.com\/nb\/#organization\"},\"potentialAction\":[{\"@type\":\"SearchAction\",\"target\":{\"@type\":\"EntryPoint\",\"urlTemplate\":\"https:\/\/www.transtoyou.com\/nb\/?s={search_term_string}\"},\"query-input\":{\"@type\":\"PropertyValueSpecification\",\"valueRequired\":true,\"valueName\":\"search_term_string\"}}],\"inLanguage\":\"nb-NO\"},{\"@type\":\"Organization\",\"@id\":\"https:\/\/www.transtoyou.com\/nb\/#organization\",\"name\":\"Transtoyou - NB\",\"url\":\"https:\/\/www.transtoyou.com\/nb\/\",\"logo\":{\"@type\":\"ImageObject\",\"inLanguage\":\"nb-NO\",\"@id\":\"https:\/\/www.transtoyou.com\/nb\/#\/schema\/logo\/image\/\",\"url\":\"https:\/\/www.transtoyou.com\/nb\/wp-content\/uploads\/sites\/10\/2026\/01\/logo-tty-menu-bar-300x87-1.webp\",\"contentUrl\":\"https:\/\/www.transtoyou.com\/nb\/wp-content\/uploads\/sites\/10\/2026\/01\/logo-tty-menu-bar-300x87-1.webp\",\"width\":300,\"height\":87,\"caption\":\"Transtoyou - NB\"},\"image\":{\"@id\":\"https:\/\/www.transtoyou.com\/nb\/#\/schema\/logo\/image\/\"}}]}<\/script>\n<!-- \/ Yoast SEO plugin. -->","yoast_head_json":{"title":"Co-Amoxiclav | Effektiv Behandling av Infeksjoner - Transtoyou","description":"Oppdag Co-Amoxiclav p\u00e5 Transtoyou, et effektivt antibiotikum mot ulike infeksjoner, som kombinerer amoksicillin og klavulansyre for \u00e5 bekjempe resistente bakterier.","robots":{"index":"noindex","follow":"follow","max-snippet":"max-snippet:-1","max-image-preview":"max-image-preview:large","max-video-preview":"max-video-preview:-1"},"og_locale":"nb_NO","og_type":"article","og_title":"Co-Amoxiclav | Effektiv Behandling av Infeksjoner - Transtoyou","og_description":"Oppdag Co-Amoxiclav p\u00e5 Transtoyou, et effektivt antibiotikum mot ulike infeksjoner, som kombinerer amoksicillin og klavulansyre for \u00e5 bekjempe resistente bakterier.","og_url":"https:\/\/www.transtoyou.com\/nb\/product\/co-amoxiclav\/","og_site_name":"Transtoyou - NB","article_modified_time":"2026-01-25T17:40:45+00:00","twitter_card":"summary_large_image","twitter_misc":{"Ansl. lesetid":"1 minutt"},"schema":{"@context":"https:\/\/schema.org","@graph":[{"@type":"WebPage","@id":"https:\/\/www.transtoyou.com\/nb\/product\/co-amoxiclav\/","url":"https:\/\/www.transtoyou.com\/nb\/product\/co-amoxiclav\/","name":"Co-Amoxiclav | Effektiv Behandling av Infeksjoner - Transtoyou","isPartOf":{"@id":"https:\/\/www.transtoyou.com\/nb\/#website"},"primaryImageOfPage":{"@id":"https:\/\/www.transtoyou.com\/nb\/product\/co-amoxiclav\/#primaryimage"},"image":{"@id":"https:\/\/www.transtoyou.com\/nb\/product\/co-amoxiclav\/#primaryimage"},"thumbnailUrl":"https:\/\/www.transtoyou.com\/nb\/wp-content\/uploads\/sites\/10\/2026\/01\/tty-no-product-image-155.webp","datePublished":"2026-01-25T17:39:19+00:00","dateModified":"2026-01-25T17:40:45+00:00","description":"Oppdag Co-Amoxiclav p\u00e5 Transtoyou, et effektivt antibiotikum mot ulike infeksjoner, som kombinerer amoksicillin og klavulansyre for \u00e5 bekjempe resistente bakterier.","breadcrumb":{"@id":"https:\/\/www.transtoyou.com\/nb\/product\/co-amoxiclav\/#breadcrumb"},"inLanguage":"nb-NO","potentialAction":[{"@type":"ReadAction","target":["https:\/\/www.transtoyou.com\/nb\/product\/co-amoxiclav\/"]}]},{"@type":"ImageObject","inLanguage":"nb-NO","@id":"https:\/\/www.transtoyou.com\/nb\/product\/co-amoxiclav\/#primaryimage","url":"https:\/\/www.transtoyou.com\/nb\/wp-content\/uploads\/sites\/10\/2026\/01\/tty-no-product-image-155.webp","contentUrl":"https:\/\/www.transtoyou.com\/nb\/wp-content\/uploads\/sites\/10\/2026\/01\/tty-no-product-image-155.webp","width":1000,"height":1000,"caption":"Standard produktbilde"},{"@type":"WebSite","@id":"https:\/\/www.transtoyou.com\/nb\/#website","url":"https:\/\/www.transtoyou.com\/nb\/","name":"Transtoyou - NB","description":"","publisher":{"@id":"https:\/\/www.transtoyou.com\/nb\/#organization"},"potentialAction":[{"@type":"SearchAction","target":{"@type":"EntryPoint","urlTemplate":"https:\/\/www.transtoyou.com\/nb\/?s={search_term_string}"},"query-input":{"@type":"PropertyValueSpecification","valueRequired":true,"valueName":"search_term_string"}}],"inLanguage":"nb-NO"},{"@type":"Organization","@id":"https:\/\/www.transtoyou.com\/nb\/#organization","name":"Transtoyou - NB","url":"https:\/\/www.transtoyou.com\/nb\/","logo":{"@type":"ImageObject","inLanguage":"nb-NO","@id":"https:\/\/www.transtoyou.com\/nb\/#\/schema\/logo\/image\/","url":"https:\/\/www.transtoyou.com\/nb\/wp-content\/uploads\/sites\/10\/2026\/01\/logo-tty-menu-bar-300x87-1.webp","contentUrl":"https:\/\/www.transtoyou.com\/nb\/wp-content\/uploads\/sites\/10\/2026\/01\/logo-tty-menu-bar-300x87-1.webp","width":300,"height":87,"caption":"Transtoyou - NB"},"image":{"@id":"https:\/\/www.transtoyou.com\/nb\/#\/schema\/logo\/image\/"}}]}},"_links":{"self":[{"href":"https:\/\/www.transtoyou.com\/nb\/wp-json\/wp\/v2\/product\/1172","targetHints":{"allow":["GET"]}}],"collection":[{"href":"https:\/\/www.transtoyou.com\/nb\/wp-json\/wp\/v2\/product"}],"about":[{"href":"https:\/\/www.transtoyou.com\/nb\/wp-json\/wp\/v2\/types\/product"}],"replies":[{"embeddable":true,"href":"https:\/\/www.transtoyou.com\/nb\/wp-json\/wp\/v2\/comments?post=1172"}],"wp:featuredmedia":[{"embeddable":true,"href":"https:\/\/www.transtoyou.com\/nb\/wp-json\/wp\/v2\/media\/1174"}],"wp:attachment":[{"href":"https:\/\/www.transtoyou.com\/nb\/wp-json\/wp\/v2\/media?parent=1172"}],"wp:term":[{"taxonomy":"product_brand","embeddable":true,"href":"https:\/\/www.transtoyou.com\/nb\/wp-json\/wp\/v2\/product_brand?post=1172"},{"taxonomy":"product_cat","embeddable":true,"href":"https:\/\/www.transtoyou.com\/nb\/wp-json\/wp\/v2\/product_cat?post=1172"},{"taxonomy":"product_tag","embeddable":true,"href":"https:\/\/www.transtoyou.com\/nb\/wp-json\/wp\/v2\/product_tag?post=1172"},{"taxonomy":"expert","embeddable":true,"href":"https:\/\/www.transtoyou.com\/nb\/wp-json\/wp\/v2\/expert?post=1172"}],"curies":[{"name":"wp","href":"https:\/\/api.w.org\/{rel}","templated":true}]}}