{"id":1178,"date":"2026-01-25T20:22:49","date_gmt":"2026-01-25T18:22:49","guid":{"rendered":"https:\/\/www.transtoyou.com\/nb\/product\/antabuse\/"},"modified":"2026-01-25T20:23:51","modified_gmt":"2026-01-25T18:23:51","slug":"antabuse","status":"publish","type":"product","link":"https:\/\/www.transtoyou.com\/nb\/product\/antabuse\/","title":{"rendered":"Antabuse"},"content":{"rendered":"<p>Antabuse (disulfiram) er en reseptbelagt medisin designet for \u00e5 st\u00f8tte enkeltpersoner i deres bedring fra alkoholavhengighet. Den fungerer ved \u00e5 skape en akutt f\u00f8lsomhet for alkohol. N\u00e5r alkohol inntas mens man tar Antabuse, for\u00e5rsaker det ubehagelige effekter som kvalme, r\u00f8dming og rask hjerterytme, noe som motvirker videre alkoholinntak.<\/p>\n<p>Antabuse brukes vanligvis som en del av en omfattende behandlingsplan som inkluderer r\u00e5dgivning og st\u00f8tteprogrammer. Det er ikke en kur for alkoholisme, men fungerer som en avskrekkende faktor mot drikking, og hjelper enkeltpersoner med \u00e5 opprettholde edruelighet.<\/p>\n<p>Antabuse foreskrives vanligvis for langtidsbruk under streng medisinsk tilsyn for \u00e5 sikre etterlevelse og effektivitet. Den er tilgjengelig i tablettform og tas oralt \u00e9n gang daglig, helst om morgenen.<\/p>\n<p>Vanlige bivirkninger inkluderer d\u00f8sighet, hodepine og en metallisk smak i munnen. Sjeldne, men alvorlige bivirkninger kan inkludere leverskader, som krever regelmessig overv\u00e5king av leverfunksjonen under behandlingen. Antabuse b\u00f8r aldri tas sammen med alkohol eller alkoholholdige produkter, som visse hostesaft eller sauser.<\/p>\n","protected":false},"excerpt":{"rendered":"<ul>\n<li>St\u00f8tter bedring fra alkoholavhengighet<\/li>\n<li>Fungerer som en avskrekkende faktor mot drikking<\/li>\n<li>En del av en omfattende behandlingsplan<\/li>\n<\/ul>\n","protected":false},"featured_media":1180,"comment_status":"open","ping_status":"closed","template":"","meta":[],"product_brand":[],"product_cat":[74],"product_tag":[],"expert":[19],"class_list":{"0":"post-1178","1":"product","2":"type-product","3":"status-publish","4":"has-post-thumbnail","6":"product_cat-alkoholgjenopprettingshjelpemidler","7":"expert-dr-j-vazquez","9":"first","10":"instock","11":"shipping-taxable","12":"product-type-variable"},"yoast_head":"<!-- This site is optimized with the Yoast SEO plugin v27.0 - https:\/\/yoast.com\/product\/yoast-seo-wordpress\/ -->\n<title>Antabuse | St\u00f8tt Nykterhet Effektivt - Transtoyou<\/title>\n<meta name=\"description\" content=\"Oppdag Antabuse, et reseptbelagt hjelpemiddel for alkoholavhengighet, tilgjengelig p\u00e5 Transtoyou. St\u00f8tter edruelighet med medisinsk tilsyn. L\u00e6r mer i dag.\" \/>\n<meta name=\"robots\" content=\"noindex, follow, max-snippet:-1, max-image-preview:large, max-video-preview:-1\" \/>\n<meta property=\"og:locale\" content=\"nb_NO\" \/>\n<meta property=\"og:type\" content=\"article\" \/>\n<meta property=\"og:title\" content=\"Antabuse | St\u00f8tt Nykterhet Effektivt - Transtoyou\" \/>\n<meta property=\"og:description\" content=\"Oppdag Antabuse, et reseptbelagt hjelpemiddel for alkoholavhengighet, tilgjengelig p\u00e5 Transtoyou. St\u00f8tter edruelighet med medisinsk tilsyn. L\u00e6r mer i dag.\" \/>\n<meta property=\"og:url\" content=\"https:\/\/www.transtoyou.com\/nb\/product\/antabuse\/\" \/>\n<meta property=\"og:site_name\" content=\"Transtoyou - NB\" \/>\n<meta property=\"article:modified_time\" content=\"2026-01-25T18:23:51+00:00\" \/>\n<meta name=\"twitter:card\" content=\"summary_large_image\" \/>\n<meta name=\"twitter:label1\" content=\"Ansl. lesetid\" \/>\n\t<meta name=\"twitter:data1\" content=\"1 minutt\" \/>\n<script type=\"application\/ld+json\" class=\"yoast-schema-graph\">{\"@context\":\"https:\/\/schema.org\",\"@graph\":[{\"@type\":\"WebPage\",\"@id\":\"https:\/\/www.transtoyou.com\/nb\/product\/antabuse\/\",\"url\":\"https:\/\/www.transtoyou.com\/nb\/product\/antabuse\/\",\"name\":\"Antabuse | St\u00f8tt Nykterhet Effektivt - Transtoyou\",\"isPartOf\":{\"@id\":\"https:\/\/www.transtoyou.com\/nb\/#website\"},\"primaryImageOfPage\":{\"@id\":\"https:\/\/www.transtoyou.com\/nb\/product\/antabuse\/#primaryimage\"},\"image\":{\"@id\":\"https:\/\/www.transtoyou.com\/nb\/product\/antabuse\/#primaryimage\"},\"thumbnailUrl\":\"https:\/\/www.transtoyou.com\/nb\/wp-content\/uploads\/sites\/10\/2026\/01\/tty-no-product-image-157.webp\",\"datePublished\":\"2026-01-25T18:22:49+00:00\",\"dateModified\":\"2026-01-25T18:23:51+00:00\",\"description\":\"Oppdag Antabuse, et reseptbelagt hjelpemiddel for alkoholavhengighet, tilgjengelig p\u00e5 Transtoyou. St\u00f8tter edruelighet med medisinsk tilsyn. L\u00e6r mer i dag.\",\"breadcrumb\":{\"@id\":\"https:\/\/www.transtoyou.com\/nb\/product\/antabuse\/#breadcrumb\"},\"inLanguage\":\"nb-NO\",\"potentialAction\":[{\"@type\":\"ReadAction\",\"target\":[\"https:\/\/www.transtoyou.com\/nb\/product\/antabuse\/\"]}]},{\"@type\":\"ImageObject\",\"inLanguage\":\"nb-NO\",\"@id\":\"https:\/\/www.transtoyou.com\/nb\/product\/antabuse\/#primaryimage\",\"url\":\"https:\/\/www.transtoyou.com\/nb\/wp-content\/uploads\/sites\/10\/2026\/01\/tty-no-product-image-157.webp\",\"contentUrl\":\"https:\/\/www.transtoyou.com\/nb\/wp-content\/uploads\/sites\/10\/2026\/01\/tty-no-product-image-157.webp\",\"width\":1000,\"height\":1000,\"caption\":\"Standard produktbilde\"},{\"@type\":\"WebSite\",\"@id\":\"https:\/\/www.transtoyou.com\/nb\/#website\",\"url\":\"https:\/\/www.transtoyou.com\/nb\/\",\"name\":\"Transtoyou - NB\",\"description\":\"\",\"publisher\":{\"@id\":\"https:\/\/www.transtoyou.com\/nb\/#organization\"},\"potentialAction\":[{\"@type\":\"SearchAction\",\"target\":{\"@type\":\"EntryPoint\",\"urlTemplate\":\"https:\/\/www.transtoyou.com\/nb\/?s={search_term_string}\"},\"query-input\":{\"@type\":\"PropertyValueSpecification\",\"valueRequired\":true,\"valueName\":\"search_term_string\"}}],\"inLanguage\":\"nb-NO\"},{\"@type\":\"Organization\",\"@id\":\"https:\/\/www.transtoyou.com\/nb\/#organization\",\"name\":\"Transtoyou - NB\",\"url\":\"https:\/\/www.transtoyou.com\/nb\/\",\"logo\":{\"@type\":\"ImageObject\",\"inLanguage\":\"nb-NO\",\"@id\":\"https:\/\/www.transtoyou.com\/nb\/#\/schema\/logo\/image\/\",\"url\":\"https:\/\/www.transtoyou.com\/nb\/wp-content\/uploads\/sites\/10\/2026\/01\/logo-tty-menu-bar-300x87-1.webp\",\"contentUrl\":\"https:\/\/www.transtoyou.com\/nb\/wp-content\/uploads\/sites\/10\/2026\/01\/logo-tty-menu-bar-300x87-1.webp\",\"width\":300,\"height\":87,\"caption\":\"Transtoyou - NB\"},\"image\":{\"@id\":\"https:\/\/www.transtoyou.com\/nb\/#\/schema\/logo\/image\/\"}}]}<\/script>\n<!-- \/ Yoast SEO plugin. -->","yoast_head_json":{"title":"Antabuse | St\u00f8tt Nykterhet Effektivt - Transtoyou","description":"Oppdag Antabuse, et reseptbelagt hjelpemiddel for alkoholavhengighet, tilgjengelig p\u00e5 Transtoyou. St\u00f8tter edruelighet med medisinsk tilsyn. L\u00e6r mer i dag.","robots":{"index":"noindex","follow":"follow","max-snippet":"max-snippet:-1","max-image-preview":"max-image-preview:large","max-video-preview":"max-video-preview:-1"},"og_locale":"nb_NO","og_type":"article","og_title":"Antabuse | St\u00f8tt Nykterhet Effektivt - Transtoyou","og_description":"Oppdag Antabuse, et reseptbelagt hjelpemiddel for alkoholavhengighet, tilgjengelig p\u00e5 Transtoyou. St\u00f8tter edruelighet med medisinsk tilsyn. L\u00e6r mer i dag.","og_url":"https:\/\/www.transtoyou.com\/nb\/product\/antabuse\/","og_site_name":"Transtoyou - NB","article_modified_time":"2026-01-25T18:23:51+00:00","twitter_card":"summary_large_image","twitter_misc":{"Ansl. lesetid":"1 minutt"},"schema":{"@context":"https:\/\/schema.org","@graph":[{"@type":"WebPage","@id":"https:\/\/www.transtoyou.com\/nb\/product\/antabuse\/","url":"https:\/\/www.transtoyou.com\/nb\/product\/antabuse\/","name":"Antabuse | St\u00f8tt Nykterhet Effektivt - Transtoyou","isPartOf":{"@id":"https:\/\/www.transtoyou.com\/nb\/#website"},"primaryImageOfPage":{"@id":"https:\/\/www.transtoyou.com\/nb\/product\/antabuse\/#primaryimage"},"image":{"@id":"https:\/\/www.transtoyou.com\/nb\/product\/antabuse\/#primaryimage"},"thumbnailUrl":"https:\/\/www.transtoyou.com\/nb\/wp-content\/uploads\/sites\/10\/2026\/01\/tty-no-product-image-157.webp","datePublished":"2026-01-25T18:22:49+00:00","dateModified":"2026-01-25T18:23:51+00:00","description":"Oppdag Antabuse, et reseptbelagt hjelpemiddel for alkoholavhengighet, tilgjengelig p\u00e5 Transtoyou. St\u00f8tter edruelighet med medisinsk tilsyn. L\u00e6r mer i dag.","breadcrumb":{"@id":"https:\/\/www.transtoyou.com\/nb\/product\/antabuse\/#breadcrumb"},"inLanguage":"nb-NO","potentialAction":[{"@type":"ReadAction","target":["https:\/\/www.transtoyou.com\/nb\/product\/antabuse\/"]}]},{"@type":"ImageObject","inLanguage":"nb-NO","@id":"https:\/\/www.transtoyou.com\/nb\/product\/antabuse\/#primaryimage","url":"https:\/\/www.transtoyou.com\/nb\/wp-content\/uploads\/sites\/10\/2026\/01\/tty-no-product-image-157.webp","contentUrl":"https:\/\/www.transtoyou.com\/nb\/wp-content\/uploads\/sites\/10\/2026\/01\/tty-no-product-image-157.webp","width":1000,"height":1000,"caption":"Standard produktbilde"},{"@type":"WebSite","@id":"https:\/\/www.transtoyou.com\/nb\/#website","url":"https:\/\/www.transtoyou.com\/nb\/","name":"Transtoyou - NB","description":"","publisher":{"@id":"https:\/\/www.transtoyou.com\/nb\/#organization"},"potentialAction":[{"@type":"SearchAction","target":{"@type":"EntryPoint","urlTemplate":"https:\/\/www.transtoyou.com\/nb\/?s={search_term_string}"},"query-input":{"@type":"PropertyValueSpecification","valueRequired":true,"valueName":"search_term_string"}}],"inLanguage":"nb-NO"},{"@type":"Organization","@id":"https:\/\/www.transtoyou.com\/nb\/#organization","name":"Transtoyou - NB","url":"https:\/\/www.transtoyou.com\/nb\/","logo":{"@type":"ImageObject","inLanguage":"nb-NO","@id":"https:\/\/www.transtoyou.com\/nb\/#\/schema\/logo\/image\/","url":"https:\/\/www.transtoyou.com\/nb\/wp-content\/uploads\/sites\/10\/2026\/01\/logo-tty-menu-bar-300x87-1.webp","contentUrl":"https:\/\/www.transtoyou.com\/nb\/wp-content\/uploads\/sites\/10\/2026\/01\/logo-tty-menu-bar-300x87-1.webp","width":300,"height":87,"caption":"Transtoyou - NB"},"image":{"@id":"https:\/\/www.transtoyou.com\/nb\/#\/schema\/logo\/image\/"}}]}},"_links":{"self":[{"href":"https:\/\/www.transtoyou.com\/nb\/wp-json\/wp\/v2\/product\/1178","targetHints":{"allow":["GET"]}}],"collection":[{"href":"https:\/\/www.transtoyou.com\/nb\/wp-json\/wp\/v2\/product"}],"about":[{"href":"https:\/\/www.transtoyou.com\/nb\/wp-json\/wp\/v2\/types\/product"}],"replies":[{"embeddable":true,"href":"https:\/\/www.transtoyou.com\/nb\/wp-json\/wp\/v2\/comments?post=1178"}],"wp:featuredmedia":[{"embeddable":true,"href":"https:\/\/www.transtoyou.com\/nb\/wp-json\/wp\/v2\/media\/1180"}],"wp:attachment":[{"href":"https:\/\/www.transtoyou.com\/nb\/wp-json\/wp\/v2\/media?parent=1178"}],"wp:term":[{"taxonomy":"product_brand","embeddable":true,"href":"https:\/\/www.transtoyou.com\/nb\/wp-json\/wp\/v2\/product_brand?post=1178"},{"taxonomy":"product_cat","embeddable":true,"href":"https:\/\/www.transtoyou.com\/nb\/wp-json\/wp\/v2\/product_cat?post=1178"},{"taxonomy":"product_tag","embeddable":true,"href":"https:\/\/www.transtoyou.com\/nb\/wp-json\/wp\/v2\/product_tag?post=1178"},{"taxonomy":"expert","embeddable":true,"href":"https:\/\/www.transtoyou.com\/nb\/wp-json\/wp\/v2\/expert?post=1178"}],"curies":[{"name":"wp","href":"https:\/\/api.w.org\/{rel}","templated":true}]}}