{"id":1181,"date":"2026-01-25T20:40:06","date_gmt":"2026-01-25T18:40:06","guid":{"rendered":"https:\/\/www.transtoyou.com\/nb\/product\/grazax\/"},"modified":"2026-01-25T20:41:10","modified_gmt":"2026-01-25T18:41:10","slug":"grazax","status":"publish","type":"product","link":"https:\/\/www.transtoyou.com\/nb\/product\/grazax\/","title":{"rendered":"Grazax"},"content":{"rendered":"<p>Grazax er en sublingual immunterapi (SLIT) tablett designet for \u00e5 behandle gresspollenallergi ved gradvis \u00e5 desensibilisere immunsystemet til gresspollenallergener. Den inneholder et standard allergenekstrakt fra Timothy gresspollen, som hjelper med \u00e5 redusere alvorlighetsgraden av allergiske reaksjoner over tid.<\/p>\n<p>Grazax foreskrives vanligvis for personer med alvorlige gresspollenallergier som betydelig p\u00e5virker livskvaliteten deres. Den tas \u00e9n gang daglig, og begynner flere m\u00e5neder f\u00f8r og fortsetter gjennom gresspollen sesongen for optimal effekt.<\/p>\n<p>Behandlingen fungerer ved \u00e5 eksponere immunsystemet for sm\u00e5, kontrollerte doser av gresspollenallergener, noe som reduserer kroppens f\u00f8lsomhet og gir langvarig lindring. Grazax er mest effektiv n\u00e5r den brukes som en del av en omfattende allergih\u00e5ndteringsplan som inkluderer \u00e5 unng\u00e5 allergener og bruke andre medisiner etter behov.<\/p>\n<p>Vanlige bivirkninger inkluderer mild kl\u00f8e eller hevelse i munnen, irritasjon i halsen, eller gastrointestinalt ubehag, som vanligvis l\u00f8ser seg n\u00e5r kroppen tilpasser seg behandlingen.<\/p>\n","protected":false},"excerpt":{"rendered":"<ul>\n<li>Reduserer symptomer p\u00e5 gresspollenallergi<\/li>\n<li>Desensibiliserer immunsystemet<\/li>\n<li>Praktisk sublingualtablett som tas \u00e9n gang daglig<\/li>\n<\/ul>\n","protected":false},"featured_media":1183,"comment_status":"open","ping_status":"closed","template":"","meta":[],"product_brand":[],"product_cat":[76],"product_tag":[],"expert":[19],"class_list":{"0":"post-1181","1":"product","2":"type-product","3":"status-publish","4":"has-post-thumbnail","6":"product_cat-allergi-og-hoysnuebehandling","7":"expert-dr-j-vazquez","9":"first","10":"instock","11":"shipping-taxable","12":"product-type-variable"},"yoast_head":"<!-- This site is optimized with the Yoast SEO plugin v27.0 - https:\/\/yoast.com\/product\/yoast-seo-wordpress\/ -->\n<title>Grazax | Allergilindring &amp; Immunst\u00f8tte - Transtoyou<\/title>\n<meta name=\"description\" content=\"Oppdag Grazax, en SLIT-tablett for lindring av gresspollenallergi. Forbedre livet ditt med langvarig desensibilisering. Handle n\u00e5 p\u00e5 Transtoyou.\" \/>\n<meta name=\"robots\" content=\"noindex, follow, max-snippet:-1, max-image-preview:large, max-video-preview:-1\" \/>\n<meta property=\"og:locale\" content=\"nb_NO\" \/>\n<meta property=\"og:type\" content=\"article\" \/>\n<meta property=\"og:title\" content=\"Grazax | Allergilindring &amp; Immunst\u00f8tte - Transtoyou\" \/>\n<meta property=\"og:description\" content=\"Oppdag Grazax, en SLIT-tablett for lindring av gresspollenallergi. Forbedre livet ditt med langvarig desensibilisering. Handle n\u00e5 p\u00e5 Transtoyou.\" \/>\n<meta property=\"og:url\" content=\"https:\/\/www.transtoyou.com\/nb\/product\/grazax\/\" \/>\n<meta property=\"og:site_name\" content=\"Transtoyou - NB\" \/>\n<meta property=\"article:modified_time\" content=\"2026-01-25T18:41:10+00:00\" \/>\n<meta name=\"twitter:card\" content=\"summary_large_image\" \/>\n<meta name=\"twitter:label1\" content=\"Ansl. lesetid\" \/>\n\t<meta name=\"twitter:data1\" content=\"1 minutt\" \/>\n<script type=\"application\/ld+json\" class=\"yoast-schema-graph\">{\"@context\":\"https:\/\/schema.org\",\"@graph\":[{\"@type\":\"WebPage\",\"@id\":\"https:\/\/www.transtoyou.com\/nb\/product\/grazax\/\",\"url\":\"https:\/\/www.transtoyou.com\/nb\/product\/grazax\/\",\"name\":\"Grazax | Allergilindring & Immunst\u00f8tte - Transtoyou\",\"isPartOf\":{\"@id\":\"https:\/\/www.transtoyou.com\/nb\/#website\"},\"primaryImageOfPage\":{\"@id\":\"https:\/\/www.transtoyou.com\/nb\/product\/grazax\/#primaryimage\"},\"image\":{\"@id\":\"https:\/\/www.transtoyou.com\/nb\/product\/grazax\/#primaryimage\"},\"thumbnailUrl\":\"https:\/\/www.transtoyou.com\/nb\/wp-content\/uploads\/sites\/10\/2026\/01\/tty-no-product-image-158.webp\",\"datePublished\":\"2026-01-25T18:40:06+00:00\",\"dateModified\":\"2026-01-25T18:41:10+00:00\",\"description\":\"Oppdag Grazax, en SLIT-tablett for lindring av gresspollenallergi. Forbedre livet ditt med langvarig desensibilisering. Handle n\u00e5 p\u00e5 Transtoyou.\",\"breadcrumb\":{\"@id\":\"https:\/\/www.transtoyou.com\/nb\/product\/grazax\/#breadcrumb\"},\"inLanguage\":\"nb-NO\",\"potentialAction\":[{\"@type\":\"ReadAction\",\"target\":[\"https:\/\/www.transtoyou.com\/nb\/product\/grazax\/\"]}]},{\"@type\":\"ImageObject\",\"inLanguage\":\"nb-NO\",\"@id\":\"https:\/\/www.transtoyou.com\/nb\/product\/grazax\/#primaryimage\",\"url\":\"https:\/\/www.transtoyou.com\/nb\/wp-content\/uploads\/sites\/10\/2026\/01\/tty-no-product-image-158.webp\",\"contentUrl\":\"https:\/\/www.transtoyou.com\/nb\/wp-content\/uploads\/sites\/10\/2026\/01\/tty-no-product-image-158.webp\",\"width\":1000,\"height\":1000,\"caption\":\"Standard produktbilde\"},{\"@type\":\"WebSite\",\"@id\":\"https:\/\/www.transtoyou.com\/nb\/#website\",\"url\":\"https:\/\/www.transtoyou.com\/nb\/\",\"name\":\"Transtoyou - NB\",\"description\":\"\",\"publisher\":{\"@id\":\"https:\/\/www.transtoyou.com\/nb\/#organization\"},\"potentialAction\":[{\"@type\":\"SearchAction\",\"target\":{\"@type\":\"EntryPoint\",\"urlTemplate\":\"https:\/\/www.transtoyou.com\/nb\/?s={search_term_string}\"},\"query-input\":{\"@type\":\"PropertyValueSpecification\",\"valueRequired\":true,\"valueName\":\"search_term_string\"}}],\"inLanguage\":\"nb-NO\"},{\"@type\":\"Organization\",\"@id\":\"https:\/\/www.transtoyou.com\/nb\/#organization\",\"name\":\"Transtoyou - NB\",\"url\":\"https:\/\/www.transtoyou.com\/nb\/\",\"logo\":{\"@type\":\"ImageObject\",\"inLanguage\":\"nb-NO\",\"@id\":\"https:\/\/www.transtoyou.com\/nb\/#\/schema\/logo\/image\/\",\"url\":\"https:\/\/www.transtoyou.com\/nb\/wp-content\/uploads\/sites\/10\/2026\/01\/logo-tty-menu-bar-300x87-1.webp\",\"contentUrl\":\"https:\/\/www.transtoyou.com\/nb\/wp-content\/uploads\/sites\/10\/2026\/01\/logo-tty-menu-bar-300x87-1.webp\",\"width\":300,\"height\":87,\"caption\":\"Transtoyou - NB\"},\"image\":{\"@id\":\"https:\/\/www.transtoyou.com\/nb\/#\/schema\/logo\/image\/\"}}]}<\/script>\n<!-- \/ Yoast SEO plugin. -->","yoast_head_json":{"title":"Grazax | Allergilindring & Immunst\u00f8tte - Transtoyou","description":"Oppdag Grazax, en SLIT-tablett for lindring av gresspollenallergi. Forbedre livet ditt med langvarig desensibilisering. Handle n\u00e5 p\u00e5 Transtoyou.","robots":{"index":"noindex","follow":"follow","max-snippet":"max-snippet:-1","max-image-preview":"max-image-preview:large","max-video-preview":"max-video-preview:-1"},"og_locale":"nb_NO","og_type":"article","og_title":"Grazax | Allergilindring & Immunst\u00f8tte - Transtoyou","og_description":"Oppdag Grazax, en SLIT-tablett for lindring av gresspollenallergi. Forbedre livet ditt med langvarig desensibilisering. Handle n\u00e5 p\u00e5 Transtoyou.","og_url":"https:\/\/www.transtoyou.com\/nb\/product\/grazax\/","og_site_name":"Transtoyou - NB","article_modified_time":"2026-01-25T18:41:10+00:00","twitter_card":"summary_large_image","twitter_misc":{"Ansl. lesetid":"1 minutt"},"schema":{"@context":"https:\/\/schema.org","@graph":[{"@type":"WebPage","@id":"https:\/\/www.transtoyou.com\/nb\/product\/grazax\/","url":"https:\/\/www.transtoyou.com\/nb\/product\/grazax\/","name":"Grazax | Allergilindring & Immunst\u00f8tte - Transtoyou","isPartOf":{"@id":"https:\/\/www.transtoyou.com\/nb\/#website"},"primaryImageOfPage":{"@id":"https:\/\/www.transtoyou.com\/nb\/product\/grazax\/#primaryimage"},"image":{"@id":"https:\/\/www.transtoyou.com\/nb\/product\/grazax\/#primaryimage"},"thumbnailUrl":"https:\/\/www.transtoyou.com\/nb\/wp-content\/uploads\/sites\/10\/2026\/01\/tty-no-product-image-158.webp","datePublished":"2026-01-25T18:40:06+00:00","dateModified":"2026-01-25T18:41:10+00:00","description":"Oppdag Grazax, en SLIT-tablett for lindring av gresspollenallergi. Forbedre livet ditt med langvarig desensibilisering. Handle n\u00e5 p\u00e5 Transtoyou.","breadcrumb":{"@id":"https:\/\/www.transtoyou.com\/nb\/product\/grazax\/#breadcrumb"},"inLanguage":"nb-NO","potentialAction":[{"@type":"ReadAction","target":["https:\/\/www.transtoyou.com\/nb\/product\/grazax\/"]}]},{"@type":"ImageObject","inLanguage":"nb-NO","@id":"https:\/\/www.transtoyou.com\/nb\/product\/grazax\/#primaryimage","url":"https:\/\/www.transtoyou.com\/nb\/wp-content\/uploads\/sites\/10\/2026\/01\/tty-no-product-image-158.webp","contentUrl":"https:\/\/www.transtoyou.com\/nb\/wp-content\/uploads\/sites\/10\/2026\/01\/tty-no-product-image-158.webp","width":1000,"height":1000,"caption":"Standard produktbilde"},{"@type":"WebSite","@id":"https:\/\/www.transtoyou.com\/nb\/#website","url":"https:\/\/www.transtoyou.com\/nb\/","name":"Transtoyou - NB","description":"","publisher":{"@id":"https:\/\/www.transtoyou.com\/nb\/#organization"},"potentialAction":[{"@type":"SearchAction","target":{"@type":"EntryPoint","urlTemplate":"https:\/\/www.transtoyou.com\/nb\/?s={search_term_string}"},"query-input":{"@type":"PropertyValueSpecification","valueRequired":true,"valueName":"search_term_string"}}],"inLanguage":"nb-NO"},{"@type":"Organization","@id":"https:\/\/www.transtoyou.com\/nb\/#organization","name":"Transtoyou - NB","url":"https:\/\/www.transtoyou.com\/nb\/","logo":{"@type":"ImageObject","inLanguage":"nb-NO","@id":"https:\/\/www.transtoyou.com\/nb\/#\/schema\/logo\/image\/","url":"https:\/\/www.transtoyou.com\/nb\/wp-content\/uploads\/sites\/10\/2026\/01\/logo-tty-menu-bar-300x87-1.webp","contentUrl":"https:\/\/www.transtoyou.com\/nb\/wp-content\/uploads\/sites\/10\/2026\/01\/logo-tty-menu-bar-300x87-1.webp","width":300,"height":87,"caption":"Transtoyou - NB"},"image":{"@id":"https:\/\/www.transtoyou.com\/nb\/#\/schema\/logo\/image\/"}}]}},"_links":{"self":[{"href":"https:\/\/www.transtoyou.com\/nb\/wp-json\/wp\/v2\/product\/1181","targetHints":{"allow":["GET"]}}],"collection":[{"href":"https:\/\/www.transtoyou.com\/nb\/wp-json\/wp\/v2\/product"}],"about":[{"href":"https:\/\/www.transtoyou.com\/nb\/wp-json\/wp\/v2\/types\/product"}],"replies":[{"embeddable":true,"href":"https:\/\/www.transtoyou.com\/nb\/wp-json\/wp\/v2\/comments?post=1181"}],"wp:featuredmedia":[{"embeddable":true,"href":"https:\/\/www.transtoyou.com\/nb\/wp-json\/wp\/v2\/media\/1183"}],"wp:attachment":[{"href":"https:\/\/www.transtoyou.com\/nb\/wp-json\/wp\/v2\/media?parent=1181"}],"wp:term":[{"taxonomy":"product_brand","embeddable":true,"href":"https:\/\/www.transtoyou.com\/nb\/wp-json\/wp\/v2\/product_brand?post=1181"},{"taxonomy":"product_cat","embeddable":true,"href":"https:\/\/www.transtoyou.com\/nb\/wp-json\/wp\/v2\/product_cat?post=1181"},{"taxonomy":"product_tag","embeddable":true,"href":"https:\/\/www.transtoyou.com\/nb\/wp-json\/wp\/v2\/product_tag?post=1181"},{"taxonomy":"expert","embeddable":true,"href":"https:\/\/www.transtoyou.com\/nb\/wp-json\/wp\/v2\/expert?post=1181"}],"curies":[{"name":"wp","href":"https:\/\/api.w.org\/{rel}","templated":true}]}}