{"id":1184,"date":"2026-01-25T20:57:44","date_gmt":"2026-01-25T18:57:44","guid":{"rendered":"https:\/\/www.transtoyou.com\/nb\/product\/promethazine\/"},"modified":"2026-03-01T16:20:40","modified_gmt":"2026-03-01T14:20:40","slug":"prometazin","status":"publish","type":"product","link":"https:\/\/www.transtoyou.com\/nb\/product\/prometazin\/","title":{"rendered":"Prometazin"},"content":{"rendered":"<p>Prometazin er et f\u00f8rste-generasjons antihistamin som brukes for \u00e5 hjelpe til med \u00e5 h\u00e5ndtere symptomer p\u00e5 allergier og h\u00f8ysnue, inkludert nysing, rennende nese, kl\u00f8ende eller t\u00e5rende \u00f8yne, og hudreaksjoner som elveblest eller kl\u00f8e. Det virker ved \u00e5 blokkere effektene av histamin, et kjemikalie som frigj\u00f8res under allergiske reaksjoner, som for\u00e5rsaker betennelse og irritasjon i kroppen.<\/p>\n<p>Denne medisinen er spesielt nyttig for personer som opplever moderate til alvorlige allergiske reaksjoner som p\u00e5virker livskvaliteten eller s\u00f8vnen deres. I motsetning til nyere antihistaminer har prometazin en beroligende effekt, noe som gj\u00f8r det til et nyttig alternativ for de hvis allergisymptomer forstyrrer s\u00f8vnen. Det blir ogs\u00e5 ofte foreskrevet n\u00e5r allergier er ledsaget av hudproblemer som utslett eller alvorlig kl\u00f8e.<\/p>\n<p>Prometazin tas vanligvis i tablettform en eller to ganger om dagen, avhengig av alvorlighetsgraden av symptomene. P\u00e5 grunn av sin beroligende effekt tas det ofte om kvelden eller f\u00f8r sengetid. Den sedative effekten lindrer ikke bare allergisymptomer, men hjelper ogs\u00e5 kroppen med \u00e5 hvile, noe som gj\u00f8r det spesielt egnet for bruk om natten.<\/p>\n<p>Effektene begynner vanligvis innen 20 til 60 minutter etter \u00e5 ha tatt en dose og kan vare i flere timer. Noen mennesker kan oppleve d\u00f8sighet, svimmelhet eller t\u00f8rr munn, spesielt i l\u00f8pet av de f\u00f8rste dagene med bruk. Disse bivirkningene avtar ofte etter hvert som kroppen tilpasser seg. Det er viktig \u00e5 ikke kj\u00f8re eller betjene maskiner etter \u00e5 ha tatt prometazin f\u00f8r du vet hvordan det p\u00e5virker deg.<\/p>\n","protected":false},"excerpt":{"rendered":"<ul>\n<li>Gir lindring fra allergier og kvalme<\/li>\n<li>Hjelper med \u00e5 h\u00e5ndtere bilsyke<\/li>\n<li>Kan hjelpe med kortvarige s\u00f8vnproblemer<\/li>\n<\/ul>\n","protected":false},"featured_media":1186,"comment_status":"open","ping_status":"closed","template":"","meta":[],"product_brand":[],"product_cat":[76],"product_tag":[],"expert":[19],"class_list":{"0":"post-1184","1":"product","2":"type-product","3":"status-publish","4":"has-post-thumbnail","6":"product_cat-allergi-og-hoysnuebehandling","7":"expert-dr-j-vazquez","9":"first","10":"instock","11":"shipping-taxable","12":"product-type-variable"},"yoast_head":"<!-- This site is optimized with the Yoast SEO plugin v27.0 - https:\/\/yoast.com\/product\/yoast-seo-wordpress\/ -->\n<title>Prometazin | Lindrer Allergisymptomer Raskt - Transtoyou<\/title>\n<meta name=\"description\" content=\"Prometazin, et f\u00f8rste-generasjons antihistamin for allergi og bedre s\u00f8vn. Lindre symptomer, bestill n\u00e5 p\u00e5 Transtoyou. Trygt og effektivt.\" \/>\n<meta name=\"robots\" content=\"noindex, follow, max-snippet:-1, max-image-preview:large, max-video-preview:-1\" \/>\n<meta property=\"og:locale\" content=\"nb_NO\" \/>\n<meta property=\"og:type\" content=\"article\" \/>\n<meta property=\"og:title\" content=\"Prometazin | Lindrer Allergisymptomer Raskt - Transtoyou\" \/>\n<meta property=\"og:description\" content=\"Prometazin, et f\u00f8rste-generasjons antihistamin for allergi og bedre s\u00f8vn. Lindre symptomer, bestill n\u00e5 p\u00e5 Transtoyou. Trygt og effektivt.\" \/>\n<meta property=\"og:url\" content=\"https:\/\/www.transtoyou.com\/nb\/product\/promethazine\/\" \/>\n<meta property=\"og:site_name\" content=\"Transtoyou - NB\" \/>\n<meta property=\"article:modified_time\" content=\"2026-03-01T14:20:40+00:00\" \/>\n<meta name=\"twitter:card\" content=\"summary_large_image\" \/>\n<meta name=\"twitter:label1\" content=\"Ansl. lesetid\" \/>\n\t<meta name=\"twitter:data1\" content=\"1 minutt\" \/>\n<script type=\"application\/ld+json\" class=\"yoast-schema-graph\">{\"@context\":\"https:\/\/schema.org\",\"@graph\":[{\"@type\":\"WebPage\",\"@id\":\"https:\/\/www.transtoyou.com\/nb\/product\/promethazine\/\",\"url\":\"https:\/\/www.transtoyou.com\/nb\/product\/promethazine\/\",\"name\":\"Prometazin | Lindrer Allergisymptomer Raskt - Transtoyou\",\"isPartOf\":{\"@id\":\"https:\/\/www.transtoyou.com\/nb\/#website\"},\"primaryImageOfPage\":{\"@id\":\"https:\/\/www.transtoyou.com\/nb\/product\/promethazine\/#primaryimage\"},\"image\":{\"@id\":\"https:\/\/www.transtoyou.com\/nb\/product\/promethazine\/#primaryimage\"},\"thumbnailUrl\":\"https:\/\/www.transtoyou.com\/nb\/wp-content\/uploads\/sites\/10\/2026\/01\/tty-no-product-image-159.webp\",\"datePublished\":\"2026-01-25T18:57:44+00:00\",\"dateModified\":\"2026-03-01T14:20:40+00:00\",\"description\":\"Prometazin, et f\u00f8rste-generasjons antihistamin for allergi og bedre s\u00f8vn. Lindre symptomer, bestill n\u00e5 p\u00e5 Transtoyou. Trygt og effektivt.\",\"breadcrumb\":{\"@id\":\"https:\/\/www.transtoyou.com\/nb\/product\/promethazine\/#breadcrumb\"},\"inLanguage\":\"nb-NO\",\"potentialAction\":[{\"@type\":\"ReadAction\",\"target\":[\"https:\/\/www.transtoyou.com\/nb\/product\/promethazine\/\"]}]},{\"@type\":\"ImageObject\",\"inLanguage\":\"nb-NO\",\"@id\":\"https:\/\/www.transtoyou.com\/nb\/product\/promethazine\/#primaryimage\",\"url\":\"https:\/\/www.transtoyou.com\/nb\/wp-content\/uploads\/sites\/10\/2026\/01\/tty-no-product-image-159.webp\",\"contentUrl\":\"https:\/\/www.transtoyou.com\/nb\/wp-content\/uploads\/sites\/10\/2026\/01\/tty-no-product-image-159.webp\",\"width\":1000,\"height\":1000,\"caption\":\"Standard produktbilde\"},{\"@type\":\"WebSite\",\"@id\":\"https:\/\/www.transtoyou.com\/nb\/#website\",\"url\":\"https:\/\/www.transtoyou.com\/nb\/\",\"name\":\"Transtoyou - NB\",\"description\":\"\",\"publisher\":{\"@id\":\"https:\/\/www.transtoyou.com\/nb\/#organization\"},\"potentialAction\":[{\"@type\":\"SearchAction\",\"target\":{\"@type\":\"EntryPoint\",\"urlTemplate\":\"https:\/\/www.transtoyou.com\/nb\/?s={search_term_string}\"},\"query-input\":{\"@type\":\"PropertyValueSpecification\",\"valueRequired\":true,\"valueName\":\"search_term_string\"}}],\"inLanguage\":\"nb-NO\"},{\"@type\":\"Organization\",\"@id\":\"https:\/\/www.transtoyou.com\/nb\/#organization\",\"name\":\"Transtoyou - NB\",\"url\":\"https:\/\/www.transtoyou.com\/nb\/\",\"logo\":{\"@type\":\"ImageObject\",\"inLanguage\":\"nb-NO\",\"@id\":\"https:\/\/www.transtoyou.com\/nb\/#\/schema\/logo\/image\/\",\"url\":\"https:\/\/www.transtoyou.com\/nb\/wp-content\/uploads\/sites\/10\/2026\/01\/logo-tty-menu-bar-300x87-1.webp\",\"contentUrl\":\"https:\/\/www.transtoyou.com\/nb\/wp-content\/uploads\/sites\/10\/2026\/01\/logo-tty-menu-bar-300x87-1.webp\",\"width\":300,\"height\":87,\"caption\":\"Transtoyou - NB\"},\"image\":{\"@id\":\"https:\/\/www.transtoyou.com\/nb\/#\/schema\/logo\/image\/\"}}]}<\/script>\n<!-- \/ Yoast SEO plugin. -->","yoast_head_json":{"title":"Prometazin | Lindrer Allergisymptomer Raskt - Transtoyou","description":"Prometazin, et f\u00f8rste-generasjons antihistamin for allergi og bedre s\u00f8vn. Lindre symptomer, bestill n\u00e5 p\u00e5 Transtoyou. Trygt og effektivt.","robots":{"index":"noindex","follow":"follow","max-snippet":"max-snippet:-1","max-image-preview":"max-image-preview:large","max-video-preview":"max-video-preview:-1"},"og_locale":"nb_NO","og_type":"article","og_title":"Prometazin | Lindrer Allergisymptomer Raskt - Transtoyou","og_description":"Prometazin, et f\u00f8rste-generasjons antihistamin for allergi og bedre s\u00f8vn. Lindre symptomer, bestill n\u00e5 p\u00e5 Transtoyou. Trygt og effektivt.","og_url":"https:\/\/www.transtoyou.com\/nb\/product\/promethazine\/","og_site_name":"Transtoyou - NB","article_modified_time":"2026-03-01T14:20:40+00:00","twitter_card":"summary_large_image","twitter_misc":{"Ansl. lesetid":"1 minutt"},"schema":{"@context":"https:\/\/schema.org","@graph":[{"@type":"WebPage","@id":"https:\/\/www.transtoyou.com\/nb\/product\/promethazine\/","url":"https:\/\/www.transtoyou.com\/nb\/product\/promethazine\/","name":"Prometazin | Lindrer Allergisymptomer Raskt - Transtoyou","isPartOf":{"@id":"https:\/\/www.transtoyou.com\/nb\/#website"},"primaryImageOfPage":{"@id":"https:\/\/www.transtoyou.com\/nb\/product\/promethazine\/#primaryimage"},"image":{"@id":"https:\/\/www.transtoyou.com\/nb\/product\/promethazine\/#primaryimage"},"thumbnailUrl":"https:\/\/www.transtoyou.com\/nb\/wp-content\/uploads\/sites\/10\/2026\/01\/tty-no-product-image-159.webp","datePublished":"2026-01-25T18:57:44+00:00","dateModified":"2026-03-01T14:20:40+00:00","description":"Prometazin, et f\u00f8rste-generasjons antihistamin for allergi og bedre s\u00f8vn. Lindre symptomer, bestill n\u00e5 p\u00e5 Transtoyou. Trygt og effektivt.","breadcrumb":{"@id":"https:\/\/www.transtoyou.com\/nb\/product\/promethazine\/#breadcrumb"},"inLanguage":"nb-NO","potentialAction":[{"@type":"ReadAction","target":["https:\/\/www.transtoyou.com\/nb\/product\/promethazine\/"]}]},{"@type":"ImageObject","inLanguage":"nb-NO","@id":"https:\/\/www.transtoyou.com\/nb\/product\/promethazine\/#primaryimage","url":"https:\/\/www.transtoyou.com\/nb\/wp-content\/uploads\/sites\/10\/2026\/01\/tty-no-product-image-159.webp","contentUrl":"https:\/\/www.transtoyou.com\/nb\/wp-content\/uploads\/sites\/10\/2026\/01\/tty-no-product-image-159.webp","width":1000,"height":1000,"caption":"Standard produktbilde"},{"@type":"WebSite","@id":"https:\/\/www.transtoyou.com\/nb\/#website","url":"https:\/\/www.transtoyou.com\/nb\/","name":"Transtoyou - NB","description":"","publisher":{"@id":"https:\/\/www.transtoyou.com\/nb\/#organization"},"potentialAction":[{"@type":"SearchAction","target":{"@type":"EntryPoint","urlTemplate":"https:\/\/www.transtoyou.com\/nb\/?s={search_term_string}"},"query-input":{"@type":"PropertyValueSpecification","valueRequired":true,"valueName":"search_term_string"}}],"inLanguage":"nb-NO"},{"@type":"Organization","@id":"https:\/\/www.transtoyou.com\/nb\/#organization","name":"Transtoyou - NB","url":"https:\/\/www.transtoyou.com\/nb\/","logo":{"@type":"ImageObject","inLanguage":"nb-NO","@id":"https:\/\/www.transtoyou.com\/nb\/#\/schema\/logo\/image\/","url":"https:\/\/www.transtoyou.com\/nb\/wp-content\/uploads\/sites\/10\/2026\/01\/logo-tty-menu-bar-300x87-1.webp","contentUrl":"https:\/\/www.transtoyou.com\/nb\/wp-content\/uploads\/sites\/10\/2026\/01\/logo-tty-menu-bar-300x87-1.webp","width":300,"height":87,"caption":"Transtoyou - NB"},"image":{"@id":"https:\/\/www.transtoyou.com\/nb\/#\/schema\/logo\/image\/"}}]}},"_links":{"self":[{"href":"https:\/\/www.transtoyou.com\/nb\/wp-json\/wp\/v2\/product\/1184","targetHints":{"allow":["GET"]}}],"collection":[{"href":"https:\/\/www.transtoyou.com\/nb\/wp-json\/wp\/v2\/product"}],"about":[{"href":"https:\/\/www.transtoyou.com\/nb\/wp-json\/wp\/v2\/types\/product"}],"replies":[{"embeddable":true,"href":"https:\/\/www.transtoyou.com\/nb\/wp-json\/wp\/v2\/comments?post=1184"}],"wp:featuredmedia":[{"embeddable":true,"href":"https:\/\/www.transtoyou.com\/nb\/wp-json\/wp\/v2\/media\/1186"}],"wp:attachment":[{"href":"https:\/\/www.transtoyou.com\/nb\/wp-json\/wp\/v2\/media?parent=1184"}],"wp:term":[{"taxonomy":"product_brand","embeddable":true,"href":"https:\/\/www.transtoyou.com\/nb\/wp-json\/wp\/v2\/product_brand?post=1184"},{"taxonomy":"product_cat","embeddable":true,"href":"https:\/\/www.transtoyou.com\/nb\/wp-json\/wp\/v2\/product_cat?post=1184"},{"taxonomy":"product_tag","embeddable":true,"href":"https:\/\/www.transtoyou.com\/nb\/wp-json\/wp\/v2\/product_tag?post=1184"},{"taxonomy":"expert","embeddable":true,"href":"https:\/\/www.transtoyou.com\/nb\/wp-json\/wp\/v2\/expert?post=1184"}],"curies":[{"name":"wp","href":"https:\/\/api.w.org\/{rel}","templated":true}]}}