{"id":1199,"date":"2026-01-25T22:25:59","date_gmt":"2026-01-25T20:25:59","guid":{"rendered":"https:\/\/www.transtoyou.com\/nb\/product\/isotretinoin\/"},"modified":"2026-02-26T11:54:25","modified_gmt":"2026-02-26T09:54:25","slug":"isotretinoin","status":"publish","type":"product","link":"https:\/\/www.transtoyou.com\/nb\/product\/isotretinoin\/","title":{"rendered":"Isotretinoin"},"content":{"rendered":"<p>Isotretinoin er et legemiddel som brukes til \u00e5 behandle veldig alvorlig akne, spesielt den typen som for\u00e5rsaker dype, smertefulle kviser (som cyster eller knuter) og ikke blir bedre med kremer eller antibiotika. Det tas som en pille og vurderes vanligvis n\u00e5r andre behandlinger ikke har fungert. Den aktive ingrediensen kommer fra vitamin A og retter seg mot \u00e5rsakene til akne.<\/p>\n<p>Det fungerer ved \u00e5 krympe hudens talgkjertler og redusere hvor mye olje (talg) de produserer. For mye olje kan tette porene og f\u00f8re til utbrudd. Isotretinoin hjelper ogs\u00e5 med \u00e5 forhindre at d\u00f8de hudceller bygger seg opp inne i porene og reduserer antallet aknefor\u00e5rsaker bakterier p\u00e5 huden. Fordi det virker p\u00e5 flere \u00e5rsaker samtidig, kan det f\u00f8re til klarere hud over tid, og det kan ogs\u00e5 hjelpe med \u00e5 forbedre arr.<\/p>\n<p>En typisk behandling varer mellom fire og seks m\u00e5neder. Mange mennesker merker at huden deres gradvis blir bedre i l\u00f8pet av denne tiden. Imidlertid kan isotretinoin for\u00e5rsake bivirkninger. De vanligste er t\u00f8rre lepper, t\u00f8rr hud og sensitivitet for sollys. Noen mennesker kan ogs\u00e5 oppleve nesebl\u00f8dninger, leddsmerter eller hum\u00f8rsvingninger. Fordi det ogs\u00e5 kan p\u00e5virke leveren og kolesterolniv\u00e5ene, er det vanligvis n\u00f8dvendig med regelmessige blodpr\u00f8ver eller sterkt anbefalt under behandlingen.<\/p>\n<p>En av de mest alvorlige risikoene er at isotretinoin kan for\u00e5rsake medf\u00f8dte misdannelser hvis det tas under graviditet. Av denne grunn m\u00e5 personer som kan bli gravide bruke p\u00e5litelig prevensjon og ta regelmessige graviditetstester f\u00f8r og under behandlingen. Isotretinoin foreskrives kun med medisinsk tilsyn p\u00e5 grunn av disse mulige bivirkningene og risikoene.<\/p>\n","protected":false},"excerpt":{"rendered":"<ul>\n<li>Potent retinoid for alvorlig, behandlingsresistent akne<\/li>\n<li>Reduserer talgproduksjonen og normaliserer hudcellens omsetning<\/li>\n<li>Gir varig forbedring av hudens klarhet og tekstur<\/li>\n<\/ul>\n","protected":false},"featured_media":1201,"comment_status":"open","ping_status":"closed","template":"","meta":[],"product_brand":[],"product_cat":[73],"product_tag":[],"expert":[21],"class_list":{"0":"post-1199","1":"product","2":"type-product","3":"status-publish","4":"has-post-thumbnail","6":"product_cat-akne","7":"expert-dr-m-sharoyko","9":"first","10":"instock","11":"shipping-taxable","12":"product-type-variable"},"yoast_head":"<!-- This site is optimized with the Yoast SEO plugin v27.0 - https:\/\/yoast.com\/product\/yoast-seo-wordpress\/ -->\n<title>Isotretinoin | M\u00e5lrettet Aknebehandling - Transtoyou<\/title>\n<meta name=\"description\" content=\"Isotretinoin, en kraftig akne-l\u00f8sning, reduserer oljeproduksjonen og bekjemper dype kviser. F\u00e5 klarere hud med Transtoyou i dag!\" \/>\n<meta name=\"robots\" content=\"noindex, follow, max-snippet:-1, max-image-preview:large, max-video-preview:-1\" \/>\n<meta property=\"og:locale\" content=\"nb_NO\" \/>\n<meta property=\"og:type\" content=\"article\" \/>\n<meta property=\"og:title\" content=\"Isotretinoin | M\u00e5lrettet Aknebehandling - Transtoyou\" \/>\n<meta property=\"og:description\" content=\"Isotretinoin, en kraftig akne-l\u00f8sning, reduserer oljeproduksjonen og bekjemper dype kviser. F\u00e5 klarere hud med Transtoyou i dag!\" \/>\n<meta property=\"og:url\" content=\"https:\/\/www.transtoyou.com\/nb\/product\/isotretinoin\/\" \/>\n<meta property=\"og:site_name\" content=\"Transtoyou - NB\" \/>\n<meta property=\"article:modified_time\" content=\"2026-02-26T09:54:25+00:00\" \/>\n<meta name=\"twitter:card\" content=\"summary_large_image\" \/>\n<meta name=\"twitter:label1\" content=\"Ansl. lesetid\" \/>\n\t<meta name=\"twitter:data1\" content=\"1 minutt\" \/>\n<script type=\"application\/ld+json\" class=\"yoast-schema-graph\">{\"@context\":\"https:\/\/schema.org\",\"@graph\":[{\"@type\":\"WebPage\",\"@id\":\"https:\/\/www.transtoyou.com\/nb\/product\/isotretinoin\/\",\"url\":\"https:\/\/www.transtoyou.com\/nb\/product\/isotretinoin\/\",\"name\":\"Isotretinoin | M\u00e5lrettet Aknebehandling - Transtoyou\",\"isPartOf\":{\"@id\":\"https:\/\/www.transtoyou.com\/nb\/#website\"},\"primaryImageOfPage\":{\"@id\":\"https:\/\/www.transtoyou.com\/nb\/product\/isotretinoin\/#primaryimage\"},\"image\":{\"@id\":\"https:\/\/www.transtoyou.com\/nb\/product\/isotretinoin\/#primaryimage\"},\"thumbnailUrl\":\"https:\/\/www.transtoyou.com\/nb\/wp-content\/uploads\/sites\/10\/2026\/01\/tty-no-product-image-164.webp\",\"datePublished\":\"2026-01-25T20:25:59+00:00\",\"dateModified\":\"2026-02-26T09:54:25+00:00\",\"description\":\"Isotretinoin, en kraftig akne-l\u00f8sning, reduserer oljeproduksjonen og bekjemper dype kviser. F\u00e5 klarere hud med Transtoyou i dag!\",\"breadcrumb\":{\"@id\":\"https:\/\/www.transtoyou.com\/nb\/product\/isotretinoin\/#breadcrumb\"},\"inLanguage\":\"nb-NO\",\"potentialAction\":[{\"@type\":\"ReadAction\",\"target\":[\"https:\/\/www.transtoyou.com\/nb\/product\/isotretinoin\/\"]}]},{\"@type\":\"ImageObject\",\"inLanguage\":\"nb-NO\",\"@id\":\"https:\/\/www.transtoyou.com\/nb\/product\/isotretinoin\/#primaryimage\",\"url\":\"https:\/\/www.transtoyou.com\/nb\/wp-content\/uploads\/sites\/10\/2026\/01\/tty-no-product-image-164.webp\",\"contentUrl\":\"https:\/\/www.transtoyou.com\/nb\/wp-content\/uploads\/sites\/10\/2026\/01\/tty-no-product-image-164.webp\",\"width\":1000,\"height\":1000,\"caption\":\"Standard produktbilde\"},{\"@type\":\"WebSite\",\"@id\":\"https:\/\/www.transtoyou.com\/nb\/#website\",\"url\":\"https:\/\/www.transtoyou.com\/nb\/\",\"name\":\"Transtoyou - NB\",\"description\":\"\",\"publisher\":{\"@id\":\"https:\/\/www.transtoyou.com\/nb\/#organization\"},\"potentialAction\":[{\"@type\":\"SearchAction\",\"target\":{\"@type\":\"EntryPoint\",\"urlTemplate\":\"https:\/\/www.transtoyou.com\/nb\/?s={search_term_string}\"},\"query-input\":{\"@type\":\"PropertyValueSpecification\",\"valueRequired\":true,\"valueName\":\"search_term_string\"}}],\"inLanguage\":\"nb-NO\"},{\"@type\":\"Organization\",\"@id\":\"https:\/\/www.transtoyou.com\/nb\/#organization\",\"name\":\"Transtoyou - NB\",\"url\":\"https:\/\/www.transtoyou.com\/nb\/\",\"logo\":{\"@type\":\"ImageObject\",\"inLanguage\":\"nb-NO\",\"@id\":\"https:\/\/www.transtoyou.com\/nb\/#\/schema\/logo\/image\/\",\"url\":\"https:\/\/www.transtoyou.com\/nb\/wp-content\/uploads\/sites\/10\/2026\/01\/logo-tty-menu-bar-300x87-1.webp\",\"contentUrl\":\"https:\/\/www.transtoyou.com\/nb\/wp-content\/uploads\/sites\/10\/2026\/01\/logo-tty-menu-bar-300x87-1.webp\",\"width\":300,\"height\":87,\"caption\":\"Transtoyou - NB\"},\"image\":{\"@id\":\"https:\/\/www.transtoyou.com\/nb\/#\/schema\/logo\/image\/\"}}]}<\/script>\n<!-- \/ Yoast SEO plugin. -->","yoast_head_json":{"title":"Isotretinoin | M\u00e5lrettet Aknebehandling - Transtoyou","description":"Isotretinoin, en kraftig akne-l\u00f8sning, reduserer oljeproduksjonen og bekjemper dype kviser. F\u00e5 klarere hud med Transtoyou i dag!","robots":{"index":"noindex","follow":"follow","max-snippet":"max-snippet:-1","max-image-preview":"max-image-preview:large","max-video-preview":"max-video-preview:-1"},"og_locale":"nb_NO","og_type":"article","og_title":"Isotretinoin | M\u00e5lrettet Aknebehandling - Transtoyou","og_description":"Isotretinoin, en kraftig akne-l\u00f8sning, reduserer oljeproduksjonen og bekjemper dype kviser. F\u00e5 klarere hud med Transtoyou i dag!","og_url":"https:\/\/www.transtoyou.com\/nb\/product\/isotretinoin\/","og_site_name":"Transtoyou - NB","article_modified_time":"2026-02-26T09:54:25+00:00","twitter_card":"summary_large_image","twitter_misc":{"Ansl. lesetid":"1 minutt"},"schema":{"@context":"https:\/\/schema.org","@graph":[{"@type":"WebPage","@id":"https:\/\/www.transtoyou.com\/nb\/product\/isotretinoin\/","url":"https:\/\/www.transtoyou.com\/nb\/product\/isotretinoin\/","name":"Isotretinoin | M\u00e5lrettet Aknebehandling - Transtoyou","isPartOf":{"@id":"https:\/\/www.transtoyou.com\/nb\/#website"},"primaryImageOfPage":{"@id":"https:\/\/www.transtoyou.com\/nb\/product\/isotretinoin\/#primaryimage"},"image":{"@id":"https:\/\/www.transtoyou.com\/nb\/product\/isotretinoin\/#primaryimage"},"thumbnailUrl":"https:\/\/www.transtoyou.com\/nb\/wp-content\/uploads\/sites\/10\/2026\/01\/tty-no-product-image-164.webp","datePublished":"2026-01-25T20:25:59+00:00","dateModified":"2026-02-26T09:54:25+00:00","description":"Isotretinoin, en kraftig akne-l\u00f8sning, reduserer oljeproduksjonen og bekjemper dype kviser. F\u00e5 klarere hud med Transtoyou i dag!","breadcrumb":{"@id":"https:\/\/www.transtoyou.com\/nb\/product\/isotretinoin\/#breadcrumb"},"inLanguage":"nb-NO","potentialAction":[{"@type":"ReadAction","target":["https:\/\/www.transtoyou.com\/nb\/product\/isotretinoin\/"]}]},{"@type":"ImageObject","inLanguage":"nb-NO","@id":"https:\/\/www.transtoyou.com\/nb\/product\/isotretinoin\/#primaryimage","url":"https:\/\/www.transtoyou.com\/nb\/wp-content\/uploads\/sites\/10\/2026\/01\/tty-no-product-image-164.webp","contentUrl":"https:\/\/www.transtoyou.com\/nb\/wp-content\/uploads\/sites\/10\/2026\/01\/tty-no-product-image-164.webp","width":1000,"height":1000,"caption":"Standard produktbilde"},{"@type":"WebSite","@id":"https:\/\/www.transtoyou.com\/nb\/#website","url":"https:\/\/www.transtoyou.com\/nb\/","name":"Transtoyou - NB","description":"","publisher":{"@id":"https:\/\/www.transtoyou.com\/nb\/#organization"},"potentialAction":[{"@type":"SearchAction","target":{"@type":"EntryPoint","urlTemplate":"https:\/\/www.transtoyou.com\/nb\/?s={search_term_string}"},"query-input":{"@type":"PropertyValueSpecification","valueRequired":true,"valueName":"search_term_string"}}],"inLanguage":"nb-NO"},{"@type":"Organization","@id":"https:\/\/www.transtoyou.com\/nb\/#organization","name":"Transtoyou - NB","url":"https:\/\/www.transtoyou.com\/nb\/","logo":{"@type":"ImageObject","inLanguage":"nb-NO","@id":"https:\/\/www.transtoyou.com\/nb\/#\/schema\/logo\/image\/","url":"https:\/\/www.transtoyou.com\/nb\/wp-content\/uploads\/sites\/10\/2026\/01\/logo-tty-menu-bar-300x87-1.webp","contentUrl":"https:\/\/www.transtoyou.com\/nb\/wp-content\/uploads\/sites\/10\/2026\/01\/logo-tty-menu-bar-300x87-1.webp","width":300,"height":87,"caption":"Transtoyou - NB"},"image":{"@id":"https:\/\/www.transtoyou.com\/nb\/#\/schema\/logo\/image\/"}}]}},"_links":{"self":[{"href":"https:\/\/www.transtoyou.com\/nb\/wp-json\/wp\/v2\/product\/1199","targetHints":{"allow":["GET"]}}],"collection":[{"href":"https:\/\/www.transtoyou.com\/nb\/wp-json\/wp\/v2\/product"}],"about":[{"href":"https:\/\/www.transtoyou.com\/nb\/wp-json\/wp\/v2\/types\/product"}],"replies":[{"embeddable":true,"href":"https:\/\/www.transtoyou.com\/nb\/wp-json\/wp\/v2\/comments?post=1199"}],"wp:featuredmedia":[{"embeddable":true,"href":"https:\/\/www.transtoyou.com\/nb\/wp-json\/wp\/v2\/media\/1201"}],"wp:attachment":[{"href":"https:\/\/www.transtoyou.com\/nb\/wp-json\/wp\/v2\/media?parent=1199"}],"wp:term":[{"taxonomy":"product_brand","embeddable":true,"href":"https:\/\/www.transtoyou.com\/nb\/wp-json\/wp\/v2\/product_brand?post=1199"},{"taxonomy":"product_cat","embeddable":true,"href":"https:\/\/www.transtoyou.com\/nb\/wp-json\/wp\/v2\/product_cat?post=1199"},{"taxonomy":"product_tag","embeddable":true,"href":"https:\/\/www.transtoyou.com\/nb\/wp-json\/wp\/v2\/product_tag?post=1199"},{"taxonomy":"expert","embeddable":true,"href":"https:\/\/www.transtoyou.com\/nb\/wp-json\/wp\/v2\/expert?post=1199"}],"curies":[{"name":"wp","href":"https:\/\/api.w.org\/{rel}","templated":true}]}}