{"id":1202,"date":"2026-01-25T22:44:56","date_gmt":"2026-01-25T20:44:56","guid":{"rendered":"https:\/\/www.transtoyou.com\/nb\/product\/diane-35-dianette\/"},"modified":"2026-01-25T22:46:02","modified_gmt":"2026-01-25T20:46:02","slug":"diane-35-dianette","status":"publish","type":"product","link":"https:\/\/www.transtoyou.com\/nb\/product\/diane-35-dianette\/","title":{"rendered":"Diane 35 (Dianette)"},"content":{"rendered":"<p>Diane 35 (ogs\u00e5 kjent som Dianette) er et kombinert p-pille som inneholder b\u00e5de et \u00f8strogen (ethinylestradiol) og et anti-androgenisk gestagen (cyproteronacetat). Den blir ofte foreskrevet ikke bare for prevensjon, men ogs\u00e5 for \u00e5 behandle androgenrelaterte tilstander som akne, overdreven ansikts- eller kroppsh\u00e5r (hirsutisme), og visse tegn p\u00e5 hyperandrogenisme. Ved \u00e5 hemme virkningen av androgener, bidrar Diane 35 til \u00e5 redusere talgproduksjonen og dempe urenheter samtidig som den hjelper til med \u00e5 regulere menstruasjonssykluser.<\/p>\n<p>Brukt riktig kan Diane 35 betydelig forbedre utseendet p\u00e5 akneutsatt hud, noe som noen ganger gj\u00f8r den til et foretrukket prevensjonsmiddel for personer som \u00f8nsker b\u00e5de prevensjon og en m\u00e5lrettet tiln\u00e6rming til akne. Kombinasjonen av \u00f8strogen og cyproteronacetat virker p\u00e5 flere punkter, inkludert \u00e5 hemme eggl\u00f8sning, endre livmorslimhinnen og tykne livmorhalsslimet. Disse effektene reduserer sannsynligheten for graviditet samtidig som de reduserer androgeniske effekter som forverrer akne eller u\u00f8nsket h\u00e5rvekst.<\/p>\n<p>Diane 35 tas \u00e9n gang daglig i 21 dager, etterfulgt av en 7-dagers pause hvor en tilbaketrekningsbl\u00f8dning vanligvis skjer. Den anbefales ikke for langvarig prevensjon med mindre den spesifikt er foreskrevet for tilstander som akne eller hirsutisme.<\/p>\n","protected":false},"excerpt":{"rendered":"<ul>\n<li>Antikonsepsjon med anti-androgen fordeler<\/li>\n<li>Reduserer akne og u\u00f8nsket h\u00e5r<\/li>\n<li>Kombinerer \u00f8strogen og cyproteronacetat<\/li>\n<\/ul>\n","protected":false},"featured_media":1204,"comment_status":"open","ping_status":"closed","template":"","meta":[],"product_brand":[],"product_cat":[73,112,137,94],"product_tag":[],"expert":[21],"class_list":{"0":"post-1202","1":"product","2":"type-product","3":"status-publish","4":"has-post-thumbnail","6":"product_cat-akne","7":"product_cat-endometriose","8":"product_cat-hirsutisme-ansiktshar","9":"product_cat-kombinasjonspille","10":"expert-dr-m-sharoyko","12":"first","13":"instock","14":"shipping-taxable","15":"product-type-variable"},"yoast_head":"<!-- This site is optimized with the Yoast SEO plugin v27.0 - https:\/\/yoast.com\/product\/yoast-seo-wordpress\/ -->\n<title>Diane 35 (Dianette) | Akne &amp; Prevansjonshjelp - Transtoyou<\/title>\n<meta name=\"description\" content=\"Diane 35 (Dianette) tilgjengelig p\u00e5 Transtoyou, kontrollerer akne og u\u00f8nsket h\u00e5rvekst, regulerer sykluser med kombinerte prevensjonsfordeler.\" \/>\n<meta name=\"robots\" content=\"noindex, follow, max-snippet:-1, max-image-preview:large, max-video-preview:-1\" \/>\n<meta property=\"og:locale\" content=\"nb_NO\" \/>\n<meta property=\"og:type\" content=\"article\" \/>\n<meta property=\"og:title\" content=\"Diane 35 (Dianette) | Akne &amp; Prevansjonshjelp - Transtoyou\" \/>\n<meta property=\"og:description\" content=\"Diane 35 (Dianette) tilgjengelig p\u00e5 Transtoyou, kontrollerer akne og u\u00f8nsket h\u00e5rvekst, regulerer sykluser med kombinerte prevensjonsfordeler.\" \/>\n<meta property=\"og:url\" content=\"https:\/\/www.transtoyou.com\/nb\/product\/diane-35-dianette\/\" \/>\n<meta property=\"og:site_name\" content=\"Transtoyou - NB\" \/>\n<meta property=\"article:modified_time\" content=\"2026-01-25T20:46:02+00:00\" \/>\n<meta name=\"twitter:card\" content=\"summary_large_image\" \/>\n<meta name=\"twitter:label1\" content=\"Ansl. lesetid\" \/>\n\t<meta name=\"twitter:data1\" content=\"1 minutt\" \/>\n<script type=\"application\/ld+json\" class=\"yoast-schema-graph\">{\"@context\":\"https:\/\/schema.org\",\"@graph\":[{\"@type\":\"WebPage\",\"@id\":\"https:\/\/www.transtoyou.com\/nb\/product\/diane-35-dianette\/\",\"url\":\"https:\/\/www.transtoyou.com\/nb\/product\/diane-35-dianette\/\",\"name\":\"Diane 35 (Dianette) | Akne & Prevansjonshjelp - Transtoyou\",\"isPartOf\":{\"@id\":\"https:\/\/www.transtoyou.com\/nb\/#website\"},\"primaryImageOfPage\":{\"@id\":\"https:\/\/www.transtoyou.com\/nb\/product\/diane-35-dianette\/#primaryimage\"},\"image\":{\"@id\":\"https:\/\/www.transtoyou.com\/nb\/product\/diane-35-dianette\/#primaryimage\"},\"thumbnailUrl\":\"https:\/\/www.transtoyou.com\/nb\/wp-content\/uploads\/sites\/10\/2026\/01\/tty-no-product-image-165.webp\",\"datePublished\":\"2026-01-25T20:44:56+00:00\",\"dateModified\":\"2026-01-25T20:46:02+00:00\",\"description\":\"Diane 35 (Dianette) tilgjengelig p\u00e5 Transtoyou, kontrollerer akne og u\u00f8nsket h\u00e5rvekst, regulerer sykluser med kombinerte prevensjonsfordeler.\",\"breadcrumb\":{\"@id\":\"https:\/\/www.transtoyou.com\/nb\/product\/diane-35-dianette\/#breadcrumb\"},\"inLanguage\":\"nb-NO\",\"potentialAction\":[{\"@type\":\"ReadAction\",\"target\":[\"https:\/\/www.transtoyou.com\/nb\/product\/diane-35-dianette\/\"]}]},{\"@type\":\"ImageObject\",\"inLanguage\":\"nb-NO\",\"@id\":\"https:\/\/www.transtoyou.com\/nb\/product\/diane-35-dianette\/#primaryimage\",\"url\":\"https:\/\/www.transtoyou.com\/nb\/wp-content\/uploads\/sites\/10\/2026\/01\/tty-no-product-image-165.webp\",\"contentUrl\":\"https:\/\/www.transtoyou.com\/nb\/wp-content\/uploads\/sites\/10\/2026\/01\/tty-no-product-image-165.webp\",\"width\":1000,\"height\":1000,\"caption\":\"Standard produktbilde\"},{\"@type\":\"WebSite\",\"@id\":\"https:\/\/www.transtoyou.com\/nb\/#website\",\"url\":\"https:\/\/www.transtoyou.com\/nb\/\",\"name\":\"Transtoyou - NB\",\"description\":\"\",\"publisher\":{\"@id\":\"https:\/\/www.transtoyou.com\/nb\/#organization\"},\"potentialAction\":[{\"@type\":\"SearchAction\",\"target\":{\"@type\":\"EntryPoint\",\"urlTemplate\":\"https:\/\/www.transtoyou.com\/nb\/?s={search_term_string}\"},\"query-input\":{\"@type\":\"PropertyValueSpecification\",\"valueRequired\":true,\"valueName\":\"search_term_string\"}}],\"inLanguage\":\"nb-NO\"},{\"@type\":\"Organization\",\"@id\":\"https:\/\/www.transtoyou.com\/nb\/#organization\",\"name\":\"Transtoyou - NB\",\"url\":\"https:\/\/www.transtoyou.com\/nb\/\",\"logo\":{\"@type\":\"ImageObject\",\"inLanguage\":\"nb-NO\",\"@id\":\"https:\/\/www.transtoyou.com\/nb\/#\/schema\/logo\/image\/\",\"url\":\"https:\/\/www.transtoyou.com\/nb\/wp-content\/uploads\/sites\/10\/2026\/01\/logo-tty-menu-bar-300x87-1.webp\",\"contentUrl\":\"https:\/\/www.transtoyou.com\/nb\/wp-content\/uploads\/sites\/10\/2026\/01\/logo-tty-menu-bar-300x87-1.webp\",\"width\":300,\"height\":87,\"caption\":\"Transtoyou - NB\"},\"image\":{\"@id\":\"https:\/\/www.transtoyou.com\/nb\/#\/schema\/logo\/image\/\"}}]}<\/script>\n<!-- \/ Yoast SEO plugin. -->","yoast_head_json":{"title":"Diane 35 (Dianette) | Akne & Prevansjonshjelp - Transtoyou","description":"Diane 35 (Dianette) tilgjengelig p\u00e5 Transtoyou, kontrollerer akne og u\u00f8nsket h\u00e5rvekst, regulerer sykluser med kombinerte prevensjonsfordeler.","robots":{"index":"noindex","follow":"follow","max-snippet":"max-snippet:-1","max-image-preview":"max-image-preview:large","max-video-preview":"max-video-preview:-1"},"og_locale":"nb_NO","og_type":"article","og_title":"Diane 35 (Dianette) | Akne & Prevansjonshjelp - Transtoyou","og_description":"Diane 35 (Dianette) tilgjengelig p\u00e5 Transtoyou, kontrollerer akne og u\u00f8nsket h\u00e5rvekst, regulerer sykluser med kombinerte prevensjonsfordeler.","og_url":"https:\/\/www.transtoyou.com\/nb\/product\/diane-35-dianette\/","og_site_name":"Transtoyou - NB","article_modified_time":"2026-01-25T20:46:02+00:00","twitter_card":"summary_large_image","twitter_misc":{"Ansl. lesetid":"1 minutt"},"schema":{"@context":"https:\/\/schema.org","@graph":[{"@type":"WebPage","@id":"https:\/\/www.transtoyou.com\/nb\/product\/diane-35-dianette\/","url":"https:\/\/www.transtoyou.com\/nb\/product\/diane-35-dianette\/","name":"Diane 35 (Dianette) | Akne & Prevansjonshjelp - Transtoyou","isPartOf":{"@id":"https:\/\/www.transtoyou.com\/nb\/#website"},"primaryImageOfPage":{"@id":"https:\/\/www.transtoyou.com\/nb\/product\/diane-35-dianette\/#primaryimage"},"image":{"@id":"https:\/\/www.transtoyou.com\/nb\/product\/diane-35-dianette\/#primaryimage"},"thumbnailUrl":"https:\/\/www.transtoyou.com\/nb\/wp-content\/uploads\/sites\/10\/2026\/01\/tty-no-product-image-165.webp","datePublished":"2026-01-25T20:44:56+00:00","dateModified":"2026-01-25T20:46:02+00:00","description":"Diane 35 (Dianette) tilgjengelig p\u00e5 Transtoyou, kontrollerer akne og u\u00f8nsket h\u00e5rvekst, regulerer sykluser med kombinerte prevensjonsfordeler.","breadcrumb":{"@id":"https:\/\/www.transtoyou.com\/nb\/product\/diane-35-dianette\/#breadcrumb"},"inLanguage":"nb-NO","potentialAction":[{"@type":"ReadAction","target":["https:\/\/www.transtoyou.com\/nb\/product\/diane-35-dianette\/"]}]},{"@type":"ImageObject","inLanguage":"nb-NO","@id":"https:\/\/www.transtoyou.com\/nb\/product\/diane-35-dianette\/#primaryimage","url":"https:\/\/www.transtoyou.com\/nb\/wp-content\/uploads\/sites\/10\/2026\/01\/tty-no-product-image-165.webp","contentUrl":"https:\/\/www.transtoyou.com\/nb\/wp-content\/uploads\/sites\/10\/2026\/01\/tty-no-product-image-165.webp","width":1000,"height":1000,"caption":"Standard produktbilde"},{"@type":"WebSite","@id":"https:\/\/www.transtoyou.com\/nb\/#website","url":"https:\/\/www.transtoyou.com\/nb\/","name":"Transtoyou - NB","description":"","publisher":{"@id":"https:\/\/www.transtoyou.com\/nb\/#organization"},"potentialAction":[{"@type":"SearchAction","target":{"@type":"EntryPoint","urlTemplate":"https:\/\/www.transtoyou.com\/nb\/?s={search_term_string}"},"query-input":{"@type":"PropertyValueSpecification","valueRequired":true,"valueName":"search_term_string"}}],"inLanguage":"nb-NO"},{"@type":"Organization","@id":"https:\/\/www.transtoyou.com\/nb\/#organization","name":"Transtoyou - NB","url":"https:\/\/www.transtoyou.com\/nb\/","logo":{"@type":"ImageObject","inLanguage":"nb-NO","@id":"https:\/\/www.transtoyou.com\/nb\/#\/schema\/logo\/image\/","url":"https:\/\/www.transtoyou.com\/nb\/wp-content\/uploads\/sites\/10\/2026\/01\/logo-tty-menu-bar-300x87-1.webp","contentUrl":"https:\/\/www.transtoyou.com\/nb\/wp-content\/uploads\/sites\/10\/2026\/01\/logo-tty-menu-bar-300x87-1.webp","width":300,"height":87,"caption":"Transtoyou - NB"},"image":{"@id":"https:\/\/www.transtoyou.com\/nb\/#\/schema\/logo\/image\/"}}]}},"_links":{"self":[{"href":"https:\/\/www.transtoyou.com\/nb\/wp-json\/wp\/v2\/product\/1202","targetHints":{"allow":["GET"]}}],"collection":[{"href":"https:\/\/www.transtoyou.com\/nb\/wp-json\/wp\/v2\/product"}],"about":[{"href":"https:\/\/www.transtoyou.com\/nb\/wp-json\/wp\/v2\/types\/product"}],"replies":[{"embeddable":true,"href":"https:\/\/www.transtoyou.com\/nb\/wp-json\/wp\/v2\/comments?post=1202"}],"wp:featuredmedia":[{"embeddable":true,"href":"https:\/\/www.transtoyou.com\/nb\/wp-json\/wp\/v2\/media\/1204"}],"wp:attachment":[{"href":"https:\/\/www.transtoyou.com\/nb\/wp-json\/wp\/v2\/media?parent=1202"}],"wp:term":[{"taxonomy":"product_brand","embeddable":true,"href":"https:\/\/www.transtoyou.com\/nb\/wp-json\/wp\/v2\/product_brand?post=1202"},{"taxonomy":"product_cat","embeddable":true,"href":"https:\/\/www.transtoyou.com\/nb\/wp-json\/wp\/v2\/product_cat?post=1202"},{"taxonomy":"product_tag","embeddable":true,"href":"https:\/\/www.transtoyou.com\/nb\/wp-json\/wp\/v2\/product_tag?post=1202"},{"taxonomy":"expert","embeddable":true,"href":"https:\/\/www.transtoyou.com\/nb\/wp-json\/wp\/v2\/expert?post=1202"}],"curies":[{"name":"wp","href":"https:\/\/api.w.org\/{rel}","templated":true}]}}